{"id":89040,"date":"2020-05-07T11:12:03","date_gmt":"2022-11-04T14:14:40","guid":{"rendered":"https:\/\/staging.agrovin.com\/non%20class\u00e9\/perles-dhydroxyde-de-sodium\/"},"modified":"2025-09-30T16:13:35","modified_gmt":"2025-09-30T14:13:35","slug":"hydroxyde-de-sodium-solide","status":"publish","type":"product","link":"https:\/\/agrovin.com\/fr\/produits-oenologiques\/autres\/hydroxyde-de-sodium-solide\/","title":{"rendered":"HYDROXIDE DE SODIUM SOLIDE"},"content":{"rendered":"<h3>CARACT\u00c9RISTIQUES<\/h3>\n<div class=\"page\" title=\"Page 1\">\n<div class=\"layoutArea\">\n<div class=\"column\">\n<p>-Soluble dans l&#8217;eau.<\/p>\n<p>-Produit en flocons fortement alcalin.<\/p>\n<p>-Bonne capacit\u00e9 de mouillage augmentant sa p\u00e9n\u00e9tration et la dissolution de la salet\u00e9.<\/p>\n<p>-Il ne produit pas de mousse, ce qui facilite les rin\u00e7ages ult\u00e9rieurs.<\/p>\n<p>-Il peut \u00eatre dos\u00e9 automatiquement.<\/p>\n<p>Compatible avec l&#8217;acier inoxydable, le fer, le verre, le carrelage et les rev\u00eatements \u00e9poxy r\u00e9sistants aux alcalis.<\/p>\n<p>&nbsp;<\/p>\n<h3>APPLICATION<\/h3>\n<p><span style=\"font-size: 16px;\">-Nettoyage int\u00e9rieur de diff\u00e9rents conteneurs : citernes, f\u00fbts et autres conteneurs.<\/span><\/p>\n<div class=\"page\" title=\"Page 1\">\n<div class=\"layoutArea\">\n<div class=\"column\">\n<p>-Nettoyage des sols fortement graiss\u00e9s.<\/p>\n<p>-Tunnels de lavage automatiques pour caisses, plateaux, etc. -Nettoyage des machines (centrifugeuses).<\/p>\n<p>-Lavage des bouteilles.<\/p>\n<p>&nbsp;<\/p>\n<h3>DOSAGE<\/h3>\n<div class=\"page\" title=\"Page 1\">\n<div class=\"layoutArea\">\n<div class=\"column\">\n<p>Le dosage \u00e0 appliquer d\u00e9pend de la surface ou du r\u00e9cipient sur lequel il doit \u00eatre utilis\u00e9, ainsi que du degr\u00e9 de propret\u00e9 souhait\u00e9.<\/p>\n<\/div>\n<\/div>\n<\/div>\n<\/div>\n<\/div>\n<\/div>\n<\/div>\n<\/div>\n<\/div>\n","protected":false},"excerpt":{"rendered":"<p>L&#8217;hydroxyde de sodium (NaOH), \u00e9galement connu sous le nom de soude caustique, est un hydroxyde caustique largement utilis\u00e9 dans l&#8217;industrie, principalement comme base chimique.<\/p>\n","protected":false},"featured_media":43579,"template":"","meta":{"_acf_changed":false,"inline_featured_image":false,"site-sidebar-layout":"default","site-content-layout":"default","ast-site-content-layout":"default","site-content-style":"default","site-sidebar-style":"default","ast-global-header-display":"","ast-banner-title-visibility":"","ast-main-header-display":"","ast-hfb-above-header-display":"","ast-hfb-below-header-display":"","ast-hfb-mobile-header-display":"","site-post-title":"","ast-breadcrumbs-content":"","ast-featured-img":"","footer-sml-layout":"","ast-disable-related-posts":"","theme-transparent-header-meta":"default","adv-header-id-meta":"","stick-header-meta":"","header-above-stick-meta":"","header-main-stick-meta":"","header-below-stick-meta":"","astra-migrate-meta-layouts":"set","ast-page-background-enabled":"default","ast-page-background-meta":{"desktop":{"background-color":"var(--ast-global-color-5)","background-image":"","background-repeat":"repeat","background-position":"center center","background-size":"auto","background-attachment":"scroll","background-type":"","background-media":"","overlay-type":"","overlay-color":"","overlay-opacity":"","overlay-gradient":""},"tablet":{"background-color":"","background-image":"","background-repeat":"repeat","background-position":"center center","background-size":"auto","background-attachment":"scroll","background-type":"","background-media":"","overlay-type":"","overlay-color":"","overlay-opacity":"","overlay-gradient":""},"mobile":{"background-color":"","background-image":"","background-repeat":"repeat","background-position":"center center","background-size":"auto","background-attachment":"scroll","background-type":"","background-media":"","overlay-type":"","overlay-color":"","overlay-opacity":"","overlay-gradient":""}},"ast-content-background-meta":{"desktop":{"background-color":"var(--ast-global-color-4)","background-image":"","background-repeat":"repeat","background-position":"center center","background-size":"auto","background-attachment":"scroll","background-type":"","background-media":"","overlay-type":"","overlay-color":"","overlay-opacity":"","overlay-gradient":""},"tablet":{"background-color":"var(--ast-global-color-4)","background-image":"","background-repeat":"repeat","background-position":"center center","background-size":"auto","background-attachment":"scroll","background-type":"","background-media":"","overlay-type":"","overlay-color":"","overlay-opacity":"","overlay-gradient":""},"mobile":{"background-color":"var(--ast-global-color-4)","background-image":"","background-repeat":"repeat","background-position":"center center","background-size":"auto","background-attachment":"scroll","background-type":"","background-media":"","overlay-type":"","overlay-color":"","overlay-opacity":"","overlay-gradient":""}}},"product_brand":[],"product_cat":[1398],"product_tag":[],"class_list":{"0":"post-89040","1":"product","2":"type-product","3":"status-publish","4":"has-post-thumbnail","6":"product_cat-autres","7":"desktop-align-left","8":"tablet-align-left","9":"mobile-align-left","11":"first","12":"instock","13":"shipping-taxable","14":"product-type-simple"},"acf":[],"_links":{"self":[{"href":"https:\/\/agrovin.com\/fr\/wp-json\/wp\/v2\/product\/89040","targetHints":{"allow":["GET"]}}],"collection":[{"href":"https:\/\/agrovin.com\/fr\/wp-json\/wp\/v2\/product"}],"about":[{"href":"https:\/\/agrovin.com\/fr\/wp-json\/wp\/v2\/types\/product"}],"version-history":[{"count":1,"href":"https:\/\/agrovin.com\/fr\/wp-json\/wp\/v2\/product\/89040\/revisions"}],"predecessor-version":[{"id":122163,"href":"https:\/\/agrovin.com\/fr\/wp-json\/wp\/v2\/product\/89040\/revisions\/122163"}],"wp:featuredmedia":[{"embeddable":true,"href":"https:\/\/agrovin.com\/fr\/wp-json\/wp\/v2\/media\/43579"}],"wp:attachment":[{"href":"https:\/\/agrovin.com\/fr\/wp-json\/wp\/v2\/media?parent=89040"}],"wp:term":[{"taxonomy":"product_brand","embeddable":true,"href":"https:\/\/agrovin.com\/fr\/wp-json\/wp\/v2\/product_brand?post=89040"},{"taxonomy":"product_cat","embeddable":true,"href":"https:\/\/agrovin.com\/fr\/wp-json\/wp\/v2\/product_cat?post=89040"},{"taxonomy":"product_tag","embeddable":true,"href":"https:\/\/agrovin.com\/fr\/wp-json\/wp\/v2\/product_tag?post=89040"}],"curies":[{"name":"wp","href":"https:\/\/api.w.org\/{rel}","templated":true}]}}