{"id":89030,"date":"2018-11-06T12:29:45","date_gmt":"2022-11-04T14:14:25","guid":{"rendered":"https:\/\/staging.agrovin.com\/non%20class\u00e9\/phosphate-de-biammonium\/"},"modified":"2024-10-16T13:15:28","modified_gmt":"2024-10-16T11:15:28","slug":"phosphate-biamonique","status":"publish","type":"product","link":"https:\/\/agrovin.com\/fr\/produits-oenologiques\/nutriments\/phosphate-biamonique\/","title":{"rendered":"PHOSPHATE BIAMONIQUE"},"content":{"rendered":"<h3>APPLICATION<\/h3>\n<p>Dans la fermentation alcoolique :<\/p>\n<ul>\n<li>Compense les carences en azote et en phosphore du mo\u00fbt.<\/li>\n<li>Facilite la multiplication des cellules.<\/li>\n<li>Am\u00e9liore la cin\u00e9tique de la fermentation et le rendement en alcool.<\/li>\n<\/ul>\n<h3>COMPOSITION<\/h3>\n<p>Phosphate de biammonium. Source d&#8217;azote inorganique, rapidement assimil\u00e9e. Permet la synth\u00e8se des acides amin\u00e9s et des prot\u00e9ines.<\/p>\n<h3>DOSAGE<\/h3>\n<div class=\"page\" title=\"Page 1\">\n<div class=\"section\">\n<div class=\"layoutArea\">\n<div class=\"column\">\n<p>Compl\u00e9ment nutritionnel en fermentation 10-30 g\/hl<\/p>\n<\/div>\n<\/div>\n<\/div>\n<\/div>\n","protected":false},"excerpt":{"rendered":"<p>Le phosphate de biammonium est un activateur de fermentation inorganique qui est rapidement assimil\u00e9 par les levures impliqu\u00e9es dans la fermentation alcoolique.<\/p>\n","protected":false},"featured_media":13112,"template":"","meta":{"_acf_changed":false,"inline_featured_image":false,"site-sidebar-layout":"default","site-content-layout":"default","ast-site-content-layout":"default","site-content-style":"default","site-sidebar-style":"default","ast-global-header-display":"","ast-banner-title-visibility":"","ast-main-header-display":"","ast-hfb-above-header-display":"","ast-hfb-below-header-display":"","ast-hfb-mobile-header-display":"","site-post-title":"","ast-breadcrumbs-content":"","ast-featured-img":"","footer-sml-layout":"","ast-disable-related-posts":"","theme-transparent-header-meta":"default","adv-header-id-meta":"","stick-header-meta":"","header-above-stick-meta":"","header-main-stick-meta":"","header-below-stick-meta":"","astra-migrate-meta-layouts":"set","ast-page-background-enabled":"default","ast-page-background-meta":{"desktop":{"background-color":"var(--ast-global-color-5)","background-image":"","background-repeat":"repeat","background-position":"center center","background-size":"auto","background-attachment":"scroll","background-type":"","background-media":"","overlay-type":"","overlay-color":"","overlay-opacity":"","overlay-gradient":""},"tablet":{"background-color":"","background-image":"","background-repeat":"repeat","background-position":"center center","background-size":"auto","background-attachment":"scroll","background-type":"","background-media":"","overlay-type":"","overlay-color":"","overlay-opacity":"","overlay-gradient":""},"mobile":{"background-color":"","background-image":"","background-repeat":"repeat","background-position":"center center","background-size":"auto","background-attachment":"scroll","background-type":"","background-media":"","overlay-type":"","overlay-color":"","overlay-opacity":"","overlay-gradient":""}},"ast-content-background-meta":{"desktop":{"background-color":"var(--ast-global-color-4)","background-image":"","background-repeat":"repeat","background-position":"center center","background-size":"auto","background-attachment":"scroll","background-type":"","background-media":"","overlay-type":"","overlay-color":"","overlay-opacity":"","overlay-gradient":""},"tablet":{"background-color":"var(--ast-global-color-4)","background-image":"","background-repeat":"repeat","background-position":"center center","background-size":"auto","background-attachment":"scroll","background-type":"","background-media":"","overlay-type":"","overlay-color":"","overlay-opacity":"","overlay-gradient":""},"mobile":{"background-color":"var(--ast-global-color-4)","background-image":"","background-repeat":"repeat","background-position":"center center","background-size":"auto","background-attachment":"scroll","background-type":"","background-media":"","overlay-type":"","overlay-color":"","overlay-opacity":"","overlay-gradient":""}}},"product_brand":[],"product_cat":[210],"product_tag":[309],"class_list":{"0":"post-89030","1":"product","2":"type-product","3":"status-publish","4":"has-post-thumbnail","6":"product_cat-nutriments","7":"product_tag-nutriments-inorganiques","8":"pa_aplicacion-fa-et-fml","9":"pa_composicion-inorganique","10":"pa_ecologico-autorise-eu","11":"pa_estilo-de-vino-petillant","12":"pa_vegano-vegetalien","13":"desktop-align-left","14":"tablet-align-left","15":"mobile-align-left","17":"first","18":"instock","19":"shipping-taxable","20":"product-type-simple"},"acf":[],"_links":{"self":[{"href":"https:\/\/agrovin.com\/fr\/wp-json\/wp\/v2\/product\/89030","targetHints":{"allow":["GET"]}}],"collection":[{"href":"https:\/\/agrovin.com\/fr\/wp-json\/wp\/v2\/product"}],"about":[{"href":"https:\/\/agrovin.com\/fr\/wp-json\/wp\/v2\/types\/product"}],"version-history":[{"count":2,"href":"https:\/\/agrovin.com\/fr\/wp-json\/wp\/v2\/product\/89030\/revisions"}],"predecessor-version":[{"id":116734,"href":"https:\/\/agrovin.com\/fr\/wp-json\/wp\/v2\/product\/89030\/revisions\/116734"}],"wp:featuredmedia":[{"embeddable":true,"href":"https:\/\/agrovin.com\/fr\/wp-json\/wp\/v2\/media\/13112"}],"wp:attachment":[{"href":"https:\/\/agrovin.com\/fr\/wp-json\/wp\/v2\/media?parent=89030"}],"wp:term":[{"taxonomy":"product_brand","embeddable":true,"href":"https:\/\/agrovin.com\/fr\/wp-json\/wp\/v2\/product_brand?post=89030"},{"taxonomy":"product_cat","embeddable":true,"href":"https:\/\/agrovin.com\/fr\/wp-json\/wp\/v2\/product_cat?post=89030"},{"taxonomy":"product_tag","embeddable":true,"href":"https:\/\/agrovin.com\/fr\/wp-json\/wp\/v2\/product_tag?post=89030"}],"curies":[{"name":"wp","href":"https:\/\/api.w.org\/{rel}","templated":true}]}}