{"id":89015,"date":"2019-02-28T10:13:51","date_gmt":"2022-11-04T14:14:01","guid":{"rendered":"https:\/\/staging.agrovin.com\/non%20class\u00e9\/bonbons-spirituels\/"},"modified":"2024-08-23T13:13:16","modified_gmt":"2024-08-23T12:13:16","slug":"spirit-candy","status":"publish","type":"product","link":"https:\/\/agrovin.com\/fr\/produits-oenologiques\/alternatives-au-chene\/spirit-candy\/","title":{"rendered":"SPIRIT CANDY"},"content":{"rendered":"<h3>CARACT\u00c9RISTIQUES<\/h3>\n<p>Impliqu\u00e9 dans la sensation des fruits \u00e0 faible dose. Le Spirit Candy favorise la perception du fruit m\u00fbr. \u00c0 des doses plus \u00e9lev\u00e9es, il contribue \u00e0 la sensation de notes de ch\u00eane non grill\u00e9, influen\u00e7ant la fra\u00eecheur aromatique avec des notes de sous-bois et d&#8217;herbes aromatiques.<\/p>\n<p>Sp\u00e9cifiquement pour apporter de la douceur en bouche. Il est \u00e9galement subtilement impliqu\u00e9 dans la contribution de la graisse et de la persistance.<\/p>\n<p>Parmi tous les avantages du ch\u00eane, nous pouvons souligner les suivants :<\/p>\n<ul>\n<li>Surface de contact plus grande, taux de lib\u00e9ration du compos\u00e9 plus \u00e9lev\u00e9.<\/li>\n<li>Mati\u00e8re premi\u00e8re de m\u00eame qualit\u00e9 que les douves et les copeaux.<\/li>\n<li>M\u00eame le r\u00f4tissage.<\/li>\n<li>Ne contient pas de liants artificiels.<\/li>\n<li>Application facile, avec une maille directement dans le vin.<\/li>\n<\/ul>\n<h3>DOSAGE<\/h3>\n<ul>\n<li>Vin 0,25-3 g\/l<\/li>\n<\/ul>\n<p>La dose et la dur\u00e9e du traitement d\u00e9pendront du degr\u00e9 de rechute et de l&#8217;intensit\u00e9 des caract\u00e9ristiques souhait\u00e9es. Spirit Candy, gr\u00e2ce \u00e0 son format particulier de granul\u00e9s, facilite les courtes p\u00e9riodes de traitement.<br \/>\nLa dur\u00e9e du traitement peut varier entre 2 et 3 semaines, en fonction du vin de d\u00e9part et de l&#8217;effet recherch\u00e9. Il est conseill\u00e9 d&#8217;effectuer des tests pr\u00e9liminaires afin de pr\u00e9ciser<br \/>\nle dosage et les d\u00e9gustations fr\u00e9quentes pour d\u00e9terminer la dur\u00e9e optimale du traitement.<\/p>\n","protected":false},"excerpt":{"rendered":"<p>Respect maximal du c\u00e9page avec une <strong>fusion de vanille et de caramel<\/strong>. Le nappage, un format innovant dans les alternatives au ch\u00eane, un outil tr\u00e8s utile dans la vinification. Le Spirit Candy, gr\u00e2ce \u00e0 sa structure, sa porosit\u00e9 et sa perm\u00e9abilit\u00e9, permet une <strong>lib\u00e9ration rapide<\/strong> des compos\u00e9s aromatiques avec un <strong>dosage r\u00e9duit<\/strong> par rapport aux formats actuels. Le Spirit Candy a une forte concentration de vanilline et de cis-whiskylactone.<\/p>\n<ul>\n<li>Surface de contact plus grande, taux de lib\u00e9ration du compos\u00e9 plus \u00e9lev\u00e9.<\/li>\n<li>Mati\u00e8re premi\u00e8re de m\u00eame qualit\u00e9 que les douves et les copeaux.<\/li>\n<li>Ne contient pas de liants artificiels.<\/li>\n<li>Application facile, avec une maille directement dans le vin.<\/li>\n<\/ul>\n","protected":false},"featured_media":67838,"template":"","meta":{"_acf_changed":false,"inline_featured_image":false,"site-sidebar-layout":"default","site-content-layout":"default","ast-site-content-layout":"default","site-content-style":"default","site-sidebar-style":"default","ast-global-header-display":"","ast-banner-title-visibility":"","ast-main-header-display":"","ast-hfb-above-header-display":"","ast-hfb-below-header-display":"","ast-hfb-mobile-header-display":"","site-post-title":"","ast-breadcrumbs-content":"","ast-featured-img":"","footer-sml-layout":"","ast-disable-related-posts":"","theme-transparent-header-meta":"default","adv-header-id-meta":"","stick-header-meta":"","header-above-stick-meta":"","header-main-stick-meta":"","header-below-stick-meta":"","astra-migrate-meta-layouts":"default","ast-page-background-enabled":"default","ast-page-background-meta":{"desktop":{"background-color":"var(--ast-global-color-5)","background-image":"","background-repeat":"repeat","background-position":"center center","background-size":"auto","background-attachment":"scroll","background-type":"","background-media":"","overlay-type":"","overlay-color":"","overlay-opacity":"","overlay-gradient":""},"tablet":{"background-color":"","background-image":"","background-repeat":"repeat","background-position":"center center","background-size":"auto","background-attachment":"scroll","background-type":"","background-media":"","overlay-type":"","overlay-color":"","overlay-opacity":"","overlay-gradient":""},"mobile":{"background-color":"","background-image":"","background-repeat":"repeat","background-position":"center center","background-size":"auto","background-attachment":"scroll","background-type":"","background-media":"","overlay-type":"","overlay-color":"","overlay-opacity":"","overlay-gradient":""}},"ast-content-background-meta":{"desktop":{"background-color":"var(--ast-global-color-4)","background-image":"","background-repeat":"repeat","background-position":"center center","background-size":"auto","background-attachment":"scroll","background-type":"","background-media":"","overlay-type":"","overlay-color":"","overlay-opacity":"","overlay-gradient":""},"tablet":{"background-color":"var(--ast-global-color-4)","background-image":"","background-repeat":"repeat","background-position":"center center","background-size":"auto","background-attachment":"scroll","background-type":"","background-media":"","overlay-type":"","overlay-color":"","overlay-opacity":"","overlay-gradient":""},"mobile":{"background-color":"var(--ast-global-color-4)","background-image":"","background-repeat":"repeat","background-position":"center center","background-size":"auto","background-attachment":"scroll","background-type":"","background-media":"","overlay-type":"","overlay-color":"","overlay-opacity":"","overlay-gradient":""}}},"product_brand":[],"product_cat":[220],"product_tag":[431],"class_list":{"0":"post-89015","1":"product","2":"type-product","3":"status-publish","4":"has-post-thumbnail","6":"product_cat-alternatives-au-chene","7":"product_tag-chene-damerique","8":"pa_ecologico-autorise-eu","9":"pa_ecologico-autorise-nop-usda","10":"pa_estilo-de-vino-blanc","11":"pa_estilo-de-vino-fut","12":"pa_estilo-de-vino-rose","13":"pa_estilo-de-vino-rouge","14":"pa_objetivo-affiner","15":"pa_vegano-vegetalien","16":"desktop-align-left","17":"tablet-align-left","18":"mobile-align-left","20":"first","21":"instock","22":"featured","23":"shipping-taxable","24":"product-type-simple"},"acf":[],"_links":{"self":[{"href":"https:\/\/agrovin.com\/fr\/wp-json\/wp\/v2\/product\/89015","targetHints":{"allow":["GET"]}}],"collection":[{"href":"https:\/\/agrovin.com\/fr\/wp-json\/wp\/v2\/product"}],"about":[{"href":"https:\/\/agrovin.com\/fr\/wp-json\/wp\/v2\/types\/product"}],"version-history":[{"count":1,"href":"https:\/\/agrovin.com\/fr\/wp-json\/wp\/v2\/product\/89015\/revisions"}],"predecessor-version":[{"id":116223,"href":"https:\/\/agrovin.com\/fr\/wp-json\/wp\/v2\/product\/89015\/revisions\/116223"}],"wp:featuredmedia":[{"embeddable":true,"href":"https:\/\/agrovin.com\/fr\/wp-json\/wp\/v2\/media\/67838"}],"wp:attachment":[{"href":"https:\/\/agrovin.com\/fr\/wp-json\/wp\/v2\/media?parent=89015"}],"wp:term":[{"taxonomy":"product_brand","embeddable":true,"href":"https:\/\/agrovin.com\/fr\/wp-json\/wp\/v2\/product_brand?post=89015"},{"taxonomy":"product_cat","embeddable":true,"href":"https:\/\/agrovin.com\/fr\/wp-json\/wp\/v2\/product_cat?post=89015"},{"taxonomy":"product_tag","embeddable":true,"href":"https:\/\/agrovin.com\/fr\/wp-json\/wp\/v2\/product_tag?post=89015"}],"curies":[{"name":"wp","href":"https:\/\/api.w.org\/{rel}","templated":true}]}}