{"id":89005,"date":"2018-09-12T11:43:29","date_gmt":"2022-11-04T14:13:46","guid":{"rendered":"https:\/\/staging.agrovin.com\/non%20class\u00e9\/beco-protect-fs\/"},"modified":"2024-08-23T16:22:14","modified_gmt":"2024-08-23T15:22:14","slug":"beco-protect-fs-2","status":"publish","type":"product","link":"https:\/\/agrovin.com\/fr\/produits-oenologiques\/filtration\/beco-protect-fs-2\/","title":{"rendered":"BECO PROTECT FS"},"content":{"rendered":"<h3>CARACT\u00c9RISTIQUES<\/h3>\n<p>Les cartouches filtrantes en profondeur BECO PROTECT FS sont constitu\u00e9es de couches de polypropyl\u00e8ne de haute qualit\u00e9, sp\u00e9cialement pliss\u00e9es. Une cartouche de support interne et externe en polypropyl\u00e8ne assure une stabilit\u00e9 m\u00e9canique maximale. Tous les mat\u00e9riaux utilis\u00e9s garantissent une filtration neutre par rapport au produit, sans adsorption ni migration de particules.<\/p>\n","protected":false},"excerpt":{"rendered":"<h5>CARACT\u00c9RISTIQUES :<\/h5>\n<p>Les cartouches filtrantes en profondeur <strong>PROTECT FS FineStream de BECO<\/strong> sont des cartouches filtrantes en profondeur innovantes dont la conception unique permet d&#8217;augmenter la surface filtrante. Une autre caract\u00e9ristique unique est le d\u00e9bit variable des cartouches filtrantes en profondeur PROTECT FS de BECO. L&#8217;\u00e9coulement peut se faire de l&#8217;ext\u00e9rieur vers l&#8217;int\u00e9rieur ou, si le c\u00f4t\u00e9 entr\u00e9e et sortie du bo\u00eetier est modifi\u00e9, de l&#8217;int\u00e9rieur vers l&#8217;ext\u00e9rieur. L&#8217;effet de filtrage est pr\u00e9serv\u00e9. Les cartouches filtrantes en profondeur PROTECT FS de BECO sont utilis\u00e9es dans l&#8217;industrie des boissons.<\/p>\n<p>&nbsp;<\/p>\n<p><a href=\"https:\/\/agrovin.com\/agrv\/pdf\/filtracion\/cartuchos\/BECOPROTECT_FS.pdf\" target=\"_blank\" rel=\"noopener\"><strong>Sp\u00e9cifications techniques<\/strong><\/a><\/p>\n","protected":false},"featured_media":23456,"template":"","meta":{"_acf_changed":false,"inline_featured_image":false,"site-sidebar-layout":"default","site-content-layout":"default","ast-site-content-layout":"default","site-content-style":"default","site-sidebar-style":"default","ast-global-header-display":"","ast-banner-title-visibility":"","ast-main-header-display":"","ast-hfb-above-header-display":"","ast-hfb-below-header-display":"","ast-hfb-mobile-header-display":"","site-post-title":"","ast-breadcrumbs-content":"","ast-featured-img":"","footer-sml-layout":"","ast-disable-related-posts":"","theme-transparent-header-meta":"default","adv-header-id-meta":"","stick-header-meta":"","header-above-stick-meta":"","header-main-stick-meta":"","header-below-stick-meta":"","astra-migrate-meta-layouts":"default","ast-page-background-enabled":"default","ast-page-background-meta":{"desktop":{"background-color":"var(--ast-global-color-5)","background-image":"","background-repeat":"repeat","background-position":"center center","background-size":"auto","background-attachment":"scroll","background-type":"","background-media":"","overlay-type":"","overlay-color":"","overlay-opacity":"","overlay-gradient":""},"tablet":{"background-color":"","background-image":"","background-repeat":"repeat","background-position":"center center","background-size":"auto","background-attachment":"scroll","background-type":"","background-media":"","overlay-type":"","overlay-color":"","overlay-opacity":"","overlay-gradient":""},"mobile":{"background-color":"","background-image":"","background-repeat":"repeat","background-position":"center center","background-size":"auto","background-attachment":"scroll","background-type":"","background-media":"","overlay-type":"","overlay-color":"","overlay-opacity":"","overlay-gradient":""}},"ast-content-background-meta":{"desktop":{"background-color":"var(--ast-global-color-4)","background-image":"","background-repeat":"repeat","background-position":"center center","background-size":"auto","background-attachment":"scroll","background-type":"","background-media":"","overlay-type":"","overlay-color":"","overlay-opacity":"","overlay-gradient":""},"tablet":{"background-color":"var(--ast-global-color-4)","background-image":"","background-repeat":"repeat","background-position":"center center","background-size":"auto","background-attachment":"scroll","background-type":"","background-media":"","overlay-type":"","overlay-color":"","overlay-opacity":"","overlay-gradient":""},"mobile":{"background-color":"var(--ast-global-color-4)","background-image":"","background-repeat":"repeat","background-position":"center center","background-size":"auto","background-attachment":"scroll","background-type":"","background-media":"","overlay-type":"","overlay-color":"","overlay-opacity":"","overlay-gradient":""}}},"product_brand":[],"product_cat":[357],"product_tag":[],"class_list":{"0":"post-89005","1":"product","2":"type-product","3":"status-publish","4":"has-post-thumbnail","6":"product_cat-filtration","7":"desktop-align-left","8":"tablet-align-left","9":"mobile-align-left","11":"first","12":"instock","13":"virtual","14":"product-type-simple"},"acf":[],"_links":{"self":[{"href":"https:\/\/agrovin.com\/fr\/wp-json\/wp\/v2\/product\/89005","targetHints":{"allow":["GET"]}}],"collection":[{"href":"https:\/\/agrovin.com\/fr\/wp-json\/wp\/v2\/product"}],"about":[{"href":"https:\/\/agrovin.com\/fr\/wp-json\/wp\/v2\/types\/product"}],"version-history":[{"count":1,"href":"https:\/\/agrovin.com\/fr\/wp-json\/wp\/v2\/product\/89005\/revisions"}],"predecessor-version":[{"id":116233,"href":"https:\/\/agrovin.com\/fr\/wp-json\/wp\/v2\/product\/89005\/revisions\/116233"}],"wp:featuredmedia":[{"embeddable":true,"href":"https:\/\/agrovin.com\/fr\/wp-json\/wp\/v2\/media\/23456"}],"wp:attachment":[{"href":"https:\/\/agrovin.com\/fr\/wp-json\/wp\/v2\/media?parent=89005"}],"wp:term":[{"taxonomy":"product_brand","embeddable":true,"href":"https:\/\/agrovin.com\/fr\/wp-json\/wp\/v2\/product_brand?post=89005"},{"taxonomy":"product_cat","embeddable":true,"href":"https:\/\/agrovin.com\/fr\/wp-json\/wp\/v2\/product_cat?post=89005"},{"taxonomy":"product_tag","embeddable":true,"href":"https:\/\/agrovin.com\/fr\/wp-json\/wp\/v2\/product_tag?post=89005"}],"curies":[{"name":"wp","href":"https:\/\/api.w.org\/{rel}","templated":true}]}}