{"id":89000,"date":"2018-07-10T14:04:17","date_gmt":"2022-11-04T14:12:58","guid":{"rendered":"https:\/\/staging.agrovin.com\/non%20class\u00e9\/flot-proveget\/"},"modified":"2022-11-05T10:12:17","modified_gmt":"2022-11-05T09:12:17","slug":"proveget-flot","status":"publish","type":"product","link":"https:\/\/agrovin.com\/fr\/produits-oenologiques\/flottation\/proveget-flot\/","title":{"rendered":"PROVEGET FLOT"},"content":{"rendered":"<h3>CARACT\u00c9RISTIQUES<\/h3>\n<p>Proveget FLOT am\u00e9liore la consistance et la vitesse de formation des flocs en combinant les caract\u00e9ristiques \u00e9lectrostatiques des prot\u00e9ines v\u00e9g\u00e9tales avec celles de la chitine-glucane, un polysaccharide hautement charg\u00e9. En cons\u00e9quence, l&#8217;\u00e9limination des particules du mo\u00fbt, y compris les \u00e9l\u00e9ments potentiellement oxydables, est acc\u00e9l\u00e9r\u00e9e. En am\u00e9liorant le compactage des flocs, les performances sont consid\u00e9rablement am\u00e9lior\u00e9es.<\/p>\n<p>Proveget FLOT est un produit naturel, d&#8217;origine non animale, obtenu \u00e0 partir de mati\u00e8res premi\u00e8res exemptes d&#8217;organismes g\u00e9n\u00e9tiquement modifi\u00e9s (Non OGM).<\/p>\n<h3>APPLICATION<\/h3>\n<p>La clarification dynamique doit se faire par flottation.<\/p>\n<p>Mo\u00fbts blancs, ros\u00e9s et rouges issus de la thermovinification.<\/p>\n<h3>DOSAGE<\/h3>\n<div class=\"page\" title=\"Page 2\">\n<div class=\"layoutArea\">\n<div class=\"column\">\n<div class=\"page\" title=\"Page 2\">\n<div class=\"layoutArea\">\n<div class=\"column\">\n<p>Flottaison du mo\u00fbt : 50-200 ml\/hl<\/p>\n<p>Mo\u00fbt : 200-500 ml\/hl<\/p>\n<p>Vin : 100-300 ml\/hl<\/p>\n<\/div>\n<\/div>\n<\/div>\n<\/div>\n<\/div>\n<\/div>\n","protected":false},"excerpt":{"rendered":"<p>Proveget FLOT est la solution id\u00e9ale pour une clarification rapide et performante. Il constitue une alternative \u00e0 l&#8217;utilisation d&#8217;adjuvants d&#8217;origine animale, et am\u00e9liore m\u00eame les caract\u00e9ristiques de ces adjuvants en \u00e9liminant plus efficacement les substances potentiellement oxydables.<\/p>\n","protected":false},"featured_media":122246,"template":"","meta":{"_acf_changed":false,"inline_featured_image":false,"site-sidebar-layout":"default","site-content-layout":"default","ast-site-content-layout":"default","site-content-style":"default","site-sidebar-style":"default","ast-global-header-display":"","ast-banner-title-visibility":"","ast-main-header-display":"","ast-hfb-above-header-display":"","ast-hfb-below-header-display":"","ast-hfb-mobile-header-display":"","site-post-title":"","ast-breadcrumbs-content":"","ast-featured-img":"","footer-sml-layout":"","ast-disable-related-posts":"","theme-transparent-header-meta":"default","adv-header-id-meta":"","stick-header-meta":"","header-above-stick-meta":"","header-main-stick-meta":"","header-below-stick-meta":"","astra-migrate-meta-layouts":"default","ast-page-background-enabled":"default","ast-page-background-meta":{"desktop":{"background-color":"var(--ast-global-color-5)","background-image":"","background-repeat":"repeat","background-position":"center center","background-size":"auto","background-attachment":"scroll","background-type":"","background-media":"","overlay-type":"","overlay-color":"","overlay-opacity":"","overlay-gradient":""},"tablet":{"background-color":"","background-image":"","background-repeat":"repeat","background-position":"center center","background-size":"auto","background-attachment":"scroll","background-type":"","background-media":"","overlay-type":"","overlay-color":"","overlay-opacity":"","overlay-gradient":""},"mobile":{"background-color":"","background-image":"","background-repeat":"repeat","background-position":"center center","background-size":"auto","background-attachment":"scroll","background-type":"","background-media":"","overlay-type":"","overlay-color":"","overlay-opacity":"","overlay-gradient":""}},"ast-content-background-meta":{"desktop":{"background-color":"var(--ast-global-color-4)","background-image":"","background-repeat":"repeat","background-position":"center center","background-size":"auto","background-attachment":"scroll","background-type":"","background-media":"","overlay-type":"","overlay-color":"","overlay-opacity":"","overlay-gradient":""},"tablet":{"background-color":"var(--ast-global-color-4)","background-image":"","background-repeat":"repeat","background-position":"center center","background-size":"auto","background-attachment":"scroll","background-type":"","background-media":"","overlay-type":"","overlay-color":"","overlay-opacity":"","overlay-gradient":""},"mobile":{"background-color":"var(--ast-global-color-4)","background-image":"","background-repeat":"repeat","background-position":"center center","background-size":"auto","background-attachment":"scroll","background-type":"","background-media":"","overlay-type":"","overlay-color":"","overlay-opacity":"","overlay-gradient":""}}},"product_brand":[],"product_cat":[684,165],"product_tag":[498],"class_list":{"0":"post-89000","1":"product","2":"type-product","3":"status-publish","4":"has-post-thumbnail","6":"product_cat-flottation","7":"product_cat-clarifiants","8":"product_tag-mout","9":"pa_aplicacion-raisin-et-mout","10":"pa_estilo-de-vino-blanc","11":"pa_estilo-de-vino-rose","12":"pa_estilo-de-vino-rouge","13":"pa_origen-formulation-fr","14":"pa_vegano-vegetalien","15":"desktop-align-left","16":"tablet-align-left","17":"mobile-align-left","19":"first","20":"instock","21":"virtual","22":"product-type-simple"},"acf":[],"_links":{"self":[{"href":"https:\/\/agrovin.com\/fr\/wp-json\/wp\/v2\/product\/89000","targetHints":{"allow":["GET"]}}],"collection":[{"href":"https:\/\/agrovin.com\/fr\/wp-json\/wp\/v2\/product"}],"about":[{"href":"https:\/\/agrovin.com\/fr\/wp-json\/wp\/v2\/types\/product"}],"version-history":[{"count":0,"href":"https:\/\/agrovin.com\/fr\/wp-json\/wp\/v2\/product\/89000\/revisions"}],"wp:featuredmedia":[{"embeddable":true,"href":"https:\/\/agrovin.com\/fr\/wp-json\/wp\/v2\/media\/122246"}],"wp:attachment":[{"href":"https:\/\/agrovin.com\/fr\/wp-json\/wp\/v2\/media?parent=89000"}],"wp:term":[{"taxonomy":"product_brand","embeddable":true,"href":"https:\/\/agrovin.com\/fr\/wp-json\/wp\/v2\/product_brand?post=89000"},{"taxonomy":"product_cat","embeddable":true,"href":"https:\/\/agrovin.com\/fr\/wp-json\/wp\/v2\/product_cat?post=89000"},{"taxonomy":"product_tag","embeddable":true,"href":"https:\/\/agrovin.com\/fr\/wp-json\/wp\/v2\/product_tag?post=89000"}],"curies":[{"name":"wp","href":"https:\/\/api.w.org\/{rel}","templated":true}]}}