{"id":88990,"date":"2018-08-06T11:08:15","date_gmt":"2022-11-04T14:12:42","guid":{"rendered":"https:\/\/staging.agrovin.com\/non%20class\u00e9\/actimax-cepage\/"},"modified":"2023-03-13T12:11:40","modified_gmt":"2023-03-13T11:11:40","slug":"actimax-varietal","status":"publish","type":"product","link":"https:\/\/agrovin.com\/fr\/produits-oenologiques\/nutriments\/actimax-varietal\/","title":{"rendered":"ACTIMAX VARIETAL"},"content":{"rendered":"<h3>CARACT\u00c9RISTIQUES<\/h3>\n<ul>\n<li>Lib\u00e9ration des pr\u00e9curseurs vari\u00e9taux par son apport concentr\u00e9 en azote organique. Assure la teneur en AGN, en \u00e9vitant l&#8217;utilisation de sels d&#8217;ammonium. Fournit des acides amin\u00e9s pour la g\u00e9n\u00e9ration de prot\u00e9ines de transport et d&#8217;enzymes.<\/li>\n<li>Effet antioxydant, emp\u00eachant l&#8217;oxydation et prot\u00e9geant la fraction aromatique libre.<\/li>\n<li>S\u00e9questrant de m\u00e9taux, emp\u00eache l&#8217;oxydation directe et retarde l&#8217;\u00e9volution aromatique et ph\u00e9nolique.<\/li>\n<\/ul>\n<p>Nutriment organique \u00e9quilibr\u00e9 pour la fermentation alcoolique. Convient pour exprimer le potentiel vari\u00e9tal des raisins blancs et rouges et prot\u00e9ger leur \u00e9volution dans le temps. C&#8217;est une source riche en acides amin\u00e9s.<\/p>\n<p>L&#8217;azote organique, constitu\u00e9 d&#8217;acides amin\u00e9s, est d\u00e9ficient dans la plupart des processus de fermentation alcoolique. Ce nutriment fournit un apport \u00e9quilibr\u00e9 d&#8217;acides amin\u00e9s et de vitamines dans la phase initiale de la fermentation, ce qui r\u00e9duit l&#8217;apparition de probl\u00e8mes dans la phase finale de la fermentation. La disponibilit\u00e9 des acides amin\u00e9s optimise la qualit\u00e9 organoleptique des vins et permet la gen\u00e8se des enzymes responsables de la lib\u00e9ration des pr\u00e9curseurs aromatiques. En outre, il limite la production de sulfure d&#8217;hydrog\u00e8ne et emp\u00eache ainsi la g\u00e9n\u00e9ration de d\u00e9fauts de r\u00e9duction. La correction de l&#8217;APN avec cette pr\u00e9paration ne pr\u00e9sente aucun risque d&#8217;\u00e9l\u00e9vation de temp\u00e9rature ou de d\u00e9viations sensorielles.<\/p>\n<p>Capacit\u00e9 antioxydante naturelle \u00e9lev\u00e9e, gr\u00e2ce au double effet fourni par sa teneur \u00e9lev\u00e9e en glutathion r\u00e9duit et sa capacit\u00e9 de s\u00e9questration des m\u00e9taux. Ainsi, les ar\u00f4mes lib\u00e9r\u00e9s sont prot\u00e9g\u00e9s et leur \u00e9volution est retard\u00e9e dans le temps.<\/p>\n<p>Ce nutriment pour la fermentation alcoolique est le r\u00e9sultat des recherches men\u00e9es dans le cadre du projet NUTRIAROMA : la nutrition azot\u00e9e et son influence sur la lib\u00e9ration des ar\u00f4mes vari\u00e9taux thiol\u00e9s par les levures, qui a re\u00e7u le soutien financier de l&#8217;Union europ\u00e9enne par le biais des fonds FEDER et du CDTI (minist\u00e8re de l&#8217;Industrie) (cofinancement de l&#8217;UE \u00e0 hauteur de 85 %). Le projet vise \u00e0 obtenir une vision \u00e9largie de la mani\u00e8re dont la nutrition azot\u00e9e peut affecter la lib\u00e9ration des ar\u00f4mes vari\u00e9taux \u00e0 travers l&#8217;activit\u00e9 enzymatique des levures responsables de la r\u00e9v\u00e9lation des pr\u00e9curseurs aromatiques dans le vin pendant la fermentation.<\/p>\n<h3>APPLICATION<\/h3>\n<p>Il est utilis\u00e9 avant le d\u00e9but de la fermentation alcoolique, avant ou pendant l&#8217;application de la souche de levure. L&#8217;application de ce nutriment stimule les populations de levures dans tout processus de brassage, en am\u00e9liorant leurs capacit\u00e9s qualitatives. Il est particuli\u00e8rement recommand\u00e9 :<\/p>\n<ul>\n<li>Pour renforcer le caract\u00e8re vari\u00e9tal des vins blancs et rouges.<\/li>\n<li>Pour exprimer les caract\u00e9ristiques aromatiques des vari\u00e9t\u00e9s au profil thiolique (Sauvignon Blanc, Verdejo) ou terp\u00e9nique (Moscatel, Chardonnay, Albari\u00f1o).<\/li>\n<li>Pour marquer les caract\u00e9ristiques des fruits rouges ou noirs dans les vari\u00e9t\u00e9s rouges (Tempranillo, Garnacha, Monastrell, Merlot, Cabernet Sauvignon).<\/li>\n<li>Dans les mo\u00fbts issus de raisins d\u00e9ficients en azote assimilable, \u00e0 forte teneur probable en alcool et de raisins trop m\u00fbrs.<\/li>\n<li>Dans les mo\u00fbts destin\u00e9s \u00e0 la production de vins blancs et ros\u00e9s \u00e0 basse temp\u00e9rature.<\/li>\n<li>Dans les mo\u00fbts de raisins blancs hautement clarifi\u00e9s.<\/li>\n<li>Gr\u00e2ce \u00e0 son effet protecteur contre l&#8217;oxydation, il est recommand\u00e9 dans la production de vins blancs et rouges de garde, o\u00f9 l&#8217;on souhaite prot\u00e9ger le caract\u00e8re vari\u00e9tal, en retardant l&#8217;\u00e9volution de la fraction aromatique et de la couleur.<\/li>\n<\/ul>\n<h3>DOSAGE<\/h3>\n<div class=\"page\" title=\"Page 2\">\n<div class=\"layoutArea\">\n<div class=\"column\">\n<p>Mo\u00fbt\/raisin : <span style=\"font-size: 16px;\">20-40 g\/hl<\/span><\/p>\n<\/div>\n<\/div>\n<\/div>\n<p>&nbsp;<\/p>\n","protected":false},"excerpt":{"rendered":"<p>Activateur organique pour la fermentation alcoolique. Expression vari\u00e9tale maximale. Lib\u00e9ration et protection des pr\u00e9curseurs aromatiques.<\/p>\n","protected":false},"featured_media":42578,"template":"","meta":{"_acf_changed":false,"inline_featured_image":false,"site-sidebar-layout":"default","site-content-layout":"default","ast-site-content-layout":"default","site-content-style":"default","site-sidebar-style":"default","ast-global-header-display":"","ast-banner-title-visibility":"","ast-main-header-display":"","ast-hfb-above-header-display":"","ast-hfb-below-header-display":"","ast-hfb-mobile-header-display":"","site-post-title":"","ast-breadcrumbs-content":"","ast-featured-img":"","footer-sml-layout":"","ast-disable-related-posts":"","theme-transparent-header-meta":"default","adv-header-id-meta":"","stick-header-meta":"","header-above-stick-meta":"","header-main-stick-meta":"","header-below-stick-meta":"","astra-migrate-meta-layouts":"default","ast-page-background-enabled":"default","ast-page-background-meta":{"desktop":{"background-color":"var(--ast-global-color-5)","background-image":"","background-repeat":"repeat","background-position":"center center","background-size":"auto","background-attachment":"scroll","background-type":"","background-media":"","overlay-type":"","overlay-color":"","overlay-opacity":"","overlay-gradient":""},"tablet":{"background-color":"","background-image":"","background-repeat":"repeat","background-position":"center center","background-size":"auto","background-attachment":"scroll","background-type":"","background-media":"","overlay-type":"","overlay-color":"","overlay-opacity":"","overlay-gradient":""},"mobile":{"background-color":"","background-image":"","background-repeat":"repeat","background-position":"center center","background-size":"auto","background-attachment":"scroll","background-type":"","background-media":"","overlay-type":"","overlay-color":"","overlay-opacity":"","overlay-gradient":""}},"ast-content-background-meta":{"desktop":{"background-color":"var(--ast-global-color-4)","background-image":"","background-repeat":"repeat","background-position":"center center","background-size":"auto","background-attachment":"scroll","background-type":"","background-media":"","overlay-type":"","overlay-color":"","overlay-opacity":"","overlay-gradient":""},"tablet":{"background-color":"var(--ast-global-color-4)","background-image":"","background-repeat":"repeat","background-position":"center center","background-size":"auto","background-attachment":"scroll","background-type":"","background-media":"","overlay-type":"","overlay-color":"","overlay-opacity":"","overlay-gradient":""},"mobile":{"background-color":"var(--ast-global-color-4)","background-image":"","background-repeat":"repeat","background-position":"center center","background-size":"auto","background-attachment":"scroll","background-type":"","background-media":"","overlay-type":"","overlay-color":"","overlay-opacity":"","overlay-gradient":""}}},"product_brand":[],"product_cat":[210],"product_tag":[291],"class_list":{"0":"post-88990","1":"product","2":"type-product","3":"status-publish","4":"has-post-thumbnail","6":"product_cat-nutriments","7":"product_tag-organique","8":"pa_aplicacion-fa-et-fml","9":"pa_composicion-biologique","10":"pa_estilo-de-vino-blanc","11":"pa_estilo-de-vino-fut","12":"pa_estilo-de-vino-petillant","13":"pa_estilo-de-vino-rose","14":"pa_estilo-de-vino-rouge","15":"pa_vegano-vegetalien","16":"desktop-align-left","17":"tablet-align-left","18":"mobile-align-left","20":"first","21":"instock","22":"virtual","23":"product-type-simple"},"acf":[],"_links":{"self":[{"href":"https:\/\/agrovin.com\/fr\/wp-json\/wp\/v2\/product\/88990","targetHints":{"allow":["GET"]}}],"collection":[{"href":"https:\/\/agrovin.com\/fr\/wp-json\/wp\/v2\/product"}],"about":[{"href":"https:\/\/agrovin.com\/fr\/wp-json\/wp\/v2\/types\/product"}],"version-history":[{"count":0,"href":"https:\/\/agrovin.com\/fr\/wp-json\/wp\/v2\/product\/88990\/revisions"}],"wp:featuredmedia":[{"embeddable":true,"href":"https:\/\/agrovin.com\/fr\/wp-json\/wp\/v2\/media\/42578"}],"wp:attachment":[{"href":"https:\/\/agrovin.com\/fr\/wp-json\/wp\/v2\/media?parent=88990"}],"wp:term":[{"taxonomy":"product_brand","embeddable":true,"href":"https:\/\/agrovin.com\/fr\/wp-json\/wp\/v2\/product_brand?post=88990"},{"taxonomy":"product_cat","embeddable":true,"href":"https:\/\/agrovin.com\/fr\/wp-json\/wp\/v2\/product_cat?post=88990"},{"taxonomy":"product_tag","embeddable":true,"href":"https:\/\/agrovin.com\/fr\/wp-json\/wp\/v2\/product_tag?post=88990"}],"curies":[{"name":"wp","href":"https:\/\/api.w.org\/{rel}","templated":true}]}}