{"id":88985,"date":"2018-07-13T07:39:28","date_gmt":"2022-11-04T14:12:35","guid":{"rendered":"https:\/\/staging.agrovin.com\/non%20class\u00e9\/divergan-hm\/"},"modified":"2024-04-23T15:35:15","modified_gmt":"2024-04-23T14:35:15","slug":"pvvin-no-met","status":"publish","type":"product","link":"https:\/\/agrovin.com\/fr\/produits-oenologiques\/clarifiants\/pvvin-no-met\/","title":{"rendered":"PVVIN NO MET"},"content":{"rendered":"<h3>APPLICATION<\/h3>\n<ul>\n<li>Dans les mo\u00fbts et les vins o\u00f9 il est n\u00e9cessaire de r\u00e9duire la teneur en m\u00e9taux lourds (surtout le cuivre et le fer), en rempla\u00e7ant les traitements controvers\u00e9s par du ferrocyanure de potassium.<\/li>\n<li>Dans les mo\u00fbts et les vins o\u00f9 l&#8217;on souhaite r\u00e9duire la teneur en polyph\u00e9nols oxydables. Le PVVIN NO MET r\u00e9duit la teneur en compos\u00e9s responsables de l&#8217;oxydation et emp\u00eache le brunissement ult\u00e9rieur.<\/li>\n<\/ul>\n<h3>DOSAGE<\/h3>\n<p>Mo\u00fbt ou vin<\/p>\n<p>Traitement pr\u00e9ventif : 10-20 g\/hl<\/p>\n<p>Traitement curatif : 30-50 g\/hl<\/p>\n","protected":false},"excerpt":{"rendered":"<p>Le PVVIN NO MET est un agent de collage sp\u00e9cifique qui limite le brunissement et l&#8217;\u00e9volution des mo\u00fbts et des vins.<\/p>\n<p>&nbsp;<\/p>\n<p>Sa capacit\u00e9 \u00e0 r\u00e9duire la concentration en m\u00e9taux lourds, tels que le fer et le cuivre, ralentit les r\u00e9actions d&#8217;oxydation enzymatiques et non enzymatiques, limitant ainsi le brunissement de l&#8217;\u00e9chantillon et pr\u00e9servant son potentiel aromatique et sa typicit\u00e9 (esters fermentaires et ar\u00f4mes vari\u00e9taux).<\/p>\n<p>&nbsp;<\/p>\n<p>Il \u00e9limine s\u00e9lectivement les compos\u00e9s ph\u00e9noliques responsables du brunissement de l&#8217;\u00e9chantillon.<\/p>\n","protected":false},"featured_media":20999,"template":"","meta":{"_acf_changed":false,"inline_featured_image":false,"site-sidebar-layout":"default","site-content-layout":"default","ast-site-content-layout":"default","site-content-style":"default","site-sidebar-style":"default","ast-global-header-display":"","ast-banner-title-visibility":"","ast-main-header-display":"","ast-hfb-above-header-display":"","ast-hfb-below-header-display":"","ast-hfb-mobile-header-display":"","site-post-title":"","ast-breadcrumbs-content":"","ast-featured-img":"","footer-sml-layout":"","ast-disable-related-posts":"","theme-transparent-header-meta":"default","adv-header-id-meta":"","stick-header-meta":"","header-above-stick-meta":"","header-main-stick-meta":"","header-below-stick-meta":"","astra-migrate-meta-layouts":"default","ast-page-background-enabled":"default","ast-page-background-meta":{"desktop":{"background-color":"var(--ast-global-color-5)","background-image":"","background-repeat":"repeat","background-position":"center center","background-size":"auto","background-attachment":"scroll","background-type":"","background-media":"","overlay-type":"","overlay-color":"","overlay-opacity":"","overlay-gradient":""},"tablet":{"background-color":"","background-image":"","background-repeat":"repeat","background-position":"center center","background-size":"auto","background-attachment":"scroll","background-type":"","background-media":"","overlay-type":"","overlay-color":"","overlay-opacity":"","overlay-gradient":""},"mobile":{"background-color":"","background-image":"","background-repeat":"repeat","background-position":"center center","background-size":"auto","background-attachment":"scroll","background-type":"","background-media":"","overlay-type":"","overlay-color":"","overlay-opacity":"","overlay-gradient":""}},"ast-content-background-meta":{"desktop":{"background-color":"var(--ast-global-color-4)","background-image":"","background-repeat":"repeat","background-position":"center center","background-size":"auto","background-attachment":"scroll","background-type":"","background-media":"","overlay-type":"","overlay-color":"","overlay-opacity":"","overlay-gradient":""},"tablet":{"background-color":"var(--ast-global-color-4)","background-image":"","background-repeat":"repeat","background-position":"center center","background-size":"auto","background-attachment":"scroll","background-type":"","background-media":"","overlay-type":"","overlay-color":"","overlay-opacity":"","overlay-gradient":""},"mobile":{"background-color":"var(--ast-global-color-4)","background-image":"","background-repeat":"repeat","background-position":"center center","background-size":"auto","background-attachment":"scroll","background-type":"","background-media":"","overlay-type":"","overlay-color":"","overlay-opacity":"","overlay-gradient":""}}},"product_brand":[],"product_cat":[165],"product_tag":[498,798],"class_list":{"0":"post-88985","1":"product","2":"type-product","3":"status-publish","4":"has-post-thumbnail","6":"product_cat-clarifiants","7":"product_tag-mout","8":"product_tag-vin-fini","9":"pa_estilo-de-vino-blanc","10":"pa_estilo-de-vino-petillant","11":"pa_estilo-de-vino-rose","12":"pa_estilo-de-vino-rouge","13":"pa_objetivo-clarification","14":"pa_origen-pvpp-pvi-fr","15":"pa_vegano-vegetalien","16":"desktop-align-left","17":"tablet-align-left","18":"mobile-align-left","20":"first","21":"instock","22":"virtual","23":"product-type-simple"},"acf":[],"_links":{"self":[{"href":"https:\/\/agrovin.com\/fr\/wp-json\/wp\/v2\/product\/88985","targetHints":{"allow":["GET"]}}],"collection":[{"href":"https:\/\/agrovin.com\/fr\/wp-json\/wp\/v2\/product"}],"about":[{"href":"https:\/\/agrovin.com\/fr\/wp-json\/wp\/v2\/types\/product"}],"version-history":[{"count":0,"href":"https:\/\/agrovin.com\/fr\/wp-json\/wp\/v2\/product\/88985\/revisions"}],"wp:featuredmedia":[{"embeddable":true,"href":"https:\/\/agrovin.com\/fr\/wp-json\/wp\/v2\/media\/20999"}],"wp:attachment":[{"href":"https:\/\/agrovin.com\/fr\/wp-json\/wp\/v2\/media?parent=88985"}],"wp:term":[{"taxonomy":"product_brand","embeddable":true,"href":"https:\/\/agrovin.com\/fr\/wp-json\/wp\/v2\/product_brand?post=88985"},{"taxonomy":"product_cat","embeddable":true,"href":"https:\/\/agrovin.com\/fr\/wp-json\/wp\/v2\/product_cat?post=88985"},{"taxonomy":"product_tag","embeddable":true,"href":"https:\/\/agrovin.com\/fr\/wp-json\/wp\/v2\/product_tag?post=88985"}],"curies":[{"name":"wp","href":"https:\/\/api.w.org\/{rel}","templated":true}]}}