{"id":88975,"date":"2018-07-09T09:27:33","date_gmt":"2022-11-04T14:12:15","guid":{"rendered":"https:\/\/staging.agrovin.com\/non%20class\u00e9\/enovin-fl\/"},"modified":"2022-11-05T15:08:13","modified_gmt":"2022-11-05T14:08:13","slug":"enovin-fl","status":"publish","type":"product","link":"https:\/\/agrovin.com\/fr\/produits-oenologiques\/flottation\/enovin-fl\/","title":{"rendered":"ENOVIN FL"},"content":{"rendered":"<h3>CARACT\u00c9RISTIQUES<\/h3>\n<p>Il facilite la d\u00e9gradation rapide de la pectine et la remont\u00e9e \u00e0 la surface des particules solides, permettant un nettoyage rapide du mo\u00fbt.<\/p>\n<p>Favorise l&#8217;action compl\u00e9mentaire des agents clarifiants (g\u00e9latine, sol de silice, bentonite).<\/p>\n<p>Il garantit la formation d&#8217;une mousse compacte et dense sur le flotteur et la s\u00e9paration parfaite du mo\u00fbt.<\/p>\n<h3>APPLICATION<\/h3>\n<ul>\n<li>D\u00e9sembouage par flottation dynamique. En raison de la particularit\u00e9 intrins\u00e8que du syst\u00e8me de d\u00e9cantation par flottation, le m\u00e9canisme d&#8217;action des enzymes est diff\u00e9rent de celui des autres processus \u0153nologiques : la d\u00e9gradation de la pectine doit avoir lieu tr\u00e8s rapidement (&lt;4 heures) et doit rester sous forme de petits flocs pour pouvoir remonter \u00e0 la surface. Les activit\u00e9s de coupe de cette pr\u00e9paration facilitent ce processus.<\/li>\n<li>Peut \u00eatre utilis\u00e9 pour d&#8217;autres proc\u00e9d\u00e9s de d\u00e9colmatage dynamique : centrifugation.<\/li>\n<\/ul>\n<h3>DOSAGE<\/h3>\n<div class=\"page\" title=\"Page 1\">\n<div class=\"section\">\n<div class=\"layoutArea\">\n<div class=\"column\">\n<p>D\u00e9cantation : &gt; 2 g\/hl<\/p>\n<p>Flottaison : &gt; 2 g\/ hl<\/p>\n<p>Centrifugation : &gt; 2 g\/ hl<\/p>\n<\/div>\n<div class=\"column\">\n<p>&nbsp;<\/p>\n<\/div>\n<\/div>\n<\/div>\n<\/div>\n","protected":false},"excerpt":{"rendered":"<p>Enovin FL est une pr\u00e9paration enzymatique liquide sp\u00e9cifiquement destin\u00e9e aux proc\u00e9d\u00e9s de d\u00e9senvasement dynamique et notamment \u00e0 la flottation.<\/p>\n","protected":false},"featured_media":43941,"template":"","meta":{"_acf_changed":false,"inline_featured_image":false,"site-sidebar-layout":"default","site-content-layout":"default","ast-site-content-layout":"default","site-content-style":"default","site-sidebar-style":"default","ast-global-header-display":"","ast-banner-title-visibility":"","ast-main-header-display":"","ast-hfb-above-header-display":"","ast-hfb-below-header-display":"","ast-hfb-mobile-header-display":"","site-post-title":"","ast-breadcrumbs-content":"","ast-featured-img":"","footer-sml-layout":"","ast-disable-related-posts":"","theme-transparent-header-meta":"default","adv-header-id-meta":"","stick-header-meta":"","header-above-stick-meta":"","header-main-stick-meta":"","header-below-stick-meta":"","astra-migrate-meta-layouts":"default","ast-page-background-enabled":"default","ast-page-background-meta":{"desktop":{"background-color":"var(--ast-global-color-5)","background-image":"","background-repeat":"repeat","background-position":"center center","background-size":"auto","background-attachment":"scroll","background-type":"","background-media":"","overlay-type":"","overlay-color":"","overlay-opacity":"","overlay-gradient":""},"tablet":{"background-color":"","background-image":"","background-repeat":"repeat","background-position":"center center","background-size":"auto","background-attachment":"scroll","background-type":"","background-media":"","overlay-type":"","overlay-color":"","overlay-opacity":"","overlay-gradient":""},"mobile":{"background-color":"","background-image":"","background-repeat":"repeat","background-position":"center center","background-size":"auto","background-attachment":"scroll","background-type":"","background-media":"","overlay-type":"","overlay-color":"","overlay-opacity":"","overlay-gradient":""}},"ast-content-background-meta":{"desktop":{"background-color":"var(--ast-global-color-4)","background-image":"","background-repeat":"repeat","background-position":"center center","background-size":"auto","background-attachment":"scroll","background-type":"","background-media":"","overlay-type":"","overlay-color":"","overlay-opacity":"","overlay-gradient":""},"tablet":{"background-color":"var(--ast-global-color-4)","background-image":"","background-repeat":"repeat","background-position":"center center","background-size":"auto","background-attachment":"scroll","background-type":"","background-media":"","overlay-type":"","overlay-color":"","overlay-opacity":"","overlay-gradient":""},"mobile":{"background-color":"var(--ast-global-color-4)","background-image":"","background-repeat":"repeat","background-position":"center center","background-size":"auto","background-attachment":"scroll","background-type":"","background-media":"","overlay-type":"","overlay-color":"","overlay-opacity":"","overlay-gradient":""}}},"product_brand":[],"product_cat":[684,175],"product_tag":[569],"class_list":{"0":"post-88975","1":"product","2":"type-product","3":"status-publish","4":"has-post-thumbnail","6":"product_cat-flottation","7":"product_cat-enzymes","8":"product_tag-clarification-des-mouts","9":"pa_aplicacion-fa-et-fml","10":"pa_ecologico-autorise-eu","11":"pa_ecologico-autorise-nop-usda","12":"pa_estilo-de-vino-blanc","13":"pa_estilo-de-vino-rose","14":"pa_estilo-de-vino-rouge","15":"pa_objetivo-flottation","16":"pa_vegano-vegetalien","17":"desktop-align-left","18":"tablet-align-left","19":"mobile-align-left","21":"first","22":"instock","23":"virtual","24":"product-type-simple"},"acf":[],"_links":{"self":[{"href":"https:\/\/agrovin.com\/fr\/wp-json\/wp\/v2\/product\/88975","targetHints":{"allow":["GET"]}}],"collection":[{"href":"https:\/\/agrovin.com\/fr\/wp-json\/wp\/v2\/product"}],"about":[{"href":"https:\/\/agrovin.com\/fr\/wp-json\/wp\/v2\/types\/product"}],"version-history":[{"count":0,"href":"https:\/\/agrovin.com\/fr\/wp-json\/wp\/v2\/product\/88975\/revisions"}],"wp:featuredmedia":[{"embeddable":true,"href":"https:\/\/agrovin.com\/fr\/wp-json\/wp\/v2\/media\/43941"}],"wp:attachment":[{"href":"https:\/\/agrovin.com\/fr\/wp-json\/wp\/v2\/media?parent=88975"}],"wp:term":[{"taxonomy":"product_brand","embeddable":true,"href":"https:\/\/agrovin.com\/fr\/wp-json\/wp\/v2\/product_brand?post=88975"},{"taxonomy":"product_cat","embeddable":true,"href":"https:\/\/agrovin.com\/fr\/wp-json\/wp\/v2\/product_cat?post=88975"},{"taxonomy":"product_tag","embeddable":true,"href":"https:\/\/agrovin.com\/fr\/wp-json\/wp\/v2\/product_tag?post=88975"}],"curies":[{"name":"wp","href":"https:\/\/api.w.org\/{rel}","templated":true}]}}