{"id":88965,"date":"2018-06-01T08:48:04","date_gmt":"2018-06-01T08:48:04","guid":{"rendered":"https:\/\/staging.agrovin.com\/non%20class\u00e9\/disques-de-soufre-et-meche\/"},"modified":"2024-08-19T12:47:47","modified_gmt":"2024-08-19T11:47:47","slug":"soufre-disques","status":"publish","type":"product","link":"https:\/\/agrovin.com\/fr\/produits-oenologiques\/antioxydants\/soufre-disques\/","title":{"rendered":"SOUFRE DISQUES"},"content":{"rendered":"<h3>CARACT\u00c9RISTIQUES<\/h3>\n<p>Le soufre qui g\u00e9n\u00e8re du dioxyde de soufre (SO2) par combustion.<\/p>\n<h3>APPLICATION<\/h3>\n<ul>\n<li>Dans les f\u00fbts, les cuves en bois ou les r\u00e9servoirs vides, avec un effet antiseptique et en compl\u00e9ment d&#8217;autres syst\u00e8mes de nettoyage et d&#8217;hygi\u00e8ne.<\/li>\n<li>dans des barils, des cuves en bois ou des r\u00e9servoirs \u00e0 moiti\u00e9 vides pour d\u00e9placer partiellement l&#8217;oxyg\u00e8ne en contact avec le vin<\/li>\n<\/ul>\n","protected":false},"excerpt":{"rendered":"<p>Utilisation alimentaire industrielle. Dans les barils, les cuves en bois ou les r\u00e9servoirs vides, comme effet compl\u00e9mentaire \u00e0 d&#8217;autres syst\u00e8mes de nettoyage et d&#8217;hygi\u00e8ne. Dans des f\u00fbts, des cuves en bois ou des r\u00e9servoirs vides pour d\u00e9placer partiellement l&#8217;oxyg\u00e8ne en contact avec le vin. Conservateur\/antioxydant utilis\u00e9 dans l&#8217;industrie alimentaire.<\/p>\n","protected":false},"featured_media":16413,"template":"","meta":{"_acf_changed":false,"inline_featured_image":false,"site-sidebar-layout":"default","site-content-layout":"default","ast-site-content-layout":"default","site-content-style":"default","site-sidebar-style":"default","ast-global-header-display":"","ast-banner-title-visibility":"","ast-main-header-display":"","ast-hfb-above-header-display":"","ast-hfb-below-header-display":"","ast-hfb-mobile-header-display":"","site-post-title":"","ast-breadcrumbs-content":"","ast-featured-img":"","footer-sml-layout":"","ast-disable-related-posts":"","theme-transparent-header-meta":"default","adv-header-id-meta":"","stick-header-meta":"","header-above-stick-meta":"","header-main-stick-meta":"","header-below-stick-meta":"","astra-migrate-meta-layouts":"default","ast-page-background-enabled":"default","ast-page-background-meta":{"desktop":{"background-color":"var(--ast-global-color-5)","background-image":"","background-repeat":"repeat","background-position":"center center","background-size":"auto","background-attachment":"scroll","background-type":"","background-media":"","overlay-type":"","overlay-color":"","overlay-opacity":"","overlay-gradient":""},"tablet":{"background-color":"","background-image":"","background-repeat":"repeat","background-position":"center center","background-size":"auto","background-attachment":"scroll","background-type":"","background-media":"","overlay-type":"","overlay-color":"","overlay-opacity":"","overlay-gradient":""},"mobile":{"background-color":"","background-image":"","background-repeat":"repeat","background-position":"center center","background-size":"auto","background-attachment":"scroll","background-type":"","background-media":"","overlay-type":"","overlay-color":"","overlay-opacity":"","overlay-gradient":""}},"ast-content-background-meta":{"desktop":{"background-color":"var(--ast-global-color-4)","background-image":"","background-repeat":"repeat","background-position":"center center","background-size":"auto","background-attachment":"scroll","background-type":"","background-media":"","overlay-type":"","overlay-color":"","overlay-opacity":"","overlay-gradient":""},"tablet":{"background-color":"var(--ast-global-color-4)","background-image":"","background-repeat":"repeat","background-position":"center center","background-size":"auto","background-attachment":"scroll","background-type":"","background-media":"","overlay-type":"","overlay-color":"","overlay-opacity":"","overlay-gradient":""},"mobile":{"background-color":"var(--ast-global-color-4)","background-image":"","background-repeat":"repeat","background-position":"center center","background-size":"auto","background-attachment":"scroll","background-type":"","background-media":"","overlay-type":"","overlay-color":"","overlay-opacity":"","overlay-gradient":""}}},"product_brand":[],"product_cat":[161],"product_tag":[518],"class_list":{"0":"post-88965","1":"product","2":"type-product","3":"status-publish","4":"has-post-thumbnail","6":"product_cat-antioxydants","7":"product_tag-vin","8":"pa_ecologico-autorise-eu","9":"pa_ecologico-autorise-nop-usda","10":"pa_estilo-de-vino-blanc","11":"pa_estilo-de-vino-rose","12":"pa_estilo-de-vino-rouge","13":"pa_objetivo-protection-microbiologique","14":"pa_vegano-vegetalien","15":"desktop-align-left","16":"tablet-align-left","17":"mobile-align-left","19":"first","20":"instock","21":"virtual","22":"product-type-simple"},"acf":[],"_links":{"self":[{"href":"https:\/\/agrovin.com\/fr\/wp-json\/wp\/v2\/product\/88965","targetHints":{"allow":["GET"]}}],"collection":[{"href":"https:\/\/agrovin.com\/fr\/wp-json\/wp\/v2\/product"}],"about":[{"href":"https:\/\/agrovin.com\/fr\/wp-json\/wp\/v2\/types\/product"}],"version-history":[{"count":1,"href":"https:\/\/agrovin.com\/fr\/wp-json\/wp\/v2\/product\/88965\/revisions"}],"predecessor-version":[{"id":115990,"href":"https:\/\/agrovin.com\/fr\/wp-json\/wp\/v2\/product\/88965\/revisions\/115990"}],"wp:featuredmedia":[{"embeddable":true,"href":"https:\/\/agrovin.com\/fr\/wp-json\/wp\/v2\/media\/16413"}],"wp:attachment":[{"href":"https:\/\/agrovin.com\/fr\/wp-json\/wp\/v2\/media?parent=88965"}],"wp:term":[{"taxonomy":"product_brand","embeddable":true,"href":"https:\/\/agrovin.com\/fr\/wp-json\/wp\/v2\/product_brand?post=88965"},{"taxonomy":"product_cat","embeddable":true,"href":"https:\/\/agrovin.com\/fr\/wp-json\/wp\/v2\/product_cat?post=88965"},{"taxonomy":"product_tag","embeddable":true,"href":"https:\/\/agrovin.com\/fr\/wp-json\/wp\/v2\/product_tag?post=88965"}],"curies":[{"name":"wp","href":"https:\/\/api.w.org\/{rel}","templated":true}]}}