{"id":88945,"date":"2018-06-01T07:49:41","date_gmt":"2022-11-04T14:11:17","guid":{"rendered":"https:\/\/staging.agrovin.com\/non%20class\u00e9\/redoxvin\/"},"modified":"2022-11-05T13:42:58","modified_gmt":"2022-11-05T12:42:58","slug":"redoxvin","status":"publish","type":"product","link":"https:\/\/agrovin.com\/fr\/produits-oenologiques\/antioxydants\/redoxvin\/","title":{"rendered":"REDOXVIN"},"content":{"rendered":"<h3>CARACT\u00c9RISTIQUES<\/h3>\n<p>La combinaison de l&#8217;acide ascorbique et de l&#8217;acide citrique permet une r\u00e9duction rapide de l&#8217;oxyg\u00e8ne dissous dans le vin et emp\u00eache la formation de complexes \u00e0 base de fer, \u00e9vitant ainsi un \u00e9ventuel trouble et m\u00eame un traitement au ferrocyanure de potassium. La pr\u00e9sence de m\u00e9tabisulfite de potassium permet de maintenir constant le niveau de SO2 libre. Redoxvin maintient la fra\u00eecheur et le caract\u00e8re fruit\u00e9 des vins.<\/p>\n<h3>APPLICATION<\/h3>\n<p>Dans le vin, notamment dans le traitement des vins \u00e0 faible teneur en alcool et \u00e0 faible acidit\u00e9 totale.<\/p>\n<h3>DOSAGE<\/h3>\n<ul>\n<li>Effet antioxydant et anti-fer 10-15 g\/hl<\/li>\n<li>Stabilisation microbiologique 20-30 g\/hl<\/li>\n<li>Vins blancs et ros\u00e9s 10-30 g\/hl<\/li>\n<li>Vins rouges 10-20 g\/hl<\/li>\n<li>Dose maximale l\u00e9gale : 75 g\/hl<\/li>\n<\/ul>\n<p>La teneur totale en anhydride sulfureux ne peut d\u00e9passer 150 mg\/l pour les vins rouges et 200 mg\/l pour les vins blancs et ros\u00e9s. Si la quantit\u00e9 de sucre r\u00e9siduel (exprim\u00e9 en glucose+fructose) est \u00e9gale ou sup\u00e9rieure \u00e0 5 g\/l, les valeurs admises sont de 200 mg\/l pour les vins rouges et de 250 mg\/l pour les vins blancs et ros\u00e9s.<br \/>\nNOTE : Le dosage de Redoxvin sera d\u00e9termin\u00e9 lors d&#8217;essais pr\u00e9alables, et d\u00e9pendra des besoins de chaque vin.<\/p>\n","protected":false},"excerpt":{"rendered":"<p>La redoxvine emp\u00eache l&#8217;oxydation des vins. Il permet \u00e9galement d&#8217;obtenir une meilleure stabilit\u00e9 de la couleur et des ar\u00f4mes. Gr\u00e2ce \u00e0 l&#8217;action de l&#8217;acide citrique, il maintient le fer \u00e0 l&#8217;\u00e9tat r\u00e9duit (Fe(II)) et est donc soluble, ce qui emp\u00eache la d\u00e9gradation du fer.<\/p>\n","protected":false},"featured_media":21434,"template":"","meta":{"_acf_changed":false,"inline_featured_image":false,"site-sidebar-layout":"default","site-content-layout":"default","ast-site-content-layout":"default","site-content-style":"default","site-sidebar-style":"default","ast-global-header-display":"","ast-banner-title-visibility":"","ast-main-header-display":"","ast-hfb-above-header-display":"","ast-hfb-below-header-display":"","ast-hfb-mobile-header-display":"","site-post-title":"","ast-breadcrumbs-content":"","ast-featured-img":"","footer-sml-layout":"","ast-disable-related-posts":"","theme-transparent-header-meta":"default","adv-header-id-meta":"","stick-header-meta":"","header-above-stick-meta":"","header-main-stick-meta":"","header-below-stick-meta":"","astra-migrate-meta-layouts":"default","ast-page-background-enabled":"default","ast-page-background-meta":{"desktop":{"background-color":"var(--ast-global-color-5)","background-image":"","background-repeat":"repeat","background-position":"center center","background-size":"auto","background-attachment":"scroll","background-type":"","background-media":"","overlay-type":"","overlay-color":"","overlay-opacity":"","overlay-gradient":""},"tablet":{"background-color":"","background-image":"","background-repeat":"repeat","background-position":"center center","background-size":"auto","background-attachment":"scroll","background-type":"","background-media":"","overlay-type":"","overlay-color":"","overlay-opacity":"","overlay-gradient":""},"mobile":{"background-color":"","background-image":"","background-repeat":"repeat","background-position":"center center","background-size":"auto","background-attachment":"scroll","background-type":"","background-media":"","overlay-type":"","overlay-color":"","overlay-opacity":"","overlay-gradient":""}},"ast-content-background-meta":{"desktop":{"background-color":"var(--ast-global-color-4)","background-image":"","background-repeat":"repeat","background-position":"center center","background-size":"auto","background-attachment":"scroll","background-type":"","background-media":"","overlay-type":"","overlay-color":"","overlay-opacity":"","overlay-gradient":""},"tablet":{"background-color":"var(--ast-global-color-4)","background-image":"","background-repeat":"repeat","background-position":"center center","background-size":"auto","background-attachment":"scroll","background-type":"","background-media":"","overlay-type":"","overlay-color":"","overlay-opacity":"","overlay-gradient":""},"mobile":{"background-color":"var(--ast-global-color-4)","background-image":"","background-repeat":"repeat","background-position":"center center","background-size":"auto","background-attachment":"scroll","background-type":"","background-media":"","overlay-type":"","overlay-color":"","overlay-opacity":"","overlay-gradient":""}}},"product_brand":[],"product_cat":[161],"product_tag":[518],"class_list":{"0":"post-88945","1":"product","2":"type-product","3":"status-publish","4":"has-post-thumbnail","6":"product_cat-antioxydants","7":"product_tag-vin","8":"pa_ecologico-autorise-eu","9":"pa_estilo-de-vino-blanc","10":"pa_estilo-de-vino-rose","11":"pa_estilo-de-vino-rouge","12":"pa_objetivo-protection-microbiologique","13":"pa_vegano-vegetalien","14":"desktop-align-left","15":"tablet-align-left","16":"mobile-align-left","18":"first","19":"instock","20":"virtual","21":"product-type-simple"},"acf":[],"_links":{"self":[{"href":"https:\/\/agrovin.com\/fr\/wp-json\/wp\/v2\/product\/88945","targetHints":{"allow":["GET"]}}],"collection":[{"href":"https:\/\/agrovin.com\/fr\/wp-json\/wp\/v2\/product"}],"about":[{"href":"https:\/\/agrovin.com\/fr\/wp-json\/wp\/v2\/types\/product"}],"version-history":[{"count":0,"href":"https:\/\/agrovin.com\/fr\/wp-json\/wp\/v2\/product\/88945\/revisions"}],"wp:featuredmedia":[{"embeddable":true,"href":"https:\/\/agrovin.com\/fr\/wp-json\/wp\/v2\/media\/21434"}],"wp:attachment":[{"href":"https:\/\/agrovin.com\/fr\/wp-json\/wp\/v2\/media?parent=88945"}],"wp:term":[{"taxonomy":"product_brand","embeddable":true,"href":"https:\/\/agrovin.com\/fr\/wp-json\/wp\/v2\/product_brand?post=88945"},{"taxonomy":"product_cat","embeddable":true,"href":"https:\/\/agrovin.com\/fr\/wp-json\/wp\/v2\/product_cat?post=88945"},{"taxonomy":"product_tag","embeddable":true,"href":"https:\/\/agrovin.com\/fr\/wp-json\/wp\/v2\/product_tag?post=88945"}],"curies":[{"name":"wp","href":"https:\/\/api.w.org\/{rel}","templated":true}]}}