{"id":88930,"date":"2018-06-01T06:22:32","date_gmt":"2022-11-04T14:10:54","guid":{"rendered":"https:\/\/staging.agrovin.com\/non%20class\u00e9\/sorbate-de-potassium\/"},"modified":"2024-10-29T00:53:43","modified_gmt":"2024-10-28T22:53:43","slug":"sorbate-de-potassium","status":"publish","type":"product","link":"https:\/\/agrovin.com\/fr\/produits-oenologiques\/controle-microbiologique\/sorbate-de-potassium\/","title":{"rendered":"SORBATE DE POTASSIUM"},"content":{"rendered":"<h4>CARACT\u00c9RISTIQUES<\/h4>\n<p>Le sorbate de potassium est un conservateur \u00e0 effet fongicide principalement utilis\u00e9 pour emp\u00eacher la refermentation des vins doux.<br \/>\nEn raison du risque de d\u00e9veloppement de bact\u00e9ries lactiques capables de d\u00e9grader l&#8217;acide sorbique en g\u00e9raniol, son application est n\u00e9cessaire pour garantir un niveau \u00e9lev\u00e9 de soufre libre.<\/p>\n<h4>APPLICATION<\/h4>\n<p>Inhibiteur de levures et de moisissures dans les vins doux.<\/p>\n<h4>COMPOSITION<\/h4>\n<p>Sorbate de potassium (E-202)<\/p>\n<h4>DOSAGE<\/h4>\n<p>Vin 10 &#8211; 25 g\/hl<br \/>\nLa teneur totale en acide sorbique ne doit pas d\u00e9passer 200<br \/>\nmg\/l dans le vin. 267,9 g de sorbate de potassium sont transform\u00e9s en<br \/>\n200 g d&#8217;acide sorbique<\/p>\n<h4>MODE D&#8217;EMPLOI<\/h4>\n<p>Dissoudre 5 fois son poids dans l&#8217;eau et ajouter directement au volume total de vin \u00e0 traiter.<br \/>\nPr\u00e9cautions d&#8217;emploi : Le sorbate de potassium doit \u00eatre utilis\u00e9 en pr\u00e9sence de<br \/>\ndu soufre (SO2 libre environ 25-40 mg\/l). Ne pas utiliser dans l&#8217;heure qui suit la pr\u00e9paration.<\/p>\n","protected":false},"excerpt":{"rendered":"<p>Le sorbate de potassium est un conservateur \u00e0 effet fongicide principalement utilis\u00e9 pour emp\u00eacher la refermentation des vins doux. En raison du risque de d\u00e9veloppement de bact\u00e9ries d&#8217;acide lactique capables de<br \/>\npour d\u00e9grader l&#8217;acide sorbique en g\u00e9raniol, son application est n\u00e9cessaire pour assurer un niveau \u00e9lev\u00e9 de soufre libre.<\/p>\n","protected":false},"featured_media":21446,"template":"","meta":{"_acf_changed":false,"inline_featured_image":false,"site-sidebar-layout":"default","site-content-layout":"default","ast-site-content-layout":"default","site-content-style":"default","site-sidebar-style":"default","ast-global-header-display":"","ast-banner-title-visibility":"","ast-main-header-display":"","ast-hfb-above-header-display":"","ast-hfb-below-header-display":"","ast-hfb-mobile-header-display":"","site-post-title":"","ast-breadcrumbs-content":"","ast-featured-img":"","footer-sml-layout":"","ast-disable-related-posts":"","theme-transparent-header-meta":"default","adv-header-id-meta":"","stick-header-meta":"","header-above-stick-meta":"","header-main-stick-meta":"","header-below-stick-meta":"","astra-migrate-meta-layouts":"set","ast-page-background-enabled":"default","ast-page-background-meta":{"desktop":{"background-color":"var(--ast-global-color-5)","background-image":"","background-repeat":"repeat","background-position":"center center","background-size":"auto","background-attachment":"scroll","background-type":"","background-media":"","overlay-type":"","overlay-color":"","overlay-opacity":"","overlay-gradient":""},"tablet":{"background-color":"","background-image":"","background-repeat":"repeat","background-position":"center center","background-size":"auto","background-attachment":"scroll","background-type":"","background-media":"","overlay-type":"","overlay-color":"","overlay-opacity":"","overlay-gradient":""},"mobile":{"background-color":"","background-image":"","background-repeat":"repeat","background-position":"center center","background-size":"auto","background-attachment":"scroll","background-type":"","background-media":"","overlay-type":"","overlay-color":"","overlay-opacity":"","overlay-gradient":""}},"ast-content-background-meta":{"desktop":{"background-color":"var(--ast-global-color-4)","background-image":"","background-repeat":"repeat","background-position":"center center","background-size":"auto","background-attachment":"scroll","background-type":"","background-media":"","overlay-type":"","overlay-color":"","overlay-opacity":"","overlay-gradient":""},"tablet":{"background-color":"var(--ast-global-color-4)","background-image":"","background-repeat":"repeat","background-position":"center center","background-size":"auto","background-attachment":"scroll","background-type":"","background-media":"","overlay-type":"","overlay-color":"","overlay-opacity":"","overlay-gradient":""},"mobile":{"background-color":"var(--ast-global-color-4)","background-image":"","background-repeat":"repeat","background-position":"center center","background-size":"auto","background-attachment":"scroll","background-type":"","background-media":"","overlay-type":"","overlay-color":"","overlay-opacity":"","overlay-gradient":""}}},"product_brand":[],"product_cat":[887],"product_tag":[],"class_list":{"0":"post-88930","1":"product","2":"type-product","3":"status-publish","4":"has-post-thumbnail","6":"product_cat-controle-microbiologique","7":"pa_estilo-de-vino-blanc","8":"pa_estilo-de-vino-fut","9":"pa_estilo-de-vino-petillant","10":"pa_estilo-de-vino-rose","11":"pa_estilo-de-vino-rouge","12":"pa_objetivo-protection-microbiologique","13":"pa_objetivo-stabilisation","14":"pa_vegano-vegetalien","15":"desktop-align-left","16":"tablet-align-left","17":"mobile-align-left","19":"first","20":"instock","21":"virtual","22":"product-type-simple"},"acf":[],"_links":{"self":[{"href":"https:\/\/agrovin.com\/fr\/wp-json\/wp\/v2\/product\/88930","targetHints":{"allow":["GET"]}}],"collection":[{"href":"https:\/\/agrovin.com\/fr\/wp-json\/wp\/v2\/product"}],"about":[{"href":"https:\/\/agrovin.com\/fr\/wp-json\/wp\/v2\/types\/product"}],"version-history":[{"count":1,"href":"https:\/\/agrovin.com\/fr\/wp-json\/wp\/v2\/product\/88930\/revisions"}],"predecessor-version":[{"id":116934,"href":"https:\/\/agrovin.com\/fr\/wp-json\/wp\/v2\/product\/88930\/revisions\/116934"}],"wp:featuredmedia":[{"embeddable":true,"href":"https:\/\/agrovin.com\/fr\/wp-json\/wp\/v2\/media\/21446"}],"wp:attachment":[{"href":"https:\/\/agrovin.com\/fr\/wp-json\/wp\/v2\/media?parent=88930"}],"wp:term":[{"taxonomy":"product_brand","embeddable":true,"href":"https:\/\/agrovin.com\/fr\/wp-json\/wp\/v2\/product_brand?post=88930"},{"taxonomy":"product_cat","embeddable":true,"href":"https:\/\/agrovin.com\/fr\/wp-json\/wp\/v2\/product_cat?post=88930"},{"taxonomy":"product_tag","embeddable":true,"href":"https:\/\/agrovin.com\/fr\/wp-json\/wp\/v2\/product_tag?post=88930"}],"curies":[{"name":"wp","href":"https:\/\/api.w.org\/{rel}","templated":true}]}}