{"id":88920,"date":"2018-03-06T15:18:18","date_gmt":"2018-03-06T14:18:18","guid":{"rendered":"https:\/\/staging.agrovin.com\/non%20class\u00e9\/carbonate-de-calcium\/"},"modified":"2025-12-27T10:15:04","modified_gmt":"2025-12-27T08:15:04","slug":"carbonate-calcium","status":"publish","type":"product","link":"https:\/\/agrovin.com\/fr\/produits-oenologiques\/acidifiant-desacidifiant\/carbonate-calcium\/","title":{"rendered":"CARBONATE DE CALCIUM"},"content":{"rendered":"<h3>CARACT\u00c9RISTIQUES<\/h3>\n<p>En r\u00e9action avec le mo\u00fbt, il est hydrolys\u00e9 en acide carbonique, qui se d\u00e9compose en dioxyde de carbone et en eau d&#8217;une part, et en ions calcium d&#8217;autre part. Ces ions s&#8217;ajoutent \u00e0 la teneur totale en calcium du vin. La d\u00e9sacidification sera ainsi r\u00e9alis\u00e9e en neutralisant l&#8217;exc\u00e8s d&#8217;acidit\u00e9 des mo\u00fbts par le salage.<\/p>\n<h3>APPLICATION<\/h3>\n<ul>\n<li>Au moment de la r\u00e9colte, en tant que d\u00e9sacidificateur indispensable.<\/li>\n<li>Dans les vins blancs, ros\u00e9s et rouges pour la correction de l&#8217;acidit\u00e9 pendant le processus de vinification.<\/li>\n<\/ul>\n<h3>DOSAGE<\/h3>\n<ul>\n<li>Mo\u00fbt\/vin 0,2 &#8211; 0,6 g\/l<\/li>\n<\/ul>\n<p>La d\u00e9sacidification maximale autoris\u00e9e dans les vins est de 1 g\/l exprim\u00e9e en acide tartrique, ce qui correspond \u00e0 un dosage de carbonate de calcium de 0,65 g\/l.<br \/>\nCe produit peut faire l&#8217;objet d&#8217;une d\u00e9claration.<br \/>\nNote : Dans les cas o\u00f9 il est appliqu\u00e9 avant la mise en bouteille, attendez 4 \u00e0 6 semaines avant la mise en bouteille.<\/p>\n<p>&nbsp;<\/p>\n<p>&nbsp;<\/p>\n","protected":false},"excerpt":{"rendered":"<p>Le carbonate de calcium (E-170) est un agent d\u00e9sacidifiant qui modifie le pH en r\u00e9duisant l&#8217;acidit\u00e9.<\/p>\n","protected":false},"featured_media":52949,"template":"","meta":{"_acf_changed":false,"inline_featured_image":false,"site-sidebar-layout":"default","site-content-layout":"default","ast-site-content-layout":"default","site-content-style":"default","site-sidebar-style":"default","ast-global-header-display":"","ast-banner-title-visibility":"","ast-main-header-display":"","ast-hfb-above-header-display":"","ast-hfb-below-header-display":"","ast-hfb-mobile-header-display":"","site-post-title":"","ast-breadcrumbs-content":"","ast-featured-img":"","footer-sml-layout":"","ast-disable-related-posts":"","theme-transparent-header-meta":"default","adv-header-id-meta":"","stick-header-meta":"","header-above-stick-meta":"","header-main-stick-meta":"","header-below-stick-meta":"","astra-migrate-meta-layouts":"default","ast-page-background-enabled":"default","ast-page-background-meta":{"desktop":{"background-color":"var(--ast-global-color-5)","background-image":"","background-repeat":"repeat","background-position":"center center","background-size":"auto","background-attachment":"scroll","background-type":"","background-media":"","overlay-type":"","overlay-color":"","overlay-opacity":"","overlay-gradient":""},"tablet":{"background-color":"","background-image":"","background-repeat":"repeat","background-position":"center center","background-size":"auto","background-attachment":"scroll","background-type":"","background-media":"","overlay-type":"","overlay-color":"","overlay-opacity":"","overlay-gradient":""},"mobile":{"background-color":"","background-image":"","background-repeat":"repeat","background-position":"center center","background-size":"auto","background-attachment":"scroll","background-type":"","background-media":"","overlay-type":"","overlay-color":"","overlay-opacity":"","overlay-gradient":""}},"ast-content-background-meta":{"desktop":{"background-color":"var(--ast-global-color-4)","background-image":"","background-repeat":"repeat","background-position":"center center","background-size":"auto","background-attachment":"scroll","background-type":"","background-media":"","overlay-type":"","overlay-color":"","overlay-opacity":"","overlay-gradient":""},"tablet":{"background-color":"var(--ast-global-color-4)","background-image":"","background-repeat":"repeat","background-position":"center center","background-size":"auto","background-attachment":"scroll","background-type":"","background-media":"","overlay-type":"","overlay-color":"","overlay-opacity":"","overlay-gradient":""},"mobile":{"background-color":"var(--ast-global-color-4)","background-image":"","background-repeat":"repeat","background-position":"center center","background-size":"auto","background-attachment":"scroll","background-type":"","background-media":"","overlay-type":"","overlay-color":"","overlay-opacity":"","overlay-gradient":""}}},"product_brand":[],"product_cat":[446],"product_tag":[453],"class_list":{"0":"post-88920","1":"product","2":"type-product","3":"status-publish","4":"has-post-thumbnail","6":"product_cat-acidifiant-desacidifiant","7":"product_tag-desacidifiant","8":"pa_tipo-desacidificateurs","9":"pa_vegano-vegetalien","10":"desktop-align-left","11":"tablet-align-left","12":"mobile-align-left","14":"first","15":"instock","16":"virtual","17":"product-type-simple"},"acf":[],"_links":{"self":[{"href":"https:\/\/agrovin.com\/fr\/wp-json\/wp\/v2\/product\/88920","targetHints":{"allow":["GET"]}}],"collection":[{"href":"https:\/\/agrovin.com\/fr\/wp-json\/wp\/v2\/product"}],"about":[{"href":"https:\/\/agrovin.com\/fr\/wp-json\/wp\/v2\/types\/product"}],"version-history":[{"count":1,"href":"https:\/\/agrovin.com\/fr\/wp-json\/wp\/v2\/product\/88920\/revisions"}],"predecessor-version":[{"id":123877,"href":"https:\/\/agrovin.com\/fr\/wp-json\/wp\/v2\/product\/88920\/revisions\/123877"}],"wp:featuredmedia":[{"embeddable":true,"href":"https:\/\/agrovin.com\/fr\/wp-json\/wp\/v2\/media\/52949"}],"wp:attachment":[{"href":"https:\/\/agrovin.com\/fr\/wp-json\/wp\/v2\/media?parent=88920"}],"wp:term":[{"taxonomy":"product_brand","embeddable":true,"href":"https:\/\/agrovin.com\/fr\/wp-json\/wp\/v2\/product_brand?post=88920"},{"taxonomy":"product_cat","embeddable":true,"href":"https:\/\/agrovin.com\/fr\/wp-json\/wp\/v2\/product_cat?post=88920"},{"taxonomy":"product_tag","embeddable":true,"href":"https:\/\/agrovin.com\/fr\/wp-json\/wp\/v2\/product_tag?post=88920"}],"curies":[{"name":"wp","href":"https:\/\/api.w.org\/{rel}","templated":true}]}}