{"id":124448,"date":"2023-05-11T16:18:39","date_gmt":"2023-05-11T15:18:39","guid":{"rendered":"https:\/\/agrovin.com\/non%20class\u00e9\/beco-membran-ps-plus\/"},"modified":"2026-02-16T14:20:23","modified_gmt":"2026-02-16T12:20:23","slug":"beco-membran-ps-plus","status":"publish","type":"product","link":"https:\/\/agrovin.com\/fr\/produits-oenologiques\/filtration\/beco-membran-ps-plus\/","title":{"rendered":"BECO MEMBRAN PS PLUS"},"content":{"rendered":"<h3 class=\"p2\">PROPRI\u00c9T\u00c9S ET AVANTAGES<\/h3>\n<ul>\n<li class=\"p2\">La membrane asym\u00e9trique en poly\u00e9thersulfone offre une grande stabilit\u00e9 microbiologique et peut \u00eatre soumise \u00e0 un test d&#8217;int\u00e9grit\u00e9.<\/li>\n<li class=\"p2\">Facilement humidifiable, le test d&#8217;int\u00e9grit\u00e9 s&#8217;effectue donc facilement.<\/li>\n<li class=\"p2\">Les mat\u00e9riaux utilis\u00e9s permettent des cycles de nettoyage et de st\u00e9rilisation fr\u00e9quents, ce qui rend son utilisation tr\u00e8s \u00e9conomique.<\/li>\n<li class=\"p2\">Compatibilit\u00e9 chimique \u00e9tendue et compl\u00e8te de pH 1 \u00e0 pH 14.<\/li>\n<li class=\"p2\">Eaton recommande une combinaison optimale de cartouches pr\u00e9filtrantes et de cartouches filtrantes \u00e0 membrane.<\/li>\n<\/ul>\n<p>&nbsp;<\/p>\n","protected":false},"excerpt":{"rendered":"<p>Les cartouches filtrantes BECO MEMBRAN PS plus sont sp\u00e9cialement con\u00e7ues pour garantir la s\u00e9curit\u00e9 microbiologique et une longue dur\u00e9e de vie dans la filtration finale de nombreux types de boissons, aliments liquides, cosm\u00e9tiques, substances chimiques nobles et eaux de process.<\/p>\n","protected":false},"featured_media":104145,"template":"","meta":{"_acf_changed":false,"inline_featured_image":false,"site-sidebar-layout":"default","site-content-layout":"default","ast-site-content-layout":"default","site-content-style":"default","site-sidebar-style":"default","ast-global-header-display":"","ast-banner-title-visibility":"","ast-main-header-display":"","ast-hfb-above-header-display":"","ast-hfb-below-header-display":"","ast-hfb-mobile-header-display":"","site-post-title":"","ast-breadcrumbs-content":"","ast-featured-img":"","footer-sml-layout":"","ast-disable-related-posts":"","theme-transparent-header-meta":"default","adv-header-id-meta":"","stick-header-meta":"","header-above-stick-meta":"","header-main-stick-meta":"","header-below-stick-meta":"","astra-migrate-meta-layouts":"set","ast-page-background-enabled":"default","ast-page-background-meta":{"desktop":{"background-color":"var(--ast-global-color-5)","background-image":"","background-repeat":"repeat","background-position":"center center","background-size":"auto","background-attachment":"scroll","background-type":"","background-media":"","overlay-type":"","overlay-color":"","overlay-opacity":"","overlay-gradient":""},"tablet":{"background-color":"","background-image":"","background-repeat":"repeat","background-position":"center center","background-size":"auto","background-attachment":"scroll","background-type":"","background-media":"","overlay-type":"","overlay-color":"","overlay-opacity":"","overlay-gradient":""},"mobile":{"background-color":"","background-image":"","background-repeat":"repeat","background-position":"center center","background-size":"auto","background-attachment":"scroll","background-type":"","background-media":"","overlay-type":"","overlay-color":"","overlay-opacity":"","overlay-gradient":""}},"ast-content-background-meta":{"desktop":{"background-color":"var(--ast-global-color-4)","background-image":"","background-repeat":"repeat","background-position":"center center","background-size":"auto","background-attachment":"scroll","background-type":"","background-media":"","overlay-type":"","overlay-color":"","overlay-opacity":"","overlay-gradient":""},"tablet":{"background-color":"var(--ast-global-color-4)","background-image":"","background-repeat":"repeat","background-position":"center center","background-size":"auto","background-attachment":"scroll","background-type":"","background-media":"","overlay-type":"","overlay-color":"","overlay-opacity":"","overlay-gradient":""},"mobile":{"background-color":"var(--ast-global-color-4)","background-image":"","background-repeat":"repeat","background-position":"center center","background-size":"auto","background-attachment":"scroll","background-type":"","background-media":"","overlay-type":"","overlay-color":"","overlay-opacity":"","overlay-gradient":""}}},"product_brand":[],"product_cat":[357],"product_tag":[],"class_list":{"0":"post-124448","1":"product","2":"type-product","3":"status-publish","4":"has-post-thumbnail","6":"product_cat-filtration","7":"desktop-align-left","8":"tablet-align-left","9":"mobile-align-left","11":"first","12":"instock","13":"virtual","14":"product-type-simple"},"acf":[],"_links":{"self":[{"href":"https:\/\/agrovin.com\/fr\/wp-json\/wp\/v2\/product\/124448","targetHints":{"allow":["GET"]}}],"collection":[{"href":"https:\/\/agrovin.com\/fr\/wp-json\/wp\/v2\/product"}],"about":[{"href":"https:\/\/agrovin.com\/fr\/wp-json\/wp\/v2\/types\/product"}],"version-history":[{"count":5,"href":"https:\/\/agrovin.com\/fr\/wp-json\/wp\/v2\/product\/124448\/revisions"}],"predecessor-version":[{"id":124449,"href":"https:\/\/agrovin.com\/fr\/wp-json\/wp\/v2\/product\/124448\/revisions\/124449"}],"wp:featuredmedia":[{"embeddable":true,"href":"https:\/\/agrovin.com\/fr\/wp-json\/wp\/v2\/media\/104145"}],"wp:attachment":[{"href":"https:\/\/agrovin.com\/fr\/wp-json\/wp\/v2\/media?parent=124448"}],"wp:term":[{"taxonomy":"product_brand","embeddable":true,"href":"https:\/\/agrovin.com\/fr\/wp-json\/wp\/v2\/product_brand?post=124448"},{"taxonomy":"product_cat","embeddable":true,"href":"https:\/\/agrovin.com\/fr\/wp-json\/wp\/v2\/product_cat?post=124448"},{"taxonomy":"product_tag","embeddable":true,"href":"https:\/\/agrovin.com\/fr\/wp-json\/wp\/v2\/product_tag?post=124448"}],"curies":[{"name":"wp","href":"https:\/\/api.w.org\/{rel}","templated":true}]}}