{"id":124428,"date":"2023-06-22T09:58:16","date_gmt":"2023-06-22T08:58:16","guid":{"rendered":"https:\/\/agrovin.com\/non%20class\u00e9\/fibromarc-c\/"},"modified":"2026-02-16T14:09:28","modified_gmt":"2026-02-16T12:09:28","slug":"fibromarc-c","status":"publish","type":"product","link":"https:\/\/agrovin.com\/fr\/produits-oenologiques\/clarifiants\/fibromarc-c\/","title":{"rendered":"Fibromarc C+"},"content":{"rendered":"<h3>APPLICATION<\/h3>\n<p>&nbsp;<\/p>\n<p>FIBROMARC C+ est la solution \u0153nologique parfaite pour r\u00e9duire la concentration de r\u00e9sidus de pesticides dans les mo\u00fbts et les vins.<\/p>\n<ul>\n<li>R\u00e9duit le risque d&#8217;arr\u00eat de fermentation<\/li>\n<li>Favorise la production de vins plus s\u00fbrs du point de vue sanitaire<\/li>\n<li>Minimise le risque de d\u00e9viations organoleptiques.<\/li>\n<li>Favorise la stabilisation tartrique.<\/li>\n<\/ul>\n<h3><\/h3>\n<p>&nbsp;<\/p>\n<h3>DOSAGE<\/h3>\n<p><u>Avant la fermentation alcoolique<\/u><\/p>\n<ul>\n<li>FIBROMARC C<sup>+<\/sup> est ajout\u00e9 dans la tr\u00e9mie et retir\u00e9 dans le pressoir (pour les mo\u00fbts blancs et ros\u00e9s) ou pendant le soutirage post-fermentation (pour les vins rouges).<\/li>\n<\/ul>\n<p>Dosage : 0,5-1 g\/l<\/p>\n<p><u>Apr\u00e8s la fermentation alcoolique<\/u><\/p>\n<ul>\n<li>FIBROMARC C<sup>+<\/sup> est ajout\u00e9 dans la cuve et retir\u00e9 par soutirage apr\u00e8s 24 heures de contact.<\/li>\n<\/ul>\n<p>Dosage : 0,5-1,5 g\/l<\/p>\n<p><u>En filtration \u00e0 flux continu<\/u><\/p>\n<ul>\n<li>FIBROMARC C<sup>+<\/sup> est utilis\u00e9 dans la formation du pr\u00e9-rev\u00eatement avec la terre de diatom\u00e9es Radifil. Il est appliqu\u00e9 dans une structure de type sandwich (d&#8217;abord une couche de 0,75 kg de Radifil par m<sup>2 <\/sup><span style=\"font-size: 16px;\">de surface filtrante, puis 1-1,5 kg de FIBROMARC <\/span>C<sup>+<\/sup><span style=\"font-size: 16px;\">par m<\/span><sup>2 <\/sup><span style=\"font-size: 16px;\">de surface filtrante, et enfin une autre couche de 0,75 kg de Radifil par <\/span>m<sup>2 <\/sup><span style=\"font-size: 16px;\">de surface filtrante).<\/span><\/li>\n<\/ul>\n<h3><\/h3>\n<p>&nbsp;<\/p>\n<h3><strong>PR\u00c9SENTATION<\/strong><\/h3>\n<p>Contenants de 1 kg et 10 kg.<\/p>\n","protected":false},"excerpt":{"rendered":"<p>L&#8217;action combin\u00e9e de fibres v\u00e9g\u00e9tales de raisin blanc s\u00e9lectionn\u00e9es et de cellulose dans FIBROMARC C+ conf\u00e8re \u00e0 cet outil \u0153nologique une grande capacit\u00e9 d&#8217;adsorption, avec une forte affinit\u00e9 pour les r\u00e9sidus de pesticides.<\/p>\n","protected":false},"featured_media":105822,"template":"","meta":{"_acf_changed":false,"inline_featured_image":false,"site-sidebar-layout":"default","site-content-layout":"default","ast-site-content-layout":"default","site-content-style":"default","site-sidebar-style":"default","ast-global-header-display":"","ast-banner-title-visibility":"","ast-main-header-display":"","ast-hfb-above-header-display":"","ast-hfb-below-header-display":"","ast-hfb-mobile-header-display":"","site-post-title":"","ast-breadcrumbs-content":"","ast-featured-img":"","footer-sml-layout":"","ast-disable-related-posts":"","theme-transparent-header-meta":"default","adv-header-id-meta":"","stick-header-meta":"","header-above-stick-meta":"","header-main-stick-meta":"","header-below-stick-meta":"","astra-migrate-meta-layouts":"set","ast-page-background-enabled":"default","ast-page-background-meta":{"desktop":{"background-color":"var(--ast-global-color-5)","background-image":"","background-repeat":"repeat","background-position":"center center","background-size":"auto","background-attachment":"scroll","background-type":"","background-media":"","overlay-type":"","overlay-color":"","overlay-opacity":"","overlay-gradient":""},"tablet":{"background-color":"","background-image":"","background-repeat":"repeat","background-position":"center center","background-size":"auto","background-attachment":"scroll","background-type":"","background-media":"","overlay-type":"","overlay-color":"","overlay-opacity":"","overlay-gradient":""},"mobile":{"background-color":"","background-image":"","background-repeat":"repeat","background-position":"center center","background-size":"auto","background-attachment":"scroll","background-type":"","background-media":"","overlay-type":"","overlay-color":"","overlay-opacity":"","overlay-gradient":""}},"ast-content-background-meta":{"desktop":{"background-color":"var(--ast-global-color-4)","background-image":"","background-repeat":"repeat","background-position":"center center","background-size":"auto","background-attachment":"scroll","background-type":"","background-media":"","overlay-type":"","overlay-color":"","overlay-opacity":"","overlay-gradient":""},"tablet":{"background-color":"var(--ast-global-color-4)","background-image":"","background-repeat":"repeat","background-position":"center center","background-size":"auto","background-attachment":"scroll","background-type":"","background-media":"","overlay-type":"","overlay-color":"","overlay-opacity":"","overlay-gradient":""},"mobile":{"background-color":"var(--ast-global-color-4)","background-image":"","background-repeat":"repeat","background-position":"center center","background-size":"auto","background-attachment":"scroll","background-type":"","background-media":"","overlay-type":"","overlay-color":"","overlay-opacity":"","overlay-gradient":""}}},"product_brand":[],"product_cat":[165],"product_tag":[],"class_list":{"0":"post-124428","1":"product","2":"type-product","3":"status-publish","4":"has-post-thumbnail","6":"product_cat-clarifiants","7":"pa_estilo-de-vino-blanc","8":"pa_estilo-de-vino-rose","9":"pa_estilo-de-vino-rouge","10":"pa_objetivo-clarification","11":"pa_origen-vegetale","12":"pa_vegano-vegetalien","13":"desktop-align-left","14":"tablet-align-left","15":"mobile-align-left","17":"first","18":"instock","19":"virtual","20":"product-type-simple"},"acf":[],"_links":{"self":[{"href":"https:\/\/agrovin.com\/fr\/wp-json\/wp\/v2\/product\/124428","targetHints":{"allow":["GET"]}}],"collection":[{"href":"https:\/\/agrovin.com\/fr\/wp-json\/wp\/v2\/product"}],"about":[{"href":"https:\/\/agrovin.com\/fr\/wp-json\/wp\/v2\/types\/product"}],"version-history":[{"count":7,"href":"https:\/\/agrovin.com\/fr\/wp-json\/wp\/v2\/product\/124428\/revisions"}],"predecessor-version":[{"id":124466,"href":"https:\/\/agrovin.com\/fr\/wp-json\/wp\/v2\/product\/124428\/revisions\/124466"}],"wp:featuredmedia":[{"embeddable":true,"href":"https:\/\/agrovin.com\/fr\/wp-json\/wp\/v2\/media\/105822"}],"wp:attachment":[{"href":"https:\/\/agrovin.com\/fr\/wp-json\/wp\/v2\/media?parent=124428"}],"wp:term":[{"taxonomy":"product_brand","embeddable":true,"href":"https:\/\/agrovin.com\/fr\/wp-json\/wp\/v2\/product_brand?post=124428"},{"taxonomy":"product_cat","embeddable":true,"href":"https:\/\/agrovin.com\/fr\/wp-json\/wp\/v2\/product_cat?post=124428"},{"taxonomy":"product_tag","embeddable":true,"href":"https:\/\/agrovin.com\/fr\/wp-json\/wp\/v2\/product_tag?post=124428"}],"curies":[{"name":"wp","href":"https:\/\/api.w.org\/{rel}","templated":true}]}}