{"id":119309,"date":"2025-04-23T12:49:20","date_gmt":"2025-04-23T10:49:20","guid":{"rendered":"https:\/\/agrovin.com\/?post_type=product&#038;p=119309"},"modified":"2025-07-15T15:01:04","modified_gmt":"2025-07-15T13:01:04","slug":"proveget-lumiere","status":"publish","type":"product","link":"https:\/\/agrovin.com\/fr\/produits-oenologiques\/clarifiants\/proveget-lumiere\/","title":{"rendered":"PROVEGET LUMI\u00c8RE"},"content":{"rendered":"<h2>CARACT\u00c9RISTIQUES<\/h2>\n<p>Proveget Lumi\u00e8re est un outil <strong>\u0153nologique innovant con\u00e7u pour \u00e9liminer s\u00e9lectivement les polyph\u00e9nols <\/strong>responsables du brunissement des <strong>vins blancs et ros\u00e9s<\/strong>. Sa formulation <strong>optimise la stabilit\u00e9 et la qualit\u00e9 du vin<\/strong> gr\u00e2ce \u00e0 une combinaison d&#8217;agents sp\u00e9cifiques:<\/p>\n<ul>\n<li><strong>Prot\u00e9ine v\u00e9g\u00e9tale hautement r\u00e9active <span class=\"s2\"><em>(Pisum sativum) <\/em><\/span>:<\/strong> efficace pour \u00e9liminer les polyph\u00e9nols oxyd\u00e9s et oxydables.<\/li>\n<li><strong>Extrait prot\u00e9ique de levure :<\/strong> agit sur les polyph\u00e9nols tr\u00e8s r\u00e9actifs, r\u00e9duisant leur impact sur l\u2019\u00e9volution du vin.<\/li>\n<li><strong>Bentonite naturelle :<\/strong> favorise la compaction des lies.<\/li>\n<li><strong>Levure inactiv\u00e9e <span class=\"s2\"> <em>(Saccharomyces cerevisiae) <\/em><\/span>:<\/strong> aide \u00e0 la protection antioxydante et \u00e0 l&#8217;affinage, am\u00e9liore la sensation en bouche.<\/li>\n<\/ul>\n<p>Cette formulation permet un traitement efficace et \u00e9quilibr\u00e9, am\u00e9liorant la stabilit\u00e9 et l\u2019expression aromatique du vin.<\/p>\n<h2><\/h2>\n<h2>B\u00c9N\u00c9FICES DE PROVEGET LUMI\u00c8RE DANS LA CLARIFICATION \u0152NOLOGIQUE<\/h2>\n<ul>\n<li>R\u00e9duit les polyph\u00e9nols oxyd\u00e9s et oxydables responsables du brunissement.<\/li>\n<li>Am\u00e9liore la teinte du vin, en rehaussant des nuances p\u00e2les et brillantes.<\/li>\n<li>Diminue le soufre combin\u00e9, augmentant ainsi la stabilit\u00e9 du vin.<\/li>\n<li>Favorise l\u2019expression aromatique et l\u2019\u00e9quilibre sensoriel.<\/li>\n<li>Remplace efficacement le PVPP avec des ingr\u00e9dients 100 % naturels.<\/li>\n<\/ul>\n<h2><\/h2>\n<h2>APPLICATIONS RECOMMAND\u00c9ES<\/h2>\n<ul>\n<li>Vins blancs et ros\u00e9s \u00e0 risque d\u2019oxydation.<\/li>\n<li>Processus de flottation ou de collage pour pr\u00e9server la fra\u00eecheur et la brillance.<\/li>\n<li>Alternative \u00e9cologique pour les caves souhaitant r\u00e9duire les additifs synth\u00e9tiques.<\/li>\n<li>\u00c9tapes d\u2019affinage o\u00f9 l\u2019on souhaite am\u00e9liorer la stabilit\u00e9 et la limpidit\u00e9.<\/li>\n<\/ul>\n<h2><\/h2>\n<h2>COMMENT UTILISER PROVEGET LUMI\u00c8RE<\/h2>\n<ol>\n<li>Dissoudre dans l&#8217;eau dans un rapport de 1:10 avec agitation constante.<\/li>\n<li>Laisser reposer pendant 2 heures.<\/li>\n<li>Incorporer dans la cuve et bien homog\u00e9n\u00e9iser.<\/li>\n<\/ol>\n<p><em>Utiliser le jour m\u00eame de la pr\u00e9paration.<\/em><\/p>\n<p><strong>Doses recommand\u00e9es :<\/strong><\/p>\n<ul>\n<li><strong>Dose standard :<\/strong> 10\u201350 g\/hL<\/li>\n<li><strong>Dose maximale l\u00e9gale :<\/strong> 90 g\/hL<\/li>\n<\/ul>\n<p><em>Ne provoque pas d\u2019instabilit\u00e9 prot\u00e9ique aux doses recommand\u00e9es.<\/em><\/p>\n","protected":false},"excerpt":{"rendered":"<p><strong>Proveget LUMI\u00c8RE est un clarifiant v\u00e9g\u00e9tal de nouvelle g\u00e9n\u00e9ration<\/strong>, une alternative naturelle et \u00e9cologique au PVPP, con\u00e7u sp\u00e9cifiquement pour <strong>l\u2019\u00e9limination s\u00e9lective des polyph\u00e9nols dans les vins blancs et ros\u00e9s<\/strong>.<\/p>\n<p>Sa formule unique am\u00e9liore la stabilit\u00e9, la fra\u00eecheur aromatique et l\u2019aspect visuel du vin sans compromettre sa qualit\u00e9 organoleptique.<\/p>\n","protected":false},"featured_media":119315,"template":"","meta":{"_acf_changed":false,"inline_featured_image":false,"site-sidebar-layout":"default","site-content-layout":"default","ast-site-content-layout":"default","site-content-style":"default","site-sidebar-style":"default","ast-global-header-display":"","ast-banner-title-visibility":"","ast-main-header-display":"","ast-hfb-above-header-display":"","ast-hfb-below-header-display":"","ast-hfb-mobile-header-display":"","site-post-title":"","ast-breadcrumbs-content":"","ast-featured-img":"","footer-sml-layout":"","ast-disable-related-posts":"","theme-transparent-header-meta":"default","adv-header-id-meta":"","stick-header-meta":"","header-above-stick-meta":"","header-main-stick-meta":"","header-below-stick-meta":"","astra-migrate-meta-layouts":"set","ast-page-background-enabled":"default","ast-page-background-meta":{"desktop":{"background-color":"var(--ast-global-color-5)","background-image":"","background-repeat":"repeat","background-position":"center center","background-size":"auto","background-attachment":"scroll","background-type":"","background-media":"","overlay-type":"","overlay-color":"","overlay-opacity":"","overlay-gradient":""},"tablet":{"background-color":"","background-image":"","background-repeat":"repeat","background-position":"center center","background-size":"auto","background-attachment":"scroll","background-type":"","background-media":"","overlay-type":"","overlay-color":"","overlay-opacity":"","overlay-gradient":""},"mobile":{"background-color":"","background-image":"","background-repeat":"repeat","background-position":"center center","background-size":"auto","background-attachment":"scroll","background-type":"","background-media":"","overlay-type":"","overlay-color":"","overlay-opacity":"","overlay-gradient":""}},"ast-content-background-meta":{"desktop":{"background-color":"var(--ast-global-color-4)","background-image":"","background-repeat":"repeat","background-position":"center center","background-size":"auto","background-attachment":"scroll","background-type":"","background-media":"","overlay-type":"","overlay-color":"","overlay-opacity":"","overlay-gradient":""},"tablet":{"background-color":"var(--ast-global-color-4)","background-image":"","background-repeat":"repeat","background-position":"center center","background-size":"auto","background-attachment":"scroll","background-type":"","background-media":"","overlay-type":"","overlay-color":"","overlay-opacity":"","overlay-gradient":""},"mobile":{"background-color":"var(--ast-global-color-4)","background-image":"","background-repeat":"repeat","background-position":"center center","background-size":"auto","background-attachment":"scroll","background-type":"","background-media":"","overlay-type":"","overlay-color":"","overlay-opacity":"","overlay-gradient":""}}},"product_brand":[],"product_cat":[165],"product_tag":[798],"class_list":{"0":"post-119309","1":"product","2":"type-product","3":"status-publish","4":"has-post-thumbnail","6":"product_cat-clarifiants","7":"product_tag-vin-fini","8":"pa_ecologico-autorise-eu","9":"pa_ecologico-autorise-nop-usda","10":"pa_estilo-de-vino-blanc","11":"pa_estilo-de-vino-rose","12":"pa_objetivo-amelioration-sensorielle","13":"pa_objetivo-clarification","14":"pa_origen-formulation-fr","15":"pa_origen-vegetale","16":"pa_vegano-vegetalien","17":"desktop-align-left","18":"tablet-align-left","19":"mobile-align-left","21":"first","22":"instock","23":"virtual","24":"product-type-simple"},"acf":[],"_links":{"self":[{"href":"https:\/\/agrovin.com\/fr\/wp-json\/wp\/v2\/product\/119309","targetHints":{"allow":["GET"]}}],"collection":[{"href":"https:\/\/agrovin.com\/fr\/wp-json\/wp\/v2\/product"}],"about":[{"href":"https:\/\/agrovin.com\/fr\/wp-json\/wp\/v2\/types\/product"}],"version-history":[{"count":2,"href":"https:\/\/agrovin.com\/fr\/wp-json\/wp\/v2\/product\/119309\/revisions"}],"predecessor-version":[{"id":119432,"href":"https:\/\/agrovin.com\/fr\/wp-json\/wp\/v2\/product\/119309\/revisions\/119432"}],"wp:featuredmedia":[{"embeddable":true,"href":"https:\/\/agrovin.com\/fr\/wp-json\/wp\/v2\/media\/119315"}],"wp:attachment":[{"href":"https:\/\/agrovin.com\/fr\/wp-json\/wp\/v2\/media?parent=119309"}],"wp:term":[{"taxonomy":"product_brand","embeddable":true,"href":"https:\/\/agrovin.com\/fr\/wp-json\/wp\/v2\/product_brand?post=119309"},{"taxonomy":"product_cat","embeddable":true,"href":"https:\/\/agrovin.com\/fr\/wp-json\/wp\/v2\/product_cat?post=119309"},{"taxonomy":"product_tag","embeddable":true,"href":"https:\/\/agrovin.com\/fr\/wp-json\/wp\/v2\/product_tag?post=119309"}],"curies":[{"name":"wp","href":"https:\/\/api.w.org\/{rel}","templated":true}]}}