{"id":119221,"date":"2025-04-08T12:22:24","date_gmt":"2025-04-08T10:22:25","guid":{"rendered":"https:\/\/agrovin.com\/?post_type=product&#038;p=119221"},"modified":"2025-07-16T11:56:51","modified_gmt":"2025-07-16T09:56:51","slug":"actimax-flow","status":"publish","type":"product","link":"https:\/\/agrovin.com\/fr\/produits-oenologiques\/nutriments\/actimax-flow\/","title":{"rendered":"ACTIMAX FLOW"},"content":{"rendered":"<h2>CARACT\u00c9RISTIQUES<\/h2>\n<p>Actimax FLOW est un nutriment organique qui fournit de mani\u00e8re \u00e9quilibr\u00e9e les \u00e9l\u00e9ments essentiels \u00e0 la levure. La base nutritionnelle de la levure repose sur des nutriments primaires et secondaires qui favorisent non seulement le d\u00e9veloppement de la population de levures, mais aussi leur vitalit\u00e9 et leur viabilit\u00e9.<\/p>\n<p>L&#8217;application d&#8217;Actimax FLOW augmente la teneur en FAN (Azote Facilement Assimilable) \u00e0 un niveau optimal, garantissant une population ad\u00e9quate de levures sans n\u00e9cessiter l&#8217;ajout de sels d&#8217;ammonium pouvant d\u00e9clencher la RCN. Son assimilation et son stockage permettent une consommation progressive par la levure, servant de r\u00e9serve d\u2019azote jusqu\u2019\u00e0 la fin de la fermentation alcoolique.<\/p>\n<p>Sa formulation permet la lib\u00e9ration progressive des acides amin\u00e9s, renfor\u00e7ant les g\u00e9n\u00e9rations futures de levures et assurant un processus fermentaire plus efficace et \u00e9quilibr\u00e9.<\/p>\n<p>De plus, Actimax FLOW fournit des acides amin\u00e9s primaires essentiels \u00e0 la synth\u00e8se des prot\u00e9ines de transport et des enzymes cl\u00e9s impliqu\u00e9es dans la formation et la r\u00e9v\u00e9lation des ar\u00f4mes.<\/p>\n<h2>AVANTAGES D\u2019ACTIMAX FLOW COMME NUTRIMENT \u0152NOLOGIQUE<\/h2>\n<ul>\n<li>Am\u00e9liore la cin\u00e9tique de fermentation.<\/li>\n<li>Apporte des acides amin\u00e9s essentiels \u00e0 la synth\u00e8se des enzymes et des prot\u00e9ines de transport.<\/li>\n<li>Favorise la r\u00e9v\u00e9lation des ar\u00f4mes vari\u00e9taux.<\/li>\n<li>Permet une fermentation contr\u00f4l\u00e9e sans sels d&#8217;ammonium.<\/li>\n<li>Renforce l\u2019activit\u00e9 des futures g\u00e9n\u00e9rations de levures.<\/li>\n<\/ul>\n<h2>COMPOSITION<\/h2>\n<p><strong>Base organique :<\/strong> M\u00e9lange de levures inactives et autolys\u00e9es (Saccharomyces cerevisiae)<\/p>\n<p><strong>Apport pour une dose de 30 g\/hL :<\/strong><\/p>\n<ul>\n<li>FAN (Azote Facilement Assimilable): 28 mg\/L<\/li>\n<li>NOPA (Azote Organique): 18 mg\/L<\/li>\n<\/ul>\n<h2>UTILISATION ET APPLICATION D\u2019ACTIMAX FLOW<\/h2>\n<p>\u00c0 utiliser avant le d\u00e9but de la fermentation alcoolique. Recommand\u00e9 particuli\u00e8rement dans l\u2019eau de r\u00e9hydratation pour un apport fractionn\u00e9 en acides amin\u00e9s.<\/p>\n<p>Recommand\u00e9 pour :<\/p>\n<ul>\n<li>Mo\u00fbts ayant des besoins mod\u00e9r\u00e9s en FAN.<\/li>\n<li>Vinification de c\u00e9pages rouges \u00e0 haut potentiel alcoolique.<\/li>\n<li>Mo\u00fbts pour vins blancs et ros\u00e9s \u00e0 basse temp\u00e9rature.<\/li>\n<li>Mo\u00fbts blancs tr\u00e8s clarifi\u00e9s.<\/li>\n<li>Toute vinification visant \u00e0 optimiser les caract\u00e9ristiques de la souche de levure utilis\u00e9e.<\/li>\n<li>Pour renforcer l&#8217;expression vari\u00e9tale dans les vins blancs, ros\u00e9s et rouges.<\/li>\n<\/ul>\n<h2>COMMENT UTILISER ACTIMAX FLOW EN CAVE<\/h2>\n<p><strong>Dose recommand\u00e9e :<\/strong> 20\u201330 g\/hL<\/p>\n<p><strong>Pr\u00e9paration :<\/strong> Dissoudre dans 10 fois son poids en eau ou en mo\u00fbt<\/p>\n<p><strong>Application :<\/strong><\/p>\n<ol>\n<li>Ajouter \u00e0 l\u2019eau de r\u00e9hydratation des levures<\/li>\n<li>Ajouter \u00e0 la cuve avant le d\u00e9but de la fermentation alcoolique<\/li>\n<li>Homog\u00e9n\u00e9iser compl\u00e8tement<\/li>\n<\/ol>\n<p><em>Utiliser le jour m\u00eame de la pr\u00e9paration.<\/em><\/p>\n","protected":false},"excerpt":{"rendered":"<p><strong>Actimax Flow est un nutriment \u0153nologique 100 % biologique<\/strong> con\u00e7u pour am\u00e9liorer le d\u00e9veloppement des levures pendant la fermentation alcoolique.<\/p>\n<p>Sa formule \u00e9quilibre l&#8217;apport en azote et en acides amin\u00e9s essentiels, renfor\u00e7ant la viabilit\u00e9, la vitalit\u00e9 et l&#8217;efficacit\u00e9 fermentaire des levures, sans provoquer d&#8217;effets secondaires ind\u00e9sirables comme la NCR (R\u00e9pression Catabolique de l\u2019Azote).<\/p>\n","protected":false},"featured_media":119227,"template":"","meta":{"_acf_changed":false,"inline_featured_image":false,"site-sidebar-layout":"default","site-content-layout":"default","ast-site-content-layout":"default","site-content-style":"default","site-sidebar-style":"default","ast-global-header-display":"","ast-banner-title-visibility":"","ast-main-header-display":"","ast-hfb-above-header-display":"","ast-hfb-below-header-display":"","ast-hfb-mobile-header-display":"","site-post-title":"","ast-breadcrumbs-content":"","ast-featured-img":"","footer-sml-layout":"","ast-disable-related-posts":"","theme-transparent-header-meta":"default","adv-header-id-meta":"","stick-header-meta":"","header-above-stick-meta":"","header-main-stick-meta":"","header-below-stick-meta":"","astra-migrate-meta-layouts":"set","ast-page-background-enabled":"default","ast-page-background-meta":{"desktop":{"background-color":"var(--ast-global-color-5)","background-image":"","background-repeat":"repeat","background-position":"center center","background-size":"auto","background-attachment":"scroll","background-type":"","background-media":"","overlay-type":"","overlay-color":"","overlay-opacity":"","overlay-gradient":""},"tablet":{"background-color":"","background-image":"","background-repeat":"repeat","background-position":"center center","background-size":"auto","background-attachment":"scroll","background-type":"","background-media":"","overlay-type":"","overlay-color":"","overlay-opacity":"","overlay-gradient":""},"mobile":{"background-color":"","background-image":"","background-repeat":"repeat","background-position":"center center","background-size":"auto","background-attachment":"scroll","background-type":"","background-media":"","overlay-type":"","overlay-color":"","overlay-opacity":"","overlay-gradient":""}},"ast-content-background-meta":{"desktop":{"background-color":"var(--ast-global-color-4)","background-image":"","background-repeat":"repeat","background-position":"center center","background-size":"auto","background-attachment":"scroll","background-type":"","background-media":"","overlay-type":"","overlay-color":"","overlay-opacity":"","overlay-gradient":""},"tablet":{"background-color":"var(--ast-global-color-4)","background-image":"","background-repeat":"repeat","background-position":"center center","background-size":"auto","background-attachment":"scroll","background-type":"","background-media":"","overlay-type":"","overlay-color":"","overlay-opacity":"","overlay-gradient":""},"mobile":{"background-color":"var(--ast-global-color-4)","background-image":"","background-repeat":"repeat","background-position":"center center","background-size":"auto","background-attachment":"scroll","background-type":"","background-media":"","overlay-type":"","overlay-color":"","overlay-opacity":"","overlay-gradient":""}}},"product_brand":[],"product_cat":[210],"product_tag":[291],"class_list":{"0":"post-119221","1":"product","2":"type-product","3":"status-publish","4":"has-post-thumbnail","6":"product_cat-nutriments","7":"product_tag-organique","8":"pa_aplicacion-fa-et-fml","9":"pa_composicion-biologique","10":"pa_ecologico-autorise-eu","11":"pa_ecologico-autorise-nop-usda","12":"pa_estilo-de-vino-blanc","13":"pa_estilo-de-vino-fut","14":"pa_estilo-de-vino-petillant","15":"pa_estilo-de-vino-rose","16":"pa_estilo-de-vino-rouge","17":"pa_vegano-vegetalien","18":"desktop-align-left","19":"tablet-align-left","20":"mobile-align-left","22":"first","23":"instock","24":"virtual","25":"product-type-simple"},"acf":[],"_links":{"self":[{"href":"https:\/\/agrovin.com\/fr\/wp-json\/wp\/v2\/product\/119221","targetHints":{"allow":["GET"]}}],"collection":[{"href":"https:\/\/agrovin.com\/fr\/wp-json\/wp\/v2\/product"}],"about":[{"href":"https:\/\/agrovin.com\/fr\/wp-json\/wp\/v2\/types\/product"}],"version-history":[{"count":3,"href":"https:\/\/agrovin.com\/fr\/wp-json\/wp\/v2\/product\/119221\/revisions"}],"predecessor-version":[{"id":121083,"href":"https:\/\/agrovin.com\/fr\/wp-json\/wp\/v2\/product\/119221\/revisions\/121083"}],"wp:featuredmedia":[{"embeddable":true,"href":"https:\/\/agrovin.com\/fr\/wp-json\/wp\/v2\/media\/119227"}],"wp:attachment":[{"href":"https:\/\/agrovin.com\/fr\/wp-json\/wp\/v2\/media?parent=119221"}],"wp:term":[{"taxonomy":"product_brand","embeddable":true,"href":"https:\/\/agrovin.com\/fr\/wp-json\/wp\/v2\/product_brand?post=119221"},{"taxonomy":"product_cat","embeddable":true,"href":"https:\/\/agrovin.com\/fr\/wp-json\/wp\/v2\/product_cat?post=119221"},{"taxonomy":"product_tag","embeddable":true,"href":"https:\/\/agrovin.com\/fr\/wp-json\/wp\/v2\/product_tag?post=119221"}],"curies":[{"name":"wp","href":"https:\/\/api.w.org\/{rel}","templated":true}]}}