{"id":109406,"date":"2023-11-17T12:46:19","date_gmt":"2023-11-17T11:46:20","guid":{"rendered":"https:\/\/agrovin.com\/?post_type=product&#038;p=109406"},"modified":"2024-08-20T11:25:02","modified_gmt":"2024-08-20T10:25:02","slug":"caldevin","status":"publish","type":"product","link":"https:\/\/agrovin.com\/fr\/produits-oenologiques\/stabilisants\/caldevin\/","title":{"rendered":"CALDEVIN"},"content":{"rendered":"<h3>APPLICATION<\/h3>\n<p class=\"p1\"><span class=\"s1\">Caldevin <\/span>est utilis\u00e9 sur les vins pr\u00e9sentant des probl\u00e8mes potentiels de pr\u00e9cipitations dues aux sels de tartrate de calcium. Son utilisation permet de r\u00e9duire la concentration de calcium instable.<\/p>\n<h3>DOSAGE<\/h3>\n<div class=\"page\" title=\"Page 1\">\n<div class=\"section\">\n<div class=\"layoutArea\">\n<div class=\"column\">\n<p class=\"p1\">Dose recommand\u00e9e : 50-100 g\/hl<\/p>\n<p class=\"p1\">Dose maximale l\u00e9gale : 200g\/hl<\/p>\n<h3 class=\"p1\">MODE D&#8217;EMPLOI<\/h3>\n<p class=\"p2\">Suspendre Caldevin dans 5 fois son poids de vin et ajouter au volume total du vin. Agiter pendant 60 minutes.<\/p>\n<p class=\"p2\">Laisser agir pendant 10 jours \u00e0 une temp\u00e9rature contr\u00f4l\u00e9e comprise entre 8 et 14\u00b0C.<\/p>\n<p class=\"p2\">Apr\u00e8s le traitement, le vin doit \u00eatre filtr\u00e9 pour faciliter l&#8217;\u00e9limination des cristaux de tartrate de calcium.<\/p>\n<p class=\"p1\"><strong>Pr\u00e9cautions d&#8217;emploi :<\/strong> l&#8217;efficacit\u00e9 du traitement avec Caldevin d\u00e9pend de facteurs tels que la limpidit\u00e9 du vin, la concentration en calcium, la temp\u00e9rature, le temps de traitement, etc. Afin de conna\u00eetre la dose efficace de Caldevin, il est recommand\u00e9 d&#8217;effectuer des tests pr\u00e9liminaires en laboratoire.<\/p>\n<\/div>\n<\/div>\n<\/div>\n<\/div>\n","protected":false},"excerpt":{"rendered":"<p class=\"p1\">Caldevin est un adjuvant oenologique qui favorise l&#8217;\u00e9limination du calcium instable. Il provoque la formation de cristaux de tartrate de calcium, r\u00e9duisant ainsi le risque de pr\u00e9cipitations tartriques. Le tartrate de calcium micronis\u00e9 est tr\u00e8s s\u00e9lectif dans l&#8217;\u00e9limination du calcium.<\/p>\n","protected":false},"featured_media":109412,"template":"","meta":{"_acf_changed":false,"inline_featured_image":false,"site-sidebar-layout":"default","site-content-layout":"default","ast-site-content-layout":"default","site-content-style":"default","site-sidebar-style":"default","ast-global-header-display":"","ast-banner-title-visibility":"","ast-main-header-display":"","ast-hfb-above-header-display":"","ast-hfb-below-header-display":"","ast-hfb-mobile-header-display":"","site-post-title":"","ast-breadcrumbs-content":"","ast-featured-img":"","footer-sml-layout":"","ast-disable-related-posts":"","theme-transparent-header-meta":"default","adv-header-id-meta":"","stick-header-meta":"","header-above-stick-meta":"","header-main-stick-meta":"","header-below-stick-meta":"","astra-migrate-meta-layouts":"default","ast-page-background-enabled":"default","ast-page-background-meta":{"desktop":{"background-color":"var(--ast-global-color-5)","background-image":"","background-repeat":"repeat","background-position":"center center","background-size":"auto","background-attachment":"scroll","background-type":"","background-media":"","overlay-type":"","overlay-color":"","overlay-opacity":"","overlay-gradient":""},"tablet":{"background-color":"","background-image":"","background-repeat":"repeat","background-position":"center center","background-size":"auto","background-attachment":"scroll","background-type":"","background-media":"","overlay-type":"","overlay-color":"","overlay-opacity":"","overlay-gradient":""},"mobile":{"background-color":"","background-image":"","background-repeat":"repeat","background-position":"center center","background-size":"auto","background-attachment":"scroll","background-type":"","background-media":"","overlay-type":"","overlay-color":"","overlay-opacity":"","overlay-gradient":""}},"ast-content-background-meta":{"desktop":{"background-color":"var(--ast-global-color-4)","background-image":"","background-repeat":"repeat","background-position":"center center","background-size":"auto","background-attachment":"scroll","background-type":"","background-media":"","overlay-type":"","overlay-color":"","overlay-opacity":"","overlay-gradient":""},"tablet":{"background-color":"var(--ast-global-color-4)","background-image":"","background-repeat":"repeat","background-position":"center center","background-size":"auto","background-attachment":"scroll","background-type":"","background-media":"","overlay-type":"","overlay-color":"","overlay-opacity":"","overlay-gradient":""},"mobile":{"background-color":"var(--ast-global-color-4)","background-image":"","background-repeat":"repeat","background-position":"center center","background-size":"auto","background-attachment":"scroll","background-type":"","background-media":"","overlay-type":"","overlay-color":"","overlay-opacity":"","overlay-gradient":""}}},"product_brand":[],"product_cat":[180],"product_tag":[409],"class_list":{"0":"post-109406","1":"product","2":"type-product","3":"status-publish","4":"has-post-thumbnail","6":"product_cat-stabilisants","7":"product_tag-stabilite-tartrique","8":"pa_objetivo-stabilisation","9":"desktop-align-left","10":"tablet-align-left","11":"mobile-align-left","13":"first","14":"instock","15":"virtual","16":"product-type-simple"},"acf":[],"_links":{"self":[{"href":"https:\/\/agrovin.com\/fr\/wp-json\/wp\/v2\/product\/109406","targetHints":{"allow":["GET"]}}],"collection":[{"href":"https:\/\/agrovin.com\/fr\/wp-json\/wp\/v2\/product"}],"about":[{"href":"https:\/\/agrovin.com\/fr\/wp-json\/wp\/v2\/types\/product"}],"version-history":[{"count":1,"href":"https:\/\/agrovin.com\/fr\/wp-json\/wp\/v2\/product\/109406\/revisions"}],"predecessor-version":[{"id":116029,"href":"https:\/\/agrovin.com\/fr\/wp-json\/wp\/v2\/product\/109406\/revisions\/116029"}],"wp:featuredmedia":[{"embeddable":true,"href":"https:\/\/agrovin.com\/fr\/wp-json\/wp\/v2\/media\/109412"}],"wp:attachment":[{"href":"https:\/\/agrovin.com\/fr\/wp-json\/wp\/v2\/media?parent=109406"}],"wp:term":[{"taxonomy":"product_brand","embeddable":true,"href":"https:\/\/agrovin.com\/fr\/wp-json\/wp\/v2\/product_brand?post=109406"},{"taxonomy":"product_cat","embeddable":true,"href":"https:\/\/agrovin.com\/fr\/wp-json\/wp\/v2\/product_cat?post=109406"},{"taxonomy":"product_tag","embeddable":true,"href":"https:\/\/agrovin.com\/fr\/wp-json\/wp\/v2\/product_tag?post=109406"}],"curies":[{"name":"wp","href":"https:\/\/api.w.org\/{rel}","templated":true}]}}