{"id":109318,"date":"2023-05-10T11:53:14","date_gmt":"2023-05-10T10:53:14","guid":{"rendered":"https:\/\/agrovin.com\/non%20class\u00e9\/microstab-ml\/"},"modified":"2024-07-07T20:15:51","modified_gmt":"2024-07-07T19:15:51","slug":"microstab-ml","status":"publish","type":"product","link":"https:\/\/agrovin.com\/fr\/produits-oenologiques\/controle-microbiologique\/microstab-ml\/","title":{"rendered":"MICROSTAB ML"},"content":{"rendered":"<h3>APPLICATION<\/h3>\n<p>Dans les vins blancs et rouges avec l\u2019objectif de :<\/p>\n<ul>\n<li>ma\u00eetriser la fermentation malolactique. Il retarde et m\u00eame inhibe la fermentation malolactique. Il maintient l\u2019acidit\u00e9 et le pH initial des vins et r\u00e9duit la formation d\u2019amines biog\u00e8nes ;<\/li>\n<li>am\u00e9liorer la stabilit\u00e9 microbiologique. Il r\u00e9duit consid\u00e9rablement la population de bact\u00e9ries lactiques et aide \u00e0 contr\u00f4ler la population de Brettanomyces ;<\/li>\n<li>r\u00e9duire la dose de SO2. En am\u00e9liorant la stabilit\u00e9 microbiologique, MICROSTAB ML permet de r\u00e9duire les doses de soufre \u00e0 ajouter lors de la conservation du vin.<\/li>\n<\/ul>\n<p>Les doses recommand\u00e9es de MICROSTAB ML ne modifient pas le profil olfactif des vins trait\u00e9s, la pr\u00e9paration permettant en effet d\u2019\u00e9viter les \u00e9ventuelles d\u00e9viations d\u00e9riv\u00e9es du d\u00e9veloppement des bact\u00e9ries lactiques, et contribuant \u00e9galement \u00e0 maintenir l\u2019acidit\u00e9 initiale du vin.<\/p>\n<h3>COMPOSITION<\/h3>\n<p>Acide Fumarique (E297) et chitosan.<\/p>\n<h3>DOSAGE<\/h3>\n<p>Vin : 30-60 g\/hl<\/p>\n<h3>MODE D&#8217;EMPLOI<\/h3>\n<ol>\n<li>Resuspender en 15 veces su peso en vino con agitaci\u00f3n<\/li>\n<li>Incorporar al volumen total del vino con homogeneizaci\u00f3n continua. Asegurando una temperatura superior a los 12\u00baC<\/li>\n<\/ol>\n<p>&nbsp;<\/p>\n","protected":false},"excerpt":{"rendered":"<p>Pr\u00e9paration sp\u00e9cifique qui renforce l\u2019effet synergique de l\u2019acide fumarique et du chitosan comme stabilisateurs biologiques contre les bact\u00e9ries lactiques.<\/p>\n<p>Il combine les propri\u00e9t\u00e9s bact\u00e9riostatiques et bact\u00e9ricides de l\u2019acide fumarique, qui agit en perm\u00e9abilisant la membrane des bact\u00e9ries lactiques, et l\u2019effet antibact\u00e9rien du chitosan en modifiant la structure cellulaire.<\/p>\n<p>MICROSTAB ML permet d\u2019inhiber la fermentation malolactique pendant de longues p\u00e9riodes et peut m\u00eame mettre fin \u00e0 une fermentation malolactique qui a d\u00e9j\u00e0 commenc\u00e9. De plus, MICROSTAB ML r\u00e9duit les populations de <em>Brettanomyces<\/em>, diminuant ainsi le risque d\u2019alt\u00e9rations dues \u00e0 la pr\u00e9sence de cette levure contaminante. Gr\u00e2ce \u00e0 cette pr\u00e9paration sp\u00e9cifique, il sera possible de r\u00e9duire la dose de SO<sub>2<\/sub> pendant le stockage.<\/p>\n","protected":false},"featured_media":104250,"template":"","meta":{"_acf_changed":false,"inline_featured_image":false,"site-sidebar-layout":"default","site-content-layout":"default","ast-site-content-layout":"default","site-content-style":"default","site-sidebar-style":"default","ast-global-header-display":"","ast-banner-title-visibility":"","ast-main-header-display":"","ast-hfb-above-header-display":"","ast-hfb-below-header-display":"","ast-hfb-mobile-header-display":"","site-post-title":"","ast-breadcrumbs-content":"","ast-featured-img":"","footer-sml-layout":"","ast-disable-related-posts":"","theme-transparent-header-meta":"default","adv-header-id-meta":"","stick-header-meta":"","header-above-stick-meta":"","header-main-stick-meta":"","header-below-stick-meta":"","astra-migrate-meta-layouts":"default","ast-page-background-enabled":"default","ast-page-background-meta":{"desktop":{"background-color":"var(--ast-global-color-5)","background-image":"","background-repeat":"repeat","background-position":"center center","background-size":"auto","background-attachment":"scroll","background-type":"","background-media":"","overlay-type":"","overlay-color":"","overlay-opacity":"","overlay-gradient":""},"tablet":{"background-color":"","background-image":"","background-repeat":"repeat","background-position":"center center","background-size":"auto","background-attachment":"scroll","background-type":"","background-media":"","overlay-type":"","overlay-color":"","overlay-opacity":"","overlay-gradient":""},"mobile":{"background-color":"","background-image":"","background-repeat":"repeat","background-position":"center center","background-size":"auto","background-attachment":"scroll","background-type":"","background-media":"","overlay-type":"","overlay-color":"","overlay-opacity":"","overlay-gradient":""}},"ast-content-background-meta":{"desktop":{"background-color":"var(--ast-global-color-4)","background-image":"","background-repeat":"repeat","background-position":"center center","background-size":"auto","background-attachment":"scroll","background-type":"","background-media":"","overlay-type":"","overlay-color":"","overlay-opacity":"","overlay-gradient":""},"tablet":{"background-color":"var(--ast-global-color-4)","background-image":"","background-repeat":"repeat","background-position":"center center","background-size":"auto","background-attachment":"scroll","background-type":"","background-media":"","overlay-type":"","overlay-color":"","overlay-opacity":"","overlay-gradient":""},"mobile":{"background-color":"var(--ast-global-color-4)","background-image":"","background-repeat":"repeat","background-position":"center center","background-size":"auto","background-attachment":"scroll","background-type":"","background-media":"","overlay-type":"","overlay-color":"","overlay-opacity":"","overlay-gradient":""}}},"product_brand":[],"product_cat":[887],"product_tag":[],"class_list":{"0":"post-109318","1":"product","2":"type-product","3":"status-publish","4":"has-post-thumbnail","6":"product_cat-controle-microbiologique","7":"pa_ecologico-autorise-eu","8":"pa_estilo-de-vino-blanc","9":"pa_estilo-de-vino-rouge","10":"pa_objetivo-protection-antioxydante","11":"pa_objetivo-protection-microbiologique","12":"pa_objetivo-stabilisation","13":"pa_vegano-vegetalien","14":"desktop-align-left","15":"tablet-align-left","16":"mobile-align-left","18":"first","19":"instock","20":"virtual","21":"product-type-simple"},"acf":[],"_links":{"self":[{"href":"https:\/\/agrovin.com\/fr\/wp-json\/wp\/v2\/product\/109318","targetHints":{"allow":["GET"]}}],"collection":[{"href":"https:\/\/agrovin.com\/fr\/wp-json\/wp\/v2\/product"}],"about":[{"href":"https:\/\/agrovin.com\/fr\/wp-json\/wp\/v2\/types\/product"}],"version-history":[{"count":0,"href":"https:\/\/agrovin.com\/fr\/wp-json\/wp\/v2\/product\/109318\/revisions"}],"wp:featuredmedia":[{"embeddable":true,"href":"https:\/\/agrovin.com\/fr\/wp-json\/wp\/v2\/media\/104250"}],"wp:attachment":[{"href":"https:\/\/agrovin.com\/fr\/wp-json\/wp\/v2\/media?parent=109318"}],"wp:term":[{"taxonomy":"product_brand","embeddable":true,"href":"https:\/\/agrovin.com\/fr\/wp-json\/wp\/v2\/product_brand?post=109318"},{"taxonomy":"product_cat","embeddable":true,"href":"https:\/\/agrovin.com\/fr\/wp-json\/wp\/v2\/product_cat?post=109318"},{"taxonomy":"product_tag","embeddable":true,"href":"https:\/\/agrovin.com\/fr\/wp-json\/wp\/v2\/product_tag?post=109318"}],"curies":[{"name":"wp","href":"https:\/\/api.w.org\/{rel}","templated":true}]}}