{"id":107062,"date":"2023-07-04T15:16:13","date_gmt":"2023-07-04T14:16:13","guid":{"rendered":"https:\/\/agrovin.com\/?post_type=product&#038;p=107062"},"modified":"2023-08-01T15:18:40","modified_gmt":"2023-08-01T14:18:40","slug":"clarifine-vegan","status":"publish","type":"product","link":"https:\/\/agrovin.com\/fr\/produits-oenologiques\/clarifiants\/clarifine-vegan\/","title":{"rendered":"CLARIFINE VEGAN"},"content":{"rendered":"<h3>APPLICATION<\/h3>\n<p class=\"p1\">Clarifine VEGAN a un fort pouvoir clarifiant, il a \u00e9t\u00e9 d\u00e9velopp\u00e9 pour le traitement des vins blancs, ros\u00e9s et rouges.<\/p>\n<p class=\"p2\"><strong>Dans les vins blancs et ros\u00e9s :<\/strong><\/p>\n<p class=\"p1\">\u2022 \u00c9limine les polyph\u00e9nols oxyd\u00e9s et oxydables, prot\u00e9geant le vin de l&#8217;oxydation.<\/p>\n<p class=\"p1\">\u2022 R\u00e9duit les sensations astringentes et am\u00e8res.<\/p>\n<p class=\"p1\">\u2022 Am\u00e9liore l&#8217;onctuosit\u00e9.<\/p>\n<p class=\"p1\"><strong>Dans les vins rouges :<\/strong><\/p>\n<p class=\"p2\">\u2022 Il r\u00e9duit la charge polyph\u00e9nolique, principalement en \u00e9liminant les tanins plus r\u00e9actifs.<\/p>\n<p class=\"p2\">\u2022 Diminue les sensations astringentes et am\u00e8res.<\/p>\n<p class=\"p2\">\u2022 Am\u00e9liore l&#8217;onctuosit\u00e9.<\/p>\n<p>&nbsp;<\/p>\n<h3>DOSAGE<\/h3>\n<p>&#8211; Vin blanc et ros\u00e9 : 2-10 g\/hl<br \/>\n&#8211; Vin rouge : 5-20 g\/hl<\/p>\n<p><strong>Dose maximale l\u00e9gale<\/strong><\/p>\n<p>&#8211; Mo\u00fbt, vin blanc et ros\u00e9 : 60 g\/hl<br \/>\n&#8211; Vin rouge : 100 g\/hl<\/p>\n<p>&nbsp;<\/p>\n<h3>MODE D&#8217;EMPLOI<\/h3>\n<p>1. Diluer la quantit\u00e9 n\u00e9cessaire de Clarifine Vegan dans de l&#8217;eau dans un rapport de 1:10 et homog\u00e9n\u00e9iser<\/p>\n<p>2. Une fois dissous, ajouter au volume total et assurer une bonne homog\u00e9n\u00e9isation<\/p>\n<p><em>*Dans les vins blancs et ros\u00e9s, l&#8217;ajout d&#8217;adjuvants de clarification tels que la bentonite, le sol de silice ou le tanin est recommand\u00e9 pour am\u00e9liorer la floculation<\/em><\/p>\n<p>&nbsp;<\/p>\n","protected":false},"excerpt":{"rendered":"<p class=\"p1\">Clarifine VEGAN est un clarificateur complexe \u00e0 base d&#8217;extrait de prot\u00e9ine de levure et de prot\u00e9ines v\u00e9g\u00e9tales, son utilisation donne naissance \u00e0 des vins d&#8217;une grande clart\u00e9 et brillance.<\/p>\n<p class=\"p1\">La combinaison synergique de prot\u00e9ines conf\u00e8re \u00e0 Clarifine VEGAN une excellente capacit\u00e9 clarifiante, la prot\u00e9ine v\u00e9g\u00e9tale favorise l&#8217;\u00e9limination des polyph\u00e9nols oxyd\u00e9s et oxydables, tandis que l&#8217;extrait de prot\u00e9ine de levure am\u00e9liore les sensations tactiles du vin, r\u00e9duisant l&#8217;astringence et l&#8217;amertume.<\/p>\n<p><img fetchpriority=\"high\" decoding=\"async\" class=\"alignnone size-medium wp-image-105336\" src=\"https:\/\/agrovin.com\/wp-content\/uploads\/\/FR-Iconos.svg\" alt=\"\" width=\"300\" height=\"300\" \/><\/p>\n","protected":false},"featured_media":107068,"template":"","meta":{"_acf_changed":false,"inline_featured_image":false,"site-sidebar-layout":"default","site-content-layout":"default","ast-site-content-layout":"default","site-content-style":"default","site-sidebar-style":"default","ast-global-header-display":"","ast-banner-title-visibility":"","ast-main-header-display":"","ast-hfb-above-header-display":"","ast-hfb-below-header-display":"","ast-hfb-mobile-header-display":"","site-post-title":"","ast-breadcrumbs-content":"","ast-featured-img":"","footer-sml-layout":"","ast-disable-related-posts":"","theme-transparent-header-meta":"default","adv-header-id-meta":"","stick-header-meta":"","header-above-stick-meta":"","header-main-stick-meta":"","header-below-stick-meta":"","astra-migrate-meta-layouts":"default","ast-page-background-enabled":"default","ast-page-background-meta":{"desktop":{"background-color":"var(--ast-global-color-5)","background-image":"","background-repeat":"repeat","background-position":"center center","background-size":"auto","background-attachment":"scroll","background-type":"","background-media":"","overlay-type":"","overlay-color":"","overlay-opacity":"","overlay-gradient":""},"tablet":{"background-color":"","background-image":"","background-repeat":"repeat","background-position":"center center","background-size":"auto","background-attachment":"scroll","background-type":"","background-media":"","overlay-type":"","overlay-color":"","overlay-opacity":"","overlay-gradient":""},"mobile":{"background-color":"","background-image":"","background-repeat":"repeat","background-position":"center center","background-size":"auto","background-attachment":"scroll","background-type":"","background-media":"","overlay-type":"","overlay-color":"","overlay-opacity":"","overlay-gradient":""}},"ast-content-background-meta":{"desktop":{"background-color":"var(--ast-global-color-4)","background-image":"","background-repeat":"repeat","background-position":"center center","background-size":"auto","background-attachment":"scroll","background-type":"","background-media":"","overlay-type":"","overlay-color":"","overlay-opacity":"","overlay-gradient":""},"tablet":{"background-color":"var(--ast-global-color-4)","background-image":"","background-repeat":"repeat","background-position":"center center","background-size":"auto","background-attachment":"scroll","background-type":"","background-media":"","overlay-type":"","overlay-color":"","overlay-opacity":"","overlay-gradient":""},"mobile":{"background-color":"var(--ast-global-color-4)","background-image":"","background-repeat":"repeat","background-position":"center center","background-size":"auto","background-attachment":"scroll","background-type":"","background-media":"","overlay-type":"","overlay-color":"","overlay-opacity":"","overlay-gradient":""}}},"product_brand":[],"product_cat":[165],"product_tag":[],"class_list":{"0":"post-107062","1":"product","2":"type-product","3":"status-publish","4":"has-post-thumbnail","6":"product_cat-clarifiants","7":"pa_ecologico-autorise-eu","8":"pa_ecologico-autorise-nop-usda","9":"pa_estilo-de-vino-blanc","10":"pa_estilo-de-vino-rose","11":"pa_estilo-de-vino-rouge","12":"pa_objetivo-amelioration-sensorielle","13":"pa_objetivo-clarification","14":"pa_objetivo-stabilite-de-la-couleur","15":"pa_origen-vegetale","16":"pa_vegano-vegetalien","17":"desktop-align-left","18":"tablet-align-left","19":"mobile-align-left","21":"first","22":"instock","23":"virtual","24":"product-type-simple"},"acf":[],"_links":{"self":[{"href":"https:\/\/agrovin.com\/fr\/wp-json\/wp\/v2\/product\/107062","targetHints":{"allow":["GET"]}}],"collection":[{"href":"https:\/\/agrovin.com\/fr\/wp-json\/wp\/v2\/product"}],"about":[{"href":"https:\/\/agrovin.com\/fr\/wp-json\/wp\/v2\/types\/product"}],"version-history":[{"count":0,"href":"https:\/\/agrovin.com\/fr\/wp-json\/wp\/v2\/product\/107062\/revisions"}],"wp:featuredmedia":[{"embeddable":true,"href":"https:\/\/agrovin.com\/fr\/wp-json\/wp\/v2\/media\/107068"}],"wp:attachment":[{"href":"https:\/\/agrovin.com\/fr\/wp-json\/wp\/v2\/media?parent=107062"}],"wp:term":[{"taxonomy":"product_brand","embeddable":true,"href":"https:\/\/agrovin.com\/fr\/wp-json\/wp\/v2\/product_brand?post=107062"},{"taxonomy":"product_cat","embeddable":true,"href":"https:\/\/agrovin.com\/fr\/wp-json\/wp\/v2\/product_cat?post=107062"},{"taxonomy":"product_tag","embeddable":true,"href":"https:\/\/agrovin.com\/fr\/wp-json\/wp\/v2\/product_tag?post=107062"}],"curies":[{"name":"wp","href":"https:\/\/api.w.org\/{rel}","templated":true}]}}