{"id":105848,"date":"2023-05-23T08:53:46","date_gmt":"2023-05-23T07:53:46","guid":{"rendered":"https:\/\/agrovin.com\/non%20class\u00e9\/viniferm-ns-chance\/"},"modified":"2024-05-27T07:27:01","modified_gmt":"2024-05-27T06:27:01","slug":"viniferm-ns-chance","status":"publish","type":"product","link":"https:\/\/agrovin.com\/fr\/produits-oenologiques\/levures\/viniferm-ns-chance\/","title":{"rendered":"VINIFERM NS CHANCE"},"content":{"rendered":"<h3>CARACT\u00c9RISTIQUES<\/h3>\n<p>Souche de levure non-Saccharomyces Lachancea thermotolerans s\u00e9lectionn\u00e9e pour sa grande capacit\u00e9 de synth\u00e8se de l&#8217;acide lactique. L&#8217;utilisation de Viniferm NS CHANCE r\u00e9sout le probl\u00e8me de la perte d&#8217;acidit\u00e9 des vins due aux changements climatiques. Elle favorise la production de vins plus longs, plus complexes et plus onctueux.<\/p>\n<h3>PROPIEDADES ENOL\u00d3GICAS<\/h3>\n<table style=\"height: 312px;\" width=\"764\">\n<tbody>\n<tr>\n<td width=\"281\"><strong>Pouvoir fermentaire<br \/>\n<\/strong><\/td>\n<td width=\"246\">Moyen (&lt;10 %\/%vol)<\/td>\n<\/tr>\n<tr>\n<td width=\"281\"><strong>Temp\u00e9rature de travail<\/strong><\/td>\n<td width=\"246\">14-20\u00baC<\/td>\n<\/tr>\n<tr>\n<td width=\"281\"><strong>Besoins nutritionnels<\/strong><\/td>\n<td width=\"246\">Moyen (azote organique)<\/td>\n<\/tr>\n<tr>\n<td width=\"281\"><strong>Rendement alcoolique<\/strong><\/td>\n<td width=\"246\">Faible<\/td>\n<\/tr>\n<tr>\n<td width=\"281\"><strong>R\u00e9sistance au soufre <\/strong><\/td>\n<td width=\"246\">Mod\u00e9r\u00e9e (&lt;50 ppm)<\/td>\n<\/tr>\n<tr>\n<td width=\"281\"><strong>Formation d&#8217;acidit\u00e9 volatile<\/strong><\/td>\n<td width=\"246\">Faible<\/td>\n<\/tr>\n<\/tbody>\n<\/table>\n<h3>DOSIS<\/h3>\n<p class=\"p1\"><span class=\"s1\">10-20 g\/hl <\/span><\/p>\n<h3>MODE D&#8217;EMPLOI<\/h3>\n<p><span style=\"font-weight: 300;\">Pour obtenir les meilleurs r\u00e9sultats, il est essentiel d&#8217;assurer une bonne implantation de la souche dans le milieu, il est donc important de:<\/span><\/p>\n<p><span style=\"font-weight: 300;\">\u2192 Maintenir une bonne hygi\u00e8ne dans la cave.\u00a0<\/span><\/p>\n<p><span style=\"font-weight: 300;\">\u2192 Ajouter la levure le plus t\u00f4t possible.\u00a0<\/span><\/p>\n<p><span style=\"font-weight: 300;\">\u2192 Respecter le dosage prescrit.<\/span><\/p>\n<p><span style=\"font-weight: 300;\">\u2192 Bien r\u00e9hydrater la levure.<\/span><\/p>\n<p><strong>R\u00e9hydratation :\u00a0<\/strong><\/p>\n<p><span style=\"font-weight: 300;\">1 &#8211; Ajouter la levure s\u00e9ch\u00e9e dans 10 fois son poids d&#8217;eau \u00e0 35 oC &#8211; 40 oC (10 litres d&#8217;eau pour 1 kg de levure).<\/span><\/p>\n<p><span style=\"font-weight: 300;\">2 &#8211; Attendre 10 minutes.\u00a0<\/span><\/p>\n<p><span style=\"font-weight: 300;\">3 &#8211; Remuer le m\u00e9lange.\u00a0<\/span><\/p>\n<p>4 &#8211; <span style=\"font-weight: 300;\">Attendre 10 minutes et ajouter au mo\u00fbt en veillant \u00e0 ce qu&#8217;il n&#8217;y ait pas une diff\u00e9rence de plus de 10 oC entre le milieu r\u00e9hydrat\u00e9 et le mo\u00fbt.<\/span><\/p>\n<p><strong>Pr\u00e9cautions de travail :<\/strong><\/p>\n<p><span style=\"font-weight: 300;\">&#8211; Dans tous les cas, la levure ne doit pas \u00eatre r\u00e9hydrat\u00e9e plus de 30 minutes en l&#8217;absence de sucres.\u00a0<\/span><\/p>\n<p><span style=\"font-weight: 300;\">&#8211; Le respect des dur\u00e9es, temp\u00e9ratures et modes d&#8217;utilisation d\u00e9crits ci-dessus garantit la viabilit\u00e9 maximale de la levure r\u00e9hydrat\u00e9e.<\/span><\/p>\n<p>&nbsp;<\/p>\n","protected":false},"excerpt":{"rendered":"<p>Souche de levure non-Saccharomyces Lachancea thermotolerans s\u00e9lectionn\u00e9e pour sa grande capacit\u00e9 de synth\u00e8se de l&#8217;acide lactique. L&#8217;utilisation de Viniferm NS CHANCE r\u00e9sout le probl\u00e8me de la perte d&#8217;acidit\u00e9 des vins due aux changements climatiques. Elle favorise la production de vins plus longs, plus complexes et plus onctueux.<\/p>\n<p>Viniferm NS CHANCE poss\u00e8de non seulement un fort pouvoir acidifiant &#8211; formation accrue d&#8217;acide lactique &#8211; mais augmente \u00e9galement la complexit\u00e9 aromatique, accentue l&#8217;onctuosit\u00e9 et le moelleux &#8211; gr\u00e2ce \u00e0 la formation de glyc\u00e9rol &#8211; et donne naissance \u00e0 des vins \u00e0 faible acidit\u00e9 volatile du fait de son implantation rapide.<\/p>\n<p>La s\u00e9lection de NS CHANCE est le r\u00e9sultat d&#8217;une vaste activit\u00e9 de recherche qu&#8217;Agrovin a commenc\u00e9e il y a plus de 10 ans, en collaboration avec le d\u00e9partement de Microbiologie III de l&#8217;Universit\u00e9 Complutense de Madrid. Cette activit\u00e9, qui a g\u00e9n\u00e9r\u00e9 un savoir-faire ant\u00e9rieur, a culmin\u00e9 de mani\u00e8re sp\u00e9cifique dans le cadre du <a href=\"https:\/\/www.lowphwine.es\/\" target=\"_blank\" rel=\"nofollow noopener\">projet LowpHWine<\/a> en collaboration avec l&#8217;Universit\u00e9 polytechnique de Madrid. Il s&#8217;agit d&#8217;un projet de consortium public-priv\u00e9 (IDI-20210393) qui b\u00e9n\u00e9ficie du soutien financier du CDTI Innovation par le biais du programme strat\u00e9gique CIEN (Consortiums nationaux de recherche strat\u00e9gique) et qui, apr\u00e8s avoir d\u00e9but\u00e9 en septembre 2020, se terminera le 31 ao\u00fbt 2024.<\/p>\n<p><a href=\"https:\/\/www.tecnovino.com\/estudian-soluciones-para-evitar-la-perdida-de-acidez-en-los-vinos-como-consecuencia-del-cambio-climatico\/\" target=\"_blank\" rel=\"nofollow noopener\"><img decoding=\"async\" class=\"alignnone wp-image-107436\" src=\"https:\/\/agrovin.com\/wp-content\/uploads\/2023\/07\/Lowphwine-300x162.png\" alt=\"\" width=\"165\" height=\"89\" \/><\/a>\u00a0 \u00a0 \u00a0 \u00a0 <img decoding=\"async\" class=\"alignnone wp-image-107448\" style=\"font-weight: inherit;\" src=\"https:\/\/agrovin.com\/wp-content\/uploads\/2023\/07\/CDTI-1.png\" alt=\"\" width=\"93\" height=\"42\" \/><\/p>\n","protected":false},"featured_media":104236,"template":"","meta":{"_acf_changed":false,"inline_featured_image":false,"site-sidebar-layout":"default","site-content-layout":"default","ast-site-content-layout":"default","site-content-style":"default","site-sidebar-style":"default","ast-global-header-display":"","ast-banner-title-visibility":"","ast-main-header-display":"","ast-hfb-above-header-display":"","ast-hfb-below-header-display":"","ast-hfb-mobile-header-display":"","site-post-title":"","ast-breadcrumbs-content":"","ast-featured-img":"","footer-sml-layout":"","ast-disable-related-posts":"","theme-transparent-header-meta":"default","adv-header-id-meta":"","stick-header-meta":"","header-above-stick-meta":"","header-main-stick-meta":"","header-below-stick-meta":"","astra-migrate-meta-layouts":"default","ast-page-background-enabled":"default","ast-page-background-meta":{"desktop":{"background-color":"var(--ast-global-color-5)","background-image":"","background-repeat":"repeat","background-position":"center center","background-size":"auto","background-attachment":"scroll","background-type":"","background-media":"","overlay-type":"","overlay-color":"","overlay-opacity":"","overlay-gradient":""},"tablet":{"background-color":"","background-image":"","background-repeat":"repeat","background-position":"center center","background-size":"auto","background-attachment":"scroll","background-type":"","background-media":"","overlay-type":"","overlay-color":"","overlay-opacity":"","overlay-gradient":""},"mobile":{"background-color":"","background-image":"","background-repeat":"repeat","background-position":"center center","background-size":"auto","background-attachment":"scroll","background-type":"","background-media":"","overlay-type":"","overlay-color":"","overlay-opacity":"","overlay-gradient":""}},"ast-content-background-meta":{"desktop":{"background-color":"var(--ast-global-color-4)","background-image":"","background-repeat":"repeat","background-position":"center center","background-size":"auto","background-attachment":"scroll","background-type":"","background-media":"","overlay-type":"","overlay-color":"","overlay-opacity":"","overlay-gradient":""},"tablet":{"background-color":"var(--ast-global-color-4)","background-image":"","background-repeat":"repeat","background-position":"center center","background-size":"auto","background-attachment":"scroll","background-type":"","background-media":"","overlay-type":"","overlay-color":"","overlay-opacity":"","overlay-gradient":""},"mobile":{"background-color":"var(--ast-global-color-4)","background-image":"","background-repeat":"repeat","background-position":"center center","background-size":"auto","background-attachment":"scroll","background-type":"","background-media":"","overlay-type":"","overlay-color":"","overlay-opacity":"","overlay-gradient":""}}},"product_brand":[],"product_cat":[2086],"product_tag":[],"class_list":{"0":"post-105848","1":"product","2":"type-product","3":"status-publish","4":"has-post-thumbnail","6":"product_cat-levures","7":"pa_ecologico-autorise-eu","8":"pa_estilo-de-vino-rouge","9":"pa_vegano-vegetalien","10":"desktop-align-left","11":"tablet-align-left","12":"mobile-align-left","14":"first","15":"instock","16":"virtual","17":"product-type-simple"},"acf":[],"_links":{"self":[{"href":"https:\/\/agrovin.com\/fr\/wp-json\/wp\/v2\/product\/105848","targetHints":{"allow":["GET"]}}],"collection":[{"href":"https:\/\/agrovin.com\/fr\/wp-json\/wp\/v2\/product"}],"about":[{"href":"https:\/\/agrovin.com\/fr\/wp-json\/wp\/v2\/types\/product"}],"version-history":[{"count":0,"href":"https:\/\/agrovin.com\/fr\/wp-json\/wp\/v2\/product\/105848\/revisions"}],"wp:featuredmedia":[{"embeddable":true,"href":"https:\/\/agrovin.com\/fr\/wp-json\/wp\/v2\/media\/104236"}],"wp:attachment":[{"href":"https:\/\/agrovin.com\/fr\/wp-json\/wp\/v2\/media?parent=105848"}],"wp:term":[{"taxonomy":"product_brand","embeddable":true,"href":"https:\/\/agrovin.com\/fr\/wp-json\/wp\/v2\/product_brand?post=105848"},{"taxonomy":"product_cat","embeddable":true,"href":"https:\/\/agrovin.com\/fr\/wp-json\/wp\/v2\/product_cat?post=105848"},{"taxonomy":"product_tag","embeddable":true,"href":"https:\/\/agrovin.com\/fr\/wp-json\/wp\/v2\/product_tag?post=105848"}],"curies":[{"name":"wp","href":"https:\/\/api.w.org\/{rel}","templated":true}]}}