{"id":104712,"date":"2023-05-23T11:18:37","date_gmt":"2023-05-23T10:18:37","guid":{"rendered":"https:\/\/agrovin.com\/non%20class\u00e9\/clarifine-proyeast\/"},"modified":"2023-06-23T11:44:39","modified_gmt":"2023-06-23T10:44:39","slug":"clarifine-proyeast","status":"publish","type":"product","link":"https:\/\/agrovin.com\/fr\/produits-oenologiques\/clarifiants\/clarifine-proyeast\/","title":{"rendered":"CLARIFINE PROYEAST"},"content":{"rendered":"<h3>APPLICATION<\/h3>\n<p>Son excellente capacit\u00e9 de collage favorise la propret\u00e9 des vins et augmente \u00e9galement leur brillance.<\/p>\n<p>Dans les vins blancs, ros\u00e9s et rouges dans l&#8217;objectif de :<\/p>\n<p>&#8211; Favorise l&#8217;\u00e9limination des polyph\u00e9nols oxyd\u00e9s et oxydables, en prot\u00e9geant le vin de l&#8217;oxydation et en \u00e9vitant le brunissement et la perte aromatique.<\/p>\n<p>&#8211; Clarification respectueuse, elle \u00e9limine les tanins les plus astringents, am\u00e9liorant l&#8217;onctuosit\u00e9 et respectant la structure du vin.<\/p>\n<p>&#8211; Am\u00e9lioration des caract\u00e9ristiques sensorielles, les vins obtiennent une plus grande franchise aromatique.<\/p>\n<p>&#8211; Il n&#8217;entra\u00eene pas d&#8217;instabilit\u00e9 des prot\u00e9ines.<\/p>\n<p>&nbsp;<\/p>\n<h3>DOSAGE<\/h3>\n<p>&#8211; Vin blanc et ros\u00e9 : 1-10 g\/hl<br \/>\n&#8211; Vin rouge : 5-20 g\/hl<\/p>\n<p><strong>Dose maximale l\u00e9gale<\/strong><\/p>\n<p>&#8211; Mo\u00fbt, vin blanc et ros\u00e9 : 30 g\/hl<br \/>\n&#8211; Vin rouge : 60 g\/hl<\/p>\n<p>&nbsp;<\/p>\n<h3>MODE D&#8217;EMPLOI<\/h3>\n<p>1. Diluer la quantit\u00e9 n\u00e9cessaire de Clarifine ProYeast dans de l&#8217;eau dans un rapport de 1:10 et homog\u00e9n\u00e9iser<\/p>\n<p>2. Une fois dissous, ajouter au volume total et assurer une bonne homog\u00e9n\u00e9isation<\/p>\n<p><em>*Dans les vins blancs et ros\u00e9s, l&#8217;ajout d&#8217;adjuvants de clarification tels que la bentonite, le sol de silice ou le tanin est recommand\u00e9 pour am\u00e9liorer la floculation<\/em><\/p>\n<p>&nbsp;<\/p>\n","protected":false},"excerpt":{"rendered":"<p>Clarifine ProYeast est un clarifiant \u00e0 base d&#8217;extrait prot\u00e9ique de levure <em>Saccharomyces cerevisiae<\/em>.<\/p>\n<p>Son proc\u00e9d\u00e9 d&#8217;extraction respectueux permet d&#8217;obtenir une prot\u00e9ine de levure d&#8217;un poids mol\u00e9culaire sup\u00e9rieur \u00e0 15 KDa et d&#8217;une excellente capacit\u00e9 de collage adapt\u00e9e aux clarifications subtiles de vins blancs, ros\u00e9s et rouges.<\/p>\n<p><img fetchpriority=\"high\" decoding=\"async\" class=\"alignnone size-medium wp-image-105336\" src=\"https:\/\/agrovin.com\/wp-content\/uploads\/\/FR-Iconos.svg\" alt=\"\" width=\"300\" height=\"300\" \/><\/p>\n","protected":false},"featured_media":104317,"template":"","meta":{"_acf_changed":false,"inline_featured_image":false,"site-sidebar-layout":"default","site-content-layout":"default","ast-site-content-layout":"default","site-content-style":"default","site-sidebar-style":"default","ast-global-header-display":"","ast-banner-title-visibility":"","ast-main-header-display":"","ast-hfb-above-header-display":"","ast-hfb-below-header-display":"","ast-hfb-mobile-header-display":"","site-post-title":"","ast-breadcrumbs-content":"","ast-featured-img":"","footer-sml-layout":"","ast-disable-related-posts":"","theme-transparent-header-meta":"default","adv-header-id-meta":"","stick-header-meta":"","header-above-stick-meta":"","header-main-stick-meta":"","header-below-stick-meta":"","astra-migrate-meta-layouts":"default","ast-page-background-enabled":"default","ast-page-background-meta":{"desktop":{"background-color":"var(--ast-global-color-5)","background-image":"","background-repeat":"repeat","background-position":"center center","background-size":"auto","background-attachment":"scroll","background-type":"","background-media":"","overlay-type":"","overlay-color":"","overlay-opacity":"","overlay-gradient":""},"tablet":{"background-color":"","background-image":"","background-repeat":"repeat","background-position":"center center","background-size":"auto","background-attachment":"scroll","background-type":"","background-media":"","overlay-type":"","overlay-color":"","overlay-opacity":"","overlay-gradient":""},"mobile":{"background-color":"","background-image":"","background-repeat":"repeat","background-position":"center center","background-size":"auto","background-attachment":"scroll","background-type":"","background-media":"","overlay-type":"","overlay-color":"","overlay-opacity":"","overlay-gradient":""}},"ast-content-background-meta":{"desktop":{"background-color":"var(--ast-global-color-4)","background-image":"","background-repeat":"repeat","background-position":"center center","background-size":"auto","background-attachment":"scroll","background-type":"","background-media":"","overlay-type":"","overlay-color":"","overlay-opacity":"","overlay-gradient":""},"tablet":{"background-color":"var(--ast-global-color-4)","background-image":"","background-repeat":"repeat","background-position":"center center","background-size":"auto","background-attachment":"scroll","background-type":"","background-media":"","overlay-type":"","overlay-color":"","overlay-opacity":"","overlay-gradient":""},"mobile":{"background-color":"var(--ast-global-color-4)","background-image":"","background-repeat":"repeat","background-position":"center center","background-size":"auto","background-attachment":"scroll","background-type":"","background-media":"","overlay-type":"","overlay-color":"","overlay-opacity":"","overlay-gradient":""}}},"product_brand":[],"product_cat":[165],"product_tag":[],"class_list":{"0":"post-104712","1":"product","2":"type-product","3":"status-publish","4":"has-post-thumbnail","6":"product_cat-clarifiants","7":"pa_ecologico-autorise-eu","8":"pa_ecologico-autorise-nop-usda","9":"pa_estilo-de-vino-blanc","10":"pa_estilo-de-vino-rose","11":"pa_estilo-de-vino-rouge","12":"pa_objetivo-amelioration-sensorielle","13":"pa_objetivo-clarification","14":"pa_objetivo-stabilite-de-la-couleur","15":"pa_origen-vegetale","16":"pa_vegano-vegetalien","17":"desktop-align-left","18":"tablet-align-left","19":"mobile-align-left","21":"first","22":"instock","23":"virtual","24":"product-type-simple"},"acf":[],"_links":{"self":[{"href":"https:\/\/agrovin.com\/fr\/wp-json\/wp\/v2\/product\/104712","targetHints":{"allow":["GET"]}}],"collection":[{"href":"https:\/\/agrovin.com\/fr\/wp-json\/wp\/v2\/product"}],"about":[{"href":"https:\/\/agrovin.com\/fr\/wp-json\/wp\/v2\/types\/product"}],"version-history":[{"count":0,"href":"https:\/\/agrovin.com\/fr\/wp-json\/wp\/v2\/product\/104712\/revisions"}],"wp:featuredmedia":[{"embeddable":true,"href":"https:\/\/agrovin.com\/fr\/wp-json\/wp\/v2\/media\/104317"}],"wp:attachment":[{"href":"https:\/\/agrovin.com\/fr\/wp-json\/wp\/v2\/media?parent=104712"}],"wp:term":[{"taxonomy":"product_brand","embeddable":true,"href":"https:\/\/agrovin.com\/fr\/wp-json\/wp\/v2\/product_brand?post=104712"},{"taxonomy":"product_cat","embeddable":true,"href":"https:\/\/agrovin.com\/fr\/wp-json\/wp\/v2\/product_cat?post=104712"},{"taxonomy":"product_tag","embeddable":true,"href":"https:\/\/agrovin.com\/fr\/wp-json\/wp\/v2\/product_tag?post=104712"}],"curies":[{"name":"wp","href":"https:\/\/api.w.org\/{rel}","templated":true}]}}