{"id":104498,"date":"2023-05-11T13:36:46","date_gmt":"2023-05-11T12:36:46","guid":{"rendered":"https:\/\/agrovin.com\/?post_type=product&#038;p=104498"},"modified":"2026-02-03T12:15:05","modified_gmt":"2026-02-03T10:15:05","slug":"acide-fumarique","status":"publish","type":"product","link":"https:\/\/agrovin.com\/fr\/produits-oenologiques\/controle-microbiologique\/acide-fumarique\/","title":{"rendered":"ACIDE FUMARIQUE"},"content":{"rendered":"<h4>APPLICATION<\/h4>\n<p>Dans le vin blanc et le vin rouge :<\/p>\n<p>1. contr\u00f4le de la croissance et de l&#8217;activit\u00e9 des bact\u00e9ries lactiques 2. r\u00e9duction du dosage d&#8217;anhydride sulfureux<\/p>\n<p>2. r\u00e9duction de la dose de dioxyde de soufre<\/p>\n<p>3. Pr\u00e9servation de l&#8217;acidit\u00e9 malique.<\/p>\n<h4>DOSAGE<\/h4>\n<p>Vin : 30-60 g\/hl<\/p>\n<h4>MODE D&#8217;EMPLOI<\/h4>\n<p>1) Remettre en suspension dans 15 fois son poids de vin en agitant.<\/p>\n<p>2) Ajouter au volume total du vin par homog\u00e9n\u00e9isation continue. Assurer une temp\u00e9rature sup\u00e9rieure \u00e0 10\u00baC.<\/p>\n","protected":false},"excerpt":{"rendered":"<p>L&#8217;acide fumarique est un stabilisateur biologique ayant un effet bact\u00e9ricide et bact\u00e9riostatique sur les bact\u00e9ries lactiques.<\/p>\n<p>Il agit comme inhibiteur de la fermentation malolactique (FML) \u00e0 faible dose et sans r\u00e9percussion organoleptique.<\/p>\n","protected":false},"featured_media":104256,"template":"","meta":{"_acf_changed":false,"inline_featured_image":false,"site-sidebar-layout":"default","site-content-layout":"default","ast-site-content-layout":"default","site-content-style":"default","site-sidebar-style":"default","ast-global-header-display":"","ast-banner-title-visibility":"","ast-main-header-display":"","ast-hfb-above-header-display":"","ast-hfb-below-header-display":"","ast-hfb-mobile-header-display":"","site-post-title":"","ast-breadcrumbs-content":"","ast-featured-img":"","footer-sml-layout":"","ast-disable-related-posts":"","theme-transparent-header-meta":"default","adv-header-id-meta":"","stick-header-meta":"","header-above-stick-meta":"","header-main-stick-meta":"","header-below-stick-meta":"","astra-migrate-meta-layouts":"set","ast-page-background-enabled":"default","ast-page-background-meta":{"desktop":{"background-color":"var(--ast-global-color-5)","background-image":"","background-repeat":"repeat","background-position":"center center","background-size":"auto","background-attachment":"scroll","background-type":"","background-media":"","overlay-type":"","overlay-color":"","overlay-opacity":"","overlay-gradient":""},"tablet":{"background-color":"","background-image":"","background-repeat":"repeat","background-position":"center center","background-size":"auto","background-attachment":"scroll","background-type":"","background-media":"","overlay-type":"","overlay-color":"","overlay-opacity":"","overlay-gradient":""},"mobile":{"background-color":"","background-image":"","background-repeat":"repeat","background-position":"center center","background-size":"auto","background-attachment":"scroll","background-type":"","background-media":"","overlay-type":"","overlay-color":"","overlay-opacity":"","overlay-gradient":""}},"ast-content-background-meta":{"desktop":{"background-color":"var(--ast-global-color-4)","background-image":"","background-repeat":"repeat","background-position":"center center","background-size":"auto","background-attachment":"scroll","background-type":"","background-media":"","overlay-type":"","overlay-color":"","overlay-opacity":"","overlay-gradient":""},"tablet":{"background-color":"var(--ast-global-color-4)","background-image":"","background-repeat":"repeat","background-position":"center center","background-size":"auto","background-attachment":"scroll","background-type":"","background-media":"","overlay-type":"","overlay-color":"","overlay-opacity":"","overlay-gradient":""},"mobile":{"background-color":"var(--ast-global-color-4)","background-image":"","background-repeat":"repeat","background-position":"center center","background-size":"auto","background-attachment":"scroll","background-type":"","background-media":"","overlay-type":"","overlay-color":"","overlay-opacity":"","overlay-gradient":""}}},"product_brand":[],"product_cat":[887],"product_tag":[],"class_list":{"0":"post-104498","1":"product","2":"type-product","3":"status-publish","4":"has-post-thumbnail","6":"product_cat-controle-microbiologique","7":"pa_ecologico-autorise-eu","8":"pa_estilo-de-vino-blanc","9":"pa_estilo-de-vino-rouge","10":"pa_objetivo-protection-microbiologique","11":"pa_objetivo-stabilisation","12":"pa_vegano-vegetalien","13":"desktop-align-left","14":"tablet-align-left","15":"mobile-align-left","17":"first","18":"instock","19":"virtual","20":"product-type-simple"},"acf":[],"_links":{"self":[{"href":"https:\/\/agrovin.com\/fr\/wp-json\/wp\/v2\/product\/104498","targetHints":{"allow":["GET"]}}],"collection":[{"href":"https:\/\/agrovin.com\/fr\/wp-json\/wp\/v2\/product"}],"about":[{"href":"https:\/\/agrovin.com\/fr\/wp-json\/wp\/v2\/types\/product"}],"version-history":[{"count":1,"href":"https:\/\/agrovin.com\/fr\/wp-json\/wp\/v2\/product\/104498\/revisions"}],"predecessor-version":[{"id":124299,"href":"https:\/\/agrovin.com\/fr\/wp-json\/wp\/v2\/product\/104498\/revisions\/124299"}],"wp:featuredmedia":[{"embeddable":true,"href":"https:\/\/agrovin.com\/fr\/wp-json\/wp\/v2\/media\/104256"}],"wp:attachment":[{"href":"https:\/\/agrovin.com\/fr\/wp-json\/wp\/v2\/media?parent=104498"}],"wp:term":[{"taxonomy":"product_brand","embeddable":true,"href":"https:\/\/agrovin.com\/fr\/wp-json\/wp\/v2\/product_brand?post=104498"},{"taxonomy":"product_cat","embeddable":true,"href":"https:\/\/agrovin.com\/fr\/wp-json\/wp\/v2\/product_cat?post=104498"},{"taxonomy":"product_tag","embeddable":true,"href":"https:\/\/agrovin.com\/fr\/wp-json\/wp\/v2\/product_tag?post=104498"}],"curies":[{"name":"wp","href":"https:\/\/api.w.org\/{rel}","templated":true}]}}