{"id":104095,"date":"2023-05-10T15:42:45","date_gmt":"2023-05-10T14:42:46","guid":{"rendered":"https:\/\/agrovin.com\/?post_type=product&#038;p=104095"},"modified":"2024-07-08T09:13:55","modified_gmt":"2024-07-08T08:13:55","slug":"viniferm-direct","status":"publish","type":"product","link":"https:\/\/agrovin.com\/fr\/produits-oenologiques\/levures\/viniferm-direct\/","title":{"rendered":"VINIFERM DIRECT"},"content":{"rendered":"<h4>CARACT\u00c9RISTIQUES<\/h4>\n<p>Viniferm Direct est une levure au profil vari\u00e9tal marqu\u00e9 qui, gr\u00e2ce \u00e0 sa forte lib\u00e9ration de polysaccharides, am\u00e9liore la souplesse en bouche des vins structur\u00e9s \u00e0 forte composante polyph\u00e9nolique. Elle contribue \u00e9galement \u00e0 r\u00e9\u00e9quilibrer les vins issus de raisins dont la maturation est moins \u00e9quilibr\u00e9e.<\/p>\n<h4>DOSAGE<\/h4>\n<p>Vinification avec ajout direct : 30-40 g\/hl<\/p>\n<p>Vinification en r\u00e9hydratation traditionnelle : 20-30 g\/hl<\/p>\n<h4>MODE D&#8217;EMPLOI<\/h4>\n<p>Viniferm Direct peut \u00eatre utilis\u00e9 aussi bien en r\u00e9hydratation traditionnelle qu&#8217;en addition directe.<\/p>\n<p><strong>R\u00e9hydratation :<\/strong><\/p>\n<p>1. ajouter les levures s\u00e9ch\u00e9es dans 10 fois leur poids d&#8217;eau \u00e0 35-40\u00b0C (10 litres d&#8217;eau pour 1 kg de levures).<\/p>\n<p>2. Attendre 10 minutes.<\/p>\n<p>3. Agiter le m\u00e9lange.<\/p>\n<p>4. Attendre 10 minutes et ajouter au mo\u00fbt en veillant \u00e0 \u00e9viter une diff\u00e9rence de plus de 10\u00b0C entre le milieu r\u00e9hydrat\u00e9 et le mo\u00fbt.<\/p>\n<p><strong>Addition directe :<\/strong><\/p>\n<p>Le travail d&#8217;addition directe peut \u00eatre effectu\u00e9 sur une fraction de mo\u00fbt ou sur le chapeau :<\/p>\n<p><strong>Addition sur le chapeau :<\/strong><\/p>\n<p>1. Saupoudrer sur le chapeau en veillant \u00e0 bien couvrir le chapeau. 2.<\/p>\n<p>2) Effectuer un remontage ouvert pendant 30 minutes apr\u00e8s l&#8217;ajout de la levure.<\/p>\n<p><strong>Ajout sur la fraction de mo\u00fbt : 1 :<\/strong><\/p>\n<p>1) Ajouter sur une fraction de mo\u00fbt (au minimum 20 fois son poids en mo\u00fbt).<\/p>\n<p>2. Attendre 10 minutes.<\/p>\n<p>3. Remuer le m\u00e9lange.<\/p>\n<p>4. Attendre 10 minutes et ajouter au r\u00e9servoir.<\/p>\n<p>5. Apr\u00e8s l&#8217;ajout dans la citerne, effectuer un pompage ouvert.<\/p>\n","protected":false},"excerpt":{"rendered":"<p>Viniferm Direct est une levure sp\u00e9cifiquement s\u00e9lectionn\u00e9e pour une application facile dans la cave, avec une bonne adaptabilit\u00e9 aux conditions limites du mo\u00fbt.<\/p>\n<p>Le processus de production et les caract\u00e9ristiques intrins\u00e8ques de la souche de levure favorisent la mise en \u0153uvre de Viniferm Direct sans hydratation traditionnelle de la levure.<\/p>\n<p>Convient aux vins rouges dont le profil vari\u00e9tal doit \u00eatre mis en valeur. Am\u00e9lioration des qualit\u00e9s organoleptiques des vins issus de raisins \u00e0 forte composante tannique ou \u00e0 moindre \u00e9quilibre de maturation.<\/p>\n","protected":false},"featured_media":104108,"template":"","meta":{"_acf_changed":false,"inline_featured_image":false,"site-sidebar-layout":"default","site-content-layout":"default","ast-site-content-layout":"default","site-content-style":"default","site-sidebar-style":"default","ast-global-header-display":"","ast-banner-title-visibility":"","ast-main-header-display":"","ast-hfb-above-header-display":"","ast-hfb-below-header-display":"","ast-hfb-mobile-header-display":"","site-post-title":"","ast-breadcrumbs-content":"","ast-featured-img":"","footer-sml-layout":"","ast-disable-related-posts":"","theme-transparent-header-meta":"default","adv-header-id-meta":"","stick-header-meta":"","header-above-stick-meta":"","header-main-stick-meta":"","header-below-stick-meta":"","astra-migrate-meta-layouts":"default","ast-page-background-enabled":"default","ast-page-background-meta":{"desktop":{"background-color":"var(--ast-global-color-5)","background-image":"","background-repeat":"repeat","background-position":"center center","background-size":"auto","background-attachment":"scroll","background-type":"","background-media":"","overlay-type":"","overlay-color":"","overlay-opacity":"","overlay-gradient":""},"tablet":{"background-color":"","background-image":"","background-repeat":"repeat","background-position":"center center","background-size":"auto","background-attachment":"scroll","background-type":"","background-media":"","overlay-type":"","overlay-color":"","overlay-opacity":"","overlay-gradient":""},"mobile":{"background-color":"","background-image":"","background-repeat":"repeat","background-position":"center center","background-size":"auto","background-attachment":"scroll","background-type":"","background-media":"","overlay-type":"","overlay-color":"","overlay-opacity":"","overlay-gradient":""}},"ast-content-background-meta":{"desktop":{"background-color":"var(--ast-global-color-4)","background-image":"","background-repeat":"repeat","background-position":"center center","background-size":"auto","background-attachment":"scroll","background-type":"","background-media":"","overlay-type":"","overlay-color":"","overlay-opacity":"","overlay-gradient":""},"tablet":{"background-color":"var(--ast-global-color-4)","background-image":"","background-repeat":"repeat","background-position":"center center","background-size":"auto","background-attachment":"scroll","background-type":"","background-media":"","overlay-type":"","overlay-color":"","overlay-opacity":"","overlay-gradient":""},"mobile":{"background-color":"var(--ast-global-color-4)","background-image":"","background-repeat":"repeat","background-position":"center center","background-size":"auto","background-attachment":"scroll","background-type":"","background-media":"","overlay-type":"","overlay-color":"","overlay-opacity":"","overlay-gradient":""}}},"product_brand":[],"product_cat":[2086],"product_tag":[],"class_list":{"0":"post-104095","1":"product","2":"type-product","3":"status-publish","4":"has-post-thumbnail","6":"product_cat-levures","7":"pa_ecologico-autorise-eu","8":"pa_estilo-de-vino-rouge","9":"pa_vegano-vegetalien","10":"desktop-align-left","11":"tablet-align-left","12":"mobile-align-left","14":"first","15":"instock","16":"virtual","17":"product-type-simple"},"acf":[],"_links":{"self":[{"href":"https:\/\/agrovin.com\/fr\/wp-json\/wp\/v2\/product\/104095","targetHints":{"allow":["GET"]}}],"collection":[{"href":"https:\/\/agrovin.com\/fr\/wp-json\/wp\/v2\/product"}],"about":[{"href":"https:\/\/agrovin.com\/fr\/wp-json\/wp\/v2\/types\/product"}],"version-history":[{"count":0,"href":"https:\/\/agrovin.com\/fr\/wp-json\/wp\/v2\/product\/104095\/revisions"}],"wp:featuredmedia":[{"embeddable":true,"href":"https:\/\/agrovin.com\/fr\/wp-json\/wp\/v2\/media\/104108"}],"wp:attachment":[{"href":"https:\/\/agrovin.com\/fr\/wp-json\/wp\/v2\/media?parent=104095"}],"wp:term":[{"taxonomy":"product_brand","embeddable":true,"href":"https:\/\/agrovin.com\/fr\/wp-json\/wp\/v2\/product_brand?post=104095"},{"taxonomy":"product_cat","embeddable":true,"href":"https:\/\/agrovin.com\/fr\/wp-json\/wp\/v2\/product_cat?post=104095"},{"taxonomy":"product_tag","embeddable":true,"href":"https:\/\/agrovin.com\/fr\/wp-json\/wp\/v2\/product_tag?post=104095"}],"curies":[{"name":"wp","href":"https:\/\/api.w.org\/{rel}","templated":true}]}}