{"id":102263,"date":"2023-02-20T20:59:15","date_gmt":"2023-02-20T20:28:21","guid":{"rendered":"https:\/\/agrovin.com\/?post_type=product&#038;p=102263"},"modified":"2023-02-20T21:28:21","modified_gmt":"2023-02-20T20:28:21","slug":"beco-acf-07","status":"publish","type":"product","link":"https:\/\/agrovin.com\/fr\/produits-oenologiques\/filtration\/beco-acf-07\/","title":{"rendered":"BECO ACF 07"},"content":{"rendered":"<h3>CARACT\u00c9RISTIQUES<\/h3>\n<p>Ils exercent leur effet filtrant dans la zone ant\u00e9rieure et profonde de la structure du mat\u00e9riau (filtration statique en profondeur). La porosit\u00e9 de ces plaques est obtenue par le m\u00e9lange de mat\u00e9riaux grossiers et fins, dont la proportion est pr\u00e9d\u00e9termin\u00e9e pour chaque type de plaque.<br \/>\nLa plaque de charbon actif BECO ACF 07 est un mat\u00e9riau inerte microporeux, lav\u00e9 \u00e0 l\u2019acide et activ\u00e9 \u00e0 la vapeur. Au cours de la d\u00e9coloration des produits, une liaison physique se cr\u00e9e entre le charbon actif et les polluants ou les colorants sur sa surface interne, qui est non polaire, acqu\u00e9rant une grande affinit\u00e9 pour les mol\u00e9cules organiques.<br \/>\nLe syst\u00e8me de filtration en profondeur offre un certain nombre d\u2019avantages par rapport aux autres m\u00e9thodes de filtration avec les plaques filtrantes BECO :<br \/>\nLes syst\u00e8mes de filtration par tamisage sont combin\u00e9s avec l\u2019effet d\u2019adsorption.<br \/>\nLa structure diff\u00e9renci\u00e9e des pores, selon le type de filtre, et la surface int\u00e9rieure maximale assurent toujours une bonne efficacit\u00e9 de clarification avec des performances \u00e9lev\u00e9es.<\/p>\n<p>Les avantages sp\u00e9cifiques de BECO ACF 07 :<\/p>\n<ul>\n<li>Grande capacit\u00e9 d\u2019adsorption pour la d\u00e9coloration et l\u2019\u00e9limination des ar\u00f4mes ind\u00e9sirables.<\/li>\n<li>Structure fibreuse et poreuse diff\u00e9renci\u00e9e avec une grande surface int\u00e9rieure pour une large gamme d\u2019applications et de conditions de travail.<\/li>\n<li>Tr\u00e8s facile \u00e0 utiliser, permettant une manipulation sans poussi\u00e8re.<\/li>\n<\/ul>\n","protected":false},"excerpt":{"rendered":"<p>La plaque filtrante BECO ACF 07 est utilis\u00e9e dans les proc\u00e9d\u00e9s n\u00e9cessitant une filtration rigoureuse des liquides dans les industries chimique, pharmaceutique, cosm\u00e9tique, alimentaire et biotechnologique. Il poss\u00e8de une grande capacit\u00e9 d\u2019absorption gr\u00e2ce \u00e0 sa forte teneur en charbon actif.<\/p>\n","protected":false},"featured_media":14592,"template":"","meta":{"_acf_changed":false,"inline_featured_image":false,"site-sidebar-layout":"default","site-content-layout":"default","ast-site-content-layout":"default","site-content-style":"default","site-sidebar-style":"default","ast-global-header-display":"","ast-banner-title-visibility":"","ast-main-header-display":"","ast-hfb-above-header-display":"","ast-hfb-below-header-display":"","ast-hfb-mobile-header-display":"","site-post-title":"","ast-breadcrumbs-content":"","ast-featured-img":"","footer-sml-layout":"","ast-disable-related-posts":"","theme-transparent-header-meta":"default","adv-header-id-meta":"","stick-header-meta":"","header-above-stick-meta":"","header-main-stick-meta":"","header-below-stick-meta":"","astra-migrate-meta-layouts":"default","ast-page-background-enabled":"default","ast-page-background-meta":{"desktop":{"background-color":"var(--ast-global-color-5)","background-image":"","background-repeat":"repeat","background-position":"center center","background-size":"auto","background-attachment":"scroll","background-type":"","background-media":"","overlay-type":"","overlay-color":"","overlay-opacity":"","overlay-gradient":""},"tablet":{"background-color":"","background-image":"","background-repeat":"repeat","background-position":"center center","background-size":"auto","background-attachment":"scroll","background-type":"","background-media":"","overlay-type":"","overlay-color":"","overlay-opacity":"","overlay-gradient":""},"mobile":{"background-color":"","background-image":"","background-repeat":"repeat","background-position":"center center","background-size":"auto","background-attachment":"scroll","background-type":"","background-media":"","overlay-type":"","overlay-color":"","overlay-opacity":"","overlay-gradient":""}},"ast-content-background-meta":{"desktop":{"background-color":"var(--ast-global-color-4)","background-image":"","background-repeat":"repeat","background-position":"center center","background-size":"auto","background-attachment":"scroll","background-type":"","background-media":"","overlay-type":"","overlay-color":"","overlay-opacity":"","overlay-gradient":""},"tablet":{"background-color":"var(--ast-global-color-4)","background-image":"","background-repeat":"repeat","background-position":"center center","background-size":"auto","background-attachment":"scroll","background-type":"","background-media":"","overlay-type":"","overlay-color":"","overlay-opacity":"","overlay-gradient":""},"mobile":{"background-color":"var(--ast-global-color-4)","background-image":"","background-repeat":"repeat","background-position":"center center","background-size":"auto","background-attachment":"scroll","background-type":"","background-media":"","overlay-type":"","overlay-color":"","overlay-opacity":"","overlay-gradient":""}}},"product_brand":[],"product_cat":[357],"product_tag":[],"class_list":{"0":"post-102263","1":"product","2":"type-product","3":"status-publish","4":"has-post-thumbnail","6":"product_cat-filtration","7":"desktop-align-left","8":"tablet-align-left","9":"mobile-align-left","11":"first","12":"instock","13":"shipping-taxable","14":"product-type-simple"},"acf":[],"_links":{"self":[{"href":"https:\/\/agrovin.com\/fr\/wp-json\/wp\/v2\/product\/102263","targetHints":{"allow":["GET"]}}],"collection":[{"href":"https:\/\/agrovin.com\/fr\/wp-json\/wp\/v2\/product"}],"about":[{"href":"https:\/\/agrovin.com\/fr\/wp-json\/wp\/v2\/types\/product"}],"version-history":[{"count":0,"href":"https:\/\/agrovin.com\/fr\/wp-json\/wp\/v2\/product\/102263\/revisions"}],"wp:featuredmedia":[{"embeddable":true,"href":"https:\/\/agrovin.com\/fr\/wp-json\/wp\/v2\/media\/14592"}],"wp:attachment":[{"href":"https:\/\/agrovin.com\/fr\/wp-json\/wp\/v2\/media?parent=102263"}],"wp:term":[{"taxonomy":"product_brand","embeddable":true,"href":"https:\/\/agrovin.com\/fr\/wp-json\/wp\/v2\/product_brand?post=102263"},{"taxonomy":"product_cat","embeddable":true,"href":"https:\/\/agrovin.com\/fr\/wp-json\/wp\/v2\/product_cat?post=102263"},{"taxonomy":"product_tag","embeddable":true,"href":"https:\/\/agrovin.com\/fr\/wp-json\/wp\/v2\/product_tag?post=102263"}],"curies":[{"name":"wp","href":"https:\/\/api.w.org\/{rel}","templated":true}]}}