{"id":102245,"date":"2023-02-20T20:13:23","date_gmt":"2023-02-20T19:34:46","guid":{"rendered":"https:\/\/agrovin.com\/?post_type=product&#038;p=102245"},"modified":"2023-02-20T20:34:46","modified_gmt":"2023-02-20T19:34:46","slug":"europor","status":"publish","type":"product","link":"https:\/\/agrovin.com\/fr\/produits-oenologiques\/filtration\/europor\/","title":{"rendered":"EUROPOR"},"content":{"rendered":"<h3><b>CARACT\u00c9RISTIQUES<\/b><\/h3>\n<p>Les plaques EUROPOR offrent une large gamme de plaques filtrantes avec une porosit\u00e9 variable allant d\u2019une valeur nominale de 0,2 \u03bcm \u00e0 4 \u03bcm, ce qui assure une capacit\u00e9 de r\u00e9tention des salet\u00e9s en profondeur et une r\u00e9duction significative de la population microbienne, ce qui les rend appropri\u00e9es pour une filtration grossi\u00e8re, pour une r\u00e9duction significative de la population microbienne des aliments liquides ou pour contribuer \u00e0 la stabilit\u00e9 microbiologique des aliments liquides. La filtration sur plaques est souvent l\u2019\u00e9tape pr\u00e9alable \u00e0 la filtration par st\u00e9rilisation sur membrane ou l\u2019\u00e9tape en amont d\u2019un processus d\u2019ultrafiltration. Ils exercent leur effet filtrant dans la zone ant\u00e9rieure et profonde de la structure du mat\u00e9riau (filtration statique en profondeur).<br \/>\nLa qualit\u00e9 et la pr\u00e9paration des mati\u00e8res premi\u00e8res utilis\u00e9es garantissent toujours une bonne efficacit\u00e9 de clarification et des rendements \u00e9lev\u00e9s. La porosit\u00e9 de ces plaques est obtenue par le m\u00e9lange de mat\u00e9riaux grossiers et fins, dont la proportion est pr\u00e9d\u00e9termin\u00e9e pour chaque type de plaque.<br \/>\nLes plaques filtrantes EUROPOR ont des pores asym\u00e9triques : les grands pores sont situ\u00e9s du c\u00f4t\u00e9 de l\u2019entr\u00e9e du filtre, les petits pores sont situ\u00e9s du c\u00f4t\u00e9 de la sortie, o\u00f9 le mat\u00e9riau devient plus dense.<br \/>\nLe syst\u00e8me de filtration en profondeur offre, gr\u00e2ce aux plaques filtrantes EUROPOR, un certain nombre d\u2019avantages par rapport aux autres m\u00e9thodes de filtration :<\/p>\n<ul>\n<li>Les syst\u00e8mes de filtration par tamisage sont combin\u00e9s avec l\u2019effet d\u2019adsorption.<\/li>\n<li>La structure diff\u00e9renci\u00e9e des pores, selon le type de filtre, et la surface int\u00e9rieure maximale assurent toujours une bonne efficacit\u00e9 de clarification et des performances \u00e9lev\u00e9es.<\/li>\n<\/ul>\n","protected":false},"excerpt":{"rendered":"<p class=\"textosbloque\">Plaques filtrantes de la s\u00e9rie EUROPOR pour l\u2019industrie alimentaire et viticole. Les plaques de la s\u00e9rie EUROPOR peuvent \u00eatre utilis\u00e9es pour la filtration de tout aliment liquide, de la filtration grossi\u00e8re \u00e0 la filtration visant une r\u00e9duction significative de la population microbienne. Option \u00e9conomique et polyvalente pour une filtration de qualit\u00e9.<\/p>\n<p><span class=\"textosbloque\">Types de plaques Europor, en fonction de la perm\u00e9abilit\u00e9 et des microns nominaux.<\/span><\/p>\n","protected":false},"featured_media":14592,"template":"","meta":{"_acf_changed":false,"inline_featured_image":false,"site-sidebar-layout":"default","site-content-layout":"default","ast-site-content-layout":"default","site-content-style":"default","site-sidebar-style":"default","ast-global-header-display":"","ast-banner-title-visibility":"","ast-main-header-display":"","ast-hfb-above-header-display":"","ast-hfb-below-header-display":"","ast-hfb-mobile-header-display":"","site-post-title":"","ast-breadcrumbs-content":"","ast-featured-img":"","footer-sml-layout":"","ast-disable-related-posts":"","theme-transparent-header-meta":"default","adv-header-id-meta":"","stick-header-meta":"","header-above-stick-meta":"","header-main-stick-meta":"","header-below-stick-meta":"","astra-migrate-meta-layouts":"default","ast-page-background-enabled":"default","ast-page-background-meta":{"desktop":{"background-color":"var(--ast-global-color-5)","background-image":"","background-repeat":"repeat","background-position":"center center","background-size":"auto","background-attachment":"scroll","background-type":"","background-media":"","overlay-type":"","overlay-color":"","overlay-opacity":"","overlay-gradient":""},"tablet":{"background-color":"","background-image":"","background-repeat":"repeat","background-position":"center center","background-size":"auto","background-attachment":"scroll","background-type":"","background-media":"","overlay-type":"","overlay-color":"","overlay-opacity":"","overlay-gradient":""},"mobile":{"background-color":"","background-image":"","background-repeat":"repeat","background-position":"center center","background-size":"auto","background-attachment":"scroll","background-type":"","background-media":"","overlay-type":"","overlay-color":"","overlay-opacity":"","overlay-gradient":""}},"ast-content-background-meta":{"desktop":{"background-color":"var(--ast-global-color-4)","background-image":"","background-repeat":"repeat","background-position":"center center","background-size":"auto","background-attachment":"scroll","background-type":"","background-media":"","overlay-type":"","overlay-color":"","overlay-opacity":"","overlay-gradient":""},"tablet":{"background-color":"var(--ast-global-color-4)","background-image":"","background-repeat":"repeat","background-position":"center center","background-size":"auto","background-attachment":"scroll","background-type":"","background-media":"","overlay-type":"","overlay-color":"","overlay-opacity":"","overlay-gradient":""},"mobile":{"background-color":"var(--ast-global-color-4)","background-image":"","background-repeat":"repeat","background-position":"center center","background-size":"auto","background-attachment":"scroll","background-type":"","background-media":"","overlay-type":"","overlay-color":"","overlay-opacity":"","overlay-gradient":""}}},"product_brand":[],"product_cat":[357],"product_tag":[],"class_list":{"0":"post-102245","1":"product","2":"type-product","3":"status-publish","4":"has-post-thumbnail","6":"product_cat-filtration","7":"desktop-align-left","8":"tablet-align-left","9":"mobile-align-left","11":"first","12":"instock","13":"shipping-taxable","14":"product-type-simple"},"acf":[],"_links":{"self":[{"href":"https:\/\/agrovin.com\/fr\/wp-json\/wp\/v2\/product\/102245","targetHints":{"allow":["GET"]}}],"collection":[{"href":"https:\/\/agrovin.com\/fr\/wp-json\/wp\/v2\/product"}],"about":[{"href":"https:\/\/agrovin.com\/fr\/wp-json\/wp\/v2\/types\/product"}],"version-history":[{"count":0,"href":"https:\/\/agrovin.com\/fr\/wp-json\/wp\/v2\/product\/102245\/revisions"}],"wp:featuredmedia":[{"embeddable":true,"href":"https:\/\/agrovin.com\/fr\/wp-json\/wp\/v2\/media\/14592"}],"wp:attachment":[{"href":"https:\/\/agrovin.com\/fr\/wp-json\/wp\/v2\/media?parent=102245"}],"wp:term":[{"taxonomy":"product_brand","embeddable":true,"href":"https:\/\/agrovin.com\/fr\/wp-json\/wp\/v2\/product_brand?post=102245"},{"taxonomy":"product_cat","embeddable":true,"href":"https:\/\/agrovin.com\/fr\/wp-json\/wp\/v2\/product_cat?post=102245"},{"taxonomy":"product_tag","embeddable":true,"href":"https:\/\/agrovin.com\/fr\/wp-json\/wp\/v2\/product_tag?post=102245"}],"curies":[{"name":"wp","href":"https:\/\/api.w.org\/{rel}","templated":true}]}}