{"id":102210,"date":"2023-02-20T11:24:20","date_gmt":"2023-02-20T10:29:43","guid":{"rendered":"https:\/\/agrovin.com\/?post_type=product&#038;p=102210"},"modified":"2024-08-22T18:18:08","modified_gmt":"2024-08-22T17:18:08","slug":"becopad","status":"publish","type":"product","link":"https:\/\/agrovin.com\/fr\/produits-oenologiques\/filtration\/becopad\/","title":{"rendered":"BECOPAD"},"content":{"rendered":"<h3>CARACT\u00c9RISTIQUES<\/h3>\n<p>BECOPAD est une nouvelle technologie de filtration en profondeur sans agr\u00e9gats min\u00e9raux, allant de la filtration grossi\u00e8re \u00e0 la filtration pour une r\u00e9duction substantielle du contenu microbien du liquide alimentaire.<br \/>\nBEGEROW a d\u00e9velopp\u00e9 cette innovation avec sa propre \u00e9quipe de recherche. Gr\u00e2ce \u00e0 la technologie \u201cbepure\u00ae\u201d, des fibres de cellulose de haute puret\u00e9 sont entrelac\u00e9es pour former une structure unique et compacte, qui ne n\u00e9cessite pas l\u2019ajout de composants inorganiques pour r\u00e9duire la porosit\u00e9 et obtenir ainsi une meilleure efficacit\u00e9 de r\u00e9tention des micro-organismes. Les plaques BECOPAD se distinguent par leur grande puret\u00e9 ; la teneur en ions et en substances susceptibles d\u2019alt\u00e9rer le profil sensoriel des aliments est nettement inf\u00e9rieure \u00e0 celle des plaques conventionnelles.<br \/>\nL\u2019utilisation des plaques BECOPAD permet de r\u00e9duire de 50 % le volume d\u2019eau de lavage, de prolonger les cycles de filtration jusqu\u2019\u00e0 20 %, de r\u00e9duire les pertes par \u00e9gouttement jusqu\u2019\u00e0 99 % et de minimiser les pertes de couleur dues \u00e0 l\u2019adsorption. Ils sont fabriqu\u00e9s sans additifs min\u00e9raux, ce qui \u00e9limine l\u2019apport d\u2019ions solubles (Fe et Al) au vin et en fait un produit biod\u00e9gradable.<\/p>\n<h3>APPLICATION<\/h3>\n<p>La technologie BECOPAD peut \u00eatre utilis\u00e9e pour la filtration de tout aliment liquide, de la filtration grossi\u00e8re \u00e0 la filtration visant \u00e0 r\u00e9duire consid\u00e9rablement le contenu microbien.<\/p>\n<ul>\n<li>BECOPAD 115C : Filtration avec un haut degr\u00e9 de r\u00e9tention des micro-organismes. Ce milieu filtrant en profondeur est id\u00e9alement utilis\u00e9 comme protection de la membrane.<\/li>\n<li>BECOPAD 120 : Filtrat avec un haut degr\u00e9 de r\u00e9tention des micro-organismes. Filtration pour la s\u00e9paration des bact\u00e9ries dans les produits surcharg\u00e9s ou sensibles.<\/li>\n<li>BECOPAD 170 : Filtration avec un haut degr\u00e9 de r\u00e9tention des micro-organismes pour le remplissage ou le stockage en cas d\u2019\u00e9coulement important.<\/li>\n<li>BECOPAD 220 : Filtration avec un haut degr\u00e9 de r\u00e9tention des micro-organismes pour les charges de rendement moyen.<\/li>\n<li>BECOPAD 270 : Filtration avec un degr\u00e9 variable de r\u00e9tention des micro-organismes pour des charges de sortie plus faibles.<\/li>\n<li>BECOPAD 350 : Filtration avec un degr\u00e9 variable de r\u00e9tention des micro-organismes, r\u00e9duction des levures et des bact\u00e9ries.<\/li>\n<li>BECOPAD 450 : Filtrat de clarification pour la r\u00e9tention des particules fines.<\/li>\n<li>BECOPAD 550 : Filtrat de clarification pour la r\u00e9tention des grosses particules.<\/li>\n<\/ul>\n","protected":false},"excerpt":{"rendered":"<p>Plaques de filtration en profondeur sans agr\u00e9gats min\u00e9raux, pour l\u2019industrie alimentaire et vinicole. BECOPAD d\u00e9veloppe une nouvelle technologie de filtration en profondeur sans agr\u00e9gats min\u00e9raux, allant de la filtration grossi\u00e8re \u00e0 la filtration pour une r\u00e9duction substantielle du contenu microbien du liquide alimentaire. Gr\u00e2ce \u00e0 la technologie \u201cbepure \u00ae\u201d, des fibres de cellulose de haute puret\u00e9 sont entrelac\u00e9es pour former une structure unique et compacte, qui ne n\u00e9cessite pas l\u2019ajout de compos\u00e9s min\u00e9raux pour r\u00e9duire la porosit\u00e9 et obtenir ainsi une meilleure efficacit\u00e9 de r\u00e9tention des micro-organismes.<\/p>\n<p>Les plaques BECOPAD se distinguent par leur grande puret\u00e9 ; la teneur en ions et en substances susceptibles d\u2019alt\u00e9rer le profil sensoriel des aliments est nettement inf\u00e9rieure \u00e0 celle des plaques conventionnelles. Le type de filtration \u00e0 effectuer en fonction de la propret\u00e9 et\/ou du pourcentage de r\u00e9tention des\u00a0micro-organismes\u00a0peut \u00eatre choisi parmi la large gamme de plaques BECOPAD disponibles.<\/p>\n<p><span class=\"filtracion-n\">\u25b8 BECOPAD.<\/span>\u00a0<span class=\"descargar\"><a href=\"https:\/\/agrovin.com\/agrv\/pdf\/filtracion\/placas\/BECOPAD.pdf\" target=\"_blank\" rel=\"noopener noreferrer\">(t\u00e9l\u00e9charger)<\/a><\/span><br \/>\n<span class=\"filtracion-n\">\u25b8 BECOPAD \u2013 Vin.<\/span>\u00a0<span class=\"descargar\"><a href=\"https:\/\/agrovin.com\/agrv\/pdf\/filtracion\/placas\/becopad_vino.pdf\" target=\"_blank\" rel=\"noopener noreferrer\">(t\u00e9l\u00e9charger)<\/a><\/span><br \/>\n<span class=\"filtracion-n\">\u25b8 BECOPAD \u2013 Le chemin le plus pur vers les grands vins.<\/span>\u00a0<span class=\"descargar\"><a href=\"https:\/\/agrovin.com\/agrv\/pdf\/filtracion\/placas\/beco_camino.pdf\" target=\"_blank\" rel=\"noopener noreferrer\">(t\u00e9l\u00e9charger)<\/a><\/span><br \/>\n<span class=\"filtracion-n\">BECOPAD \u2013 La filtration la plus douce pour les vins de qualit\u00e9 sup\u00e9rieure.<\/span>\u00a0<span class=\"descargar\"><a href=\"https:\/\/agrovin.com\/agrv\/pdf\/filtracion\/placas\/becopad_filtracion.pdf\" target=\"_blank\" rel=\"noopener noreferrer\">(t\u00e9l\u00e9charger)<\/a><\/span><br \/>\n<span class=\"filtracion-n\">BECOPAD \u2013 technologie de filtration de pointe.<\/span>\u00a0<span class=\"descargar\"><a href=\"https:\/\/agrovin.com\/agrv\/pdf\/filtracion\/placas\/becopad_tecnica.pdf\" target=\"_blank\" rel=\"noopener noreferrer\">(t\u00e9l\u00e9charger)<\/a><\/span><\/p>\n","protected":false},"featured_media":14592,"template":"","meta":{"_acf_changed":false,"inline_featured_image":false,"site-sidebar-layout":"default","site-content-layout":"default","ast-site-content-layout":"default","site-content-style":"default","site-sidebar-style":"default","ast-global-header-display":"","ast-banner-title-visibility":"","ast-main-header-display":"","ast-hfb-above-header-display":"","ast-hfb-below-header-display":"","ast-hfb-mobile-header-display":"","site-post-title":"","ast-breadcrumbs-content":"","ast-featured-img":"","footer-sml-layout":"","ast-disable-related-posts":"","theme-transparent-header-meta":"default","adv-header-id-meta":"","stick-header-meta":"","header-above-stick-meta":"","header-main-stick-meta":"","header-below-stick-meta":"","astra-migrate-meta-layouts":"default","ast-page-background-enabled":"default","ast-page-background-meta":{"desktop":{"background-color":"var(--ast-global-color-5)","background-image":"","background-repeat":"repeat","background-position":"center center","background-size":"auto","background-attachment":"scroll","background-type":"","background-media":"","overlay-type":"","overlay-color":"","overlay-opacity":"","overlay-gradient":""},"tablet":{"background-color":"","background-image":"","background-repeat":"repeat","background-position":"center center","background-size":"auto","background-attachment":"scroll","background-type":"","background-media":"","overlay-type":"","overlay-color":"","overlay-opacity":"","overlay-gradient":""},"mobile":{"background-color":"","background-image":"","background-repeat":"repeat","background-position":"center center","background-size":"auto","background-attachment":"scroll","background-type":"","background-media":"","overlay-type":"","overlay-color":"","overlay-opacity":"","overlay-gradient":""}},"ast-content-background-meta":{"desktop":{"background-color":"var(--ast-global-color-4)","background-image":"","background-repeat":"repeat","background-position":"center center","background-size":"auto","background-attachment":"scroll","background-type":"","background-media":"","overlay-type":"","overlay-color":"","overlay-opacity":"","overlay-gradient":""},"tablet":{"background-color":"var(--ast-global-color-4)","background-image":"","background-repeat":"repeat","background-position":"center center","background-size":"auto","background-attachment":"scroll","background-type":"","background-media":"","overlay-type":"","overlay-color":"","overlay-opacity":"","overlay-gradient":""},"mobile":{"background-color":"var(--ast-global-color-4)","background-image":"","background-repeat":"repeat","background-position":"center center","background-size":"auto","background-attachment":"scroll","background-type":"","background-media":"","overlay-type":"","overlay-color":"","overlay-opacity":"","overlay-gradient":""}}},"product_brand":[],"product_cat":[357],"product_tag":[],"class_list":{"0":"post-102210","1":"product","2":"type-product","3":"status-publish","4":"has-post-thumbnail","6":"product_cat-filtration","7":"desktop-align-left","8":"tablet-align-left","9":"mobile-align-left","11":"first","12":"instock","13":"shipping-taxable","14":"product-type-simple"},"acf":[],"_links":{"self":[{"href":"https:\/\/agrovin.com\/fr\/wp-json\/wp\/v2\/product\/102210","targetHints":{"allow":["GET"]}}],"collection":[{"href":"https:\/\/agrovin.com\/fr\/wp-json\/wp\/v2\/product"}],"about":[{"href":"https:\/\/agrovin.com\/fr\/wp-json\/wp\/v2\/types\/product"}],"version-history":[{"count":1,"href":"https:\/\/agrovin.com\/fr\/wp-json\/wp\/v2\/product\/102210\/revisions"}],"predecessor-version":[{"id":116206,"href":"https:\/\/agrovin.com\/fr\/wp-json\/wp\/v2\/product\/102210\/revisions\/116206"}],"wp:featuredmedia":[{"embeddable":true,"href":"https:\/\/agrovin.com\/fr\/wp-json\/wp\/v2\/media\/14592"}],"wp:attachment":[{"href":"https:\/\/agrovin.com\/fr\/wp-json\/wp\/v2\/media?parent=102210"}],"wp:term":[{"taxonomy":"product_brand","embeddable":true,"href":"https:\/\/agrovin.com\/fr\/wp-json\/wp\/v2\/product_brand?post=102210"},{"taxonomy":"product_cat","embeddable":true,"href":"https:\/\/agrovin.com\/fr\/wp-json\/wp\/v2\/product_cat?post=102210"},{"taxonomy":"product_tag","embeddable":true,"href":"https:\/\/agrovin.com\/fr\/wp-json\/wp\/v2\/product_tag?post=102210"}],"curies":[{"name":"wp","href":"https:\/\/api.w.org\/{rel}","templated":true}]}}