{"id":96891,"date":"2023-02-03T12:02:39","date_gmt":"2023-02-03T11:02:39","guid":{"rendered":"https:\/\/staging.agrovin.com\/stabilisation-et-mise-en-bouteille\/dosage-a-la-mise-en-bouteille\/"},"modified":"2023-02-03T12:02:40","modified_gmt":"2023-02-03T11:02:40","slug":"dosage-a-la-mise-en-bouteille","status":"publish","type":"page","link":"https:\/\/agrovin.com\/fr\/mise-en-bouteille\/dosage-a-la-mise-en-bouteille\/","title":{"rendered":"Dosage \u00e0 la mise en bouteille"},"content":{"rendered":"\t\t<div data-elementor-type=\"wp-page\" data-elementor-id=\"96891\" class=\"elementor elementor-96891 elementor-95402\" data-elementor-post-type=\"page\">\n\t\t\t\t\t\t<section class=\"elementor-section elementor-top-section elementor-element elementor-element-15b3e93 elementor-section-height-min-height elementor-section-boxed elementor-section-height-default elementor-section-items-middle\" data-id=\"15b3e93\" data-element_type=\"section\" data-e-type=\"section\" data-settings=\"{&quot;background_background&quot;:&quot;classic&quot;}\">\n\t\t\t\t\t\t<div class=\"elementor-container elementor-column-gap-default\">\n\t\t\t\t\t<div class=\"elementor-column elementor-col-100 elementor-top-column elementor-element elementor-element-0de79ae\" data-id=\"0de79ae\" data-element_type=\"column\" data-e-type=\"column\">\n\t\t\t<div class=\"elementor-widget-wrap\">\n\t\t\t\t\t\t\t<\/div>\n\t\t<\/div>\n\t\t\t\t\t<\/div>\n\t\t<\/section>\n\t\t\t\t<section class=\"elementor-section elementor-top-section elementor-element elementor-element-5f0f79d elementor-section-boxed elementor-section-height-default elementor-section-height-default\" data-id=\"5f0f79d\" data-element_type=\"section\" data-e-type=\"section\">\n\t\t\t\t\t\t<div class=\"elementor-container elementor-column-gap-default\">\n\t\t\t\t\t<div class=\"elementor-column elementor-col-100 elementor-top-column elementor-element elementor-element-c80836b\" data-id=\"c80836b\" data-element_type=\"column\" data-e-type=\"column\">\n\t\t\t<div class=\"elementor-widget-wrap elementor-element-populated\">\n\t\t\t\t\t\t<div class=\"elementor-element elementor-element-038a0c0 elementor-widget elementor-widget-text-editor\" data-id=\"038a0c0\" data-element_type=\"widget\" data-e-type=\"widget\" data-widget_type=\"text-editor.default\">\n\t\t\t\t<div class=\"elementor-widget-container\">\n\t\t\t\t\t\t\t\t\t<p>La mise en bouteille est une \u00e9tape cruciale du processus de vinification, car c&#8217;est le dernier moment o\u00f9 le vigneron peut agir sur le vin. Le vin mis en bouteille doit \u00eatre stable dans le temps, ce qui n\u00e9cessite l&#8217;application de protecteurs collo\u00efdaux. L&#8217;application de ces solutions \u0153nologiques est une phase critique, car elles doivent \u00eatre appliqu\u00e9es avec pr\u00e9cision et homog\u00e9n\u00e9is\u00e9es correctement pour assurer une stabilisation totale de toutes les bouteilles.<\/p>\n<p>Agrovin a d\u00e9velopp\u00e9 notre \u00e9quipement de dosage Agatha PRO pour une s\u00e9curit\u00e9 et une fiabilit\u00e9 maximales afin de fournir une solution \u00e0 ce probl\u00e8me.  <\/p>\n\t\t\t\t\t\t\t\t<\/div>\n\t\t\t\t<\/div>\n\t\t\t\t<section class=\"elementor-section elementor-inner-section elementor-element elementor-element-15a0487 elementor-section-boxed elementor-section-height-default elementor-section-height-default\" data-id=\"15a0487\" data-element_type=\"section\" data-e-type=\"section\">\n\t\t\t\t\t\t<div class=\"elementor-container elementor-column-gap-extended\">\n\t\t\t\t\t<div class=\"elementor-column elementor-col-50 elementor-inner-column elementor-element elementor-element-dfa10be\" data-id=\"dfa10be\" data-element_type=\"column\" data-e-type=\"column\">\n\t\t\t<div class=\"elementor-widget-wrap elementor-element-populated\">\n\t\t\t\t\t\t<div class=\"elementor-element elementor-element-e652866 elementor-widget elementor-widget-image\" data-id=\"e652866\" data-element_type=\"widget\" data-e-type=\"widget\" data-widget_type=\"image.default\">\n\t\t\t\t<div class=\"elementor-widget-container\">\n\t\t\t\t\t\t\t\t\t\t\t\t\t\t\t<img fetchpriority=\"high\" decoding=\"async\" width=\"600\" height=\"600\" src=\"https:\/\/agrovin.com\/wp-content\/uploads\/2022\/01\/Agatha-PRO-optimizado.png\" class=\"attachment-large size-large wp-image-74627\" alt=\"\" srcset=\"https:\/\/agrovin.com\/wp-content\/uploads\/2022\/01\/Agatha-PRO-optimizado.png 600w, https:\/\/agrovin.com\/wp-content\/uploads\/2022\/01\/Agatha-PRO-optimizado-300x300.png 300w, https:\/\/agrovin.com\/wp-content\/uploads\/2022\/01\/Agatha-PRO-optimizado-150x150.png 150w, https:\/\/agrovin.com\/wp-content\/uploads\/2022\/01\/Agatha-PRO-optimizado-270x270.png 270w, https:\/\/agrovin.com\/wp-content\/uploads\/2022\/01\/Agatha-PRO-optimizado-100x100.png 100w\" sizes=\"(max-width: 600px) 100vw, 600px\" title=\"\">\t\t\t\t\t\t\t\t\t\t\t\t\t\t\t<\/div>\n\t\t\t\t<\/div>\n\t\t\t\t\t<\/div>\n\t\t<\/div>\n\t\t\t\t<div class=\"elementor-column elementor-col-50 elementor-inner-column elementor-element elementor-element-ddf1260\" data-id=\"ddf1260\" data-element_type=\"column\" data-e-type=\"column\">\n\t\t\t<div class=\"elementor-widget-wrap elementor-element-populated\">\n\t\t\t\t\t\t<div class=\"elementor-element elementor-element-9980253 elementor-widget elementor-widget-image\" data-id=\"9980253\" data-element_type=\"widget\" data-e-type=\"widget\" data-widget_type=\"image.default\">\n\t\t\t\t<div class=\"elementor-widget-container\">\n\t\t\t\t\t\t\t\t\t\t\t\t\t\t\t<img decoding=\"async\" width=\"242\" height=\"46\" src=\"https:\/\/agrovin.com\/wp-content\/uploads\/2018\/03\/LOGO-AGATHA-GRANDE.png\" class=\"attachment-large size-large wp-image-41883\" alt=\"\" title=\"\">\t\t\t\t\t\t\t\t\t\t\t\t\t\t\t<\/div>\n\t\t\t\t<\/div>\n\t\t\t\t<div class=\"elementor-element elementor-element-3796da2 elementor-widget elementor-widget-text-editor\" data-id=\"3796da2\" data-element_type=\"widget\" data-e-type=\"widget\" data-widget_type=\"text-editor.default\">\n\t\t\t\t<div class=\"elementor-widget-container\">\n\t\t\t\t\t\t\t\t\t<p>Il s&#8217;agit d&#8217;un \u00e9quipement de pointe pour le dosage pr\u00e9cis en ligne de solutions liquides. Le dosage est effectu\u00e9 par des pompes \u00e0 piston \u00e9lectrom\u00e9caniques de haute pr\u00e9cision avec des corps en acier inoxydable r\u00e9sistant \u00e0 la corrosion. Les pompes doseuses ont une double r\u00e9gulation (m\u00e9canique et \u00e9lectronique) pour garantir une plus grande pr\u00e9cision.<\/p>\n\t\t\t\t\t\t\t\t<\/div>\n\t\t\t\t<\/div>\n\t\t\t\t<div class=\"elementor-element elementor-element-9db4630 elementor-widget elementor-widget-button\" data-id=\"9db4630\" data-element_type=\"widget\" data-e-type=\"widget\" data-widget_type=\"button.default\">\n\t\t\t\t<div class=\"elementor-widget-container\">\n\t\t\t\t\t\t\t\t\t<div class=\"elementor-button-wrapper\">\n\t\t\t\t\t<a class=\"elementor-button elementor-button-link elementor-size-sm\" href=\"#\">\n\t\t\t\t\t\t<span class=\"elementor-button-content-wrapper\">\n\t\t\t\t\t\t\t\t\t<span class=\"elementor-button-text\">Voir Agatha PRO<\/span>\n\t\t\t\t\t<\/span>\n\t\t\t\t\t<\/a>\n\t\t\t\t<\/div>\n\t\t\t\t\t\t\t\t<\/div>\n\t\t\t\t<\/div>\n\t\t\t\t\t<\/div>\n\t\t<\/div>\n\t\t\t\t\t<\/div>\n\t\t<\/section>\n\t\t\t\t<div class=\"elementor-element elementor-element-0f45162 elementor-widget elementor-widget-text-editor\" data-id=\"0f45162\" data-element_type=\"widget\" data-e-type=\"widget\" data-widget_type=\"text-editor.default\">\n\t\t\t\t<div class=\"elementor-widget-container\">\n\t\t\t\t\t\t\t\t\t<p>La structure mobile, sur laquelle repose l&#8217;\u00e9quipement, permet de l&#8217;incorporer facilement dans la ligne d&#8217;embouteillage am\u00e9nag\u00e9e dans le chai. Selon la nature du produit \u00e0 doser, l&#8217;\u00e9quipement sera plac\u00e9 avant ou apr\u00e8s la microfiltration. L&#8217;\u00e9quipement dispose d&#8217;un \u00e9cran tactile \u00e0 travers lequel l&#8217;utilisateur proc\u00e9dera \u00e0 sa programmation de mani\u00e8re intuitive, gr\u00e2ce \u00e0 son logiciel sp\u00e9cialement con\u00e7u pour cette fonction.<\/p>\n<p>AGATHA PRO dispose de capteurs de d\u00e9bit du produit \u00e0 ajouter, qui assurent un dosage pr\u00e9cis et homog\u00e8ne. Il dispose d&#8217;une alarme sonore et lumineuse en cas de manque de d\u00e9bit d\u00fb \u00e0 l&#8217;absence de produit.<\/p>\n<p>L&#8217;\u00e9quipement a la possibilit\u00e9 d&#8217;\u00eatre interverrouill\u00e9 avec la ligne d&#8217;embouteillage, pour travailler en synergie et arr\u00eater la ligne en cas d&#8217;anomalie dans l&#8217;ajout de produit, garantissant ainsi un dosage efficace. AGATHA PRO est \u00e9quip\u00e9 d&#8217;un tuyau d\u00e9bitm\u00e8tre qui est connect\u00e9 \u00e0 la ligne de la cave. En fonction de la lecture du d\u00e9bit de vin, l&#8217;\u00e9quipement ajuste l&#8217;ajout de produit. Le dosage commence lorsque le syst\u00e8me d\u00e9tecte un d\u00e9bit et s&#8217;arr\u00eate lorsqu&#8217;il n&#8217;y a plus de mouvement du vin. Gr\u00e2ce \u00e0 un syst\u00e8me d&#8217;alarme sonore, l&#8217;utilisateur saura imm\u00e9diatement si le produit \u00e0 doser est \u00e9puis\u00e9.<\/p>\n\t\t\t\t\t\t\t\t<\/div>\n\t\t\t\t<\/div>\n\t\t\t\t\t<\/div>\n\t\t<\/div>\n\t\t\t\t\t<\/div>\n\t\t<\/section>\n\t\t\t\t<\/div>\n\t\t","protected":false},"excerpt":{"rendered":"<p>La mise en bouteille est une \u00e9tape cruciale du processus de vinification, car c&#8217;est le dernier moment o\u00f9 le vigneron peut agir sur le vin. Le vin mis en bouteille doit \u00eatre stable dans le temps, ce qui n\u00e9cessite l&#8217;application de protecteurs collo\u00efdaux. L&#8217;application de ces solutions \u0153nologiques est une phase critique, car elles doivent [&hellip;]<\/p>\n","protected":false},"author":347,"featured_media":0,"parent":77588,"menu_order":0,"comment_status":"closed","ping_status":"closed","template":"","meta":{"_acf_changed":false,"inline_featured_image":false,"site-sidebar-layout":"no-sidebar","site-content-layout":"page-builder","ast-site-content-layout":"full-width-container","site-content-style":"unboxed","site-sidebar-style":"unboxed","ast-global-header-display":"","ast-banner-title-visibility":"","ast-main-header-display":"","ast-hfb-above-header-display":"","ast-hfb-below-header-display":"","ast-hfb-mobile-header-display":"","site-post-title":"disabled","ast-breadcrumbs-content":"","ast-featured-img":"disabled","footer-sml-layout":"","ast-disable-related-posts":"","theme-transparent-header-meta":"default","adv-header-id-meta":"","stick-header-meta":"","header-above-stick-meta":"","header-main-stick-meta":"","header-below-stick-meta":"","astra-migrate-meta-layouts":"default","ast-page-background-enabled":"default","ast-page-background-meta":{"desktop":{"background-color":"var(--ast-global-color-5)","background-image":"","background-repeat":"repeat","background-position":"center center","background-size":"auto","background-attachment":"scroll","background-type":"","background-media":"","overlay-type":"","overlay-color":"","overlay-opacity":"","overlay-gradient":""},"tablet":{"background-color":"","background-image":"","background-repeat":"repeat","background-position":"center center","background-size":"auto","background-attachment":"scroll","background-type":"","background-media":"","overlay-type":"","overlay-color":"","overlay-opacity":"","overlay-gradient":""},"mobile":{"background-color":"","background-image":"","background-repeat":"repeat","background-position":"center center","background-size":"auto","background-attachment":"scroll","background-type":"","background-media":"","overlay-type":"","overlay-color":"","overlay-opacity":"","overlay-gradient":""}},"ast-content-background-meta":{"desktop":{"background-color":"var(--ast-global-color-4)","background-image":"","background-repeat":"repeat","background-position":"center center","background-size":"auto","background-attachment":"scroll","background-type":"","background-media":"","overlay-type":"","overlay-color":"","overlay-opacity":"","overlay-gradient":""},"tablet":{"background-color":"var(--ast-global-color-4)","background-image":"","background-repeat":"repeat","background-position":"center center","background-size":"auto","background-attachment":"scroll","background-type":"","background-media":"","overlay-type":"","overlay-color":"","overlay-opacity":"","overlay-gradient":""},"mobile":{"background-color":"var(--ast-global-color-4)","background-image":"","background-repeat":"repeat","background-position":"center center","background-size":"auto","background-attachment":"scroll","background-type":"","background-media":"","overlay-type":"","overlay-color":"","overlay-opacity":"","overlay-gradient":""}},"footnotes":""},"class_list":["post-96891","page","type-page","status-publish","hentry"],"acf":[],"_links":{"self":[{"href":"https:\/\/agrovin.com\/fr\/wp-json\/wp\/v2\/pages\/96891","targetHints":{"allow":["GET"]}}],"collection":[{"href":"https:\/\/agrovin.com\/fr\/wp-json\/wp\/v2\/pages"}],"about":[{"href":"https:\/\/agrovin.com\/fr\/wp-json\/wp\/v2\/types\/page"}],"author":[{"embeddable":true,"href":"https:\/\/agrovin.com\/fr\/wp-json\/wp\/v2\/users\/347"}],"replies":[{"embeddable":true,"href":"https:\/\/agrovin.com\/fr\/wp-json\/wp\/v2\/comments?post=96891"}],"version-history":[{"count":0,"href":"https:\/\/agrovin.com\/fr\/wp-json\/wp\/v2\/pages\/96891\/revisions"}],"up":[{"embeddable":true,"href":"https:\/\/agrovin.com\/fr\/wp-json\/wp\/v2\/pages\/77588"}],"wp:attachment":[{"href":"https:\/\/agrovin.com\/fr\/wp-json\/wp\/v2\/media?parent=96891"}],"curies":[{"name":"wp","href":"https:\/\/api.w.org\/{rel}","templated":true}]}}