{"id":87159,"date":"2018-02-20T16:34:14","date_gmt":"2018-02-20T16:34:14","guid":{"rendered":"https:\/\/staging.agrovin.com\/condiciones-de-uso\/"},"modified":"2025-04-03T17:29:53","modified_gmt":"2025-04-03T15:29:53","slug":"conditions-dutilisation","status":"publish","type":"page","link":"https:\/\/agrovin.com\/fr\/conditions-dutilisation\/","title":{"rendered":"Conditions d&#8217;utilisation"},"content":{"rendered":"\t\t<div data-elementor-type=\"wp-page\" data-elementor-id=\"87159\" class=\"elementor elementor-87159 elementor-110\" data-elementor-post-type=\"page\">\n\t\t\t\t\t\t<section class=\"elementor-section elementor-top-section elementor-element elementor-element-1978c448 elementor-section-boxed elementor-section-height-default elementor-section-height-default\" data-id=\"1978c448\" data-element_type=\"section\" data-e-type=\"section\">\n\t\t\t\t\t\t<div class=\"elementor-container elementor-column-gap-default\">\n\t\t\t\t\t<div class=\"elementor-column elementor-col-100 elementor-top-column elementor-element elementor-element-20d67c2\" data-id=\"20d67c2\" data-element_type=\"column\" data-e-type=\"column\">\n\t\t\t<div class=\"elementor-widget-wrap elementor-element-populated\">\n\t\t\t\t\t\t<div class=\"elementor-element elementor-element-b3f7d10 elementor-widget elementor-widget-heading\" data-id=\"b3f7d10\" data-element_type=\"widget\" data-e-type=\"widget\" data-widget_type=\"heading.default\">\n\t\t\t\t<div class=\"elementor-widget-container\">\n\t\t\t\t\t<h2 class=\"elementor-heading-title elementor-size-default\">Conditions d'utilisation<\/h2>\t\t\t\t<\/div>\n\t\t\t\t<\/div>\n\t\t\t\t<div class=\"elementor-element elementor-element-5d3687f1 elementor-widget elementor-widget-text-editor\" data-id=\"5d3687f1\" data-element_type=\"widget\" data-e-type=\"widget\" data-widget_type=\"text-editor.default\">\n\t\t\t\t<div class=\"elementor-widget-container\">\n\t\t\t\t\t\t\t\t\t<p><strong>1.- PROPRI\u00c9T\u00c9, UTILISATION RESPONSABLE ET OBJECTIF DU SITE WEB.<\/strong><\/p><p>Ce site web est la propri\u00e9t\u00e9 d&#8217;AGROVIN et son contenu a un caract\u00e8re informatif des services offerts par cette Entit\u00e9, ainsi que pour faciliter la r\u00e9ponse aux utilisateurs qui demandent des informations \u00e0 travers le courrier \u00e9lectronique ou des formulaires permis \u00e0 ces effets, la r\u00e9ception de curriculum vitae et, dans son cas, l&#8217;envoi du bulletin aux utilisateurs qui ont r\u00e9alis\u00e9 son abonnement, tout cela, soumis \u00e0 la politique de l&#8217;Entit\u00e9 en mati\u00e8re de protection de l&#8217;information et qui est d\u00e9taill\u00e9e dans la politique de confidentialit\u00e9 de ces conditions d&#8217;utilisation.<\/p><p>Le fait d&#8217;acc\u00e9der \u00e0 ce site web implique la connaissance et l&#8217;acceptation des conditions suivantes d&#8217;utilisation de son contenu, ainsi que l&#8217;acceptation de la politique \u00e9tablie sur la protection des donn\u00e9es lors de la fourniture de donn\u00e9es personnelles de leurs propres ou de tiers, et attribue la condition de l&#8217;utilisateur du portail et l&#8217;acc\u00e8s \u00e0 celui-ci implique son acceptation sans r\u00e9serve.<\/p><p>Sauf mention expresse contraire, l&#8217;acc\u00e8s aux informations figurant sur les pages du portail est totalement gratuit. AGROVIN, titulaire du site web, se r\u00e9serve la facult\u00e9 d&#8217;effectuer, \u00e0 tout moment et sans besoin d&#8217;avertissement pr\u00e9alable, des modifications et des mises \u00e0 jour de l&#8217;information contenue dans son site web ou dans la configuration et la pr\u00e9sentation de celui-ci.<\/p><p>AGROVIN ne garantit pas l&#8217;inexistence d&#8217;erreurs dans l&#8217;acc\u00e8s au site web, dans son contenu ou dans la mise \u00e0 jour de celui-ci. En revanche, elle mettra tous les moyens \u00e0 sa port\u00e9e pour les \u00e9viter, les corriger ou les actualiser.<\/p><p>Tant l&#8217;acc\u00e8s \u00e0 ce web comme l&#8217;utilisation qui peut \u00eatre faite de l&#8217;information contenue dans le m\u00eame est responsabilit\u00e9 exclusive de celui qui le r\u00e9alise. AGROVIN ne r\u00e9pondra d&#8217;aucune cons\u00e9quence, mauvais fonctionnement, dommage ou pr\u00e9judice qui pourrait d\u00e9river de cet acc\u00e8s ou utilisation de l&#8217;information en dehors de sa volont\u00e9.<br \/>L&#8217;utilisateur assumera tous les frais, co\u00fbts et compensations qui pourraient d\u00e9river des processus engag\u00e9s contre lui pour violation de ce qui est \u00e9tabli dans les conditions d&#8217;utilisation.<\/p><p>AGROVIN n&#8217;est pas responsable de l&#8217;\u00e9tat de la connexion d&#8217;acc\u00e8s ou du contenu des liens de tiers auxquels il est fait r\u00e9f\u00e9rence sur le site.<br \/>Les donn\u00e9es correspondant \u00e0 la propri\u00e9t\u00e9 du site web et qui r\u00e9pondent \u00e0 l&#8217;article 10 de la LSSI peuvent \u00eatre consult\u00e9es dans la section Avertissement l\u00e9gal qui se trouve en bas de page de ce site sur Internet.<\/p><p>La finalit\u00e9 de ce site web est d\u00e9crite ci-dessous : informer les utilisateurs des services offerts par AGROVIN, fournir les informations que les utilisateurs demandent et envoyer le bulletin d&#8217;information aux utilisateurs qui s&#8217;inscrivent et le demandent en cas d&#8217;offre de ce service, ainsi que la r\u00e9ception des curriculum vitae des utilisateurs qui souhaitent travailler \u00e0 AGROVIN.<\/p><p><strong>2.- LA PROPRI\u00c9T\u00c9 INTELLECTUELLE ET INDUSTRIELLE.<\/strong><\/p><p>Tous les droits de propri\u00e9t\u00e9 industrielle et intellectuelle des \u00e9l\u00e9ments qui composent la conception graphique de son site web, les menus, les boutons de navigation, le code HTML, les applets Java ou Java Script, les contr\u00f4les Actives, les textes, les images, les textures, les graphiques et tout autre contenu du &#8220;site web&#8221; sont r\u00e9serv\u00e9s ou, en tout cas, a l&#8217;autorisation d&#8217;utiliser ces \u00e9l\u00e9ments.<\/p><p>De m\u00eame, AGROVIN est propri\u00e9taire des droits de propri\u00e9t\u00e9 industrielle d\u00e9riv\u00e9s de l&#8217;utilisation des marques, des signes distinctifs et des noms commerciaux, \u00e0 l&#8217;exception de ceux correspondant aux sponsors, commanditaires, annonceurs, etc., qui peuvent appara\u00eetre sur ce site web, ainsi que ceux correspondant aux liens qui peuvent \u00eatre r\u00e9alis\u00e9s depuis cette page web.<\/p><p>Les photographies qui peuvent appara\u00eetre sur le site ou par le biais de liens vers d&#8217;autres pages ne peuvent \u00eatre utilis\u00e9es par l&#8217;utilisateur \u00e0 quelque fin que ce soit sans l&#8217;autorisation de leur propri\u00e9taire. L&#8217;utilisation indue de ces derniers de la part de l&#8217;utilisateur le rendra seul responsable devant AGROVIN et les tiers, des dommages caus\u00e9s ainsi que des violations l\u00e9gales qui pourraient d\u00e9river de l&#8217;utilisation de ces derniers.<\/p><p>AGROVIN se r\u00e9serve les droits de reproduction, modification, adaptation, communication publique, maintenance, correction d&#8217;erreurs, cession, vente, location, pr\u00eat et\/ou tout autre droit de propri\u00e9t\u00e9 intellectuelle ou industrielle qui peut lui correspondre sur le contenu du site web. Tout exercice des droits ant\u00e9rieurs, ind\u00e9pendamment de la mani\u00e8re ou de la forme dans laquelle ils ont \u00e9t\u00e9 produits, requiert l&#8217;autorisation pr\u00e9alable et \u00e9crite de AGROVIN.<\/p><p>En aucun cas, AGROVIN ne sera responsable des \u00e9ventuelles infractions que, en mati\u00e8re de propri\u00e9t\u00e9 intellectuelle et industrielle, pourrait commettre tout utilisateur du site web.<\/p><p>AGROVIN se r\u00e9serve le droit de modifier le contenu et les \u00e9l\u00e9ments qui int\u00e8grent son site web, sans besoin de le communiquer pr\u00e9alablement, lorsqu&#8217;elle le consid\u00e8re opportun en fonction de l&#8217;exercice de ses services.<\/p><p>AGROVIN n&#8217;est pas responsable de l&#8217;int\u00e9grit\u00e9 et de la v\u00e9racit\u00e9 du contenu des liens vers les sites web auxquels on peut acc\u00e9der \u00e0 partir de sa page web.<\/p><p>AGROVIN met \u00e0 la disposition des utilisateurs un groupe de professionnels charg\u00e9s de mettre \u00e0 jour et de r\u00e9viser la v\u00e9racit\u00e9 et l&#8217;int\u00e9grit\u00e9 du contenu de l&#8217;information vers\u00e9e dans le site web. Cependant, \u00e9tant donn\u00e9 la nature du support et les risques possibles d&#8217;interruption du service, d&#8217;alt\u00e9ration de l&#8217;acc\u00e8s ou des contenus du site web par des tiers, AGROVIN exclut toute responsabilit\u00e9 qui pourrait d\u00e9couler des contenus qui apparaissent sur son site web.<\/p><p><strong>3.- LES HYPERLIENS.<\/strong><\/p><p>L&#8217;\u00e9tablissement de tout lien hypertexte d&#8217;une page web externe vers l&#8217;une des pages de ce site web doit \u00eatre effectu\u00e9 conform\u00e9ment aux conditions suivantes :<br \/>&#8211; La reproduction totale ou partielle de l&#8217;un des services contenus dans ce site web n&#8217;est pas autoris\u00e9e.<br \/>&#8211; Aucune d\u00e9claration fausse, inexacte ou incorrecte concernant les pages de ce site web et ses services ne sera incluse.<br \/>&#8211; AGROVIN ne sera pas responsable des contenus, informations, d\u00e9clarations, opinions ou services mis \u00e0 la disposition du public sur la page web \u00e0 partir de laquelle un lien hypertexte vers ce site web est \u00e9tabli.<br \/>&#8211; Tout lien hypertexte sera fait vers la page d&#8217;accueil de ce site web. Dans le cas o\u00f9 ils existent, les hyperliens de ce site web auront \u00e9t\u00e9 valid\u00e9s pr\u00e9alablement avec les propri\u00e9taires des pages web li\u00e9es, AGROVIN n&#8217;\u00e9tant pas responsable des activit\u00e9s que les utilisateurs r\u00e9alisent dans ces pages li\u00e9es, en particulier dans les cas qui sont contraires \u00e0 la loi, la morale et l&#8217;ordre public.<\/p><p><strong>4.- VALIDIT\u00c9 DES CONDITIONS D&#8217;UTILISATION.<\/strong><\/p><p>Les conditions d&#8217;utilisation de ce site web sont ind\u00e9finies et restent en vigueur tant que le portail est actif. L&#8217;utilisateur reconna\u00eet avoir pris connaissance de ces conditions et les accepte.<\/p><p><strong>5.- NULLIT\u00c9 ET EFFICACIT\u00c9 DES CLAUSES.<\/strong><\/p><p>Si une clause incluse dans ces conditions est d\u00e9clar\u00e9e totalement ou partiellement nulle ou inefficace, cette nullit\u00e9 n&#8217;affectera que cette disposition ou la partie de celle-ci qui est nulle ou inefficace, le reste des conditions restant en vigueur.<\/p><p><strong>6.- DROIT APPLICABLE ET JURIDICTION.<\/strong><\/p><p>Les pr\u00e9sentes conditions d&#8217;utilisation sont r\u00e9gies par le droit espagnol. En cas de litige ou de diff\u00e9rend li\u00e9 \u00e0 l&#8217;interpr\u00e9tation ou \u00e0 l&#8217;application des pr\u00e9sentes conditions g\u00e9n\u00e9rales, les parties se soumettent, en renon\u00e7ant express\u00e9ment \u00e0 toute autre juridiction, aux Cours et Tribunaux de la ville de Ciudad Real.<\/p><p>\u00a0<\/p>\t\t\t\t\t\t\t\t<\/div>\n\t\t\t\t<\/div>\n\t\t\t\t\t<\/div>\n\t\t<\/div>\n\t\t\t\t\t<\/div>\n\t\t<\/section>\n\t\t\t\t<\/div>\n\t\t","protected":false},"excerpt":{"rendered":"<p>Conditions d&#8217;utilisation 1.- PROPRI\u00c9T\u00c9, UTILISATION RESPONSABLE ET OBJECTIF DU SITE WEB. Ce site web est la propri\u00e9t\u00e9 d&#8217;AGROVIN et son contenu a un caract\u00e8re informatif des services offerts par cette Entit\u00e9, ainsi que pour faciliter la r\u00e9ponse aux utilisateurs qui demandent des informations \u00e0 travers le courrier \u00e9lectronique ou des formulaires permis \u00e0 ces effets, [&hellip;]<\/p>\n","protected":false},"author":359,"featured_media":0,"parent":0,"menu_order":0,"comment_status":"closed","ping_status":"closed","template":"elementor_header_footer","meta":{"_acf_changed":false,"inline_featured_image":false,"site-sidebar-layout":"default","site-content-layout":"default","ast-site-content-layout":"default","site-content-style":"default","site-sidebar-style":"default","ast-global-header-display":"","ast-banner-title-visibility":"","ast-main-header-display":"","ast-hfb-above-header-display":"","ast-hfb-below-header-display":"","ast-hfb-mobile-header-display":"","site-post-title":"","ast-breadcrumbs-content":"","ast-featured-img":"","footer-sml-layout":"","ast-disable-related-posts":"","theme-transparent-header-meta":"default","adv-header-id-meta":"","stick-header-meta":"","header-above-stick-meta":"","header-main-stick-meta":"","header-below-stick-meta":"","astra-migrate-meta-layouts":"default","ast-page-background-enabled":"default","ast-page-background-meta":{"desktop":{"background-color":"var(--ast-global-color-5)","background-image":"","background-repeat":"repeat","background-position":"center center","background-size":"auto","background-attachment":"scroll","background-type":"","background-media":"","overlay-type":"","overlay-color":"","overlay-opacity":"","overlay-gradient":""},"tablet":{"background-color":"","background-image":"","background-repeat":"repeat","background-position":"center center","background-size":"auto","background-attachment":"scroll","background-type":"","background-media":"","overlay-type":"","overlay-color":"","overlay-opacity":"","overlay-gradient":""},"mobile":{"background-color":"","background-image":"","background-repeat":"repeat","background-position":"center center","background-size":"auto","background-attachment":"scroll","background-type":"","background-media":"","overlay-type":"","overlay-color":"","overlay-opacity":"","overlay-gradient":""}},"ast-content-background-meta":{"desktop":{"background-color":"var(--ast-global-color-4)","background-image":"","background-repeat":"repeat","background-position":"center center","background-size":"auto","background-attachment":"scroll","background-type":"","background-media":"","overlay-type":"","overlay-color":"","overlay-opacity":"","overlay-gradient":""},"tablet":{"background-color":"var(--ast-global-color-4)","background-image":"","background-repeat":"repeat","background-position":"center center","background-size":"auto","background-attachment":"scroll","background-type":"","background-media":"","overlay-type":"","overlay-color":"","overlay-opacity":"","overlay-gradient":""},"mobile":{"background-color":"var(--ast-global-color-4)","background-image":"","background-repeat":"repeat","background-position":"center center","background-size":"auto","background-attachment":"scroll","background-type":"","background-media":"","overlay-type":"","overlay-color":"","overlay-opacity":"","overlay-gradient":""}},"footnotes":""},"class_list":["post-87159","page","type-page","status-publish","hentry"],"acf":[],"_links":{"self":[{"href":"https:\/\/agrovin.com\/fr\/wp-json\/wp\/v2\/pages\/87159","targetHints":{"allow":["GET"]}}],"collection":[{"href":"https:\/\/agrovin.com\/fr\/wp-json\/wp\/v2\/pages"}],"about":[{"href":"https:\/\/agrovin.com\/fr\/wp-json\/wp\/v2\/types\/page"}],"author":[{"embeddable":true,"href":"https:\/\/agrovin.com\/fr\/wp-json\/wp\/v2\/users\/359"}],"replies":[{"embeddable":true,"href":"https:\/\/agrovin.com\/fr\/wp-json\/wp\/v2\/comments?post=87159"}],"version-history":[{"count":3,"href":"https:\/\/agrovin.com\/fr\/wp-json\/wp\/v2\/pages\/87159\/revisions"}],"predecessor-version":[{"id":119140,"href":"https:\/\/agrovin.com\/fr\/wp-json\/wp\/v2\/pages\/87159\/revisions\/119140"}],"wp:attachment":[{"href":"https:\/\/agrovin.com\/fr\/wp-json\/wp\/v2\/media?parent=87159"}],"curies":[{"name":"wp","href":"https:\/\/api.w.org\/{rel}","templated":true}]}}