{"id":86927,"date":"2021-04-07T08:12:16","date_gmt":"2021-04-07T07:12:16","guid":{"rendered":"https:\/\/staging.agrovin.com\/politica-de-privacidad\/"},"modified":"2025-04-03T17:17:30","modified_gmt":"2025-04-03T15:17:30","slug":"politique-de-confidentialite","status":"publish","type":"page","link":"https:\/\/agrovin.com\/fr\/politique-de-confidentialite\/","title":{"rendered":"Politique de confidentialit\u00e9"},"content":{"rendered":"\t\t<div data-elementor-type=\"wp-page\" data-elementor-id=\"86927\" class=\"elementor elementor-86927 elementor-49979\" data-elementor-post-type=\"page\">\n\t\t\t\t\t\t<section class=\"elementor-section elementor-top-section elementor-element elementor-element-476a68b3 elementor-section-boxed elementor-section-height-default elementor-section-height-default\" data-id=\"476a68b3\" data-element_type=\"section\" data-e-type=\"section\">\n\t\t\t\t\t\t<div class=\"elementor-container elementor-column-gap-default\">\n\t\t\t\t\t<div class=\"elementor-column elementor-col-100 elementor-top-column elementor-element elementor-element-3ecb370a\" data-id=\"3ecb370a\" data-element_type=\"column\" data-e-type=\"column\">\n\t\t\t<div class=\"elementor-widget-wrap elementor-element-populated\">\n\t\t\t\t\t\t<div class=\"elementor-element elementor-element-de531a9 elementor-widget elementor-widget-heading\" data-id=\"de531a9\" data-element_type=\"widget\" data-e-type=\"widget\" data-widget_type=\"heading.default\">\n\t\t\t\t<div class=\"elementor-widget-container\">\n\t\t\t\t\t<h1 class=\"elementor-heading-title elementor-size-default\">Politique de confidentialit\u00e9<\/h1>\t\t\t\t<\/div>\n\t\t\t\t<\/div>\n\t\t\t\t<div class=\"elementor-element elementor-element-39621158 elementor-widget elementor-widget-text-editor\" data-id=\"39621158\" data-element_type=\"widget\" data-e-type=\"widget\" data-widget_type=\"text-editor.default\">\n\t\t\t\t<div class=\"elementor-widget-container\">\n\t\t\t\t\t\t\t\t\t<p>\u00a0<\/p><p><strong>DONN\u00c9ES PERSONNELLES ET COOKIES.<\/strong><\/p><p>Conform\u00e9ment aux dispositions de la r\u00e9glementation sur la protection des donn\u00e9es, nous vous informons par la pr\u00e9sente des aspects suivants :<\/p><p>Identification du contr\u00f4leur des donn\u00e9es :<\/p><ul><li>Identit\u00e9: PRODUCTOS AGROVIN, S.A.<\/li><li>Adresse: AVDA. DE LOS VINOS S\/N &#8211; 13600 &#8211; ALC\u00c1ZAR DE SAN JUAN<\/li><li>T\u00e9l\u00e9phone: 926 550 200<\/li><li>Adresse \u00e9lectronique: <a href=\"mailto:central@agrovin.com\">central@agrovin.com<\/a><\/li><\/ul><p>Contenu et acceptation<br \/>Les utilisateurs sont inform\u00e9s du traitement et de la protection des donn\u00e9es personnelles collect\u00e9es par le site web, afin qu&#8217;ils puissent d\u00e9terminer librement et volontairement s&#8217;ils souhaitent fournir leurs donn\u00e9es personnelles par le biais de ce site web.<br \/>L&#8217;acc\u00e8s et l&#8217;utilisation du site Web impliquent la pleine acceptation par l&#8217;utilisateur du pr\u00e9sent document sur le traitement des donn\u00e9es \u00e0 caract\u00e8re personnel et l&#8217;obligation de se conformer pleinement aux termes et conditions qui y figurent. Par cons\u00e9quent, l&#8217;Utilisateur doit lire attentivement le pr\u00e9sent document relatif au traitement des donn\u00e9es personnelles chaque fois qu&#8217;il a l&#8217;intention d&#8217;utiliser le site Web, car il peut subir des modifications.<br \/>Le pr\u00e9sent document sur le traitement des donn\u00e9es personnelles est valable uniquement pour les donn\u00e9es personnelles obtenues sur le site web, et ne s&#8217;applique pas aux informations collect\u00e9es par des tiers sur d&#8217;autres sites web, m\u00eame si ceux-ci sont li\u00e9s au site web.<\/p><p>Objectif du traitement de vos donn\u00e9es personnelles :<br \/>G\u00e9rer la navigation de l&#8217;utilisateur sur le site Web, ainsi que pour d\u00e9velopper correctement la gestion professionnelle et la relation commerciale, ainsi que le contact avec le client pour permettre la prestation du service. Nous souhaitons utiliser vos donn\u00e9es pour vous proposer des produits et services li\u00e9s \u00e0 ceux que vous avez demand\u00e9s, m\u00eame apr\u00e8s la fin de la relation commerciale\/contractuelle, pendant une p\u00e9riode de 5 ans, conform\u00e9ment aux exigences l\u00e9gales. Les donn\u00e9es personnelles sont \u00e9galement obtenues pour g\u00e9rer le dossier du curriculum et pour pouvoir entrer dans les processus de s\u00e9lection du personnel qui peuvent \u00eatre d\u00e9velopp\u00e9s en fonction des besoins de l&#8217;entreprise, ainsi qu&#8217;aux fins indiqu\u00e9es dans chacun des formulaires fournis sur le site Web.<\/p><p>PRODUCTOS AGROVIN, S.A. traitera les donn\u00e9es personnelles fournies par l&#8217;utilisateur \u00e0 travers les formulaires correspondants ou par courrier \u00e9lectronique, afin de r\u00e9pondre aux demandes envoy\u00e9es, de g\u00e9rer les CV que nous pouvons recevoir, ainsi que d&#8217;envoyer des informations relatives \u00e0 nos produits et services.<br \/>L&#8217;entit\u00e9 utilisera \u00e9galement, le cas \u00e9ch\u00e9ant, vos informations afin de vous fournir les produits achet\u00e9s et de vous les facturer.<br \/>La confidentialit\u00e9 des donn\u00e9es personnelles fournies et le respect de toutes les r\u00e9glementations applicables \u00e0 cet effet sont garantis.<br \/>L&#8217;utilisateur garantit et est responsable, dans tous les cas, de la v\u00e9racit\u00e9, de l&#8217;exactitude, de la validit\u00e9 et de l&#8217;authenticit\u00e9 des Donn\u00e9es Personnelles fournies, et s&#8217;engage \u00e0 les maintenir d\u00fbment mises \u00e0 jour. De m\u00eame, les utilisateurs garantissent qu&#8217;ils sont \u00e2g\u00e9s de plus de 14 ans. Toutefois, les utilisateurs de la boutique garantissent qu&#8217;ils sont majeurs et ont la pleine capacit\u00e9 de contracter.<br \/>De m\u00eame, en cliquant sur le bouton &#8220;Envoyer&#8221; (ou \u00e9quivalent) incorpor\u00e9 dans les formulaires susmentionn\u00e9s, l&#8217;utilisateur d\u00e9clare que les informations et les donn\u00e9es fournies sont exactes et v\u00e9ridiques.<br \/>Les donn\u00e9es fournies seront conserv\u00e9es aussi longtemps que la relation commerciale est maintenue ou pendant les ann\u00e9es n\u00e9cessaires pour respecter les obligations l\u00e9gales.<br \/>Dans le cas o\u00f9 les donn\u00e9es \u00e0 caract\u00e8re personnel sont fournies par des personnes qui ne sont pas les propri\u00e9taires de ces donn\u00e9es, l&#8217;utilisateur doit, avant leur inclusion, informer ces personnes des points contenus dans les paragraphes pr\u00e9c\u00e9dents. Dans ces cas, l&#8217;utilisateur garantit que les donn\u00e9es renseign\u00e9es ont plus de 14 ans et que les informations sont exactes et v\u00e9ridiques.\u00a0 PRODUCTOS AGROVIN, S.A. sera exempt\u00e9e de toute responsabilit\u00e9 en cas de non-respect de ces exigences par l&#8217;utilisateur.<\/p><p>L\u00e9gitimation du traitement de vos donn\u00e9es :<br \/>La base juridique du traitement de vos donn\u00e9es est l&#8217;int\u00e9r\u00eat l\u00e9gitime \u00e0 r\u00e9pondre aux demandes envoy\u00e9es par vous.<br \/>De m\u00eame, le consentement expr\u00e8s est demand\u00e9 pour les finalit\u00e9s non envisag\u00e9es dans les cas pr\u00e9c\u00e9dents, comme l&#8217;envoi d&#8217;informations commerciales. Si vous donnez votre consentement, par le biais de la case qui appara\u00eet sur les formulaires de collecte de donn\u00e9es, PRODUCTOS AGROVIN, S.A. pourra contacter l&#8217;utilisateur par courrier postal, courriel, SMS, ou tout autre moyen de communication \u00e9lectronique \u00e9quivalent, pour lui envoyer des communications commerciales li\u00e9es aux produits et\/ou services que nous proposons.<br \/>Si, \u00e0 tout moment, l&#8217;utilisateur ne souhaite pas continuer \u00e0 recevoir des communications de cette nature, il peut r\u00e9voquer son consentement en envoyant une notification \u00e0 l&#8217;adresse suivante <a>central@agrovin.com<\/a>, en fournissant une copie d&#8217;un document prouvant votre identit\u00e9, ou en utilisant le lien pr\u00e9vu \u00e0 cet effet dans les communications commerciales que vous recevez.<br \/>Vous pouvez r\u00e9voquer votre consentement au traitement de vos donn\u00e9es \u00e0 tout moment en nous contactant \u00e0 l&#8217;adresse suivante\u00a0<a href=\"mailto:central@agrovin.com\">central@agrovin.com<\/a><\/p><p>Communication ou transfert de donn\u00e9es et transferts internationaux de donn\u00e9es :<br \/>Les donn\u00e9es personnelles de l&#8217;utilisateur ne seront pas communiqu\u00e9es \u00e0 des soci\u00e9t\u00e9s tierces sans les en informer et sans obtenir leur consentement pr\u00e9alable, sauf en cas d&#8217;obligation l\u00e9gale.\u00a0Ces informations se trouveront sur les diff\u00e9rents formulaires de collecte de donn\u00e9es, offrant pr\u00e9alablement \u00e0 l&#8217;Utilisateur la possibilit\u00e9 d&#8217;accepter ou non le transfert, en fonction de la finalit\u00e9.<br \/>Il n&#8217;y a pas de transfert international de donn\u00e9es.<\/p><p>Cookies<br \/>Comme d&#8217;autres sites web \u00e0 contenu commercial, le site web utilise une technologie appel\u00e9e &#8220;cookies&#8221;. Des informations d\u00e9taill\u00e9es sur la mani\u00e8re dont PRODUCTOS AGROVIN, S.A. utilise les cookies sont \u00e0 la disposition de l&#8217;utilisateur dans la politique de cookies. Vous pouvez consulter la politique en mati\u00e8re de cookies <a href=\"https:\/\/agrovin.com\/fr\/politique-de-cookies\/\" target=\"_blank\" rel=\"noopener noreferrer\">ici.<\/a><\/p><p>Droits :<br \/>Toute personne a le droit d&#8217;obtenir la confirmation que PRODUCTOS AGROVIN, S.A. traite des donn\u00e9es \u00e0 caract\u00e8re personnel la concernant et, le cas \u00e9ch\u00e9ant, le droit d&#8217;acc\u00e9der \u00e0 ses donn\u00e9es personnelles, aux finalit\u00e9s du traitement et aux cat\u00e9gories de donn\u00e9es personnelles en question.<br \/>Vous avez \u00e9galement le droit de demander la rectification des donn\u00e9es inexactes ou, le cas \u00e9ch\u00e9ant, de demander leur effacement lorsque les donn\u00e9es ne sont plus n\u00e9cessaires au regard des finalit\u00e9s pour lesquelles elles ont \u00e9t\u00e9 collect\u00e9es ; le consentement sur lequel se fonde le traitement a \u00e9t\u00e9 retir\u00e9 ou vous vous opposez au traitement ; les donn\u00e9es \u00e0 caract\u00e8re personnel ont fait l&#8217;objet d&#8217;un traitement illicite ; ou elles doivent \u00eatre effac\u00e9es pour respecter une obligation l\u00e9gale en vertu du droit de l&#8217;Union ou des \u00c9tats membres.<br \/>Vous pouvez demander la limitation du traitement de vos donn\u00e9es lorsque : vous contestez l&#8217;exactitude des donn\u00e9es \u00e0 caract\u00e8re personnel pendant une p\u00e9riode permettant au responsable du traitement de v\u00e9rifier l&#8217;exactitude des donn\u00e9es \u00e0 caract\u00e8re personnel ; le traitement est ill\u00e9gal et la personne concern\u00e9e s&#8217;oppose \u00e0 l&#8217;effacement des donn\u00e9es \u00e0 caract\u00e8re personnel et demande \u00e0 la place la limitation de leur utilisation ; le responsable du traitement n&#8217;a plus besoin des donn\u00e9es \u00e0 caract\u00e8re personnel aux fins du traitement, mais la personne concern\u00e9e en a besoin pour la constatation, l&#8217;exercice ou la d\u00e9fense de droits ; ou la personne concern\u00e9e s&#8217;est oppos\u00e9e au traitement, tandis que nous v\u00e9rifions si les motifs l\u00e9gitimes du responsable du traitement pr\u00e9valent sur ceux de la personne concern\u00e9e. Dans ce cas, nous ne conserverons les donn\u00e9es que dans le but de poursuivre ou de d\u00e9fendre les r\u00e9clamations.<br \/>Dans certaines circonstances et pour des raisons li\u00e9es \u00e0 votre situation particuli\u00e8re, vous pouvez vous opposer au traitement de vos donn\u00e9es. PRODUCTOS AGROVIN, S.A. cessera de traiter les donn\u00e9es, sauf pour des raisons l\u00e9gitimes imp\u00e9rieuses, ou l&#8217;exercice ou la d\u00e9fense d&#8217;\u00e9ventuelles r\u00e9clamations.<br \/>Il a le droit de recevoir les donn\u00e9es \u00e0 caract\u00e8re personnel le concernant qu&#8217;il a fournies dans un format structur\u00e9 et de les transmettre \u00e0 un autre responsable du traitement sans en \u00eatre emp\u00each\u00e9 par le responsable du traitement auquel il les a fournies, lorsque le traitement est fond\u00e9 sur le consentement ou lorsque le traitement est effectu\u00e9 par des moyens automatis\u00e9s.<br \/>Lorsque les personnes concern\u00e9es exercent leurs droits d&#8217;acc\u00e8s, de rectification, d&#8217;effacement et d&#8217;opposition, de limitation du traitement, de portabilit\u00e9 des donn\u00e9es et le droit de ne pas faire l&#8217;objet de d\u00e9cisions individualis\u00e9es automatis\u00e9es, elles doivent le communiquer par courrier \u00e9lectronique \u00e0 l&#8217;adresse suivante <a href=\"mailto:central@agrovin.com\">central@agrovin.com<\/a>.<\/p><p>Si vous pensez que vos donn\u00e9es personnelles n&#8217;ont pas \u00e9t\u00e9 trait\u00e9es conform\u00e9ment \u00e0 la loi, vous pouvez contacter avec\u00a0<a href=\"mailto:central@agrovin.com\">central@agrovin.com<\/a>. Vous pouvez \u00e9galement d\u00e9poser une plainte aupr\u00e8s de l&#8217;Agence espagnole de protection des donn\u00e9es, en particulier lorsque vous n&#8217;avez pas obtenu satisfaction dans l&#8217;exercice de vos droits, par le biais du si\u00e8ge \u00e9lectronique \u00e0 l&#8217;adresse suivante <a href=\"https:\/\/www.aepd.es\/\" target=\"_blank\" rel=\"noopener noreferrer\">www.aepd.es<\/a>.<\/p><p>Origine :<br \/>Les donn\u00e9es personnelles que nous traitons \u00e0 PRODUCTOS AGROVIN, S.A. proviennent de l&#8217;int\u00e9ress\u00e9 et sont fournies \u00e0 travers les formulaires pr\u00e9vus sur le site web.<\/p><p>Confidentialit\u00e9<br \/>Les donn\u00e9es personnelles que PRODUCTOS AGROVIN, S.A. peut recueillir \u00e0 travers le site Web ou au moyen des diff\u00e9rentes communications qu&#8217;elle entretient avec l&#8217;utilisateur seront trait\u00e9es avec une confidentialit\u00e9 absolue, PRODUCTOS AGROVIN, S.A. s&#8217;engageant \u00e0 les garder secr\u00e8tes et garantissant le devoir de les conserver, adoptant toutes les mesures n\u00e9cessaires pour \u00e9viter leur alt\u00e9ration, perte, traitement ou acc\u00e8s non autoris\u00e9, conform\u00e9ment aux dispositions de la l\u00e9gislation applicable.<\/p><p>S\u00e9curit\u00e9<br \/>PRODUCTOS AGROVIN, S.A. a mis en place et maintient des niveaux de s\u00e9curit\u00e9 appropri\u00e9s pour prot\u00e9ger les donn\u00e9es personnelles de l&#8217;utilisateur contre la perte accidentelle et l&#8217;acc\u00e8s, le traitement ou la divulgation non autoris\u00e9s, en tenant compte de l&#8217;\u00e9tat de la technologie, de la nature des donn\u00e9es stock\u00e9es et des risques auxquels elles sont expos\u00e9es.<\/p>\t\t\t\t\t\t\t\t<\/div>\n\t\t\t\t<\/div>\n\t\t\t\t\t<\/div>\n\t\t<\/div>\n\t\t\t\t\t<\/div>\n\t\t<\/section>\n\t\t\t\t<\/div>\n\t\t","protected":false},"excerpt":{"rendered":"<p>Politique de confidentialit\u00e9 \u00a0 DONN\u00c9ES PERSONNELLES ET COOKIES. Conform\u00e9ment aux dispositions de la r\u00e9glementation sur la protection des donn\u00e9es, nous vous informons par la pr\u00e9sente des aspects suivants : Identification du contr\u00f4leur des donn\u00e9es : Identit\u00e9: PRODUCTOS AGROVIN, S.A. Adresse: AVDA. DE LOS VINOS S\/N &#8211; 13600 &#8211; ALC\u00c1ZAR DE SAN JUAN T\u00e9l\u00e9phone: 926 550 [&hellip;]<\/p>\n","protected":false},"author":359,"featured_media":0,"parent":0,"menu_order":0,"comment_status":"closed","ping_status":"closed","template":"elementor_header_footer","meta":{"_acf_changed":false,"inline_featured_image":false,"site-sidebar-layout":"default","site-content-layout":"","ast-site-content-layout":"default","site-content-style":"default","site-sidebar-style":"default","ast-global-header-display":"","ast-banner-title-visibility":"","ast-main-header-display":"","ast-hfb-above-header-display":"","ast-hfb-below-header-display":"","ast-hfb-mobile-header-display":"","site-post-title":"","ast-breadcrumbs-content":"","ast-featured-img":"","footer-sml-layout":"","ast-disable-related-posts":"","theme-transparent-header-meta":"","adv-header-id-meta":"","stick-header-meta":"","header-above-stick-meta":"","header-main-stick-meta":"","header-below-stick-meta":"","astra-migrate-meta-layouts":"default","ast-page-background-enabled":"default","ast-page-background-meta":{"desktop":{"background-color":"var(--ast-global-color-5)","background-image":"","background-repeat":"repeat","background-position":"center center","background-size":"auto","background-attachment":"scroll","background-type":"","background-media":"","overlay-type":"","overlay-color":"","overlay-opacity":"","overlay-gradient":""},"tablet":{"background-color":"","background-image":"","background-repeat":"repeat","background-position":"center center","background-size":"auto","background-attachment":"scroll","background-type":"","background-media":"","overlay-type":"","overlay-color":"","overlay-opacity":"","overlay-gradient":""},"mobile":{"background-color":"","background-image":"","background-repeat":"repeat","background-position":"center center","background-size":"auto","background-attachment":"scroll","background-type":"","background-media":"","overlay-type":"","overlay-color":"","overlay-opacity":"","overlay-gradient":""}},"ast-content-background-meta":{"desktop":{"background-color":"var(--ast-global-color-4)","background-image":"","background-repeat":"repeat","background-position":"center center","background-size":"auto","background-attachment":"scroll","background-type":"","background-media":"","overlay-type":"","overlay-color":"","overlay-opacity":"","overlay-gradient":""},"tablet":{"background-color":"var(--ast-global-color-4)","background-image":"","background-repeat":"repeat","background-position":"center center","background-size":"auto","background-attachment":"scroll","background-type":"","background-media":"","overlay-type":"","overlay-color":"","overlay-opacity":"","overlay-gradient":""},"mobile":{"background-color":"var(--ast-global-color-4)","background-image":"","background-repeat":"repeat","background-position":"center center","background-size":"auto","background-attachment":"scroll","background-type":"","background-media":"","overlay-type":"","overlay-color":"","overlay-opacity":"","overlay-gradient":""}},"footnotes":""},"class_list":["post-86927","page","type-page","status-publish","hentry"],"acf":[],"_links":{"self":[{"href":"https:\/\/agrovin.com\/fr\/wp-json\/wp\/v2\/pages\/86927","targetHints":{"allow":["GET"]}}],"collection":[{"href":"https:\/\/agrovin.com\/fr\/wp-json\/wp\/v2\/pages"}],"about":[{"href":"https:\/\/agrovin.com\/fr\/wp-json\/wp\/v2\/types\/page"}],"author":[{"embeddable":true,"href":"https:\/\/agrovin.com\/fr\/wp-json\/wp\/v2\/users\/359"}],"replies":[{"embeddable":true,"href":"https:\/\/agrovin.com\/fr\/wp-json\/wp\/v2\/comments?post=86927"}],"version-history":[{"count":3,"href":"https:\/\/agrovin.com\/fr\/wp-json\/wp\/v2\/pages\/86927\/revisions"}],"predecessor-version":[{"id":119113,"href":"https:\/\/agrovin.com\/fr\/wp-json\/wp\/v2\/pages\/86927\/revisions\/119113"}],"wp:attachment":[{"href":"https:\/\/agrovin.com\/fr\/wp-json\/wp\/v2\/media?parent=86927"}],"curies":[{"name":"wp","href":"https:\/\/api.w.org\/{rel}","templated":true}]}}