{"id":78056,"date":"2022-06-09T10:37:41","date_gmt":"2022-06-09T09:37:41","guid":{"rendered":"https:\/\/staging.agrovin.com\/projets-rdi\/influence-des-ultrasons-sur-les-reactions-desterification-pendant-la-vinification\/"},"modified":"2025-06-24T16:48:46","modified_gmt":"2025-06-24T14:48:46","slug":"influence-des-ultrasons-sur-les-reactions-desterification-pendant-la-vinification","status":"publish","type":"page","link":"https:\/\/agrovin.com\/fr\/projets-de-rd\/influence-des-ultrasons-sur-les-reactions-desterification-pendant-la-vinification\/","title":{"rendered":"Influence des ultrasons sur les r\u00e9actions d&#8217;est\u00e9rification pendant la vinification"},"content":{"rendered":"\t\t<div data-elementor-type=\"wp-page\" data-elementor-id=\"78056\" class=\"elementor elementor-78056 elementor-64472\" data-elementor-post-type=\"page\">\n\t\t\t\t\t\t<section class=\"elementor-section elementor-top-section elementor-element elementor-element-eb515f4 elementor-section-height-min-height elementor-section-boxed elementor-section-height-default elementor-section-items-middle\" data-id=\"eb515f4\" data-element_type=\"section\" data-e-type=\"section\" data-settings=\"{&quot;background_background&quot;:&quot;classic&quot;}\">\n\t\t\t\t\t\t<div class=\"elementor-container elementor-column-gap-default\">\n\t\t\t\t\t<div class=\"elementor-column elementor-col-100 elementor-top-column elementor-element elementor-element-44a9310\" data-id=\"44a9310\" data-element_type=\"column\" data-e-type=\"column\">\n\t\t\t<div class=\"elementor-widget-wrap\">\n\t\t\t\t\t\t\t<\/div>\n\t\t<\/div>\n\t\t\t\t\t<\/div>\n\t\t<\/section>\n\t\t\t\t<section class=\"elementor-section elementor-top-section elementor-element elementor-element-6a63b16 elementor-section-boxed elementor-section-height-default elementor-section-height-default\" data-id=\"6a63b16\" data-element_type=\"section\" data-e-type=\"section\">\n\t\t\t\t\t\t<div class=\"elementor-container elementor-column-gap-default\">\n\t\t\t\t\t<div class=\"elementor-column elementor-col-100 elementor-top-column elementor-element elementor-element-0be81df\" data-id=\"0be81df\" data-element_type=\"column\" data-e-type=\"column\">\n\t\t\t<div class=\"elementor-widget-wrap elementor-element-populated\">\n\t\t\t\t\t\t<div class=\"elementor-element elementor-element-72b4322 elementor-widget elementor-widget-heading\" data-id=\"72b4322\" data-element_type=\"widget\" data-e-type=\"widget\" data-widget_type=\"heading.default\">\n\t\t\t\t<div class=\"elementor-widget-container\">\n\t\t\t\t\t<h1 class=\"elementor-heading-title elementor-size-default\">Influence des ultrasons sur les r\u00e9actions d'est\u00e9rification pendant la vinification<\/h1>\t\t\t\t<\/div>\n\t\t\t\t<\/div>\n\t\t\t\t<div class=\"elementor-element elementor-element-c3b7ab7 elementor-widget elementor-widget-text-editor\" data-id=\"c3b7ab7\" data-element_type=\"widget\" data-e-type=\"widget\" data-widget_type=\"text-editor.default\">\n\t\t\t\t<div class=\"elementor-widget-container\">\n\t\t\t\t\t\t\t\t\t<p><strong>OBJECTIF\u00a0: <\/strong>Le projet vise \u00e0 \u00e9valuer les changements possibles dans la composition ph\u00e9nolique des vins trait\u00e9s aux ultrasons et leurs caract\u00e9ristiques sensorielles, d\u00e9terminant ainsi l&#8217;augmentation de la complexit\u00e9 organoleptique des vins obtenus.<\/p><p>Cette initiative aboutira \u00e0 la d\u00e9monstration de la capacit\u00e9 du traitement par ultrasons \u00e0 am\u00e9liorer les ar\u00f4mes du vin et \u00e0 en accro\u00eetre la qualit\u00e9.<\/p><p>Ce projet b\u00e9n\u00e9ficie du soutien financier de l&#8217;Union europ\u00e9enne par le biais des fonds FEDER et de la Junta de Comunidades de Castilla-La Mancha.<\/p><p><strong>APPEL \u00c0 PROPOSITIONS\u00a0<\/strong>: Programa Innova \u2013Adelante de la Junta de Comunidades de Castilla- La Mancha. Proyecto de desarrollo experimental.<\/p><p><strong>TITRE DU PROJET : Influence<\/strong> des ultrasons sur les r\u00e9actions d&#8217;est\u00e9rification pendant la vinification<\/p><p><strong>Date de d\u00e9but:<\/strong>\u00a001\/04\/2018<\/p><p><strong>Date de fin:<\/strong>\u00a031\/12\/2018<\/p><p><strong>ACRONYME:<\/strong>\u00a0ULTRASTER18<\/p>\t\t\t\t\t\t\t\t<\/div>\n\t\t\t\t<\/div>\n\t\t\t\t<div class=\"elementor-element elementor-element-728eb84 elementor-widget elementor-widget-button\" data-id=\"728eb84\" data-element_type=\"widget\" data-e-type=\"widget\" data-widget_type=\"button.default\">\n\t\t\t\t<div class=\"elementor-widget-container\">\n\t\t\t\t\t\t\t\t\t<div class=\"elementor-button-wrapper\">\n\t\t\t\t\t<a class=\"elementor-button elementor-button-link elementor-size-sm\" href=\"https:\/\/agrovin.com\/agrv\/pdf\/ficha_proyectos\/Ficha_tecnica_ULTRASTER18.pdf\" target=\"_blank\" rel=\"nofollow\" download=\"https:\/\/agrovin.com\/agrv\/pdf\/ficha_proyectos\/Ficha_tecnica_WINEBALANCE.pdf\">\n\t\t\t\t\t\t<span class=\"elementor-button-content-wrapper\">\n\t\t\t\t\t\t\t\t\t<span class=\"elementor-button-text\">FICHE TECHNIQUE DU PROJET<\/span>\n\t\t\t\t\t<\/span>\n\t\t\t\t\t<\/a>\n\t\t\t\t<\/div>\n\t\t\t\t\t\t\t\t<\/div>\n\t\t\t\t<\/div>\n\t\t\t\t\t<\/div>\n\t\t<\/div>\n\t\t\t\t\t<\/div>\n\t\t<\/section>\n\t\t\t\t<section class=\"elementor-section elementor-top-section elementor-element elementor-element-590fba7 elementor-section-boxed elementor-section-height-default elementor-section-height-default\" data-id=\"590fba7\" data-element_type=\"section\" data-e-type=\"section\">\n\t\t\t\t\t\t<div class=\"elementor-container elementor-column-gap-default\">\n\t\t\t\t\t<div class=\"elementor-column elementor-col-33 elementor-top-column elementor-element elementor-element-c909970\" data-id=\"c909970\" data-element_type=\"column\" data-e-type=\"column\">\n\t\t\t<div class=\"elementor-widget-wrap elementor-element-populated\">\n\t\t\t\t\t\t<div class=\"elementor-element elementor-element-c10b7ca elementor-widget elementor-widget-image\" data-id=\"c10b7ca\" data-element_type=\"widget\" data-e-type=\"widget\" data-widget_type=\"image.default\">\n\t\t\t\t<div class=\"elementor-widget-container\">\n\t\t\t\t\t\t\t\t\t\t\t\t\t\t\t<img decoding=\"async\" width=\"299\" height=\"76\" src=\"https:\/\/agrovin.com\/wp-content\/uploads\/2022\/02\/agrovin-ue.jpg\" class=\"attachment-large size-large wp-image-74877\" alt=\"\" srcset=\"https:\/\/agrovin.com\/wp-content\/uploads\/2022\/02\/agrovin-ue.jpg 299w, https:\/\/agrovin.com\/wp-content\/uploads\/2022\/02\/agrovin-ue-270x69.jpg 270w\" sizes=\"(max-width: 299px) 100vw, 299px\" title=\"\">\t\t\t\t\t\t\t\t\t\t\t\t\t\t\t<\/div>\n\t\t\t\t<\/div>\n\t\t\t\t\t<\/div>\n\t\t<\/div>\n\t\t\t\t<div class=\"elementor-column elementor-col-33 elementor-top-column elementor-element elementor-element-9c7a972\" data-id=\"9c7a972\" data-element_type=\"column\" data-e-type=\"column\">\n\t\t\t<div class=\"elementor-widget-wrap elementor-element-populated\">\n\t\t\t\t\t\t<div class=\"elementor-element elementor-element-824621e elementor-widget elementor-widget-image\" data-id=\"824621e\" data-element_type=\"widget\" data-e-type=\"widget\" data-widget_type=\"image.default\">\n\t\t\t\t<div class=\"elementor-widget-container\">\n\t\t\t\t\t\t\t\t\t\t\t\t\t\t\t<img decoding=\"async\" width=\"250\" height=\"166\" src=\"https:\/\/agrovin.com\/wp-content\/uploads\/2022\/02\/junta-CLM-250x166-1.png\" class=\"attachment-large size-large wp-image-75372\" alt=\"\" title=\"\">\t\t\t\t\t\t\t\t\t\t\t\t\t\t\t<\/div>\n\t\t\t\t<\/div>\n\t\t\t\t\t<\/div>\n\t\t<\/div>\n\t\t\t\t<div class=\"elementor-column elementor-col-33 elementor-top-column elementor-element elementor-element-3f4dc01\" data-id=\"3f4dc01\" data-element_type=\"column\" data-e-type=\"column\">\n\t\t\t<div class=\"elementor-widget-wrap\">\n\t\t\t\t\t\t\t<\/div>\n\t\t<\/div>\n\t\t\t\t\t<\/div>\n\t\t<\/section>\n\t\t\t\t<\/div>\n\t\t","protected":false},"excerpt":{"rendered":"<p>Influence des ultrasons sur les r\u00e9actions d&#8217;est\u00e9rification pendant la vinification OBJECTIF\u00a0: Le projet vise \u00e0 \u00e9valuer les changements possibles dans la composition ph\u00e9nolique des vins trait\u00e9s aux ultrasons et leurs caract\u00e9ristiques sensorielles, d\u00e9terminant ainsi l&#8217;augmentation de la complexit\u00e9 organoleptique des vins obtenus. Cette initiative aboutira \u00e0 la d\u00e9monstration de la capacit\u00e9 du traitement par ultrasons [&hellip;]<\/p>\n","protected":false},"author":359,"featured_media":0,"parent":78059,"menu_order":0,"comment_status":"closed","ping_status":"closed","template":"","meta":{"_acf_changed":false,"inline_featured_image":false,"site-sidebar-layout":"no-sidebar","site-content-layout":"page-builder","ast-site-content-layout":"full-width-container","site-content-style":"unboxed","site-sidebar-style":"unboxed","ast-global-header-display":"","ast-banner-title-visibility":"","ast-main-header-display":"","ast-hfb-above-header-display":"","ast-hfb-below-header-display":"","ast-hfb-mobile-header-display":"","site-post-title":"disabled","ast-breadcrumbs-content":"","ast-featured-img":"disabled","footer-sml-layout":"","ast-disable-related-posts":"","theme-transparent-header-meta":"default","adv-header-id-meta":"","stick-header-meta":"","header-above-stick-meta":"","header-main-stick-meta":"","header-below-stick-meta":"","astra-migrate-meta-layouts":"set","ast-page-background-enabled":"default","ast-page-background-meta":{"desktop":{"background-color":"var(--ast-global-color-5)","background-image":"","background-repeat":"repeat","background-position":"center center","background-size":"auto","background-attachment":"scroll","background-type":"","background-media":"","overlay-type":"","overlay-color":"","overlay-opacity":"","overlay-gradient":""},"tablet":{"background-color":"","background-image":"","background-repeat":"repeat","background-position":"center center","background-size":"auto","background-attachment":"scroll","background-type":"","background-media":"","overlay-type":"","overlay-color":"","overlay-opacity":"","overlay-gradient":""},"mobile":{"background-color":"","background-image":"","background-repeat":"repeat","background-position":"center center","background-size":"auto","background-attachment":"scroll","background-type":"","background-media":"","overlay-type":"","overlay-color":"","overlay-opacity":"","overlay-gradient":""}},"ast-content-background-meta":{"desktop":{"background-color":"var(--ast-global-color-4)","background-image":"","background-repeat":"repeat","background-position":"center center","background-size":"auto","background-attachment":"scroll","background-type":"","background-media":"","overlay-type":"","overlay-color":"","overlay-opacity":"","overlay-gradient":""},"tablet":{"background-color":"var(--ast-global-color-4)","background-image":"","background-repeat":"repeat","background-position":"center center","background-size":"auto","background-attachment":"scroll","background-type":"","background-media":"","overlay-type":"","overlay-color":"","overlay-opacity":"","overlay-gradient":""},"mobile":{"background-color":"var(--ast-global-color-4)","background-image":"","background-repeat":"repeat","background-position":"center center","background-size":"auto","background-attachment":"scroll","background-type":"","background-media":"","overlay-type":"","overlay-color":"","overlay-opacity":"","overlay-gradient":""}},"footnotes":""},"class_list":["post-78056","page","type-page","status-publish","hentry"],"acf":[],"_links":{"self":[{"href":"https:\/\/agrovin.com\/fr\/wp-json\/wp\/v2\/pages\/78056","targetHints":{"allow":["GET"]}}],"collection":[{"href":"https:\/\/agrovin.com\/fr\/wp-json\/wp\/v2\/pages"}],"about":[{"href":"https:\/\/agrovin.com\/fr\/wp-json\/wp\/v2\/types\/page"}],"author":[{"embeddable":true,"href":"https:\/\/agrovin.com\/fr\/wp-json\/wp\/v2\/users\/359"}],"replies":[{"embeddable":true,"href":"https:\/\/agrovin.com\/fr\/wp-json\/wp\/v2\/comments?post=78056"}],"version-history":[{"count":1,"href":"https:\/\/agrovin.com\/fr\/wp-json\/wp\/v2\/pages\/78056\/revisions"}],"predecessor-version":[{"id":120284,"href":"https:\/\/agrovin.com\/fr\/wp-json\/wp\/v2\/pages\/78056\/revisions\/120284"}],"up":[{"embeddable":true,"href":"https:\/\/agrovin.com\/fr\/wp-json\/wp\/v2\/pages\/78059"}],"wp:attachment":[{"href":"https:\/\/agrovin.com\/fr\/wp-json\/wp\/v2\/media?parent=78056"}],"curies":[{"name":"wp","href":"https:\/\/api.w.org\/{rel}","templated":true}]}}