{"id":78054,"date":"2022-06-09T10:35:29","date_gmt":"2022-06-09T09:35:29","guid":{"rendered":"https:\/\/staging.agrovin.com\/projets-rdi\/facteurs-influencant-la-qualite-du-brandy-et-nouveaux-systemes-de-production-du-brandy-du-vignoble-a-la-mise-en-bouteille\/"},"modified":"2025-06-26T11:16:23","modified_gmt":"2025-06-26T09:16:23","slug":"facteurs-influencant-la-qualite-du-brandy-et-nouveaux-systemes-de-production-du-brandy-du-vignoble-a-la-mise-en-bouteille","status":"publish","type":"page","link":"https:\/\/agrovin.com\/fr\/projets-de-rd\/facteurs-influencant-la-qualite-du-brandy-et-nouveaux-systemes-de-production-du-brandy-du-vignoble-a-la-mise-en-bouteille\/","title":{"rendered":"Facteurs influen\u00e7ant la qualit\u00e9 du brandy et nouveaux syst\u00e8mes de production du brandy, du vignoble \u00e0 la mise en bouteille"},"content":{"rendered":"\t\t<div data-elementor-type=\"wp-page\" data-elementor-id=\"78054\" class=\"elementor elementor-78054 elementor-64442\" data-elementor-post-type=\"page\">\n\t\t\t\t\t\t<section class=\"elementor-section elementor-top-section elementor-element elementor-element-ec735a8 elementor-section-height-min-height elementor-section-boxed elementor-section-height-default elementor-section-items-middle\" data-id=\"ec735a8\" data-element_type=\"section\" data-e-type=\"section\" data-settings=\"{&quot;background_background&quot;:&quot;classic&quot;}\">\n\t\t\t\t\t\t<div class=\"elementor-container elementor-column-gap-default\">\n\t\t\t\t\t<div class=\"elementor-column elementor-col-100 elementor-top-column elementor-element elementor-element-d941932\" data-id=\"d941932\" data-element_type=\"column\" data-e-type=\"column\">\n\t\t\t<div class=\"elementor-widget-wrap\">\n\t\t\t\t\t\t\t<\/div>\n\t\t<\/div>\n\t\t\t\t\t<\/div>\n\t\t<\/section>\n\t\t\t\t<section class=\"elementor-section elementor-top-section elementor-element elementor-element-a4d5b87 elementor-section-boxed elementor-section-height-default elementor-section-height-default\" data-id=\"a4d5b87\" data-element_type=\"section\" data-e-type=\"section\">\n\t\t\t\t\t\t<div class=\"elementor-container elementor-column-gap-default\">\n\t\t\t\t\t<div class=\"elementor-column elementor-col-100 elementor-top-column elementor-element elementor-element-e7e0fa0\" data-id=\"e7e0fa0\" data-element_type=\"column\" data-e-type=\"column\">\n\t\t\t<div class=\"elementor-widget-wrap elementor-element-populated\">\n\t\t\t\t\t\t<div class=\"elementor-element elementor-element-21115cc elementor-widget elementor-widget-heading\" data-id=\"21115cc\" data-element_type=\"widget\" data-e-type=\"widget\" data-widget_type=\"heading.default\">\n\t\t\t\t<div class=\"elementor-widget-container\">\n\t\t\t\t\t<h1 class=\"elementor-heading-title elementor-size-default\">Facteurs influen\u00e7ant la qualit\u00e9 du brandy et nouveaux syst\u00e8mes de production du brandy, du vignoble \u00e0 la mise en bouteille.<\/h1>\t\t\t\t<\/div>\n\t\t\t\t<\/div>\n\t\t\t\t<div class=\"elementor-element elementor-element-643ffd4 elementor-widget elementor-widget-text-editor\" data-id=\"643ffd4\" data-element_type=\"widget\" data-e-type=\"widget\" data-widget_type=\"text-editor.default\">\n\t\t\t\t<div class=\"elementor-widget-container\">\n\t\t\t\t\t\t\t\t\t<p><strong>OBJECTIF\u00a0:<\/strong>Le projet du consortium BESTBRANDY vise \u00e0 entreprendre un projet complet de R&amp;D 2016-2018 sur l&#8217;am\u00e9lioration des produits et des processus dans le vignoble, la vinification, la distillation, le vieillissement et le conditionnement du brandy, dans le but d&#8217;am\u00e9liorer la comp\u00e9titivit\u00e9 des entreprises participantes en g\u00e9n\u00e9rant des connaissances et en appliquant ce qui existe d\u00e9j\u00e0 d&#8217;un point de vue scientifico-technique. Les centres de recherche suivants participent \u00e0 ce projet en tant qu&#8217;entit\u00e9s sous-traitantes\u00a0: Universit\u00e9 polytechnique de Madrid, CEBAS-CSIC Murcie, Universit\u00e9 de Cadix, IFAPA Rancho de la Merced et INIA, dans le but de dynamiser la collaboration public-priv\u00e9 pour la p\u00e9riode 2016-2018 capable d&#8217;atteindre les objectifs techniques ambitieux d\u00e9finis dans le rapport technique soumis \u00e0 l&#8217;appel \u00e0 propositions multir\u00e9gional 2016 d&#8217;Innterconecta.<\/p><p><strong>APPEL \u00c0 PROPOSITIONS\u00a0:<\/strong>\u00a0CDTI PROGRAMA FEDER-INNTERCONECTA 2016.<\/p><p><strong>TITRE DU PROJET\u00a0:<\/strong> Facteurs influen\u00e7ant la qualit\u00e9 du brandy et nouveaux syst\u00e8mes de production du brandy, du vignoble \u00e0 la mise en bouteille.<\/p><p><strong>DATE DE R\u00c9ALISATION\u00a0:<\/strong>\u00a0du 01\/07\/2016 au 31\/12\/2018<\/p><p><strong>ACRONYME\u00a0:<\/strong>\u00a0BESTBRANDY<\/p>\t\t\t\t\t\t\t\t<\/div>\n\t\t\t\t<\/div>\n\t\t\t\t<div class=\"elementor-element elementor-element-5666aa4 elementor-widget elementor-widget-button\" data-id=\"5666aa4\" data-element_type=\"widget\" data-e-type=\"widget\" data-widget_type=\"button.default\">\n\t\t\t\t<div class=\"elementor-widget-container\">\n\t\t\t\t\t\t\t\t\t<div class=\"elementor-button-wrapper\">\n\t\t\t\t\t<a class=\"elementor-button elementor-button-link elementor-size-sm\" href=\"https:\/\/agrovin.com\/agrv\/pdf\/ficha_proyectos\/Ficha_tecnica_BESTBRANDY2.pdf\" target=\"_blank\" rel=\"nofollow\" download=\"https:\/\/agrovin.com\/agrv\/pdf\/ficha_proyectos\/Ficha_tecnica_BESTBRANDY2.pdf\">\n\t\t\t\t\t\t<span class=\"elementor-button-content-wrapper\">\n\t\t\t\t\t\t\t\t\t<span class=\"elementor-button-text\">FICHE TECHNIQUE DU PROJET<\/span>\n\t\t\t\t\t<\/span>\n\t\t\t\t\t<\/a>\n\t\t\t\t<\/div>\n\t\t\t\t\t\t\t\t<\/div>\n\t\t\t\t<\/div>\n\t\t\t\t\t<\/div>\n\t\t<\/div>\n\t\t\t\t\t<\/div>\n\t\t<\/section>\n\t\t\t\t<section class=\"elementor-section elementor-top-section elementor-element elementor-element-3b2b625 elementor-section-boxed elementor-section-height-default elementor-section-height-default\" data-id=\"3b2b625\" data-element_type=\"section\" data-e-type=\"section\">\n\t\t\t\t\t\t<div class=\"elementor-container elementor-column-gap-default\">\n\t\t\t\t\t<div class=\"elementor-column elementor-col-100 elementor-top-column elementor-element elementor-element-f50fb92\" data-id=\"f50fb92\" data-element_type=\"column\" data-e-type=\"column\">\n\t\t\t<div class=\"elementor-widget-wrap elementor-element-populated\">\n\t\t\t\t\t\t<div class=\"elementor-element elementor-element-c7c23f1 elementor-widget elementor-widget-heading\" data-id=\"c7c23f1\" data-element_type=\"widget\" data-e-type=\"widget\" data-widget_type=\"heading.default\">\n\t\t\t\t<div class=\"elementor-widget-container\">\n\t\t\t\t\t<h2 class=\"elementor-heading-title elementor-size-default\">Interview de Mar Albendea Roa, directrice du laboratoire \u2013 AGROVIN :<\/h2>\t\t\t\t<\/div>\n\t\t\t\t<\/div>\n\t\t\t\t<div class=\"elementor-element elementor-element-7c70004 elementor-widget elementor-widget-text-editor\" data-id=\"7c70004\" data-element_type=\"widget\" data-e-type=\"widget\" data-widget_type=\"text-editor.default\">\n\t\t\t\t<div class=\"elementor-widget-container\">\n\t\t\t\t\t\t\t\t\t<div><div><p><strong><em>\u00ab Ce projet repr\u00e9sentera un \u00e9norme pas en avant dans la production de Brandy de qualit\u00e9 gr\u00e2ce aux recherches effectu\u00e9es dans les vignobles et les techniques de production. \u00bb<\/em><\/strong><\/p><h4>1. Quelle est la contribution et l&#8217;activit\u00e9 d&#8217;Agrovin dans le projet\u00a0?\u00a0<\/h4><p><em>Dans le d\u00e9veloppement de strat\u00e9gies pour obtenir un brandy de qualit\u00e9 tout en r\u00e9duisant les co\u00fbts de production. Plus pr\u00e9cis\u00e9ment, les sp\u00e9cialistes techniques de notre entreprise ont apport\u00e9 leurs connaissances en microbiologie \u0153nologique, en nutrition des levures et en techniques de pointe dans le secteur, comme l&#8217;application des ultrasons.<\/em><\/p><h4>2. Quel est votre r\u00f4le dans le projet au sein de l&#8217;\u00e9quipe technique de votre soci\u00e9t\u00e9 Agrovin\u00a0?<\/h4><p><em>Responsable du projet. J&#8217;ai \u00e9t\u00e9 directement impliqu\u00e9e dans le d\u00e9veloppement de chacune des exp\u00e9riences, le suivi des analyses et la r\u00e9daction des rapports.<\/em><\/p><h4>3. Qu&#8217;est-ce que cela signifie pour Agrovin de participer \u00e0 un projet de cette ampleur\u00a0?<\/h4><p><em>La participation d&#8217;Agrovin \u00e0 ce projet est la preuve de l&#8217;engagement ferme de notre soci\u00e9t\u00e9 \u00e0 investir dans des projets de R&amp;D&amp;I en tant que moteur de l&#8217;innovation et de l&#8217;am\u00e9lioration continue dans le secteur du vin.\u00a0<\/em><\/p><h4>4. Quels sont vos objectifs concrets dans le cadre de Bestbrandy\u00a0?<\/h4><p><em>D\u00e9velopper de nouvelles strat\u00e9gies de vinification pour augmenter le rendement alcoolique des vins et d\u00e9velopper des strat\u00e9gies pour acc\u00e9l\u00e9rer le vieillissement du Brandy en barrique.<\/em><\/p><h4>5. Comment coordonnez-vous votre travail avec toutes les entreprises qui font partie du consortium et avec les centres de recherche\u00a0?<\/h4><p><em>Par des r\u00e9unions de suivi, par courriel et par t\u00e9l\u00e9phone.\u00a0<\/em><\/p><h4>6. \u00c0 votre avis, que signifie la contribution de Bestbrandy pour le secteur espagnol du brandy\u00a0?<\/h4><p><em>Ce projet repr\u00e9sentera une avanc\u00e9e consid\u00e9rable dans la production de Brandy de qualit\u00e9 gr\u00e2ce aux recherches effectu\u00e9es dans les vignobles et les techniques de vinification. En plus de cette valeur ajout\u00e9e, les co\u00fbts de production seront r\u00e9duits gr\u00e2ce \u00e0 l&#8217;utilisation de techniques et de technologies de pointe dans le secteur, qui permettent de r\u00e9duire la consommation d&#8217;\u00e9nergie et le travail des op\u00e9rateurs dans les \u00e9tablissements vinicoles. Et pour le secteur vitivinicole en g\u00e9n\u00e9ral\u00a0? Am\u00e9lioration continue de la qualit\u00e9 de tous les processus impliqu\u00e9s dans l&#8217;\u00e9laboration des vins destin\u00e9s \u00e0 la production de Brandy.<\/em>\u00a0<\/p><h4>7. Enfin, quelques mois avant la fin du projet, quels sont les objectifs que vous pouvez consid\u00e9rer comme atteints\u00a0?<\/h4><p><em>Utilisation de nouvelles techniques pour r\u00e9duire le temps de vieillissement du Brandy en f\u00fbts. La technique des ultrasons (syst\u00e8me Perseus) permet d&#8217;obtenir en quelques heures des produits \u00ab\u00a0pr\u00e9-vieillis\u00a0\u00bb, qui n\u00e9cessiteront moins de temps en f\u00fbts. L&#8217;utilisation de cette technique est consid\u00e9r\u00e9e comme un avantage concurrentiel dans la production de ces distillats par la r\u00e9duction des co\u00fbts de production.<\/em><\/p><h4>8. Personnellement, pour vous et votre carri\u00e8re professionnelle, pouvez-vous \u00e9num\u00e9rer les aspects les plus positifs que vous retirez de votre participation \u00e0 Bestbrandy\u00a0?<\/h4><h4><span style=\"font-size: 16px;\"><em>Collaboration avec des centres de recherche et de prestigieux \u00e9tablissements vinicoles espagnols. <\/em>Acc\u00e9dez \u00e0 toutes les informations sur le projet \u00e0 l&#8217;adresse suivante: <\/span><a style=\"font-size: 16px; background-color: #ffffff;\" href=\"http:\/\/bestbrandy.es\/\" target=\"_blank\" rel=\"noopener noreferrer\">https:\/\/bestbrandy.es\/<\/a><\/h4><\/div><\/div>\t\t\t\t\t\t\t\t<\/div>\n\t\t\t\t<\/div>\n\t\t\t\t\t<\/div>\n\t\t<\/div>\n\t\t\t\t\t<\/div>\n\t\t<\/section>\n\t\t\t\t<section class=\"elementor-section elementor-top-section elementor-element elementor-element-88f4a71 elementor-section-boxed elementor-section-height-default elementor-section-height-default\" data-id=\"88f4a71\" data-element_type=\"section\" data-e-type=\"section\">\n\t\t\t\t\t\t<div class=\"elementor-container elementor-column-gap-default\">\n\t\t\t\t\t<div class=\"elementor-column elementor-col-33 elementor-top-column elementor-element elementor-element-5affb30\" data-id=\"5affb30\" data-element_type=\"column\" data-e-type=\"column\">\n\t\t\t<div class=\"elementor-widget-wrap elementor-element-populated\">\n\t\t\t\t\t\t<div class=\"elementor-element elementor-element-80cce10 elementor-widget elementor-widget-image\" data-id=\"80cce10\" data-element_type=\"widget\" data-e-type=\"widget\" data-widget_type=\"image.default\">\n\t\t\t\t<div class=\"elementor-widget-container\">\n\t\t\t\t\t\t\t\t\t\t\t\t\t\t\t<img decoding=\"async\" width=\"336\" height=\"87\" src=\"https:\/\/agrovin.com\/wp-content\/uploads\/2022\/02\/BESTBRANDY-1.jpg\" class=\"attachment-large size-large wp-image-75362\" alt=\"\" srcset=\"https:\/\/agrovin.com\/wp-content\/uploads\/2022\/02\/BESTBRANDY-1.jpg 336w, https:\/\/agrovin.com\/wp-content\/uploads\/2022\/02\/BESTBRANDY-1-300x78.jpg 300w, https:\/\/agrovin.com\/wp-content\/uploads\/2022\/02\/BESTBRANDY-1-270x70.jpg 270w\" sizes=\"(max-width: 336px) 100vw, 336px\" title=\"\">\t\t\t\t\t\t\t\t\t\t\t\t\t\t\t<\/div>\n\t\t\t\t<\/div>\n\t\t\t\t<div class=\"elementor-element elementor-element-3b787fd elementor-widget elementor-widget-image\" data-id=\"3b787fd\" data-element_type=\"widget\" data-e-type=\"widget\" data-widget_type=\"image.default\">\n\t\t\t\t<div class=\"elementor-widget-container\">\n\t\t\t\t\t\t\t\t\t\t\t\t\t\t\t<img decoding=\"async\" width=\"299\" height=\"76\" src=\"https:\/\/agrovin.com\/wp-content\/uploads\/2022\/02\/agrovin-ue.jpg\" class=\"attachment-large size-large wp-image-74877\" alt=\"\" srcset=\"https:\/\/agrovin.com\/wp-content\/uploads\/2022\/02\/agrovin-ue.jpg 299w, https:\/\/agrovin.com\/wp-content\/uploads\/2022\/02\/agrovin-ue-270x69.jpg 270w\" sizes=\"(max-width: 299px) 100vw, 299px\" title=\"\">\t\t\t\t\t\t\t\t\t\t\t\t\t\t\t<\/div>\n\t\t\t\t<\/div>\n\t\t\t\t\t<\/div>\n\t\t<\/div>\n\t\t\t\t<div class=\"elementor-column elementor-col-33 elementor-top-column elementor-element elementor-element-b501eba\" data-id=\"b501eba\" data-element_type=\"column\" data-e-type=\"column\">\n\t\t\t<div class=\"elementor-widget-wrap elementor-element-populated\">\n\t\t\t\t\t\t<div class=\"elementor-element elementor-element-4f1f5a9 elementor-widget elementor-widget-image\" data-id=\"4f1f5a9\" data-element_type=\"widget\" data-e-type=\"widget\" data-widget_type=\"image.default\">\n\t\t\t\t<div class=\"elementor-widget-container\">\n\t\t\t\t\t\t\t\t\t\t\t\t\t\t\t<img decoding=\"async\" width=\"350\" height=\"100\" src=\"https:\/\/agrovin.com\/wp-content\/uploads\/2022\/02\/CDTI-350x100-1.jpg\" class=\"attachment-large size-large wp-image-75367\" alt=\"\" srcset=\"https:\/\/agrovin.com\/wp-content\/uploads\/2022\/02\/CDTI-350x100-1.jpg 350w, https:\/\/agrovin.com\/wp-content\/uploads\/2022\/02\/CDTI-350x100-1-300x86.jpg 300w, https:\/\/agrovin.com\/wp-content\/uploads\/2022\/02\/CDTI-350x100-1-270x77.jpg 270w\" sizes=\"(max-width: 350px) 100vw, 350px\" title=\"\">\t\t\t\t\t\t\t\t\t\t\t\t\t\t\t<\/div>\n\t\t\t\t<\/div>\n\t\t\t\t\t<\/div>\n\t\t<\/div>\n\t\t\t\t<div class=\"elementor-column elementor-col-33 elementor-top-column elementor-element elementor-element-cf15c80\" data-id=\"cf15c80\" data-element_type=\"column\" data-e-type=\"column\">\n\t\t\t<div class=\"elementor-widget-wrap\">\n\t\t\t\t\t\t\t<\/div>\n\t\t<\/div>\n\t\t\t\t\t<\/div>\n\t\t<\/section>\n\t\t\t\t<\/div>\n\t\t","protected":false},"excerpt":{"rendered":"<p>Facteurs influen\u00e7ant la qualit\u00e9 du brandy et nouveaux syst\u00e8mes de production du brandy, du vignoble \u00e0 la mise en bouteille. OBJECTIF\u00a0:Le projet du consortium BESTBRANDY vise \u00e0 entreprendre un projet complet de R&amp;D 2016-2018 sur l&#8217;am\u00e9lioration des produits et des processus dans le vignoble, la vinification, la distillation, le vieillissement et le conditionnement du brandy, [&hellip;]<\/p>\n","protected":false},"author":359,"featured_media":0,"parent":78059,"menu_order":0,"comment_status":"closed","ping_status":"closed","template":"","meta":{"_acf_changed":false,"inline_featured_image":false,"site-sidebar-layout":"no-sidebar","site-content-layout":"page-builder","ast-site-content-layout":"full-width-container","site-content-style":"unboxed","site-sidebar-style":"unboxed","ast-global-header-display":"","ast-banner-title-visibility":"","ast-main-header-display":"","ast-hfb-above-header-display":"","ast-hfb-below-header-display":"","ast-hfb-mobile-header-display":"","site-post-title":"disabled","ast-breadcrumbs-content":"","ast-featured-img":"disabled","footer-sml-layout":"","ast-disable-related-posts":"","theme-transparent-header-meta":"default","adv-header-id-meta":"","stick-header-meta":"","header-above-stick-meta":"","header-main-stick-meta":"","header-below-stick-meta":"","astra-migrate-meta-layouts":"set","ast-page-background-enabled":"default","ast-page-background-meta":{"desktop":{"background-color":"var(--ast-global-color-5)","background-image":"","background-repeat":"repeat","background-position":"center center","background-size":"auto","background-attachment":"scroll","background-type":"","background-media":"","overlay-type":"","overlay-color":"","overlay-opacity":"","overlay-gradient":""},"tablet":{"background-color":"","background-image":"","background-repeat":"repeat","background-position":"center center","background-size":"auto","background-attachment":"scroll","background-type":"","background-media":"","overlay-type":"","overlay-color":"","overlay-opacity":"","overlay-gradient":""},"mobile":{"background-color":"","background-image":"","background-repeat":"repeat","background-position":"center center","background-size":"auto","background-attachment":"scroll","background-type":"","background-media":"","overlay-type":"","overlay-color":"","overlay-opacity":"","overlay-gradient":""}},"ast-content-background-meta":{"desktop":{"background-color":"var(--ast-global-color-4)","background-image":"","background-repeat":"repeat","background-position":"center center","background-size":"auto","background-attachment":"scroll","background-type":"","background-media":"","overlay-type":"","overlay-color":"","overlay-opacity":"","overlay-gradient":""},"tablet":{"background-color":"var(--ast-global-color-4)","background-image":"","background-repeat":"repeat","background-position":"center center","background-size":"auto","background-attachment":"scroll","background-type":"","background-media":"","overlay-type":"","overlay-color":"","overlay-opacity":"","overlay-gradient":""},"mobile":{"background-color":"var(--ast-global-color-4)","background-image":"","background-repeat":"repeat","background-position":"center center","background-size":"auto","background-attachment":"scroll","background-type":"","background-media":"","overlay-type":"","overlay-color":"","overlay-opacity":"","overlay-gradient":""}},"footnotes":""},"class_list":["post-78054","page","type-page","status-publish","hentry"],"acf":[],"_links":{"self":[{"href":"https:\/\/agrovin.com\/fr\/wp-json\/wp\/v2\/pages\/78054","targetHints":{"allow":["GET"]}}],"collection":[{"href":"https:\/\/agrovin.com\/fr\/wp-json\/wp\/v2\/pages"}],"about":[{"href":"https:\/\/agrovin.com\/fr\/wp-json\/wp\/v2\/types\/page"}],"author":[{"embeddable":true,"href":"https:\/\/agrovin.com\/fr\/wp-json\/wp\/v2\/users\/359"}],"replies":[{"embeddable":true,"href":"https:\/\/agrovin.com\/fr\/wp-json\/wp\/v2\/comments?post=78054"}],"version-history":[{"count":4,"href":"https:\/\/agrovin.com\/fr\/wp-json\/wp\/v2\/pages\/78054\/revisions"}],"predecessor-version":[{"id":120417,"href":"https:\/\/agrovin.com\/fr\/wp-json\/wp\/v2\/pages\/78054\/revisions\/120417"}],"up":[{"embeddable":true,"href":"https:\/\/agrovin.com\/fr\/wp-json\/wp\/v2\/pages\/78059"}],"wp:attachment":[{"href":"https:\/\/agrovin.com\/fr\/wp-json\/wp\/v2\/media?parent=78054"}],"curies":[{"name":"wp","href":"https:\/\/api.w.org\/{rel}","templated":true}]}}