{"id":77763,"date":"2022-06-07T12:52:15","date_gmt":"2022-06-07T11:52:15","guid":{"rendered":"https:\/\/staging.agrovin.com\/projet-delaboration-dun-plan-dinnovation-produit-agrovin-s-a\/"},"modified":"2025-06-27T10:40:21","modified_gmt":"2025-06-27T08:40:21","slug":"projet-delaboration-dun-plan-dinnovation-produit-agrovin-s-a","status":"publish","type":"page","link":"https:\/\/agrovin.com\/fr\/projets-de-rd\/projet-delaboration-dun-plan-dinnovation-produit-agrovin-s-a\/","title":{"rendered":"Projet d&#8217;\u00e9laboration d&#8217;un plan d&#8217;innovation produit AGROVIN S.A."},"content":{"rendered":"\t\t<div data-elementor-type=\"wp-page\" data-elementor-id=\"77763\" class=\"elementor elementor-77763 elementor-64421\" data-elementor-post-type=\"page\">\n\t\t\t\t\t\t<section class=\"elementor-section elementor-top-section elementor-element elementor-element-8e38317 elementor-section-height-min-height elementor-section-boxed elementor-section-height-default elementor-section-items-middle\" data-id=\"8e38317\" data-element_type=\"section\" data-e-type=\"section\" data-settings=\"{&quot;background_background&quot;:&quot;classic&quot;}\">\n\t\t\t\t\t\t<div class=\"elementor-container elementor-column-gap-default\">\n\t\t\t\t\t<div class=\"elementor-column elementor-col-100 elementor-top-column elementor-element elementor-element-69ff51c\" data-id=\"69ff51c\" data-element_type=\"column\" data-e-type=\"column\">\n\t\t\t<div class=\"elementor-widget-wrap\">\n\t\t\t\t\t\t\t<\/div>\n\t\t<\/div>\n\t\t\t\t\t<\/div>\n\t\t<\/section>\n\t\t\t\t<section class=\"elementor-section elementor-top-section elementor-element elementor-element-98b0855 elementor-section-boxed elementor-section-height-default elementor-section-height-default\" data-id=\"98b0855\" data-element_type=\"section\" data-e-type=\"section\">\n\t\t\t\t\t\t<div class=\"elementor-container elementor-column-gap-default\">\n\t\t\t\t\t<div class=\"elementor-column elementor-col-100 elementor-top-column elementor-element elementor-element-7f010f7\" data-id=\"7f010f7\" data-element_type=\"column\" data-e-type=\"column\">\n\t\t\t<div class=\"elementor-widget-wrap elementor-element-populated\">\n\t\t\t\t\t\t<div class=\"elementor-element elementor-element-affb449 elementor-widget elementor-widget-heading\" data-id=\"affb449\" data-element_type=\"widget\" data-e-type=\"widget\" data-widget_type=\"heading.default\">\n\t\t\t\t<div class=\"elementor-widget-container\">\n\t\t\t\t\t<h3 class=\"elementor-heading-title elementor-size-default\">Projet d'\u00e9laboration d'un plan d'innovation de produits AGROVIN S.A.<\/h3>\t\t\t\t<\/div>\n\t\t\t\t<\/div>\n\t\t\t\t<div class=\"elementor-element elementor-element-4d77f13 elementor-widget elementor-widget-text-editor\" data-id=\"4d77f13\" data-element_type=\"widget\" data-e-type=\"widget\" data-widget_type=\"text-editor.default\">\n\t\t\t\t<div class=\"elementor-widget-container\">\n\t\t\t\t\t\t\t\t\t<p><strong>OBJECTIF\u00a0: <\/strong>Avec ce projet, PRODUCTOS AGROVIN entend initier une s\u00e9rie d&#8217;actions qui lui permettront d&#8217;optimiser son syst\u00e8me de gestion de l&#8217;innovation, en concevant une m\u00e9thodologie qui lui permettra d&#8217;appliquer son propre plan d&#8217;innovation sur une base annuelle. Cette mesure vise finalement \u00e0 promouvoir les processus d&#8217;innovation (R&amp;D&amp;I) au sein de l&#8217;entreprise afin d&#8217;am\u00e9liorer son positionnement et sa comp\u00e9titivit\u00e9. Ces objectifs seront atteints en favorisant le d\u00e9veloppement des activit\u00e9s de R&amp;D&amp;I dans le cadre d&#8217;une culture qui encourage l&#8217;innovation commerciale. Dans le cadre du d\u00e9veloppement de ce projet, un comit\u00e9 d&#8217;innovation et\/ou une unit\u00e9 ou un d\u00e9partement de RDI seront mis en place avec l&#8217;aide experte de l&#8217;entreprise ARTICA Ingeniera e Innovaci\u00f3n S.L. en mati\u00e8re de conseil en RDI.<\/p><p><strong>APPEL \u00c0 PROPOSITIONS: <\/strong>Programa de apoyo a la innovaci\u00f3n empresarial. JUNTA DE COMUNIDADES DE CASTILLA LA MANCHA.<\/p><p><strong>TITRE DU PROJET\u00a0: <\/strong>Projet d&#8217;\u00e9laboration d&#8217;un plan d&#8217;innovation de produits AGROVIN S.A.<\/p><p><strong>Date de d\u00e9but\u00a0:<\/strong>\u00a015\/7\/2015<\/p><p><strong>Date de fin\u00a0:<\/strong>\u00a030\/4\/2016<\/p>\t\t\t\t\t\t\t\t<\/div>\n\t\t\t\t<\/div>\n\t\t\t\t<div class=\"elementor-element elementor-element-7259b93 elementor-widget elementor-widget-button\" data-id=\"7259b93\" data-element_type=\"widget\" data-e-type=\"widget\" data-widget_type=\"button.default\">\n\t\t\t\t<div class=\"elementor-widget-container\">\n\t\t\t\t\t\t\t\t\t<div class=\"elementor-button-wrapper\">\n\t\t\t\t\t<a class=\"elementor-button elementor-button-link elementor-size-sm\" href=\"https:\/\/agrovin.com\/agrv\/pdf\/ficha_proyectos\/Ficha_tecnica_PLAN_INNOVACION2.pdf\" target=\"_blank\" rel=\"nofollow\" download=\"https:\/\/agrovin.com\/agrv\/pdf\/ficha_proyectos\/Ficha_tecnica_PLAN_INNOVACION2.pdf\">\n\t\t\t\t\t\t<span class=\"elementor-button-content-wrapper\">\n\t\t\t\t\t\t\t\t\t<span class=\"elementor-button-text\">FICHE TECHNIQUE DU PROJET<\/span>\n\t\t\t\t\t<\/span>\n\t\t\t\t\t<\/a>\n\t\t\t\t<\/div>\n\t\t\t\t\t\t\t\t<\/div>\n\t\t\t\t<\/div>\n\t\t\t\t\t<\/div>\n\t\t<\/div>\n\t\t\t\t\t<\/div>\n\t\t<\/section>\n\t\t\t\t<section class=\"elementor-section elementor-top-section elementor-element elementor-element-4ce0580 elementor-section-boxed elementor-section-height-default elementor-section-height-default\" data-id=\"4ce0580\" data-element_type=\"section\" data-e-type=\"section\">\n\t\t\t\t\t\t<div class=\"elementor-container elementor-column-gap-default\">\n\t\t\t\t\t<div class=\"elementor-column elementor-col-33 elementor-top-column elementor-element elementor-element-cfadef7\" data-id=\"cfadef7\" data-element_type=\"column\" data-e-type=\"column\">\n\t\t\t<div class=\"elementor-widget-wrap elementor-element-populated\">\n\t\t\t\t\t\t<div class=\"elementor-element elementor-element-58d239b elementor-widget elementor-widget-image\" data-id=\"58d239b\" data-element_type=\"widget\" data-e-type=\"widget\" data-widget_type=\"image.default\">\n\t\t\t\t<div class=\"elementor-widget-container\">\n\t\t\t\t\t\t\t\t\t\t\t\t\t\t\t<img decoding=\"async\" width=\"299\" height=\"76\" src=\"https:\/\/agrovin.com\/wp-content\/uploads\/2022\/02\/agrovin-ue.jpg\" class=\"attachment-large size-large wp-image-74877\" alt=\"\" srcset=\"https:\/\/agrovin.com\/wp-content\/uploads\/2022\/02\/agrovin-ue.jpg 299w, https:\/\/agrovin.com\/wp-content\/uploads\/2022\/02\/agrovin-ue-270x69.jpg 270w\" sizes=\"(max-width: 299px) 100vw, 299px\" title=\"\">\t\t\t\t\t\t\t\t\t\t\t\t\t\t\t<\/div>\n\t\t\t\t<\/div>\n\t\t\t\t\t<\/div>\n\t\t<\/div>\n\t\t\t\t<div class=\"elementor-column elementor-col-33 elementor-top-column elementor-element elementor-element-78c8a9d\" data-id=\"78c8a9d\" data-element_type=\"column\" data-e-type=\"column\">\n\t\t\t<div class=\"elementor-widget-wrap elementor-element-populated\">\n\t\t\t\t\t\t<div class=\"elementor-element elementor-element-1295706 elementor-widget elementor-widget-image\" data-id=\"1295706\" data-element_type=\"widget\" data-e-type=\"widget\" data-widget_type=\"image.default\">\n\t\t\t\t<div class=\"elementor-widget-container\">\n\t\t\t\t\t\t\t\t\t\t\t\t\t\t\t<img decoding=\"async\" width=\"250\" height=\"166\" src=\"https:\/\/agrovin.com\/wp-content\/uploads\/2022\/02\/junta-CLM-250x166-1.png\" class=\"attachment-large size-large wp-image-75372\" alt=\"\" title=\"\">\t\t\t\t\t\t\t\t\t\t\t\t\t\t\t<\/div>\n\t\t\t\t<\/div>\n\t\t\t\t\t<\/div>\n\t\t<\/div>\n\t\t\t\t<div class=\"elementor-column elementor-col-33 elementor-top-column elementor-element elementor-element-7527a23\" data-id=\"7527a23\" data-element_type=\"column\" data-e-type=\"column\">\n\t\t\t<div class=\"elementor-widget-wrap\">\n\t\t\t\t\t\t\t<\/div>\n\t\t<\/div>\n\t\t\t\t\t<\/div>\n\t\t<\/section>\n\t\t\t\t<\/div>\n\t\t","protected":false},"excerpt":{"rendered":"<p>Projet d&#8217;\u00e9laboration d&#8217;un plan d&#8217;innovation de produits AGROVIN S.A. OBJECTIF\u00a0: Avec ce projet, PRODUCTOS AGROVIN entend initier une s\u00e9rie d&#8217;actions qui lui permettront d&#8217;optimiser son syst\u00e8me de gestion de l&#8217;innovation, en concevant une m\u00e9thodologie qui lui permettra d&#8217;appliquer son propre plan d&#8217;innovation sur une base annuelle. Cette mesure vise finalement \u00e0 promouvoir les processus d&#8217;innovation [&hellip;]<\/p>\n","protected":false},"author":359,"featured_media":0,"parent":78059,"menu_order":0,"comment_status":"closed","ping_status":"closed","template":"","meta":{"_acf_changed":false,"inline_featured_image":false,"site-sidebar-layout":"no-sidebar","site-content-layout":"page-builder","ast-site-content-layout":"full-width-container","site-content-style":"unboxed","site-sidebar-style":"unboxed","ast-global-header-display":"","ast-banner-title-visibility":"","ast-main-header-display":"","ast-hfb-above-header-display":"","ast-hfb-below-header-display":"","ast-hfb-mobile-header-display":"","site-post-title":"disabled","ast-breadcrumbs-content":"","ast-featured-img":"disabled","footer-sml-layout":"","ast-disable-related-posts":"","theme-transparent-header-meta":"default","adv-header-id-meta":"","stick-header-meta":"","header-above-stick-meta":"","header-main-stick-meta":"","header-below-stick-meta":"","astra-migrate-meta-layouts":"set","ast-page-background-enabled":"default","ast-page-background-meta":{"desktop":{"background-color":"var(--ast-global-color-5)","background-image":"","background-repeat":"repeat","background-position":"center center","background-size":"auto","background-attachment":"scroll","background-type":"","background-media":"","overlay-type":"","overlay-color":"","overlay-opacity":"","overlay-gradient":""},"tablet":{"background-color":"","background-image":"","background-repeat":"repeat","background-position":"center center","background-size":"auto","background-attachment":"scroll","background-type":"","background-media":"","overlay-type":"","overlay-color":"","overlay-opacity":"","overlay-gradient":""},"mobile":{"background-color":"","background-image":"","background-repeat":"repeat","background-position":"center center","background-size":"auto","background-attachment":"scroll","background-type":"","background-media":"","overlay-type":"","overlay-color":"","overlay-opacity":"","overlay-gradient":""}},"ast-content-background-meta":{"desktop":{"background-color":"var(--ast-global-color-4)","background-image":"","background-repeat":"repeat","background-position":"center center","background-size":"auto","background-attachment":"scroll","background-type":"","background-media":"","overlay-type":"","overlay-color":"","overlay-opacity":"","overlay-gradient":""},"tablet":{"background-color":"var(--ast-global-color-4)","background-image":"","background-repeat":"repeat","background-position":"center center","background-size":"auto","background-attachment":"scroll","background-type":"","background-media":"","overlay-type":"","overlay-color":"","overlay-opacity":"","overlay-gradient":""},"mobile":{"background-color":"var(--ast-global-color-4)","background-image":"","background-repeat":"repeat","background-position":"center center","background-size":"auto","background-attachment":"scroll","background-type":"","background-media":"","overlay-type":"","overlay-color":"","overlay-opacity":"","overlay-gradient":""}},"footnotes":""},"class_list":["post-77763","page","type-page","status-publish","hentry"],"acf":[],"_links":{"self":[{"href":"https:\/\/agrovin.com\/fr\/wp-json\/wp\/v2\/pages\/77763","targetHints":{"allow":["GET"]}}],"collection":[{"href":"https:\/\/agrovin.com\/fr\/wp-json\/wp\/v2\/pages"}],"about":[{"href":"https:\/\/agrovin.com\/fr\/wp-json\/wp\/v2\/types\/page"}],"author":[{"embeddable":true,"href":"https:\/\/agrovin.com\/fr\/wp-json\/wp\/v2\/users\/359"}],"replies":[{"embeddable":true,"href":"https:\/\/agrovin.com\/fr\/wp-json\/wp\/v2\/comments?post=77763"}],"version-history":[{"count":1,"href":"https:\/\/agrovin.com\/fr\/wp-json\/wp\/v2\/pages\/77763\/revisions"}],"predecessor-version":[{"id":120488,"href":"https:\/\/agrovin.com\/fr\/wp-json\/wp\/v2\/pages\/77763\/revisions\/120488"}],"up":[{"embeddable":true,"href":"https:\/\/agrovin.com\/fr\/wp-json\/wp\/v2\/pages\/78059"}],"wp:attachment":[{"href":"https:\/\/agrovin.com\/fr\/wp-json\/wp\/v2\/media?parent=77763"}],"curies":[{"name":"wp","href":"https:\/\/api.w.org\/{rel}","templated":true}]}}