{"id":77757,"date":"2022-06-07T12:40:34","date_gmt":"2022-06-07T11:40:34","guid":{"rendered":"https:\/\/staging.agrovin.com\/strategies-et-methodes-viticoles-et-oenologiques-face-au-changement-climatique-application-de-nouvelles-technologies-pour-ameliorer-lefficacite-des-processus-de-rd-qui-en-decoulent\/"},"modified":"2025-06-25T09:41:12","modified_gmt":"2025-06-25T07:41:12","slug":"strategies-et-methodes-viticoles-et-oenologiques-face-au-changement-climatique-application-de-nouvelles-technologies-pour-ameliorer-lefficacite-des-processus-de-rd-qui-en-decoulent","status":"publish","type":"page","link":"https:\/\/agrovin.com\/fr\/projets-de-rd\/strategies-et-methodes-viticoles-et-oenologiques-face-au-changement-climatique-application-de-nouvelles-technologies-pour-ameliorer-lefficacite-des-processus-de-rd-qui-en-decoulent\/","title":{"rendered":"Strat\u00e9gies et m\u00e9thodes viticoles et \u0153nologiques face au changement climatique. Application de nouvelles technologies pour am\u00e9liorer l&#8217;efficacit\u00e9 des processus de R&#038;D qui en d\u00e9coulent."},"content":{"rendered":"\t\t<div data-elementor-type=\"wp-page\" data-elementor-id=\"77757\" class=\"elementor elementor-77757 elementor-64401\" data-elementor-post-type=\"page\">\n\t\t\t\t\t\t<section class=\"elementor-section elementor-top-section elementor-element elementor-element-1806dd9 elementor-section-height-min-height elementor-section-boxed elementor-section-height-default elementor-section-items-middle\" data-id=\"1806dd9\" data-element_type=\"section\" data-e-type=\"section\" data-settings=\"{&quot;background_background&quot;:&quot;classic&quot;}\">\n\t\t\t\t\t\t<div class=\"elementor-container elementor-column-gap-default\">\n\t\t\t\t\t<div class=\"elementor-column elementor-col-100 elementor-top-column elementor-element elementor-element-0c75f53\" data-id=\"0c75f53\" data-element_type=\"column\" data-e-type=\"column\">\n\t\t\t<div class=\"elementor-widget-wrap\">\n\t\t\t\t\t\t\t<\/div>\n\t\t<\/div>\n\t\t\t\t\t<\/div>\n\t\t<\/section>\n\t\t\t\t<section class=\"elementor-section elementor-top-section elementor-element elementor-element-e2ba0cb elementor-section-boxed elementor-section-height-default elementor-section-height-default\" data-id=\"e2ba0cb\" data-element_type=\"section\" data-e-type=\"section\">\n\t\t\t\t\t\t<div class=\"elementor-container elementor-column-gap-default\">\n\t\t\t\t\t<div class=\"elementor-column elementor-col-100 elementor-top-column elementor-element elementor-element-2561b4e\" data-id=\"2561b4e\" data-element_type=\"column\" data-e-type=\"column\">\n\t\t\t<div class=\"elementor-widget-wrap elementor-element-populated\">\n\t\t\t\t\t\t<div class=\"elementor-element elementor-element-d584362 elementor-widget elementor-widget-heading\" data-id=\"d584362\" data-element_type=\"widget\" data-e-type=\"widget\" data-widget_type=\"heading.default\">\n\t\t\t\t<div class=\"elementor-widget-container\">\n\t\t\t\t\t<h1 class=\"elementor-heading-title elementor-size-default\">Strat\u00e9gies et m\u00e9thodes viticoles et \u0153nologiques face au changement climatique. Application de nouvelles technologies pour am\u00e9liorer l'efficacit\u00e9 des processus de R&amp;D qui en d\u00e9coulent.<\/h1>\t\t\t\t<\/div>\n\t\t\t\t<\/div>\n\t\t\t\t<div class=\"elementor-element elementor-element-b0da0a8 elementor-widget elementor-widget-text-editor\" data-id=\"b0da0a8\" data-element_type=\"widget\" data-e-type=\"widget\" data-widget_type=\"text-editor.default\">\n\t\t\t\t<div class=\"elementor-widget-container\">\n\t\t\t\t\t\t\t\t\t<p><strong>OBJECTIF<\/strong> : Le projet CENIT-DEMETER est constitu\u00e9 d\u2019un consortium qui rassemble un total de 27 partenaires et 21 organisations de recherche avec 31 groupes de recherche diff\u00e9rents repr\u00e9sentant 12 communaut\u00e9s autonomes en Espagne, le chef de file du projet \u00e9tant Miguel Torres S.A. L\u2019objectif g\u00e9n\u00e9ral du projet est de r\u00e9aliser une recherche strat\u00e9gique, multidisciplinaire et interr\u00e9gionale dans le domaine de la viticulture au niveau national, qui permettra de g\u00e9n\u00e9rer des connaissances scientifico-techniques dont l\u2019application devrait jeter les bases d\u2019une nouvelle fa\u00e7on d\u2019appr\u00e9hender le positionnement futur du secteur viticole et de l\u2019industrie auxiliaire du vin face au changement climatique. Dans le cadre de ce projet, PRODUCTOS AGROVIN sera le chef de file du groupe de travail ax\u00e9 sur la recherche sur les levures, en tant qu\u2019entreprise importante dans le secteur de l\u2019industrie des auxiliaires du vin.<\/p><p><strong>APPEL \u00c0 PROPOSITIONS\u00a0:\u00a0<\/strong>CDTI- PROGRAMA CENIT.<\/p><p><strong>TITRE DU PROJET\u00a0:<\/strong>\u00a0Strat\u00e9gies et m\u00e9thodes viticoles et \u0153nologiques face au changement climatique. Application de nouvelles technologies pour am\u00e9liorer l\u2019efficacit\u00e9 des processus qui en d\u00e9coulent.<\/p><p><strong>Date de d\u00e9but\u00a0:<\/strong>\u00a001\/01\/2008<\/p><p><strong>Date de fin\u00a0:<\/strong>\u00a031\/11\/2011<\/p><p><strong>ACRONYME:\u00a0<\/strong>DEMETER.<\/p>\t\t\t\t\t\t\t\t<\/div>\n\t\t\t\t<\/div>\n\t\t\t\t<div class=\"elementor-element elementor-element-e3854cd elementor-widget elementor-widget-video\" data-id=\"e3854cd\" data-element_type=\"widget\" data-e-type=\"widget\" data-settings=\"{&quot;youtube_url&quot;:&quot;https:\\\/\\\/www.youtube.com\\\/watch?v=nFhQhHOhuV0&quot;,&quot;video_type&quot;:&quot;youtube&quot;,&quot;controls&quot;:&quot;yes&quot;}\" data-widget_type=\"video.default\">\n\t\t\t\t<div class=\"elementor-widget-container\">\n\t\t\t\t\t\t\t<div class=\"elementor-wrapper elementor-open-inline\">\n\t\t\t<div class=\"elementor-video\"><\/div>\t\t<\/div>\n\t\t\t\t\t\t<\/div>\n\t\t\t\t<\/div>\n\t\t\t\t<div class=\"elementor-element elementor-element-7692065 elementor-widget elementor-widget-button\" data-id=\"7692065\" data-element_type=\"widget\" data-e-type=\"widget\" data-widget_type=\"button.default\">\n\t\t\t\t<div class=\"elementor-widget-container\">\n\t\t\t\t\t\t\t\t\t<div class=\"elementor-button-wrapper\">\n\t\t\t\t\t<a class=\"elementor-button elementor-button-link elementor-size-sm\" href=\"https:\/\/agrovin.com\/agrv\/pdf\/ficha_proyectos\/Ficha_tecnica_DEMETER2.pdf\" target=\"_blank\" rel=\"nofollow\" download=\"https:\/\/agrovin.com\/agrv\/pdf\/ficha_proyectos\/Ficha_tecnica_PLAN_INNOVACION2.pdf\">\n\t\t\t\t\t\t<span class=\"elementor-button-content-wrapper\">\n\t\t\t\t\t\t\t\t\t<span class=\"elementor-button-text\">FICHE TECHNIQUE DU PROJET<\/span>\n\t\t\t\t\t<\/span>\n\t\t\t\t\t<\/a>\n\t\t\t\t<\/div>\n\t\t\t\t\t\t\t\t<\/div>\n\t\t\t\t<\/div>\n\t\t\t\t\t<\/div>\n\t\t<\/div>\n\t\t\t\t\t<\/div>\n\t\t<\/section>\n\t\t\t\t<section class=\"elementor-section elementor-top-section elementor-element elementor-element-6d15551 elementor-section-boxed elementor-section-height-default elementor-section-height-default\" data-id=\"6d15551\" data-element_type=\"section\" data-e-type=\"section\">\n\t\t\t\t\t\t<div class=\"elementor-container elementor-column-gap-default\">\n\t\t\t\t\t<div class=\"elementor-column elementor-col-33 elementor-top-column elementor-element elementor-element-8515caf\" data-id=\"8515caf\" data-element_type=\"column\" data-e-type=\"column\">\n\t\t\t<div class=\"elementor-widget-wrap elementor-element-populated\">\n\t\t\t\t\t\t<div class=\"elementor-element elementor-element-f6f0e42 elementor-widget elementor-widget-image\" data-id=\"f6f0e42\" data-element_type=\"widget\" data-e-type=\"widget\" data-widget_type=\"image.default\">\n\t\t\t\t<div class=\"elementor-widget-container\">\n\t\t\t\t\t\t\t\t\t\t\t\t\t\t\t<img decoding=\"async\" width=\"300\" height=\"97\" src=\"https:\/\/agrovin.com\/wp-content\/uploads\/2022\/02\/logoDemeter-300x97-1.jpg\" class=\"attachment-large size-large wp-image-75397\" alt=\"\" srcset=\"https:\/\/agrovin.com\/wp-content\/uploads\/2022\/02\/logoDemeter-300x97-1.jpg 300w, https:\/\/agrovin.com\/wp-content\/uploads\/2022\/02\/logoDemeter-300x97-1-270x87.jpg 270w\" sizes=\"(max-width: 300px) 100vw, 300px\" title=\"\">\t\t\t\t\t\t\t\t\t\t\t\t\t\t\t<\/div>\n\t\t\t\t<\/div>\n\t\t\t\t\t<\/div>\n\t\t<\/div>\n\t\t\t\t<div class=\"elementor-column elementor-col-33 elementor-top-column elementor-element elementor-element-ef54f14\" data-id=\"ef54f14\" data-element_type=\"column\" data-e-type=\"column\">\n\t\t\t<div class=\"elementor-widget-wrap elementor-element-populated\">\n\t\t\t\t\t\t<div class=\"elementor-element elementor-element-c8fea24 elementor-widget elementor-widget-image\" data-id=\"c8fea24\" data-element_type=\"widget\" data-e-type=\"widget\" data-widget_type=\"image.default\">\n\t\t\t\t<div class=\"elementor-widget-container\">\n\t\t\t\t\t\t\t\t\t\t\t\t\t\t\t<img decoding=\"async\" width=\"350\" height=\"100\" src=\"https:\/\/agrovin.com\/wp-content\/uploads\/2022\/02\/CDTI-350x100-1.jpg\" class=\"attachment-large size-large wp-image-75367\" alt=\"\" srcset=\"https:\/\/agrovin.com\/wp-content\/uploads\/2022\/02\/CDTI-350x100-1.jpg 350w, https:\/\/agrovin.com\/wp-content\/uploads\/2022\/02\/CDTI-350x100-1-300x86.jpg 300w, https:\/\/agrovin.com\/wp-content\/uploads\/2022\/02\/CDTI-350x100-1-270x77.jpg 270w\" sizes=\"(max-width: 350px) 100vw, 350px\" title=\"\">\t\t\t\t\t\t\t\t\t\t\t\t\t\t\t<\/div>\n\t\t\t\t<\/div>\n\t\t\t\t\t<\/div>\n\t\t<\/div>\n\t\t\t\t<div class=\"elementor-column elementor-col-33 elementor-top-column elementor-element elementor-element-d3c680d\" data-id=\"d3c680d\" data-element_type=\"column\" data-e-type=\"column\">\n\t\t\t<div class=\"elementor-widget-wrap elementor-element-populated\">\n\t\t\t\t\t\t<div class=\"elementor-element elementor-element-5676d2e elementor-widget elementor-widget-image\" data-id=\"5676d2e\" data-element_type=\"widget\" data-e-type=\"widget\" data-widget_type=\"image.default\">\n\t\t\t\t<div class=\"elementor-widget-container\">\n\t\t\t\t\t\t\t\t\t\t\t\t\t\t\t<img decoding=\"async\" width=\"125\" height=\"48\" src=\"https:\/\/agrovin.com\/wp-content\/uploads\/2022\/02\/cenit.jpg\" class=\"attachment-large size-large wp-image-75392\" alt=\"\" title=\"\">\t\t\t\t\t\t\t\t\t\t\t\t\t\t\t<\/div>\n\t\t\t\t<\/div>\n\t\t\t\t\t<\/div>\n\t\t<\/div>\n\t\t\t\t\t<\/div>\n\t\t<\/section>\n\t\t\t\t<\/div>\n\t\t","protected":false},"excerpt":{"rendered":"<p>Strat\u00e9gies et m\u00e9thodes viticoles et \u0153nologiques face au changement climatique. Application de nouvelles technologies pour am\u00e9liorer l&#8217;efficacit\u00e9 des processus de R&amp;D qui en d\u00e9coulent. OBJECTIF : Le projet CENIT-DEMETER est constitu\u00e9 d\u2019un consortium qui rassemble un total de 27 partenaires et 21 organisations de recherche avec 31 groupes de recherche diff\u00e9rents repr\u00e9sentant 12 communaut\u00e9s autonomes [&hellip;]<\/p>\n","protected":false},"author":359,"featured_media":0,"parent":78059,"menu_order":0,"comment_status":"closed","ping_status":"closed","template":"","meta":{"_acf_changed":false,"inline_featured_image":false,"site-sidebar-layout":"no-sidebar","site-content-layout":"page-builder","ast-site-content-layout":"full-width-container","site-content-style":"unboxed","site-sidebar-style":"unboxed","ast-global-header-display":"","ast-banner-title-visibility":"","ast-main-header-display":"","ast-hfb-above-header-display":"","ast-hfb-below-header-display":"","ast-hfb-mobile-header-display":"","site-post-title":"disabled","ast-breadcrumbs-content":"","ast-featured-img":"disabled","footer-sml-layout":"","ast-disable-related-posts":"","theme-transparent-header-meta":"default","adv-header-id-meta":"","stick-header-meta":"","header-above-stick-meta":"","header-main-stick-meta":"","header-below-stick-meta":"","astra-migrate-meta-layouts":"set","ast-page-background-enabled":"default","ast-page-background-meta":{"desktop":{"background-color":"var(--ast-global-color-5)","background-image":"","background-repeat":"repeat","background-position":"center center","background-size":"auto","background-attachment":"scroll","background-type":"","background-media":"","overlay-type":"","overlay-color":"","overlay-opacity":"","overlay-gradient":""},"tablet":{"background-color":"","background-image":"","background-repeat":"repeat","background-position":"center center","background-size":"auto","background-attachment":"scroll","background-type":"","background-media":"","overlay-type":"","overlay-color":"","overlay-opacity":"","overlay-gradient":""},"mobile":{"background-color":"","background-image":"","background-repeat":"repeat","background-position":"center center","background-size":"auto","background-attachment":"scroll","background-type":"","background-media":"","overlay-type":"","overlay-color":"","overlay-opacity":"","overlay-gradient":""}},"ast-content-background-meta":{"desktop":{"background-color":"var(--ast-global-color-4)","background-image":"","background-repeat":"repeat","background-position":"center center","background-size":"auto","background-attachment":"scroll","background-type":"","background-media":"","overlay-type":"","overlay-color":"","overlay-opacity":"","overlay-gradient":""},"tablet":{"background-color":"var(--ast-global-color-4)","background-image":"","background-repeat":"repeat","background-position":"center center","background-size":"auto","background-attachment":"scroll","background-type":"","background-media":"","overlay-type":"","overlay-color":"","overlay-opacity":"","overlay-gradient":""},"mobile":{"background-color":"var(--ast-global-color-4)","background-image":"","background-repeat":"repeat","background-position":"center center","background-size":"auto","background-attachment":"scroll","background-type":"","background-media":"","overlay-type":"","overlay-color":"","overlay-opacity":"","overlay-gradient":""}},"footnotes":""},"class_list":["post-77757","page","type-page","status-publish","hentry"],"acf":[],"_links":{"self":[{"href":"https:\/\/agrovin.com\/fr\/wp-json\/wp\/v2\/pages\/77757","targetHints":{"allow":["GET"]}}],"collection":[{"href":"https:\/\/agrovin.com\/fr\/wp-json\/wp\/v2\/pages"}],"about":[{"href":"https:\/\/agrovin.com\/fr\/wp-json\/wp\/v2\/types\/page"}],"author":[{"embeddable":true,"href":"https:\/\/agrovin.com\/fr\/wp-json\/wp\/v2\/users\/359"}],"replies":[{"embeddable":true,"href":"https:\/\/agrovin.com\/fr\/wp-json\/wp\/v2\/comments?post=77757"}],"version-history":[{"count":1,"href":"https:\/\/agrovin.com\/fr\/wp-json\/wp\/v2\/pages\/77757\/revisions"}],"predecessor-version":[{"id":120293,"href":"https:\/\/agrovin.com\/fr\/wp-json\/wp\/v2\/pages\/77757\/revisions\/120293"}],"up":[{"embeddable":true,"href":"https:\/\/agrovin.com\/fr\/wp-json\/wp\/v2\/pages\/78059"}],"wp:attachment":[{"href":"https:\/\/agrovin.com\/fr\/wp-json\/wp\/v2\/media?parent=77757"}],"curies":[{"name":"wp","href":"https:\/\/api.w.org\/{rel}","templated":true}]}}