{"id":77736,"date":"2022-06-07T09:39:15","date_gmt":"2022-06-07T08:39:15","guid":{"rendered":"https:\/\/staging.agrovin.com\/strategies-de-traitement-des-recoltes-et-des-fermentations-pour-la-production-de-vins-de-qualite-compensant-les-desequilibres-de-composition-causes-par-le-rechauffement-climatique-rd\/"},"modified":"2025-06-26T09:34:15","modified_gmt":"2025-06-26T07:34:15","slug":"strategies-de-traitement-des-recoltes-et-des-fermentations-pour-la-production-de-vins-de-qualite-compensant-les-desequilibres-de-composition-causes-par-le-rechauffement-climatique-rd","status":"publish","type":"page","link":"https:\/\/agrovin.com\/fr\/projets-de-rd\/strategies-de-traitement-des-recoltes-et-des-fermentations-pour-la-production-de-vins-de-qualite-compensant-les-desequilibres-de-composition-causes-par-le-rechauffement-climatique-rd\/","title":{"rendered":"Strat\u00e9gies de traitement des r\u00e9coltes et des fermentations pour la production de vins de qualit\u00e9, compensant les d\u00e9s\u00e9quilibres de composition caus\u00e9s par le r\u00e9chauffement climatique R&#038;D"},"content":{"rendered":"\t\t<div data-elementor-type=\"wp-page\" data-elementor-id=\"77736\" class=\"elementor elementor-77736 elementor-64396\" data-elementor-post-type=\"page\">\n\t\t\t\t\t\t<section class=\"elementor-section elementor-top-section elementor-element elementor-element-d904612 elementor-section-height-min-height elementor-section-boxed elementor-section-height-default elementor-section-items-middle\" data-id=\"d904612\" data-element_type=\"section\" data-e-type=\"section\" data-settings=\"{&quot;background_background&quot;:&quot;classic&quot;}\">\n\t\t\t\t\t\t<div class=\"elementor-container elementor-column-gap-default\">\n\t\t\t\t\t<div class=\"elementor-column elementor-col-100 elementor-top-column elementor-element elementor-element-8289245\" data-id=\"8289245\" data-element_type=\"column\" data-e-type=\"column\">\n\t\t\t<div class=\"elementor-widget-wrap\">\n\t\t\t\t\t\t\t<\/div>\n\t\t<\/div>\n\t\t\t\t\t<\/div>\n\t\t<\/section>\n\t\t\t\t<section class=\"elementor-section elementor-top-section elementor-element elementor-element-f64b255 elementor-section-boxed elementor-section-height-default elementor-section-height-default\" data-id=\"f64b255\" data-element_type=\"section\" data-e-type=\"section\">\n\t\t\t\t\t\t<div class=\"elementor-container elementor-column-gap-default\">\n\t\t\t\t\t<div class=\"elementor-column elementor-col-100 elementor-top-column elementor-element elementor-element-c9ec41c\" data-id=\"c9ec41c\" data-element_type=\"column\" data-e-type=\"column\">\n\t\t\t<div class=\"elementor-widget-wrap elementor-element-populated\">\n\t\t\t\t\t\t<div class=\"elementor-element elementor-element-82a5f17 elementor-widget elementor-widget-heading\" data-id=\"82a5f17\" data-element_type=\"widget\" data-e-type=\"widget\" data-widget_type=\"heading.default\">\n\t\t\t\t<div class=\"elementor-widget-container\">\n\t\t\t\t\t<h1 class=\"elementor-heading-title elementor-size-default\">Strat\u00e9gies de traitement de la vendange et de la fermentation pour la production de vins de qualit\u00e9, compensant les d\u00e9s\u00e9quilibres de composition caus\u00e9s par le r\u00e9chauffement climatique.<\/h1>\t\t\t\t<\/div>\n\t\t\t\t<\/div>\n\t\t\t\t<div class=\"elementor-element elementor-element-a6dd323 elementor-widget elementor-widget-heading\" data-id=\"a6dd323\" data-element_type=\"widget\" data-e-type=\"widget\" data-widget_type=\"heading.default\">\n\t\t\t\t<div class=\"elementor-widget-container\">\n\t\t\t\t\t<h2 class=\"elementor-heading-title elementor-size-default\">OBJECTIF\u00a0:<\/h2>\t\t\t\t<\/div>\n\t\t\t\t<\/div>\n\t\t\t\t<div class=\"elementor-element elementor-element-a316edd elementor-widget elementor-widget-text-editor\" data-id=\"a316edd\" data-element_type=\"widget\" data-e-type=\"widget\" data-widget_type=\"text-editor.default\">\n\t\t\t\t<div class=\"elementor-widget-container\">\n\t\t\t\t\t\t\t\t\t<p>Ce projet est men\u00e9 par un consortium public-priv\u00e9 impliquant un seul partenaire commercial, AGROVIN S.A., et deux centres de recherche, l&#8217;INSTITUTO DE LAS CIENCIAS DE LA VID Y EL VINO (ICVV-CSIC) et l&#8217;UNIVERSIDAD POLIT\u00c9CNICA DE VALENCIA (UNIVERSIDAD POLIT\u00c9CNICA DE VALENCIA). Un des objectifs de ce projet est de d\u00e9velopper des proc\u00e9dures applicables par l&#8217;industrie pour r\u00e9duire la teneur en alcool des vins afin de compenser l&#8217;augmentation produite ces derni\u00e8res ann\u00e9es en raison du r\u00e9chauffement climatique, tout en respectant ou en am\u00e9liorant les attributs de qualit\u00e9 li\u00e9s \u00e0 la bonne maturit\u00e9 ph\u00e9nolique du raisin. Le deuxi\u00e8me objectif de ce projet est de d\u00e9velopper une m\u00e9thodologie de travail et un \u00e9quipement bas\u00e9 sur les ultrasons de puissance pour l&#8217;extraction du potentiel polyph\u00e9nolique de la peau et de la pulpe des vari\u00e9t\u00e9s rouges, en plus de surmonter ou d&#8217;am\u00e9liorer les inconv\u00e9nients ou les d\u00e9ficiences des techniques existantes qui poursuivent le m\u00eame objectif.<\/p>\t\t\t\t\t\t\t\t<\/div>\n\t\t\t\t<\/div>\n\t\t\t\t<div class=\"elementor-element elementor-element-567e0c3 elementor-widget elementor-widget-heading\" data-id=\"567e0c3\" data-element_type=\"widget\" data-e-type=\"widget\" data-widget_type=\"heading.default\">\n\t\t\t\t<div class=\"elementor-widget-container\">\n\t\t\t\t\t<h2 class=\"elementor-heading-title elementor-size-default\">APPEL \u00c0 PROPOSITIONS\u00a0:<\/h2>\t\t\t\t<\/div>\n\t\t\t\t<\/div>\n\t\t\t\t<div class=\"elementor-element elementor-element-6649b3b elementor-widget elementor-widget-text-editor\" data-id=\"6649b3b\" data-element_type=\"widget\" data-e-type=\"widget\" data-widget_type=\"text-editor.default\">\n\t\t\t\t<div class=\"elementor-widget-container\">\n\t\t\t\t\t\t\t\t\t<p>MINECO-PROGRAMA RETOS COLABORACI\u00d3N.<\/p>\t\t\t\t\t\t\t\t<\/div>\n\t\t\t\t<\/div>\n\t\t\t\t<div class=\"elementor-element elementor-element-fe3086e elementor-widget elementor-widget-heading\" data-id=\"fe3086e\" data-element_type=\"widget\" data-e-type=\"widget\" data-widget_type=\"heading.default\">\n\t\t\t\t<div class=\"elementor-widget-container\">\n\t\t\t\t\t<h2 class=\"elementor-heading-title elementor-size-default\">TITRE DU PROJET\u00a0:<\/h2>\t\t\t\t<\/div>\n\t\t\t\t<\/div>\n\t\t\t\t<div class=\"elementor-element elementor-element-76b0d1c elementor-widget elementor-widget-text-editor\" data-id=\"76b0d1c\" data-element_type=\"widget\" data-e-type=\"widget\" data-widget_type=\"text-editor.default\">\n\t\t\t\t<div class=\"elementor-widget-container\">\n\t\t\t\t\t\t\t\t\t<p>Strat\u00e9gies de traitement de la vendange et de la fermentation pour la production de vins de qualit\u00e9, compensant les d\u00e9s\u00e9quilibres de composition caus\u00e9s par le r\u00e9chauffement climatique.<\/p>\t\t\t\t\t\t\t\t<\/div>\n\t\t\t\t<\/div>\n\t\t\t\t<div class=\"elementor-element elementor-element-366436a elementor-widget elementor-widget-heading\" data-id=\"366436a\" data-element_type=\"widget\" data-e-type=\"widget\" data-widget_type=\"heading.default\">\n\t\t\t\t<div class=\"elementor-widget-container\">\n\t\t\t\t\t<h2 class=\"elementor-heading-title elementor-size-default\">Date de d\u00e9but\u00a0:<\/h2>\t\t\t\t<\/div>\n\t\t\t\t<\/div>\n\t\t\t\t<div class=\"elementor-element elementor-element-ad44781 elementor-widget elementor-widget-text-editor\" data-id=\"ad44781\" data-element_type=\"widget\" data-e-type=\"widget\" data-widget_type=\"text-editor.default\">\n\t\t\t\t<div class=\"elementor-widget-container\">\n\t\t\t\t\t\t\t\t\t<p>01\/09\/2014<\/p>\t\t\t\t\t\t\t\t<\/div>\n\t\t\t\t<\/div>\n\t\t\t\t<div class=\"elementor-element elementor-element-5d2aac1 elementor-widget elementor-widget-heading\" data-id=\"5d2aac1\" data-element_type=\"widget\" data-e-type=\"widget\" data-widget_type=\"heading.default\">\n\t\t\t\t<div class=\"elementor-widget-container\">\n\t\t\t\t\t<h2 class=\"elementor-heading-title elementor-size-default\">Date de fin\u00a0:<\/h2>\t\t\t\t<\/div>\n\t\t\t\t<\/div>\n\t\t\t\t<div class=\"elementor-element elementor-element-bed42a7 elementor-widget elementor-widget-text-editor\" data-id=\"bed42a7\" data-element_type=\"widget\" data-e-type=\"widget\" data-widget_type=\"text-editor.default\">\n\t\t\t\t<div class=\"elementor-widget-container\">\n\t\t\t\t\t\t\t\t\t<p>31\/08\/2015<\/p>\t\t\t\t\t\t\t\t<\/div>\n\t\t\t\t<\/div>\n\t\t\t\t<div class=\"elementor-element elementor-element-0c3421a elementor-widget elementor-widget-heading\" data-id=\"0c3421a\" data-element_type=\"widget\" data-e-type=\"widget\" data-widget_type=\"heading.default\">\n\t\t\t\t<div class=\"elementor-widget-container\">\n\t\t\t\t\t<h2 class=\"elementor-heading-title elementor-size-default\">ACRONYME :<\/h2>\t\t\t\t<\/div>\n\t\t\t\t<\/div>\n\t\t\t\t<div class=\"elementor-element elementor-element-9f41f3c elementor-widget elementor-widget-text-editor\" data-id=\"9f41f3c\" data-element_type=\"widget\" data-e-type=\"widget\" data-widget_type=\"text-editor.default\">\n\t\t\t\t<div class=\"elementor-widget-container\">\n\t\t\t\t\t\t\t\t\t<p>SOUNDWINES.<\/p>\t\t\t\t\t\t\t\t<\/div>\n\t\t\t\t<\/div>\n\t\t\t\t<div class=\"elementor-element elementor-element-56e0f45 elementor-widget elementor-widget-button\" data-id=\"56e0f45\" data-element_type=\"widget\" data-e-type=\"widget\" data-widget_type=\"button.default\">\n\t\t\t\t<div class=\"elementor-widget-container\">\n\t\t\t\t\t\t\t\t\t<div class=\"elementor-button-wrapper\">\n\t\t\t\t\t<a class=\"elementor-button elementor-button-link elementor-size-sm\" href=\"https:\/\/agrovin.com\/agrv\/pdf\/ficha_proyectos\/Ficha_tecnica_SOUNDWINES2.pdf\" target=\"_blank\" rel=\"nofollow\" download=\"https:\/\/agrovin.com\/agrv\/pdf\/ficha_proyectos\/Ficha_tecnica_PLAN_INNOVACION2.pdf\">\n\t\t\t\t\t\t<span class=\"elementor-button-content-wrapper\">\n\t\t\t\t\t\t\t\t\t<span class=\"elementor-button-text\">FICHE TECHNIQUE DU PROJET<\/span>\n\t\t\t\t\t<\/span>\n\t\t\t\t\t<\/a>\n\t\t\t\t<\/div>\n\t\t\t\t\t\t\t\t<\/div>\n\t\t\t\t<\/div>\n\t\t\t\t\t<\/div>\n\t\t<\/div>\n\t\t\t\t\t<\/div>\n\t\t<\/section>\n\t\t\t\t<section class=\"elementor-section elementor-top-section elementor-element elementor-element-b799c66 elementor-section-boxed elementor-section-height-default elementor-section-height-default\" data-id=\"b799c66\" data-element_type=\"section\" data-e-type=\"section\">\n\t\t\t\t\t\t<div class=\"elementor-container elementor-column-gap-default\">\n\t\t\t\t\t<div class=\"elementor-column elementor-col-33 elementor-top-column elementor-element elementor-element-f453672\" data-id=\"f453672\" data-element_type=\"column\" data-e-type=\"column\">\n\t\t\t<div class=\"elementor-widget-wrap elementor-element-populated\">\n\t\t\t\t\t\t<div class=\"elementor-element elementor-element-83739e2 elementor-widget elementor-widget-image\" data-id=\"83739e2\" data-element_type=\"widget\" data-e-type=\"widget\" data-widget_type=\"image.default\">\n\t\t\t\t<div class=\"elementor-widget-container\">\n\t\t\t\t\t\t\t\t\t\t\t\t\t\t\t<img decoding=\"async\" width=\"300\" height=\"77\" src=\"https:\/\/agrovin.com\/wp-content\/uploads\/2022\/02\/Mineco-300x77-1.png\" class=\"attachment-large size-large wp-image-75387\" alt=\"\" srcset=\"https:\/\/agrovin.com\/wp-content\/uploads\/2022\/02\/Mineco-300x77-1.png 300w, https:\/\/agrovin.com\/wp-content\/uploads\/2022\/02\/Mineco-300x77-1-270x69.png 270w\" sizes=\"(max-width: 300px) 100vw, 300px\" title=\"\">\t\t\t\t\t\t\t\t\t\t\t\t\t\t\t<\/div>\n\t\t\t\t<\/div>\n\t\t\t\t\t<\/div>\n\t\t<\/div>\n\t\t\t\t<div class=\"elementor-column elementor-col-33 elementor-top-column elementor-element elementor-element-71fcb36\" data-id=\"71fcb36\" data-element_type=\"column\" data-e-type=\"column\">\n\t\t\t<div class=\"elementor-widget-wrap\">\n\t\t\t\t\t\t\t<\/div>\n\t\t<\/div>\n\t\t\t\t<div class=\"elementor-column elementor-col-33 elementor-top-column elementor-element elementor-element-ba34419\" data-id=\"ba34419\" data-element_type=\"column\" data-e-type=\"column\">\n\t\t\t<div class=\"elementor-widget-wrap\">\n\t\t\t\t\t\t\t<\/div>\n\t\t<\/div>\n\t\t\t\t\t<\/div>\n\t\t<\/section>\n\t\t\t\t<\/div>\n\t\t","protected":false},"excerpt":{"rendered":"<p>Strat\u00e9gies de traitement de la vendange et de la fermentation pour la production de vins de qualit\u00e9, compensant les d\u00e9s\u00e9quilibres de composition caus\u00e9s par le r\u00e9chauffement climatique. OBJECTIF\u00a0: Ce projet est men\u00e9 par un consortium public-priv\u00e9 impliquant un seul partenaire commercial, AGROVIN S.A., et deux centres de recherche, l&#8217;INSTITUTO DE LAS CIENCIAS DE LA VID [&hellip;]<\/p>\n","protected":false},"author":359,"featured_media":0,"parent":78059,"menu_order":0,"comment_status":"closed","ping_status":"closed","template":"","meta":{"_acf_changed":false,"inline_featured_image":false,"site-sidebar-layout":"no-sidebar","site-content-layout":"page-builder","ast-site-content-layout":"full-width-container","site-content-style":"unboxed","site-sidebar-style":"unboxed","ast-global-header-display":"","ast-banner-title-visibility":"","ast-main-header-display":"","ast-hfb-above-header-display":"","ast-hfb-below-header-display":"","ast-hfb-mobile-header-display":"","site-post-title":"disabled","ast-breadcrumbs-content":"","ast-featured-img":"disabled","footer-sml-layout":"","ast-disable-related-posts":"","theme-transparent-header-meta":"default","adv-header-id-meta":"","stick-header-meta":"","header-above-stick-meta":"","header-main-stick-meta":"","header-below-stick-meta":"","astra-migrate-meta-layouts":"set","ast-page-background-enabled":"default","ast-page-background-meta":{"desktop":{"background-color":"var(--ast-global-color-5)","background-image":"","background-repeat":"repeat","background-position":"center center","background-size":"auto","background-attachment":"scroll","background-type":"","background-media":"","overlay-type":"","overlay-color":"","overlay-opacity":"","overlay-gradient":""},"tablet":{"background-color":"","background-image":"","background-repeat":"repeat","background-position":"center center","background-size":"auto","background-attachment":"scroll","background-type":"","background-media":"","overlay-type":"","overlay-color":"","overlay-opacity":"","overlay-gradient":""},"mobile":{"background-color":"","background-image":"","background-repeat":"repeat","background-position":"center center","background-size":"auto","background-attachment":"scroll","background-type":"","background-media":"","overlay-type":"","overlay-color":"","overlay-opacity":"","overlay-gradient":""}},"ast-content-background-meta":{"desktop":{"background-color":"var(--ast-global-color-4)","background-image":"","background-repeat":"repeat","background-position":"center center","background-size":"auto","background-attachment":"scroll","background-type":"","background-media":"","overlay-type":"","overlay-color":"","overlay-opacity":"","overlay-gradient":""},"tablet":{"background-color":"var(--ast-global-color-4)","background-image":"","background-repeat":"repeat","background-position":"center center","background-size":"auto","background-attachment":"scroll","background-type":"","background-media":"","overlay-type":"","overlay-color":"","overlay-opacity":"","overlay-gradient":""},"mobile":{"background-color":"var(--ast-global-color-4)","background-image":"","background-repeat":"repeat","background-position":"center center","background-size":"auto","background-attachment":"scroll","background-type":"","background-media":"","overlay-type":"","overlay-color":"","overlay-opacity":"","overlay-gradient":""}},"footnotes":""},"class_list":["post-77736","page","type-page","status-publish","hentry"],"acf":[],"_links":{"self":[{"href":"https:\/\/agrovin.com\/fr\/wp-json\/wp\/v2\/pages\/77736","targetHints":{"allow":["GET"]}}],"collection":[{"href":"https:\/\/agrovin.com\/fr\/wp-json\/wp\/v2\/pages"}],"about":[{"href":"https:\/\/agrovin.com\/fr\/wp-json\/wp\/v2\/types\/page"}],"author":[{"embeddable":true,"href":"https:\/\/agrovin.com\/fr\/wp-json\/wp\/v2\/users\/359"}],"replies":[{"embeddable":true,"href":"https:\/\/agrovin.com\/fr\/wp-json\/wp\/v2\/comments?post=77736"}],"version-history":[{"count":4,"href":"https:\/\/agrovin.com\/fr\/wp-json\/wp\/v2\/pages\/77736\/revisions"}],"predecessor-version":[{"id":120378,"href":"https:\/\/agrovin.com\/fr\/wp-json\/wp\/v2\/pages\/77736\/revisions\/120378"}],"up":[{"embeddable":true,"href":"https:\/\/agrovin.com\/fr\/wp-json\/wp\/v2\/pages\/78059"}],"wp:attachment":[{"href":"https:\/\/agrovin.com\/fr\/wp-json\/wp\/v2\/media?parent=77736"}],"curies":[{"name":"wp","href":"https:\/\/api.w.org\/{rel}","templated":true}]}}