{"id":77731,"date":"2022-06-07T09:18:32","date_gmt":"2022-06-07T08:18:32","guid":{"rendered":"https:\/\/staging.agrovin.com\/systeme-de-maceration-eco-innovant-base-sur-la-technologie-des-ultrasons-lfhp-pour-la-rd-en-oenologie\/"},"modified":"2025-06-26T09:55:35","modified_gmt":"2025-06-26T07:55:35","slug":"systeme-de-maceration-eco-innovant-base-sur-la-technologie-des-ultrasons-lfhp-pour-la-rd-en-oenologie","status":"publish","type":"page","link":"https:\/\/agrovin.com\/fr\/projets-de-rd\/systeme-de-maceration-eco-innovant-base-sur-la-technologie-des-ultrasons-lfhp-pour-la-rd-en-oenologie\/","title":{"rendered":"Syst\u00e8me de mac\u00e9ration \u00e9co-innovant bas\u00e9 sur la technologie des ultrasons lfhp pour la R&#038;D en \u0153nologie"},"content":{"rendered":"\t\t<div data-elementor-type=\"wp-page\" data-elementor-id=\"77731\" class=\"elementor elementor-77731 elementor-64419\" data-elementor-post-type=\"page\">\n\t\t\t\t\t\t<section class=\"elementor-section elementor-top-section elementor-element elementor-element-a41bd65 elementor-section-height-min-height elementor-section-boxed elementor-section-height-default elementor-section-items-middle\" data-id=\"a41bd65\" data-element_type=\"section\" data-e-type=\"section\" data-settings=\"{&quot;background_background&quot;:&quot;classic&quot;}\">\n\t\t\t\t\t\t<div class=\"elementor-container elementor-column-gap-default\">\n\t\t\t\t\t<div class=\"elementor-column elementor-col-100 elementor-top-column elementor-element elementor-element-6193e3a\" data-id=\"6193e3a\" data-element_type=\"column\" data-e-type=\"column\">\n\t\t\t<div class=\"elementor-widget-wrap\">\n\t\t\t\t\t\t\t<\/div>\n\t\t<\/div>\n\t\t\t\t\t<\/div>\n\t\t<\/section>\n\t\t\t\t<section class=\"elementor-section elementor-top-section elementor-element elementor-element-986b3a2 elementor-section-boxed elementor-section-height-default elementor-section-height-default\" data-id=\"986b3a2\" data-element_type=\"section\" data-e-type=\"section\">\n\t\t\t\t\t\t<div class=\"elementor-container elementor-column-gap-default\">\n\t\t\t\t\t<div class=\"elementor-column elementor-col-100 elementor-top-column elementor-element elementor-element-a537cfa\" data-id=\"a537cfa\" data-element_type=\"column\" data-e-type=\"column\">\n\t\t\t<div class=\"elementor-widget-wrap elementor-element-populated\">\n\t\t\t\t\t\t<div class=\"elementor-element elementor-element-fe18418 elementor-widget elementor-widget-heading\" data-id=\"fe18418\" data-element_type=\"widget\" data-e-type=\"widget\" data-widget_type=\"heading.default\">\n\t\t\t\t<div class=\"elementor-widget-container\">\n\t\t\t\t\t<h1 class=\"elementor-heading-title elementor-size-default\">Eco-innovative maceration system based on lfhp ultrasound technology for winemaking<\/h1>\t\t\t\t<\/div>\n\t\t\t\t<\/div>\n\t\t\t\t<div class=\"elementor-element elementor-element-a90a6fe elementor-widget elementor-widget-text-editor\" data-id=\"a90a6fe\" data-element_type=\"widget\" data-e-type=\"widget\" data-widget_type=\"text-editor.default\">\n\t\t\t\t<div class=\"elementor-widget-container\">\n\t\t\t\t\t\t\t\t\t<p><strong>OBJECTIF\u00a0:<\/strong>\u00a0L&#8217;objectif principal du projet est d&#8217;optimiser les ressources dont disposent les \u00e9tablissements vinicoles au moment des vendanges, en \u00e9conomisant sur les co\u00fbts de production, en obtenant un produit diff\u00e9renci\u00e9 et en maximisant la qualit\u00e9. Le nom ULTRAWINE d\u00e9finit une technologie innovante visant \u00e0 une extraction polyph\u00e9nolique et aromatique rapide du raisin. La couleur et l&#8217;ar\u00f4me des vins sont deux des param\u00e8tres organoleptiques les plus appr\u00e9ci\u00e9s par les consommateurs, car ils fournissent des informations sur le processus de vinification et son \u00e9volution dans le temps.<\/p><p><strong>APPEL \u00c0 PROPOSITIONS\u00a0: <\/strong>PROGRAMA H2020 HORIZON \u2013 SME- INSTRUMENT.<\/p><p><strong>TITRE DU PROJET\u00a0: <\/strong>Eco-innovative maceration systema based on LFHP ULTRAsound technology for WINEmaking.<\/p><p><strong>Date de d\u00e9but :<\/strong> 01\/06\/2015<\/p><p><strong>Date de fin:<\/strong> 01\/06\/2017<\/p><p><strong>ACRONYME :<\/strong>\u00a0ULTRAWINE.<\/p>\t\t\t\t\t\t\t\t<\/div>\n\t\t\t\t<\/div>\n\t\t\t\t<div class=\"elementor-element elementor-element-0ebcf75 elementor-widget elementor-widget-button\" data-id=\"0ebcf75\" data-element_type=\"widget\" data-e-type=\"widget\" data-widget_type=\"button.default\">\n\t\t\t\t<div class=\"elementor-widget-container\">\n\t\t\t\t\t\t\t\t\t<div class=\"elementor-button-wrapper\">\n\t\t\t\t\t<a class=\"elementor-button elementor-button-link elementor-size-sm\" href=\"https:\/\/agrovin.com\/agrv\/pdf\/ficha_proyectos\/Ficha_tecnica_RESINAS20152.pdf\" target=\"_blank\" rel=\"nofollow\" download=\"https:\/\/agrovin.com\/agrv\/pdf\/ficha_proyectos\/Ficha_tecnica_PLAN_INNOVACION2.pdf\">\n\t\t\t\t\t\t<span class=\"elementor-button-content-wrapper\">\n\t\t\t\t\t\t\t\t\t<span class=\"elementor-button-text\">FICHE TECHNIQUE DU PROJET<\/span>\n\t\t\t\t\t<\/span>\n\t\t\t\t\t<\/a>\n\t\t\t\t<\/div>\n\t\t\t\t\t\t\t\t<\/div>\n\t\t\t\t<\/div>\n\t\t\t\t\t<\/div>\n\t\t<\/div>\n\t\t\t\t\t<\/div>\n\t\t<\/section>\n\t\t\t\t<section class=\"elementor-section elementor-top-section elementor-element elementor-element-7935991 elementor-section-boxed elementor-section-height-default elementor-section-height-default\" data-id=\"7935991\" data-element_type=\"section\" data-e-type=\"section\">\n\t\t\t\t\t\t<div class=\"elementor-container elementor-column-gap-default\">\n\t\t\t\t\t<div class=\"elementor-column elementor-col-33 elementor-top-column elementor-element elementor-element-612d65c\" data-id=\"612d65c\" data-element_type=\"column\" data-e-type=\"column\">\n\t\t\t<div class=\"elementor-widget-wrap elementor-element-populated\">\n\t\t\t\t\t\t<div class=\"elementor-element elementor-element-18f42ab elementor-widget elementor-widget-image\" data-id=\"18f42ab\" data-element_type=\"widget\" data-e-type=\"widget\" data-widget_type=\"image.default\">\n\t\t\t\t<div class=\"elementor-widget-container\">\n\t\t\t\t\t\t\t\t\t\t\t\t\t\t\t<img fetchpriority=\"high\" decoding=\"async\" width=\"474\" height=\"196\" src=\"https:\/\/agrovin.com\/wp-content\/uploads\/2022\/02\/horizon.jpg\" class=\"attachment-large size-large wp-image-75377\" alt=\"\" srcset=\"https:\/\/agrovin.com\/wp-content\/uploads\/2022\/02\/horizon.jpg 474w, https:\/\/agrovin.com\/wp-content\/uploads\/2022\/02\/horizon-300x124.jpg 300w, https:\/\/agrovin.com\/wp-content\/uploads\/2022\/02\/horizon-270x112.jpg 270w\" sizes=\"(max-width: 474px) 100vw, 474px\" title=\"\">\t\t\t\t\t\t\t\t\t\t\t\t\t\t\t<\/div>\n\t\t\t\t<\/div>\n\t\t\t\t\t<\/div>\n\t\t<\/div>\n\t\t\t\t<div class=\"elementor-column elementor-col-33 elementor-top-column elementor-element elementor-element-0b63432\" data-id=\"0b63432\" data-element_type=\"column\" data-e-type=\"column\">\n\t\t\t<div class=\"elementor-widget-wrap elementor-element-populated\">\n\t\t\t\t\t\t<div class=\"elementor-element elementor-element-bddb387 elementor-widget elementor-widget-image\" data-id=\"bddb387\" data-element_type=\"widget\" data-e-type=\"widget\" data-widget_type=\"image.default\">\n\t\t\t\t<div class=\"elementor-widget-container\">\n\t\t\t\t\t\t\t\t\t\t\t\t\t\t\t<img decoding=\"async\" width=\"302\" height=\"78\" src=\"https:\/\/agrovin.com\/wp-content\/uploads\/2022\/02\/H2020.jpg\" class=\"attachment-large size-large wp-image-75382\" alt=\"\" srcset=\"https:\/\/agrovin.com\/wp-content\/uploads\/2022\/02\/H2020.jpg 302w, https:\/\/agrovin.com\/wp-content\/uploads\/2022\/02\/H2020-300x77.jpg 300w, https:\/\/agrovin.com\/wp-content\/uploads\/2022\/02\/H2020-270x70.jpg 270w\" sizes=\"(max-width: 302px) 100vw, 302px\" title=\"\">\t\t\t\t\t\t\t\t\t\t\t\t\t\t\t<\/div>\n\t\t\t\t<\/div>\n\t\t\t\t\t<\/div>\n\t\t<\/div>\n\t\t\t\t<div class=\"elementor-column elementor-col-33 elementor-top-column elementor-element elementor-element-3ee3c46\" data-id=\"3ee3c46\" data-element_type=\"column\" data-e-type=\"column\">\n\t\t\t<div class=\"elementor-widget-wrap\">\n\t\t\t\t\t\t\t<\/div>\n\t\t<\/div>\n\t\t\t\t\t<\/div>\n\t\t<\/section>\n\t\t\t\t<\/div>\n\t\t","protected":false},"excerpt":{"rendered":"<p>Eco-innovative maceration system based on lfhp ultrasound technology for winemaking OBJECTIF\u00a0:\u00a0L&#8217;objectif principal du projet est d&#8217;optimiser les ressources dont disposent les \u00e9tablissements vinicoles au moment des vendanges, en \u00e9conomisant sur les co\u00fbts de production, en obtenant un produit diff\u00e9renci\u00e9 et en maximisant la qualit\u00e9. Le nom ULTRAWINE d\u00e9finit une technologie innovante visant \u00e0 une extraction [&hellip;]<\/p>\n","protected":false},"author":359,"featured_media":0,"parent":78059,"menu_order":0,"comment_status":"closed","ping_status":"closed","template":"","meta":{"_acf_changed":false,"inline_featured_image":false,"site-sidebar-layout":"no-sidebar","site-content-layout":"page-builder","ast-site-content-layout":"full-width-container","site-content-style":"unboxed","site-sidebar-style":"unboxed","ast-global-header-display":"","ast-banner-title-visibility":"","ast-main-header-display":"","ast-hfb-above-header-display":"","ast-hfb-below-header-display":"","ast-hfb-mobile-header-display":"","site-post-title":"disabled","ast-breadcrumbs-content":"","ast-featured-img":"disabled","footer-sml-layout":"","ast-disable-related-posts":"","theme-transparent-header-meta":"default","adv-header-id-meta":"","stick-header-meta":"","header-above-stick-meta":"","header-main-stick-meta":"","header-below-stick-meta":"","astra-migrate-meta-layouts":"set","ast-page-background-enabled":"default","ast-page-background-meta":{"desktop":{"background-color":"var(--ast-global-color-5)","background-image":"","background-repeat":"repeat","background-position":"center center","background-size":"auto","background-attachment":"scroll","background-type":"","background-media":"","overlay-type":"","overlay-color":"","overlay-opacity":"","overlay-gradient":""},"tablet":{"background-color":"","background-image":"","background-repeat":"repeat","background-position":"center center","background-size":"auto","background-attachment":"scroll","background-type":"","background-media":"","overlay-type":"","overlay-color":"","overlay-opacity":"","overlay-gradient":""},"mobile":{"background-color":"","background-image":"","background-repeat":"repeat","background-position":"center center","background-size":"auto","background-attachment":"scroll","background-type":"","background-media":"","overlay-type":"","overlay-color":"","overlay-opacity":"","overlay-gradient":""}},"ast-content-background-meta":{"desktop":{"background-color":"var(--ast-global-color-4)","background-image":"","background-repeat":"repeat","background-position":"center center","background-size":"auto","background-attachment":"scroll","background-type":"","background-media":"","overlay-type":"","overlay-color":"","overlay-opacity":"","overlay-gradient":""},"tablet":{"background-color":"var(--ast-global-color-4)","background-image":"","background-repeat":"repeat","background-position":"center center","background-size":"auto","background-attachment":"scroll","background-type":"","background-media":"","overlay-type":"","overlay-color":"","overlay-opacity":"","overlay-gradient":""},"mobile":{"background-color":"var(--ast-global-color-4)","background-image":"","background-repeat":"repeat","background-position":"center center","background-size":"auto","background-attachment":"scroll","background-type":"","background-media":"","overlay-type":"","overlay-color":"","overlay-opacity":"","overlay-gradient":""}},"footnotes":""},"class_list":["post-77731","page","type-page","status-publish","hentry"],"acf":[],"_links":{"self":[{"href":"https:\/\/agrovin.com\/fr\/wp-json\/wp\/v2\/pages\/77731","targetHints":{"allow":["GET"]}}],"collection":[{"href":"https:\/\/agrovin.com\/fr\/wp-json\/wp\/v2\/pages"}],"about":[{"href":"https:\/\/agrovin.com\/fr\/wp-json\/wp\/v2\/types\/page"}],"author":[{"embeddable":true,"href":"https:\/\/agrovin.com\/fr\/wp-json\/wp\/v2\/users\/359"}],"replies":[{"embeddable":true,"href":"https:\/\/agrovin.com\/fr\/wp-json\/wp\/v2\/comments?post=77731"}],"version-history":[{"count":1,"href":"https:\/\/agrovin.com\/fr\/wp-json\/wp\/v2\/pages\/77731\/revisions"}],"predecessor-version":[{"id":120390,"href":"https:\/\/agrovin.com\/fr\/wp-json\/wp\/v2\/pages\/77731\/revisions\/120390"}],"up":[{"embeddable":true,"href":"https:\/\/agrovin.com\/fr\/wp-json\/wp\/v2\/pages\/78059"}],"wp:attachment":[{"href":"https:\/\/agrovin.com\/fr\/wp-json\/wp\/v2\/media?parent=77731"}],"curies":[{"name":"wp","href":"https:\/\/api.w.org\/{rel}","templated":true}]}}