{"id":77718,"date":"2022-06-06T22:22:49","date_gmt":"2022-06-06T21:22:49","guid":{"rendered":"https:\/\/staging.agrovin.com\/laboratoire\/instrumentation\/"},"modified":"2022-10-10T12:18:40","modified_gmt":"2022-10-10T11:18:40","slug":"instrumentation","status":"publish","type":"page","link":"https:\/\/agrovin.com\/fr\/instrumentation\/","title":{"rendered":"Instrumentation"},"content":{"rendered":"\t\t<div data-elementor-type=\"wp-page\" data-elementor-id=\"77718\" class=\"elementor elementor-77718 elementor-67030\" data-elementor-post-type=\"page\">\n\t\t\t\t\t\t<section class=\"elementor-section elementor-top-section elementor-element elementor-element-cefa663 elementor-section-height-min-height elementor-section-boxed elementor-section-height-default elementor-section-items-middle\" data-id=\"cefa663\" data-element_type=\"section\" data-e-type=\"section\" data-settings=\"{&quot;background_background&quot;:&quot;classic&quot;}\">\n\t\t\t\t\t\t<div class=\"elementor-container elementor-column-gap-default\">\n\t\t\t\t\t<div class=\"elementor-column elementor-col-100 elementor-top-column elementor-element elementor-element-c1058a4\" data-id=\"c1058a4\" data-element_type=\"column\" data-e-type=\"column\">\n\t\t\t<div class=\"elementor-widget-wrap\">\n\t\t\t\t\t\t\t<\/div>\n\t\t<\/div>\n\t\t\t\t\t<\/div>\n\t\t<\/section>\n\t\t\t\t<section class=\"elementor-section elementor-top-section elementor-element elementor-element-c348ece elementor-section-boxed elementor-section-height-default elementor-section-height-default\" data-id=\"c348ece\" data-element_type=\"section\" data-e-type=\"section\">\n\t\t\t\t\t\t<div class=\"elementor-container elementor-column-gap-default\">\n\t\t\t\t\t<div class=\"elementor-column elementor-col-100 elementor-top-column elementor-element elementor-element-25b6671\" data-id=\"25b6671\" data-element_type=\"column\" data-e-type=\"column\">\n\t\t\t<div class=\"elementor-widget-wrap elementor-element-populated\">\n\t\t\t\t\t\t\t<\/div>\n\t\t<\/div>\n\t\t\t\t\t<\/div>\n\t\t<\/section>\n\t\t\t\t<section class=\"elementor-section elementor-top-section elementor-element elementor-element-597f3aa elementor-section-boxed elementor-section-height-default elementor-section-height-default\" data-id=\"597f3aa\" data-element_type=\"section\" data-e-type=\"section\">\n\t\t\t\t\t\t<div class=\"elementor-container elementor-column-gap-default\">\n\t\t\t\t\t<div class=\"elementor-column elementor-col-100 elementor-top-column elementor-element elementor-element-2dd8478\" data-id=\"2dd8478\" data-element_type=\"column\" data-e-type=\"column\">\n\t\t\t<div class=\"elementor-widget-wrap elementor-element-populated\">\n\t\t\t\t\t\t<div class=\"elementor-element elementor-element-cd5089a elementor-widget elementor-widget-text-editor\" data-id=\"cd5089a\" data-element_type=\"widget\" data-e-type=\"widget\" data-widget_type=\"text-editor.default\">\n\t\t\t\t<div class=\"elementor-widget-container\">\n\t\t\t\t\t\t\t\t\t<p>L&#8217;analyse d\u00e9taill\u00e9e d&#8217;un vin en dit long sur sa qualit\u00e9. Ainsi, outre les analyses \u0153nologiques de base, il est essentiel de conna\u00eetre les param\u00e8tres qui assurent la salubrit\u00e9 du produit ainsi que la qualit\u00e9 des vins \u00e0 la hauteur des palais les plus exigeants. D\u00e9couvrez certains d&#8217;entre eux\u00a0:<\/p>\t\t\t\t\t\t\t\t<\/div>\n\t\t\t\t<\/div>\n\t\t\t\t\t<\/div>\n\t\t<\/div>\n\t\t\t\t\t<\/div>\n\t\t<\/section>\n\t\t\t\t<section class=\"elementor-section elementor-top-section elementor-element elementor-element-fac77ee elementor-section-boxed elementor-section-height-default elementor-section-height-default\" data-id=\"fac77ee\" data-element_type=\"section\" data-e-type=\"section\">\n\t\t\t\t\t\t<div class=\"elementor-container elementor-column-gap-default\">\n\t\t\t\t\t<div class=\"elementor-column elementor-col-100 elementor-top-column elementor-element elementor-element-31ca9db\" data-id=\"31ca9db\" data-element_type=\"column\" data-e-type=\"column\">\n\t\t\t<div class=\"elementor-widget-wrap elementor-element-populated\">\n\t\t\t\t\t\t<div class=\"elementor-element elementor-element-b2055ef elementor-widget elementor-widget-heading\" data-id=\"b2055ef\" data-element_type=\"widget\" data-e-type=\"widget\" data-widget_type=\"heading.default\">\n\t\t\t\t<div class=\"elementor-widget-container\">\n\t\t\t\t\t<h2 class=\"elementor-heading-title elementor-size-default\">Chromatographie liquide (HPLC)<\/h2>\t\t\t\t<\/div>\n\t\t\t\t<\/div>\n\t\t\t\t<div class=\"elementor-element elementor-element-103a3b2 elementor-widget elementor-widget-text-editor\" data-id=\"103a3b2\" data-element_type=\"widget\" data-e-type=\"widget\" data-widget_type=\"text-editor.default\">\n\t\t\t\t<div class=\"elementor-widget-container\">\n\t\t\t\t\t\t\t\t\t<p><strong>Chromatographie liquide (CLHP)<\/strong> : cette technique permet de s\u00e9parer des compos\u00e9s en fonction de leur interaction avec la phase mobile et la phase stationnaire de la colonne chromatographique. La combinaison de diff\u00e9rentes colonnes et d\u00e9tecteurs permet de quantifier une multitude de param\u00e8tres dans les vins et les mo\u00fbts, tels que l&#8217;acide sorbique (tr\u00e8s demand\u00e9 pour les analyses \u00e0 l&#8217;exportation) et d&#8217;autres acides organiques (tartrique, ascorbique, etc.), les sucres (glucose, mannose, fructose) et le glutathion r\u00e9duit\/oxyd\u00e9 et la L-cyst\u00e9ine (pour d\u00e9terminer la composition de d\u00e9riv\u00e9s de levure).<\/p>\t\t\t\t\t\t\t\t<\/div>\n\t\t\t\t<\/div>\n\t\t\t\t<div class=\"elementor-element elementor-element-1c4fb5a elementor-widget elementor-widget-heading\" data-id=\"1c4fb5a\" data-element_type=\"widget\" data-e-type=\"widget\" data-widget_type=\"heading.default\">\n\t\t\t\t<div class=\"elementor-widget-container\">\n\t\t\t\t\t<h2 class=\"elementor-heading-title elementor-size-default\">Plasma \u00e0 couplage inductif (ICP-OES)<\/h2>\t\t\t\t<\/div>\n\t\t\t\t<\/div>\n\t\t\t\t<div class=\"elementor-element elementor-element-e1b0a6b elementor-widget elementor-widget-text-editor\" data-id=\"e1b0a6b\" data-element_type=\"widget\" data-e-type=\"widget\" data-widget_type=\"text-editor.default\">\n\t\t\t\t<div class=\"elementor-widget-container\">\n\t\t\t\t\t\t\t\t\t<p><strong>ICP-OES<\/strong> : analyse des m\u00e9taux dans les matrices de vin et les produits \u0153nologiques \u00e0 l&#8217;aide d&#8217;un syst\u00e8me de plasma \u00e0 couplage inductif (ICP) associ\u00e9 \u00e0 un spectrophotom\u00e8tre d&#8217;\u00e9mission optique (OES). Les m\u00e9taux g\u00e9n\u00e8rent des spectres d&#8217;\u00e9mission atomique caract\u00e9ristiques qui permettent de les d\u00e9tecter et de les quantifier.<\/p>\t\t\t\t\t\t\t\t<\/div>\n\t\t\t\t<\/div>\n\t\t\t\t<div class=\"elementor-element elementor-element-4213837 elementor-widget elementor-widget-heading\" data-id=\"4213837\" data-element_type=\"widget\" data-e-type=\"widget\" data-widget_type=\"heading.default\">\n\t\t\t\t<div class=\"elementor-widget-container\">\n\t\t\t\t\t<h2 class=\"elementor-heading-title elementor-size-default\">Auto-analyseur photom\u00e9trique<\/h2>\t\t\t\t<\/div>\n\t\t\t\t<\/div>\n\t\t\t\t<div class=\"elementor-element elementor-element-976d6a6 elementor-widget elementor-widget-text-editor\" data-id=\"976d6a6\" data-element_type=\"widget\" data-e-type=\"widget\" data-widget_type=\"text-editor.default\">\n\t\t\t\t<div class=\"elementor-widget-container\">\n\t\t\t\t\t\t\t\t\t<p>Il s&#8217;agit d&#8217;un appareil dot\u00e9 d&#8217;un syst\u00e8me optique innovant et avanc\u00e9 bas\u00e9 sur une batterie de LED qui couvre les m\u00e9thodes enzymatiques et colorim\u00e9triques les plus demand\u00e9es dans le secteur \u0153nologique. Sa grande capacit\u00e9 d&#8217;accueil des \u00e9chantillons et des r\u00e9actifs permet un traitement rapide des mo\u00fbts et des vins re\u00e7us.<\/p>\t\t\t\t\t\t\t\t<\/div>\n\t\t\t\t<\/div>\n\t\t\t\t\t<\/div>\n\t\t<\/div>\n\t\t\t\t\t<\/div>\n\t\t<\/section>\n\t\t\t\t<\/div>\n\t\t","protected":false},"excerpt":{"rendered":"<p>L&#8217;analyse d\u00e9taill\u00e9e d&#8217;un vin en dit long sur sa qualit\u00e9. Ainsi, outre les analyses \u0153nologiques de base, il est essentiel de conna\u00eetre les param\u00e8tres qui assurent la salubrit\u00e9 du produit ainsi que la qualit\u00e9 des vins \u00e0 la hauteur des palais les plus exigeants. D\u00e9couvrez certains d&#8217;entre eux\u00a0: Chromatographie liquide (HPLC) Chromatographie liquide (CLHP) : [&hellip;]<\/p>\n","protected":false},"author":359,"featured_media":0,"parent":0,"menu_order":0,"comment_status":"closed","ping_status":"closed","template":"elementor_header_footer","meta":{"_acf_changed":false,"inline_featured_image":false,"site-sidebar-layout":"no-sidebar","site-content-layout":"page-builder","ast-site-content-layout":"default","site-content-style":"default","site-sidebar-style":"default","ast-global-header-display":"","ast-banner-title-visibility":"","ast-main-header-display":"","ast-hfb-above-header-display":"","ast-hfb-below-header-display":"","ast-hfb-mobile-header-display":"","site-post-title":"disabled","ast-breadcrumbs-content":"","ast-featured-img":"disabled","footer-sml-layout":"","ast-disable-related-posts":"","theme-transparent-header-meta":"","adv-header-id-meta":"","stick-header-meta":"","header-above-stick-meta":"","header-main-stick-meta":"","header-below-stick-meta":"","astra-migrate-meta-layouts":"default","ast-page-background-enabled":"default","ast-page-background-meta":{"desktop":{"background-color":"var(--ast-global-color-5)","background-image":"","background-repeat":"repeat","background-position":"center center","background-size":"auto","background-attachment":"scroll","background-type":"","background-media":"","overlay-type":"","overlay-color":"","overlay-opacity":"","overlay-gradient":""},"tablet":{"background-color":"","background-image":"","background-repeat":"repeat","background-position":"center center","background-size":"auto","background-attachment":"scroll","background-type":"","background-media":"","overlay-type":"","overlay-color":"","overlay-opacity":"","overlay-gradient":""},"mobile":{"background-color":"","background-image":"","background-repeat":"repeat","background-position":"center center","background-size":"auto","background-attachment":"scroll","background-type":"","background-media":"","overlay-type":"","overlay-color":"","overlay-opacity":"","overlay-gradient":""}},"ast-content-background-meta":{"desktop":{"background-color":"var(--ast-global-color-4)","background-image":"","background-repeat":"repeat","background-position":"center center","background-size":"auto","background-attachment":"scroll","background-type":"","background-media":"","overlay-type":"","overlay-color":"","overlay-opacity":"","overlay-gradient":""},"tablet":{"background-color":"var(--ast-global-color-4)","background-image":"","background-repeat":"repeat","background-position":"center center","background-size":"auto","background-attachment":"scroll","background-type":"","background-media":"","overlay-type":"","overlay-color":"","overlay-opacity":"","overlay-gradient":""},"mobile":{"background-color":"var(--ast-global-color-4)","background-image":"","background-repeat":"repeat","background-position":"center center","background-size":"auto","background-attachment":"scroll","background-type":"","background-media":"","overlay-type":"","overlay-color":"","overlay-opacity":"","overlay-gradient":""}},"footnotes":""},"class_list":["post-77718","page","type-page","status-publish","hentry"],"acf":[],"_links":{"self":[{"href":"https:\/\/agrovin.com\/fr\/wp-json\/wp\/v2\/pages\/77718","targetHints":{"allow":["GET"]}}],"collection":[{"href":"https:\/\/agrovin.com\/fr\/wp-json\/wp\/v2\/pages"}],"about":[{"href":"https:\/\/agrovin.com\/fr\/wp-json\/wp\/v2\/types\/page"}],"author":[{"embeddable":true,"href":"https:\/\/agrovin.com\/fr\/wp-json\/wp\/v2\/users\/359"}],"replies":[{"embeddable":true,"href":"https:\/\/agrovin.com\/fr\/wp-json\/wp\/v2\/comments?post=77718"}],"version-history":[{"count":0,"href":"https:\/\/agrovin.com\/fr\/wp-json\/wp\/v2\/pages\/77718\/revisions"}],"wp:attachment":[{"href":"https:\/\/agrovin.com\/fr\/wp-json\/wp\/v2\/media?parent=77718"}],"curies":[{"name":"wp","href":"https:\/\/api.w.org\/{rel}","templated":true}]}}