{"id":77714,"date":"2022-06-06T22:10:25","date_gmt":"2022-06-06T21:10:25","guid":{"rendered":"https:\/\/staging.agrovin.com\/laboratoire\/specialites-oenologiques\/"},"modified":"2022-10-10T13:09:16","modified_gmt":"2022-10-10T12:09:16","slug":"specialites-oenologiques","status":"publish","type":"page","link":"https:\/\/agrovin.com\/fr\/specialites-oenologiques\/","title":{"rendered":"Sp\u00e9cialit\u00e9s \u0153nologiques"},"content":{"rendered":"\t\t<div data-elementor-type=\"wp-page\" data-elementor-id=\"77714\" class=\"elementor elementor-77714 elementor-67012\" data-elementor-post-type=\"page\">\n\t\t\t\t\t\t<section class=\"elementor-section elementor-top-section elementor-element elementor-element-6ebfd56 elementor-section-height-min-height elementor-section-boxed elementor-section-height-default elementor-section-items-middle\" data-id=\"6ebfd56\" data-element_type=\"section\" data-e-type=\"section\" data-settings=\"{&quot;background_background&quot;:&quot;classic&quot;}\">\n\t\t\t\t\t\t<div class=\"elementor-container elementor-column-gap-default\">\n\t\t\t\t\t<div class=\"elementor-column elementor-col-100 elementor-top-column elementor-element elementor-element-526ab3b\" data-id=\"526ab3b\" data-element_type=\"column\" data-e-type=\"column\">\n\t\t\t<div class=\"elementor-widget-wrap\">\n\t\t\t\t\t\t\t<\/div>\n\t\t<\/div>\n\t\t\t\t\t<\/div>\n\t\t<\/section>\n\t\t\t\t<section class=\"elementor-section elementor-top-section elementor-element elementor-element-0adb5ed elementor-section-boxed elementor-section-height-default elementor-section-height-default\" data-id=\"0adb5ed\" data-element_type=\"section\" data-e-type=\"section\">\n\t\t\t\t\t\t<div class=\"elementor-container elementor-column-gap-default\">\n\t\t\t\t\t<div class=\"elementor-column elementor-col-100 elementor-top-column elementor-element elementor-element-0979313\" data-id=\"0979313\" data-element_type=\"column\" data-e-type=\"column\">\n\t\t\t<div class=\"elementor-widget-wrap elementor-element-populated\">\n\t\t\t\t\t\t\t<\/div>\n\t\t<\/div>\n\t\t\t\t\t<\/div>\n\t\t<\/section>\n\t\t\t\t<section class=\"elementor-section elementor-top-section elementor-element elementor-element-01bcd12 elementor-section-boxed elementor-section-height-default elementor-section-height-default\" data-id=\"01bcd12\" data-element_type=\"section\" data-e-type=\"section\">\n\t\t\t\t\t\t<div class=\"elementor-container elementor-column-gap-default\">\n\t\t\t\t\t<div class=\"elementor-column elementor-col-100 elementor-top-column elementor-element elementor-element-1ecd996\" data-id=\"1ecd996\" data-element_type=\"column\" data-e-type=\"column\">\n\t\t\t<div class=\"elementor-widget-wrap elementor-element-populated\">\n\t\t\t\t\t\t<div class=\"elementor-element elementor-element-e0d801b elementor-widget elementor-widget-text-editor\" data-id=\"e0d801b\" data-element_type=\"widget\" data-e-type=\"widget\" data-widget_type=\"text-editor.default\">\n\t\t\t\t<div class=\"elementor-widget-container\">\n\t\t\t\t\t\t\t\t\t<p>La r\u00e9alisation de tests sp\u00e9cifiques et personnalis\u00e9s sur les vins et les mo\u00fbts nous permet d&#8217;apporter une solution \u00e0 tous les besoins des \u00e9tablissements vinicoles, de l&#8217;identification des pr\u00e9cipit\u00e9s ind\u00e9sirables \u00e0 la pr\u00e9vention des oxydations futures. Le laboratoire Agrovin effectue un large \u00e9ventail de t\u00e2ches \u00e0 cette fin:<\/p>\t\t\t\t\t\t\t\t<\/div>\n\t\t\t\t<\/div>\n\t\t\t\t\t<\/div>\n\t\t<\/div>\n\t\t\t\t\t<\/div>\n\t\t<\/section>\n\t\t\t\t<section class=\"elementor-section elementor-top-section elementor-element elementor-element-5e05bd5 elementor-section-boxed elementor-section-height-default elementor-section-height-default\" data-id=\"5e05bd5\" data-element_type=\"section\" data-e-type=\"section\">\n\t\t\t\t\t\t<div class=\"elementor-container elementor-column-gap-default\">\n\t\t\t\t\t<div class=\"elementor-column elementor-col-100 elementor-top-column elementor-element elementor-element-75ec486\" data-id=\"75ec486\" data-element_type=\"column\" data-e-type=\"column\">\n\t\t\t<div class=\"elementor-widget-wrap elementor-element-populated\">\n\t\t\t\t\t\t<div class=\"elementor-element elementor-element-f86ffba elementor-widget elementor-widget-heading\" data-id=\"f86ffba\" data-element_type=\"widget\" data-e-type=\"widget\" data-widget_type=\"heading.default\">\n\t\t\t\t<div class=\"elementor-widget-container\">\n\t\t\t\t\t<h2 class=\"elementor-heading-title elementor-size-default\">\u00c9tude sur le vieillissement acc\u00e9l\u00e9r\u00e9<\/h2>\t\t\t\t<\/div>\n\t\t\t\t<\/div>\n\t\t\t\t<div class=\"elementor-element elementor-element-49a0698 elementor-widget elementor-widget-text-editor\" data-id=\"49a0698\" data-element_type=\"widget\" data-e-type=\"widget\" data-widget_type=\"text-editor.default\">\n\t\t\t\t<div class=\"elementor-widget-container\">\n\t\t\t\t\t\t\t\t\t<p>Cela consiste \u00e0 soumettre le vin \u00e0 une exposition solaire et \u00e0 des temp\u00e9ratures \u00e9lev\u00e9es. En comparant les r\u00e9sultats obtenus avec un t\u00e9moin, il est possible de pr\u00e9dire l&#8217;\u00e9ventuelle oxydation future du vin. De cette fa\u00e7on, l\u2019\u00e9tablissement vinicole peut anticiper le probl\u00e8me et prendre des mesures, ce qui lui permet d&#8217;\u00e9conomiser des co\u00fbts \u00e9conomiques et de conserver son vin avec les meilleures qualit\u00e9s le plus longtemps possible. \u00a0<\/p>\t\t\t\t\t\t\t\t<\/div>\n\t\t\t\t<\/div>\n\t\t\t\t<div class=\"elementor-element elementor-element-f9b9369 elementor-widget elementor-widget-heading\" data-id=\"f9b9369\" data-element_type=\"widget\" data-e-type=\"widget\" data-widget_type=\"heading.default\">\n\t\t\t\t<div class=\"elementor-widget-container\">\n\t\t\t\t\t<h2 class=\"elementor-heading-title elementor-size-default\">Recommandation de dosage du produit<\/h2>\t\t\t\t<\/div>\n\t\t\t\t<\/div>\n\t\t\t\t<div class=\"elementor-element elementor-element-7c2e4b9 elementor-widget elementor-widget-text-editor\" data-id=\"7c2e4b9\" data-element_type=\"widget\" data-e-type=\"widget\" data-widget_type=\"text-editor.default\">\n\t\t\t\t<div class=\"elementor-widget-container\">\n\t\t\t\t\t\t\t\t\t<p>Comme chaque vin ou mo\u00fbt est diff\u00e9rent, le type et la quantit\u00e9 de produit \u0153nologique \u00e0 ajouter pendant le processus de vinification le sont \u00e9galement. Ne pas atteindre le dosage n\u00e9cessaire ou le d\u00e9passer peut conduire \u00e0 un futur probl\u00e8me d&#8217;instabilit\u00e9 (lien \u00ab\u00a0stabilisateurs\u00a0\u00bb), qui peut \u00eatre r\u00e9solu en ajustant la quantit\u00e9 de produit \u00e0 chaque type de vin avant la mise en bouteille. \u00c0 cette fin, diff\u00e9rentes doses de clarifiants et\/ou de stabilisateurs sont \u00e9tudi\u00e9es en laboratoire et une recommandation sp\u00e9cifique est faite pour chaque matrice de vin.<\/p>\t\t\t\t\t\t\t\t<\/div>\n\t\t\t\t<\/div>\n\t\t\t\t<div class=\"elementor-element elementor-element-2cf8f15 elementor-widget elementor-widget-heading\" data-id=\"2cf8f15\" data-element_type=\"widget\" data-e-type=\"widget\" data-widget_type=\"heading.default\">\n\t\t\t\t<div class=\"elementor-widget-container\">\n\t\t\t\t\t<h2 class=\"elementor-heading-title elementor-size-default\">Essais de Browning<\/h2>\t\t\t\t<\/div>\n\t\t\t\t<\/div>\n\t\t\t\t<div class=\"elementor-element elementor-element-5625640 elementor-widget elementor-widget-text-editor\" data-id=\"5625640\" data-element_type=\"widget\" data-e-type=\"widget\" data-widget_type=\"text-editor.default\">\n\t\t\t\t<div class=\"elementor-widget-container\">\n\t\t\t\t\t\t\t\t\t<p>Dont l&#8217;objectif est de r\u00e9duire la teneur en cat\u00e9chines en utilisant la dose n\u00e9cessaire de PVPP (lien \u00ab\u00a0Divergan-F\u00a0\u00bb) pour \u00e9viter le brunissement du vin au fil du temps.\u00a0<\/p>\t\t\t\t\t\t\t\t<\/div>\n\t\t\t\t<\/div>\n\t\t\t\t<div class=\"elementor-element elementor-element-b062b59 elementor-widget elementor-widget-heading\" data-id=\"b062b59\" data-element_type=\"widget\" data-e-type=\"widget\" data-widget_type=\"heading.default\">\n\t\t\t\t<div class=\"elementor-widget-container\">\n\t\t\t\t\t<h2 class=\"elementor-heading-title elementor-size-default\">\u00c9limination des d\u00e9fauts organoleptiques<\/h2>\t\t\t\t<\/div>\n\t\t\t\t<\/div>\n\t\t\t\t<div class=\"elementor-element elementor-element-95a33ae elementor-widget elementor-widget-text-editor\" data-id=\"95a33ae\" data-element_type=\"widget\" data-e-type=\"widget\" data-widget_type=\"text-editor.default\">\n\t\t\t\t<div class=\"elementor-widget-container\">\n\t\t\t\t\t\t\t\t\t<p>Un jury de d\u00e9gustation \u00e9tablit les d\u00e9fauts organoleptiques et les produits \u0153nologiques les plus appropri\u00e9s pour leur \u00e9limination. Apr\u00e8s leur application \u00e0 diff\u00e9rentes doses, le traitement le plus appropri\u00e9 pour le vin en question est \u00e0 nouveau d\u00e9cid\u00e9 par d\u00e9gustation.\u00a0<\/p>\t\t\t\t\t\t\t\t<\/div>\n\t\t\t\t<\/div>\n\t\t\t\t<div class=\"elementor-element elementor-element-52d752e elementor-widget elementor-widget-heading\" data-id=\"52d752e\" data-element_type=\"widget\" data-e-type=\"widget\" data-widget_type=\"heading.default\">\n\t\t\t\t<div class=\"elementor-widget-container\">\n\t\t\t\t\t<h2 class=\"elementor-heading-title elementor-size-default\">D\u00e9terminations g\u00e9n\u00e9tiques<\/h2>\t\t\t\t<\/div>\n\t\t\t\t<\/div>\n\t\t\t\t<div class=\"elementor-element elementor-element-447b5f0 elementor-widget elementor-widget-text-editor\" data-id=\"447b5f0\" data-element_type=\"widget\" data-e-type=\"widget\" data-widget_type=\"text-editor.default\">\n\t\t\t\t<div class=\"elementor-widget-container\">\n\t\t\t\t\t\t\t\t\t<p>En connaissant les valeurs initiales de potassium, il est possible de stabiliser les vins contre la pr\u00e9cipitation des cristaux de bitartrate de potassium \u00e0 l&#8217;aide de r\u00e9sines cationiques sans abaisser radicalement leur pH.<\/p>\t\t\t\t\t\t\t\t<\/div>\n\t\t\t\t<\/div>\n\t\t\t\t\t<\/div>\n\t\t<\/div>\n\t\t\t\t\t<\/div>\n\t\t<\/section>\n\t\t\t\t<\/div>\n\t\t","protected":false},"excerpt":{"rendered":"<p>La r\u00e9alisation de tests sp\u00e9cifiques et personnalis\u00e9s sur les vins et les mo\u00fbts nous permet d&#8217;apporter une solution \u00e0 tous les besoins des \u00e9tablissements vinicoles, de l&#8217;identification des pr\u00e9cipit\u00e9s ind\u00e9sirables \u00e0 la pr\u00e9vention des oxydations futures. Le laboratoire Agrovin effectue un large \u00e9ventail de t\u00e2ches \u00e0 cette fin: \u00c9tude sur le vieillissement acc\u00e9l\u00e9r\u00e9 Cela consiste [&hellip;]<\/p>\n","protected":false},"author":359,"featured_media":0,"parent":0,"menu_order":0,"comment_status":"closed","ping_status":"closed","template":"elementor_header_footer","meta":{"_acf_changed":false,"inline_featured_image":false,"site-sidebar-layout":"no-sidebar","site-content-layout":"page-builder","ast-site-content-layout":"default","site-content-style":"default","site-sidebar-style":"default","ast-global-header-display":"","ast-banner-title-visibility":"","ast-main-header-display":"","ast-hfb-above-header-display":"","ast-hfb-below-header-display":"","ast-hfb-mobile-header-display":"","site-post-title":"disabled","ast-breadcrumbs-content":"","ast-featured-img":"disabled","footer-sml-layout":"","ast-disable-related-posts":"","theme-transparent-header-meta":"","adv-header-id-meta":"","stick-header-meta":"","header-above-stick-meta":"","header-main-stick-meta":"","header-below-stick-meta":"","astra-migrate-meta-layouts":"default","ast-page-background-enabled":"default","ast-page-background-meta":{"desktop":{"background-color":"var(--ast-global-color-5)","background-image":"","background-repeat":"repeat","background-position":"center center","background-size":"auto","background-attachment":"scroll","background-type":"","background-media":"","overlay-type":"","overlay-color":"","overlay-opacity":"","overlay-gradient":""},"tablet":{"background-color":"","background-image":"","background-repeat":"repeat","background-position":"center center","background-size":"auto","background-attachment":"scroll","background-type":"","background-media":"","overlay-type":"","overlay-color":"","overlay-opacity":"","overlay-gradient":""},"mobile":{"background-color":"","background-image":"","background-repeat":"repeat","background-position":"center center","background-size":"auto","background-attachment":"scroll","background-type":"","background-media":"","overlay-type":"","overlay-color":"","overlay-opacity":"","overlay-gradient":""}},"ast-content-background-meta":{"desktop":{"background-color":"var(--ast-global-color-4)","background-image":"","background-repeat":"repeat","background-position":"center center","background-size":"auto","background-attachment":"scroll","background-type":"","background-media":"","overlay-type":"","overlay-color":"","overlay-opacity":"","overlay-gradient":""},"tablet":{"background-color":"var(--ast-global-color-4)","background-image":"","background-repeat":"repeat","background-position":"center center","background-size":"auto","background-attachment":"scroll","background-type":"","background-media":"","overlay-type":"","overlay-color":"","overlay-opacity":"","overlay-gradient":""},"mobile":{"background-color":"var(--ast-global-color-4)","background-image":"","background-repeat":"repeat","background-position":"center center","background-size":"auto","background-attachment":"scroll","background-type":"","background-media":"","overlay-type":"","overlay-color":"","overlay-opacity":"","overlay-gradient":""}},"footnotes":""},"class_list":["post-77714","page","type-page","status-publish","hentry"],"acf":[],"_links":{"self":[{"href":"https:\/\/agrovin.com\/fr\/wp-json\/wp\/v2\/pages\/77714","targetHints":{"allow":["GET"]}}],"collection":[{"href":"https:\/\/agrovin.com\/fr\/wp-json\/wp\/v2\/pages"}],"about":[{"href":"https:\/\/agrovin.com\/fr\/wp-json\/wp\/v2\/types\/page"}],"author":[{"embeddable":true,"href":"https:\/\/agrovin.com\/fr\/wp-json\/wp\/v2\/users\/359"}],"replies":[{"embeddable":true,"href":"https:\/\/agrovin.com\/fr\/wp-json\/wp\/v2\/comments?post=77714"}],"version-history":[{"count":0,"href":"https:\/\/agrovin.com\/fr\/wp-json\/wp\/v2\/pages\/77714\/revisions"}],"wp:attachment":[{"href":"https:\/\/agrovin.com\/fr\/wp-json\/wp\/v2\/media?parent=77714"}],"curies":[{"name":"wp","href":"https:\/\/api.w.org\/{rel}","templated":true}]}}